{"id":7930,"date":"2019-05-13T16:42:36","date_gmt":"2019-05-13T14:42:36","guid":{"rendered":"https:\/\/www.jrailpass.com\/blog?page_id=7930"},"modified":"2019-05-13T16:42:36","modified_gmt":"2019-05-13T14:42:36","slug":"regioni-giappone","status":"publish","type":"page","link":"https:\/\/www.jrailpass.com\/blog\/it\/regioni-giappone","title":{"rendered":"Regioni del Giappone"},"content":{"rendered":"<p>Il Giappone \u00e8 una catena di isole. Le <strong>quattro principali isole<\/strong> del Giappone, da nord a sud, sono <strong>Hokkaido, Honshu, Shikoku e Kyushu<\/strong>. Le isole Ryukyu, che comprendono Okinawa, sono una catena a sud di Kyushu.<\/p>\n<p>Tutte insieme, formano le isole dell&#8217;arcipelago giapponese. Questo presenta 47 prefetture, suddivise geograficamente in <strong>otto regioni<\/strong>: Hokkaido (isola), Tohoku, Kanto, Chubu, Kansai, Chugoku (sull&#8217;isola di Honshu), Shikoku (isola) e Kyushu (che comprende le isole di Kyushu e Okinawa).<\/p>\n<p><strong>Scopri in maniera approfondita ogni isola<\/strong>: costumi, cultura, tradizioni, clima, natura e cibo.<\/p>\n<p><div id=\"toc_container\" class=\"toc_white no_bullets\"><p class=\"toc_title\">Table of Contents<\/p><ul class=\"toc_list\"><li><a href=\"#Hokkaido\"><span class=\"toc_number toc_depth_1\">1<\/span> Hokkaido<\/a><\/li><li><a href=\"#Tohoku\"><span class=\"toc_number toc_depth_1\">2<\/span> Tohoku<\/a><\/li><li><a href=\"#Kanto\"><span class=\"toc_number toc_depth_1\">3<\/span> Kanto<\/a><\/li><li><a href=\"#Chubu\"><span class=\"toc_number toc_depth_1\">4<\/span> Chubu<\/a><\/li><li><a href=\"#Kansai\"><span class=\"toc_number toc_depth_1\">5<\/span> Kansai<\/a><\/li><li><a href=\"#Chugoku\"><span class=\"toc_number toc_depth_1\">6<\/span> Chugoku<\/a><\/li><li><a href=\"#Shikoku\"><span class=\"toc_number toc_depth_1\">7<\/span> Shikoku<\/a><\/li><li><a href=\"#Kyushu\"><span class=\"toc_number toc_depth_1\">8<\/span> Kyushu\u00a0<\/a><\/li><\/ul><\/div>\n<p style=\"text-align: center;\">\n                    <a class=\"fasc-button banner-button-shortcode fasc-size-large fasc-type-flat fasc-rounded-medium ico-fa fasc-ico-after fa-chevron-circle-right fasc-style-bold\" href=\"https:\/\/www.jrailpass.com\/it\/il-japan-rail-pass\">\n                        Acquista il tuo Japan Rail Pass\n                    <\/a>\n                <\/p><\/p>\n<h2><span id=\"Hokkaido\"><strong>Hokkaido<\/strong><\/span><\/h2>\n<p><img loading=\"lazy\"  decoding=\"async\" loading=\"lazy\" class=\"alignleft\" src=\"https:\/\/www.jrailpass.com\/blog\/wp-content\/uploads\/2017\/09\/hokkaido-e1504704338239.jpg\" alt=\"Flower garden in Hokkaido, a great area to visit during Golden Week\" width=\"300\" height=\"200\" \/><\/p>\n<p>Il nuovo Hokkaido Shinkansen ti far\u00e0 visitare alcuni dei parchi nazionali pi\u00f9 belli del Giappone, <strong>le migliori stazioni sciistiche e le popolari destinazioni estive<\/strong>.<\/p>\n<p>Hokkaido presenta <strong>una sola prefettura<\/strong>, con lo stesso nome e le sue citt\u00e0 principali sono <strong>Sapporo, Asahikawa e Hakodate<\/strong>, che possono essere raggiunte facilmente con il <a href=\"https:\/\/www.jrailpass.com\/it\/\">Japan Rail Pass<\/a>.<\/p>\n<h2><span id=\"Tohoku\"><strong>Tohoku<\/strong><\/span><\/h2>\n<p><img loading=\"lazy\"  decoding=\"async\" loading=\"lazy\" class=\"size-full wp-image-1988 alignleft\" src=\"https:\/\/www.jrailpass.com\/blog\/wp-content\/uploads\/2017\/09\/tohoku-hirosaki-castle.jpg\" alt=\"\" width=\"300\" height=\"200\" \/><\/p>\n<p><strong>Tohoku, a nord delle isole di Honshu, \u00e8 una delle regioni pi\u00f9 panoramiche del Giappone<\/strong>. \u00c8 nota per le sue montagne e le bellissime aree per sciare, i laghi, le sorgenti termali, i castelli e le residenze dei samurai. La sua capita, Sendai, \u00e8 conosciuta come la \u201ccitt\u00e0 degli alberi\u201d e ospita uno dei festival estivi pi\u00f9 importanti del Giappone.<\/p>\n<p><strong>Prefetture<\/strong>: Akita, Aomori, Fukushima, Iwate, Miyagi e Yamagata.<\/p>\n<h2><span id=\"Kanto\"><strong>Kanto<\/strong><\/span><\/h2>\n<p><img loading=\"lazy\"  decoding=\"async\" class=\"alignleft\" src=\"https:\/\/www.jrailpass.com\/blog\/wp-content\/uploads\/2017\/09\/tokyo-shibuya.jpg\" alt=\"Kanto\" \/><br \/>\n<strong>Kanto \u00e8 la regione pi\u00f9 popolata del Giappone, in quanto ospita la grande area di <a href=\"https:\/\/www.jrailpass.com\/blog\/it\/citta\/tokyo-guida\">Tokyo<\/a><\/strong>. Qui puoi visitare anche gemme come Yokohama, Hakone (ed i suoi cinque laghi) e Kamakura, un&#8217;antica citt\u00e0 piena di tesori storici.<\/p>\n<p><strong>Prefetture<\/strong>: Chiba, Gunma, Ibaraki, Kanagawa, Saitama, Tochigi e Tokyo.<\/p>\n<h2><span id=\"Chubu\"><strong>Chubu<\/strong><\/span><\/h2>\n<p><img loading=\"lazy\"  decoding=\"async\" class=\"alignleft\" src=\"https:\/\/www.jrailpass.com\/blog\/wp-content\/uploads\/2017\/09\/chubu-chureito-pagoda.jpeg\" alt=\"Chubu\" \/><br \/>\n<strong>La regione Chubu si trova nel centro di Honshu<\/strong>, l&#8217;isola pi\u00f9 grande del Giappone. \u00c8 molto varia, e comprende <strong>le citt\u00e0 di Nagoya, Takayama e Kanazawa, le Alpi giapponesi e il maestoso Monte Fuji<\/strong>.<\/p>\n<p><strong>Prefetture<\/strong>: Aichi, Fukui, Gifu, Ishikawa, Nagano, Niigata, Shizuoka, Toyama e Yamanashi.<\/p>\n<h2><span id=\"Kansai\"><strong>Kansai<\/strong><\/span><\/h2>\n<p><img loading=\"lazy\"  decoding=\"async\" class=\"alignleft\" src=\"https:\/\/www.jrailpass.com\/blog\/wp-content\/uploads\/2017\/09\/kyoto-golden-pavilion.jpg\" alt=\"Kansai\" \/><br \/>\n<strong>La regione di Kansai o Kinki, si trova nella zona occidentale dell&#8217;isola di Honshu<\/strong> e comprende le citt\u00e0 di <strong>Himeji, Kobe, <a href=\"https:\/\/www.jrailpass.com\/blog\/it\/citta\/kyoto-guida\">Kyoto<\/a>, <a href=\"https:\/\/www.jrailpass.com\/blog\/it\/citta\/osaka-guida\">Osaka<\/a> e Nara<\/strong>. \u00c8 il cuore culturale e storico del Giappone e la seconda regione pi\u00f9 popolata dopo Kanto.<\/p>\n<p><strong>Prefetture<\/strong>: Hy\u014dgo, Kyoto, Mie, Nara, Osaka, Shiga e Wakayama.<\/p>\n<h2><span id=\"Chugoku\"><strong>Chugoku<\/strong><\/span><\/h2>\n<p><img loading=\"lazy\"  decoding=\"async\" class=\"alignleft\" src=\"https:\/\/www.jrailpass.com\/blog\/wp-content\/uploads\/2017\/09\/korakuen-okayama-e1504704124923.jpg\" alt=\"Korakuen Garden\" \/><br \/>\n<strong>Chugoku, nota anche come la regione Sanin-Sanyo, \u00e8 la regione pi\u00f9 occidentale dell&#8217;isola di Honshu<\/strong>. Qui \u00e8 dove puoi viaggiare sui treni notturni Sunrise Express e visitare il grande Santuario di Izumo, Okayama (e il suo giardino Korakuen), Hiroshima e Miyajima.<\/p>\n<p><strong>Prefetture<\/strong>: Hiroshima, Okayama, Shimane, Tottori e Yamaguchi.<\/p>\n<h2><span id=\"Shikoku\"><strong>Shikoku<\/strong><\/span><\/h2>\n<p><img loading=\"lazy\"  decoding=\"async\" class=\"alignleft\" src=\"https:\/\/www.jrailpass.com\/blog\/wp-content\/uploads\/2017\/09\/shikoku-iya-kazurabashi-e1504704094783.jpg\" alt=\"Shikoku\" \/><br \/>\n<strong>Shikoku \u00e8 l&#8217;isola e la regione pi\u00f9 piccola del Giappone<\/strong> e probabilmente la pi\u00f9 pacifica. \u00c8 nota anche per la sua natura predominante, i suoi splendidi fiumi e il suo meraviglioso Onsen, inoltre, <strong>ospita il cammino degli 88 templi e le citt\u00e0 di Matsuyama e Takamatsu<\/strong>.<\/p>\n<p><strong>Prefetture<\/strong>: Ehime, Kagawa, K\u014dchi e Tokushima.<\/p>\n<h2><span id=\"Kyushu\"><strong>Kyushu\u00a0<\/strong><\/span><\/h2>\n<p><img loading=\"lazy\"  decoding=\"async\" class=\"alignleft\" src=\"https:\/\/www.jrailpass.com\/blog\/wp-content\/uploads\/2017\/09\/okinawa-beach.jpg\" alt=\"Okinawa\" \/><br \/>\n<strong>La regione di Kyushu comprende sia l&#8217;isola di Kyushu che le isole di Okinawa<\/strong>. Kyushu offre un perfetto mix tra storia, bellezza naturale e citt\u00e0 moderne come <strong>Fukuoka. Okinawa<\/strong>, la prefettura pi\u00f9 meridionale, \u00e8 famosa per le sue magnifiche spiagge.<\/p>\n<p><strong>Prefetture<\/strong>: Fukuoka, Kumamoto, Nagasaki, \u014cita e Saga nel nord del Kyushu; Kagoshima, Miyazaki e Okinawa nel Kyushu meridionale.<\/p>\n<div class=\"clearfix\"><\/div>\n","protected":false},"excerpt":{"rendered":"<p>Il Giappone \u00e8 una catena di isole. Le quattro principali isole del Giappone, da nord a sud, sono Hokkaido, Honshu, Shikoku e Kyushu. Le isole Ryukyu, che comprendono Okinawa, sono una catena a sud di Kyushu. Tutte insieme, formano le isole dell&#8217;arcipelago giapponese. Questo presenta 47 prefetture, suddivise geograficamente in otto regioni: Hokkaido (isola), Tohoku, Kanto, Chubu, Kansai, Chugoku (sull&#8217;isola di Honshu), Shikoku (isola) e Kyushu (che comprende le isole di Kyushu e Okinawa). Scopri in maniera approfondita ogni isola: costumi, cultura, tradizioni, clima, natura e cibo. Table of Contents1 Hokkaido2 Tohoku3 Kanto4 Chubu5 Kansai6 Chugoku7 Shikoku8 Kyushu\u00a0 Hokkaido Il &hellip; <a href=\"https:\/\/www.jrailpass.com\/blog\/it\/regioni-giappone\" class=\"more-link\">Continua a leggere <span class=\"screen-reader-text\"> &#8220;Regioni del Giappone&#8221;<\/span><\/a><\/p>\n","protected":false},"author":2,"featured_media":0,"parent":0,"menu_order":0,"comment_status":"closed","ping_status":"closed","template":"","meta":[],"acf":{"related_tours":{"tour_number":false}},"yoast_head":"<!-- This site is optimized with the Yoast SEO plugin v20.10 - https:\/\/yoast.com\/wordpress\/plugins\/seo\/ -->\n<title>Regioni del Giappone - Japan Rail Pass<\/title>\n<meta name=\"description\" content=\"Scopri le otto regioni del Giappone con il Japan Rail Pass. Da Hokkaido a Okinawa, scopri cos&#039;ha da offrire ogni isola e come spostarti.\" \/>\n<meta name=\"robots\" content=\"index, follow, max-snippet:-1, max-image-preview:large, max-video-preview:-1\" \/>\n<link rel=\"canonical\" href=\"https:\/\/www.jrailpass.com\/blog\/it\/wp-json\/wp\/v2\/pages\/7930\" \/>\n<meta property=\"og:locale\" content=\"it_IT\" \/>\n<meta property=\"og:type\" content=\"article\" \/>\n<meta property=\"og:title\" content=\"Regioni del Giappone - Japan Rail Pass\" \/>\n<meta property=\"og:description\" content=\"Scopri le otto regioni del Giappone con il Japan Rail Pass. Da Hokkaido a Okinawa, scopri cos&#039;ha da offrire ogni isola e come spostarti.\" \/>\n<meta property=\"og:url\" content=\"https:\/\/www.jrailpass.com\/blog\/it\/regioni-giappone\" \/>\n<meta property=\"og:site_name\" content=\"Blog di viaggio in Giappone | JRailPass\" \/>\n<meta property=\"og:image\" content=\"https:\/\/www.jrailpass.com\/blog\/wp-content\/uploads\/2017\/09\/hokkaido-e1504704338239.jpg\" \/>\n<meta name=\"twitter:card\" content=\"summary_large_image\" \/>\n<script type=\"application\/ld+json\" class=\"yoast-schema-graph\">{\"@context\":\"https:\/\/schema.org\",\"@graph\":[{\"@type\":\"WebPage\",\"@id\":\"https:\/\/www.jrailpass.com\/blog\/it\/regioni-giappone\",\"url\":\"https:\/\/www.jrailpass.com\/blog\/it\/regioni-giappone\",\"name\":\"Regioni del Giappone - Japan Rail Pass\",\"isPartOf\":{\"@id\":\"https:\/\/www.jrailpass.com\/blog\/it#website\"},\"datePublished\":\"2019-05-13T14:42:36+00:00\",\"dateModified\":\"2019-05-13T14:42:36+00:00\",\"description\":\"Scopri le otto regioni del Giappone con il Japan Rail Pass. Da Hokkaido a Okinawa, scopri cos'ha da offrire ogni isola e come spostarti.\",\"breadcrumb\":{\"@id\":\"https:\/\/www.jrailpass.com\/blog\/it\/regioni-giappone#breadcrumb\"},\"inLanguage\":\"it-IT\",\"potentialAction\":[{\"@type\":\"ReadAction\",\"target\":[\"https:\/\/www.jrailpass.com\/blog\/it\/regioni-giappone\"]}]},{\"@type\":\"BreadcrumbList\",\"@id\":\"https:\/\/www.jrailpass.com\/blog\/it\/regioni-giappone#breadcrumb\",\"itemListElement\":[{\"@type\":\"ListItem\",\"position\":1,\"name\":\"Japan Travel Blog\",\"item\":\"https:\/\/www.jrailpass.com\/blog\/it\"},{\"@type\":\"ListItem\",\"position\":2,\"name\":\"Regioni del Giappone\"}]},{\"@type\":\"WebSite\",\"@id\":\"https:\/\/www.jrailpass.com\/blog\/it#website\",\"url\":\"https:\/\/www.jrailpass.com\/blog\/it\",\"name\":\"Blog di viaggio in Giappone | JRailPass\",\"description\":\"Scopri il Giappone in treno con il Japan Rail Pass\",\"publisher\":{\"@id\":\"https:\/\/www.jrailpass.com\/blog\/it#organization\"},\"potentialAction\":[{\"@type\":\"SearchAction\",\"target\":{\"@type\":\"EntryPoint\",\"urlTemplate\":\"https:\/\/www.jrailpass.com\/blog\/it?s={search_term_string}\"},\"query-input\":\"required name=search_term_string\"}],\"inLanguage\":\"it-IT\"},{\"@type\":\"Organization\",\"@id\":\"https:\/\/www.jrailpass.com\/blog\/it#organization\",\"name\":\"Japan Rail Pass S.L. - JRailPass.com\",\"url\":\"https:\/\/www.jrailpass.com\/blog\/it\",\"logo\":{\"@type\":\"ImageObject\",\"inLanguage\":\"it-IT\",\"@id\":\"https:\/\/www.jrailpass.com\/blog\/it#\/schema\/logo\/image\/\",\"url\":\"https:\/\/www.jrailpass.com\/blog\/wp-content\/uploads\/2017\/10\/logo.png\",\"contentUrl\":\"https:\/\/www.jrailpass.com\/blog\/wp-content\/uploads\/2017\/10\/logo.png\",\"width\":214,\"height\":60,\"caption\":\"Japan Rail Pass S.L. - JRailPass.com\"},\"image\":{\"@id\":\"https:\/\/www.jrailpass.com\/blog\/it#\/schema\/logo\/image\/\"}}]}<\/script>\n<!-- \/ Yoast SEO plugin. -->","yoast_head_json":{"title":"Regioni del Giappone - Japan Rail Pass","description":"Scopri le otto regioni del Giappone con il Japan Rail Pass. Da Hokkaido a Okinawa, scopri cos'ha da offrire ogni isola e come spostarti.","robots":{"index":"index","follow":"follow","max-snippet":"max-snippet:-1","max-image-preview":"max-image-preview:large","max-video-preview":"max-video-preview:-1"},"canonical":"https:\/\/www.jrailpass.com\/blog\/it\/wp-json\/wp\/v2\/pages\/7930","og_locale":"it_IT","og_type":"article","og_title":"Regioni del Giappone - Japan Rail Pass","og_description":"Scopri le otto regioni del Giappone con il Japan Rail Pass. Da Hokkaido a Okinawa, scopri cos'ha da offrire ogni isola e come spostarti.","og_url":"https:\/\/www.jrailpass.com\/blog\/it\/regioni-giappone","og_site_name":"Blog di viaggio in Giappone | JRailPass","og_image":[{"url":"https:\/\/www.jrailpass.com\/blog\/wp-content\/uploads\/2017\/09\/hokkaido-e1504704338239.jpg"}],"twitter_card":"summary_large_image","schema":{"@context":"https:\/\/schema.org","@graph":[{"@type":"WebPage","@id":"https:\/\/www.jrailpass.com\/blog\/it\/regioni-giappone","url":"https:\/\/www.jrailpass.com\/blog\/it\/regioni-giappone","name":"Regioni del Giappone - Japan Rail Pass","isPartOf":{"@id":"https:\/\/www.jrailpass.com\/blog\/it#website"},"datePublished":"2019-05-13T14:42:36+00:00","dateModified":"2019-05-13T14:42:36+00:00","description":"Scopri le otto regioni del Giappone con il Japan Rail Pass. Da Hokkaido a Okinawa, scopri cos'ha da offrire ogni isola e come spostarti.","breadcrumb":{"@id":"https:\/\/www.jrailpass.com\/blog\/it\/regioni-giappone#breadcrumb"},"inLanguage":"it-IT","potentialAction":[{"@type":"ReadAction","target":["https:\/\/www.jrailpass.com\/blog\/it\/regioni-giappone"]}]},{"@type":"BreadcrumbList","@id":"https:\/\/www.jrailpass.com\/blog\/it\/regioni-giappone#breadcrumb","itemListElement":[{"@type":"ListItem","position":1,"name":"Japan Travel Blog","item":"https:\/\/www.jrailpass.com\/blog\/it"},{"@type":"ListItem","position":2,"name":"Regioni del Giappone"}]},{"@type":"WebSite","@id":"https:\/\/www.jrailpass.com\/blog\/it#website","url":"https:\/\/www.jrailpass.com\/blog\/it","name":"Blog di viaggio in Giappone | JRailPass","description":"Scopri il Giappone in treno con il Japan Rail Pass","publisher":{"@id":"https:\/\/www.jrailpass.com\/blog\/it#organization"},"potentialAction":[{"@type":"SearchAction","target":{"@type":"EntryPoint","urlTemplate":"https:\/\/www.jrailpass.com\/blog\/it?s={search_term_string}"},"query-input":"required name=search_term_string"}],"inLanguage":"it-IT"},{"@type":"Organization","@id":"https:\/\/www.jrailpass.com\/blog\/it#organization","name":"Japan Rail Pass S.L. - JRailPass.com","url":"https:\/\/www.jrailpass.com\/blog\/it","logo":{"@type":"ImageObject","inLanguage":"it-IT","@id":"https:\/\/www.jrailpass.com\/blog\/it#\/schema\/logo\/image\/","url":"https:\/\/www.jrailpass.com\/blog\/wp-content\/uploads\/2017\/10\/logo.png","contentUrl":"https:\/\/www.jrailpass.com\/blog\/wp-content\/uploads\/2017\/10\/logo.png","width":214,"height":60,"caption":"Japan Rail Pass S.L. - JRailPass.com"},"image":{"@id":"https:\/\/www.jrailpass.com\/blog\/it#\/schema\/logo\/image\/"}}]}},"_links":{"self":[{"href":"https:\/\/www.jrailpass.com\/blog\/it\/wp-json\/wp\/v2\/pages\/7930"}],"collection":[{"href":"https:\/\/www.jrailpass.com\/blog\/it\/wp-json\/wp\/v2\/pages"}],"about":[{"href":"https:\/\/www.jrailpass.com\/blog\/it\/wp-json\/wp\/v2\/types\/page"}],"author":[{"embeddable":true,"href":"https:\/\/www.jrailpass.com\/blog\/it\/wp-json\/wp\/v2\/users\/2"}],"replies":[{"embeddable":true,"href":"https:\/\/www.jrailpass.com\/blog\/it\/wp-json\/wp\/v2\/comments?post=7930"}],"version-history":[{"count":0,"href":"https:\/\/www.jrailpass.com\/blog\/it\/wp-json\/wp\/v2\/pages\/7930\/revisions"}],"wp:attachment":[{"href":"https:\/\/www.jrailpass.com\/blog\/it\/wp-json\/wp\/v2\/media?parent=7930"}],"curies":[{"name":"wp","href":"https:\/\/api.w.org\/{rel}","templated":true}]}}