{"id":7927,"date":"2019-05-13T16:42:09","date_gmt":"2019-05-13T14:42:09","guid":{"rendered":"https:\/\/www.jrailpass.com\/blog?page_id=7927"},"modified":"2019-05-13T16:42:09","modified_gmt":"2019-05-13T14:42:09","slug":"percorsi-itinerari","status":"publish","type":"page","link":"https:\/\/www.jrailpass.com\/blog\/it\/percorsi-itinerari","title":{"rendered":"Percorsi e itinerari in Giappone"},"content":{"rendered":"<p>Il Giappone \u00e8 un paesi unico e incantevole. \u00c8 una <strong>terra di contrasti<\/strong> tra le sue tradizioni e le citt\u00e0 futuristiche. Dalle escursioni in montagna alla scoperta della folle moda nei quartieri pi\u00f9 trendy di Tokyo, fino ad accarezzare i cervi selvatici che vagano liberamente a Nara e ai pacifici templi buddisti, c&#8217;\u00e8 davvero di tutto in Giappone!<\/p>\n<p>Pianificare il proprio viaggio in Giappone non \u00e8 semplice. Per questo vogliamo fornirti tutto ci\u00f2 di cui hai bisogno per decidere al meglio <strong>cosa fare e dove andare<\/strong>. Dai consigli sui modi pi\u00f9 economici per spostarsi, ai migliori luoghi dove soggiornare e da visitare. Trova nuove idee con i nostri itinerari e inizia a pianificare il tuo percorso alla perfezione, programmato su misura per i tuoi interessi.<\/p>\n<p>Indipendentemente dal fatto che resterai <strong>1, 2, 3 o pi\u00f9 settimane in Giappone<\/strong>, con l&#8217;aiuto di questa sezione, potrai personalizzare il tuo viaggio seguendo o combinando gli itinerari suggeriti:<\/p>\n<div id=\"toc_container\" class=\"toc_white no_bullets\"><p class=\"toc_title\">Table of Contents<\/p><ul class=\"toc_list\"><li><a href=\"#Percorsi_e_itinerari_in_tutta_la_nazione\"><span class=\"toc_number toc_depth_1\">1<\/span> Percorsi e itinerari in tutta la nazione<\/a><\/li><li><a href=\"#Itinerari_di_Tokyo\"><span class=\"toc_number toc_depth_1\">2<\/span> Itinerari di Tokyo<\/a><\/li><li><a href=\"#Itinerari_di_Kansai\"><span class=\"toc_number toc_depth_1\">3<\/span> Itinerari di Kansai<\/a><\/li><\/ul><\/div>\n<h2><span id=\"Percorsi_e_itinerari_in_tutta_la_nazione\">Percorsi e itinerari in tutta la nazione<\/span><\/h2>\n<div class=\"card col-xs-1 col-sm-2\" style=\"width: 16rem;\">\n<div class=\"card-block\"><a href=\" https:\/\/www.jrailpass.com\/blog\/it\/giappone-7-giorni\"><br \/>\n<img loading=\"lazy\"  decoding=\"async\" loading=\"lazy\" class=\"card-img-top\" src=\"https:\/\/www.jrailpass.com\/blog\/wp-content\/uploads\/2017\/09\/tokyo-shibuya-300x200.jpg\" alt=\"Shibuya crossing in Tokyo\" width=\"300\" height=\"200\" \/><\/a><\/p>\n<p class=\"card-title\"><strong>Il Giappone in 7 giorni<\/strong><\/p>\n<p>Visita i luoghi pi\u00f9 belli di Tokyo, la storica Kamakura, la meravigliosa Kyoto e il grande Buddha di Nara in una sola settimana.<\/p>\n<\/div>\n<\/div>\n<div class=\"card col-xs-1 col-sm-2\" style=\"width: 16rem;\">\n<div class=\"card-block\"><a href=\"https:\/\/www.jrailpass.com\/blog\/10-days-japan-itinerary\"><br \/>\n<img loading=\"lazy\"  decoding=\"async\" loading=\"lazy\" class=\"card-img-top\" src=\"https:\/\/www.jrailpass.com\/blog\/wp-content\/uploads\/2017\/09\/chubu-chureito-pagoda.jpeg\" alt=\"Dotonbori neon lights in Osaka\" width=\"300\" height=\"200\" \/><\/a><\/p>\n<p class=\"card-title\"><strong>Il Giappone in 10 giorni<\/strong><\/p>\n<p>Attraversa le meraviglie di Tokyo, Takayama, le Alpi giapponesi, Kyoto, Nara e Osaka con uno dei nostri itinerari pi\u00f9 popolari.<\/p>\n<\/div>\n<\/div>\n<div class=\"clearfix\"><\/div>\n<div class=\"card col-xs-1 col-sm-2\" style=\"width: 16rem;\">\n<div class=\"card-block\"><a href=\"https:\/\/www.jrailpass.com\/blog\/it\/giappone-14-giorni\"><br \/>\n<img loading=\"lazy\"  decoding=\"async\" loading=\"lazy\" class=\"card-img-top\" src=\"https:\/\/www.jrailpass.com\/blog\/wp-content\/uploads\/2016\/05\/fushimi-inari-kyoto-300x200.jpg\" alt=\"Fushimi Inari torii gates\" width=\"300\" height=\"200\" \/><\/a><\/p>\n<p class=\"card-title\"><strong>Il Giappone in 14 giorni<\/strong><\/p>\n<p>Il nostro itinerario da due settimane ti porter\u00e0 a Kyoto, Osaka, Nara, Hiroshima, Miyajima, Fukuoka e, naturalmente, a vedere il meglio di Tokyo.<\/p>\n<\/div>\n<\/div>\n<div class=\"card col-xs-1 col-sm-2\" style=\"width: 16rem;\">\n<div class=\"card-block\"><a href=\"https:\/\/www.jrailpass.com\/blog\/japan-travel-itinerary-21-days\"><br \/>\n<img loading=\"lazy\"  decoding=\"async\" loading=\"lazy\" class=\"card-img-top\" src=\"https:\/\/www.jrailpass.com\/blog\/wp-content\/uploads\/2016\/05\/miyajima-great-torii-e1469187639379-300x200.jpg\" alt=\"The great red floating torii in Miyajima\" width=\"300\" height=\"200\" \/><\/a><\/p>\n<p class=\"card-title\"><strong>Il Giappone in 21 giorni<\/strong><\/p>\n<p>Scopri il Giappone in maniera approfondita e visita Tokyo, Takayama, Kyoto, Osaka, Nara, Okayama, Hiroshima e segui altri consigli per programmare un viaggio su misura per te.<\/p>\n<\/div>\n<\/div>\n<div class=\"clearfix\"><\/div>\n<p style=\"text-align: center;\">\n                    <a class=\"fasc-button banner-button-shortcode fasc-size-large fasc-type-flat fasc-rounded-medium ico-fa fasc-ico-after fa-chevron-circle-right fasc-style-bold\" href=\"https:\/\/www.jrailpass.com\/it\/il-japan-rail-pass\">\n                        Acquista il tuo Japan Rail Pass\n                    <\/a>\n                <\/p>\n<h2><span id=\"Itinerari_di_Tokyo\">Itinerari di Tokyo<\/span><\/h2>\n<div class=\"card col-xs-1 col-sm-2\" style=\"width: 16rem;\">\n<div class=\"card-block\"><a href=\"https:\/\/www.jrailpass.com\/blog\/3-days-tokyo-itinerary\"><br \/>\n<img loading=\"lazy\"  decoding=\"async\" loading=\"lazy\" class=\"card-img-top\" src=\"https:\/\/www.jrailpass.com\/blog\/wp-content\/uploads\/2016\/05\/tokyo-tower-skyline-300x200.jpg\" alt=\"Tokyo Tower\" width=\"300\" height=\"200\" \/><\/a><\/p>\n<p class=\"card-title\"><strong>3 giorni a Tokyo<\/strong><\/p>\n<\/div>\n<\/div>\n<div class=\"card col-xs-1 col-sm-2\" style=\"width: 16rem;\">\n<div class=\"card-block\"><a href=\"https:\/\/www.jrailpass.com\/blog\/5-days-in-tokyo-itinerary\"><br \/>\n<img loading=\"lazy\"  decoding=\"async\" loading=\"lazy\" class=\"card-img-top\" src=\"https:\/\/www.jrailpass.com\/blog\/wp-content\/uploads\/2017\/09\/tokyo-shibuya.jpg\" alt=\"Shibuya (Tokyo)\" width=\"300\" height=\"200\" \/><\/a><\/p>\n<p class=\"card-title\"><strong>5 giorni a Tokyo<\/strong><\/p>\n<\/div>\n<\/div>\n<div class=\"clearfix\"><\/div>\n<div class=\"card col-xs-1 col-sm-2\" style=\"width: 16rem;\">\n<div class=\"card-block\"><a href=\"https:\/\/www.jrailpass.com\/blog\/cherry-blossoms-tokyo\"><br \/>\n<img loading=\"lazy\"  decoding=\"async\" loading=\"lazy\" class=\"card-img-top\" src=\"https:\/\/www.jrailpass.com\/blog\/wp-content\/uploads\/2018\/04\/tokyo-meguro-e1525091466205.jpg\" alt=\"Cherry Blossoms in Tokyo\" width=\"300\" height=\"200\" \/><\/a><\/p>\n<p class=\"card-title\"><strong>Sakura: Fiori di ciliegio a Tokyo<\/strong><\/p>\n<\/div>\n<\/div>\n<div class=\"card col-xs-1 col-sm-2\" style=\"width: 16rem;\">\n<div class=\"card-block\"><a href=\"https:\/\/www.jrailpass.com\/blog\/day-trips-tokyo\"><br \/>\n<img loading=\"lazy\"  decoding=\"async\" loading=\"lazy\" class=\"card-img-top\" src=\"https:\/\/www.jrailpass.com\/blog\/wp-content\/uploads\/2016\/05\/giant-buddha-kamakura-e1505219109213-300x200.jpg\" alt=\"Great Buddha in Kamakura\" width=\"300\" height=\"200\" \/><\/a><\/p>\n<p class=\"card-title\"><strong>Gite di un giorno da Tokyo<\/strong><\/p>\n<p>&nbsp;<\/p>\n<\/div>\n<\/div>\n<div class=\"clearfix\"><\/div>\n<div class=\"card col-xs-1 col-sm-2\" style=\"width: 16rem;\">\n<div class=\"card-block\"><a href=\"https:\/\/www.jrailpass.com\/blog\/nikko-itinerary\"><br \/>\n<img loading=\"lazy\"  decoding=\"async\" loading=\"lazy\" class=\"card-img-top\" src=\"https:\/\/www.jrailpass.com\/blog\/wp-content\/uploads\/2017\/01\/nikko-buddha-stone-300x200.jpg\" alt=\"Buddha statue in Nikko\" width=\"300\" height=\"200\" \/><\/a><\/p>\n<p class=\"card-title\"><strong>Da Tokyo a Nikko<\/strong><\/p>\n<p>&nbsp;<\/p>\n<\/div>\n<\/div>\n<div class=\"card col-xs-1 col-sm-2\" style=\"width: 16rem;\">\n<div class=\"card-block\"><a href=\"https:\/\/www.jrailpass.com\/blog\/mount-fuji\"><br \/>\n<img loading=\"lazy\"  decoding=\"async\" loading=\"lazy\" class=\"card-img-top\" src=\"https:\/\/www.jrailpass.com\/blog\/wp-content\/uploads\/2017\/07\/mt-fuji-japan-autumn-e1505220649953-300x200.jpg\" alt=\"Mount Fuji\" width=\"300\" height=\"200\" \/><\/a><\/p>\n<p class=\"card-title\"><strong>Da Tokyo al Monte Fuji<\/strong><\/p>\n<p>&nbsp;<\/p>\n<\/div>\n<\/div>\n<div class=\"clearfix\"><\/div>\n<h2><span id=\"Itinerari_di_Kansai\">Itinerari di Kansai<\/span><\/h2>\n<div class=\"card col-xs-1 col-sm-2\" style=\"width: 16rem;\">\n<div class=\"card-block\"><a href=\"https:\/\/www.jrailpass.com\/blog\/things-to-do-in-kyoto\"><br \/>\n<img loading=\"lazy\"  decoding=\"async\" loading=\"lazy\" class=\"card-img-top\" src=\"https:\/\/www.jrailpass.com\/blog\/wp-content\/uploads\/2017\/09\/kyoto-golden-pavilion-300x200.jpg\" alt=\"Golden Pavilion in Kyoto\" width=\"300\" height=\"200\" \/><\/a><\/p>\n<p class=\"card-title\"><strong>Cose da fare a Kyoto<\/strong><\/p>\n<p>&nbsp;<\/p>\n<\/div>\n<\/div>\n<div class=\"card col-xs-1 col-sm-2\" style=\"width: 16rem;\">\n<div class=\"card-block\"><a href=\"https:\/\/www.jrailpass.com\/blog\/day-trips-kyoto\"><br \/>\n<img loading=\"lazy\"  decoding=\"async\" loading=\"lazy\" class=\"card-img-top\" src=\"https:\/\/www.jrailpass.com\/blog\/wp-content\/uploads\/2016\/09\/Himeji-castle-Ben-Kubota-Flickr-300x201.jpg\" alt=\"Himeji Castle\" width=\"300\" height=\"200\" \/><\/a><\/p>\n<p class=\"card-title\"><strong>Gite di un giorno da Kyoto<\/strong><\/p>\n<p>&nbsp;<\/p>\n<\/div>\n<\/div>\n<div class=\"card col-xs-1 col-sm-2\" style=\"width: 16rem;\">\n<div class=\"card-block\"><a href=\"https:\/\/www.jrailpass.com\/blog\/things-to-do-in-osaka\"><br \/>\n<img loading=\"lazy\"  decoding=\"async\" loading=\"lazy\" class=\"card-img-top\" src=\"https:\/\/www.jrailpass.com\/blog\/wp-content\/uploads\/2016\/05\/dotonbori-glico-man-osaka-300x200.jpg\" alt=\"Himeji Castle\" width=\"300\" height=\"200\" \/><\/a><\/p>\n<p class=\"card-title\"><strong>Cose da fare a Osaka<\/strong><\/p>\n<p>&nbsp;<\/p>\n<\/div>\n<\/div>\n<div class=\"clearfix\"><\/div>\n","protected":false},"excerpt":{"rendered":"<p>Il Giappone \u00e8 un paesi unico e incantevole. \u00c8 una terra di contrasti tra le sue tradizioni e le citt\u00e0 futuristiche. Dalle escursioni in montagna alla scoperta della folle moda nei quartieri pi\u00f9 trendy di Tokyo, fino ad accarezzare i cervi selvatici che vagano liberamente a Nara e ai pacifici templi buddisti, c&#8217;\u00e8 davvero di tutto in Giappone! Pianificare il proprio viaggio in Giappone non \u00e8 semplice. Per questo vogliamo fornirti tutto ci\u00f2 di cui hai bisogno per decidere al meglio cosa fare e dove andare. Dai consigli sui modi pi\u00f9 economici per spostarsi, ai migliori luoghi dove soggiornare e &hellip; <a href=\"https:\/\/www.jrailpass.com\/blog\/it\/percorsi-itinerari\" class=\"more-link\">Continua a leggere <span class=\"screen-reader-text\"> &#8220;Percorsi e itinerari in Giappone&#8221;<\/span><\/a><\/p>\n","protected":false},"author":2,"featured_media":0,"parent":0,"menu_order":0,"comment_status":"closed","ping_status":"closed","template":"","meta":[],"acf":{"related_tours":{"tour_number":false}},"yoast_head":"<!-- This site is optimized with the Yoast SEO plugin v20.10 - https:\/\/yoast.com\/wordpress\/plugins\/seo\/ -->\n<title>Percorsi e itinerari in Giappone - Japan Rail Pass<\/title>\n<meta name=\"description\" content=\"Pianifica in anticipo con i nostri percorsi e itinerari, inclusi i luoghi migliori da scoprire in Giappone, come arrivarci e spostarsi con il Japan Rail Pass.\" \/>\n<meta name=\"robots\" content=\"index, follow, max-snippet:-1, max-image-preview:large, max-video-preview:-1\" \/>\n<link rel=\"canonical\" href=\"https:\/\/www.jrailpass.com\/blog\/it\/wp-json\/wp\/v2\/pages\/7927\" \/>\n<meta property=\"og:locale\" content=\"it_IT\" \/>\n<meta property=\"og:type\" content=\"article\" \/>\n<meta property=\"og:title\" content=\"Percorsi e itinerari in Giappone - Japan Rail Pass\" \/>\n<meta property=\"og:description\" content=\"Pianifica in anticipo con i nostri percorsi e itinerari, inclusi i luoghi migliori da scoprire in Giappone, come arrivarci e spostarsi con il Japan Rail Pass.\" \/>\n<meta property=\"og:url\" content=\"https:\/\/www.jrailpass.com\/blog\/it\/percorsi-itinerari\" \/>\n<meta property=\"og:site_name\" content=\"Blog di viaggio in Giappone | JRailPass\" \/>\n<meta property=\"og:image\" content=\"https:\/\/www.jrailpass.com\/blog\/wp-content\/uploads\/2017\/09\/tokyo-shibuya-300x200.jpg\" \/>\n<meta name=\"twitter:card\" content=\"summary_large_image\" \/>\n<script type=\"application\/ld+json\" class=\"yoast-schema-graph\">{\"@context\":\"https:\/\/schema.org\",\"@graph\":[{\"@type\":\"WebPage\",\"@id\":\"https:\/\/www.jrailpass.com\/blog\/it\/percorsi-itinerari\",\"url\":\"https:\/\/www.jrailpass.com\/blog\/it\/percorsi-itinerari\",\"name\":\"Percorsi e itinerari in Giappone - Japan Rail Pass\",\"isPartOf\":{\"@id\":\"https:\/\/www.jrailpass.com\/blog\/it#website\"},\"datePublished\":\"2019-05-13T14:42:09+00:00\",\"dateModified\":\"2019-05-13T14:42:09+00:00\",\"description\":\"Pianifica in anticipo con i nostri percorsi e itinerari, inclusi i luoghi migliori da scoprire in Giappone, come arrivarci e spostarsi con il Japan Rail Pass.\",\"breadcrumb\":{\"@id\":\"https:\/\/www.jrailpass.com\/blog\/it\/percorsi-itinerari#breadcrumb\"},\"inLanguage\":\"it-IT\",\"potentialAction\":[{\"@type\":\"ReadAction\",\"target\":[\"https:\/\/www.jrailpass.com\/blog\/it\/percorsi-itinerari\"]}]},{\"@type\":\"BreadcrumbList\",\"@id\":\"https:\/\/www.jrailpass.com\/blog\/it\/percorsi-itinerari#breadcrumb\",\"itemListElement\":[{\"@type\":\"ListItem\",\"position\":1,\"name\":\"Japan Travel Blog\",\"item\":\"https:\/\/www.jrailpass.com\/blog\/it\"},{\"@type\":\"ListItem\",\"position\":2,\"name\":\"Percorsi e itinerari in Giappone\"}]},{\"@type\":\"WebSite\",\"@id\":\"https:\/\/www.jrailpass.com\/blog\/it#website\",\"url\":\"https:\/\/www.jrailpass.com\/blog\/it\",\"name\":\"Blog di viaggio in Giappone | JRailPass\",\"description\":\"Scopri il Giappone in treno con il Japan Rail Pass\",\"publisher\":{\"@id\":\"https:\/\/www.jrailpass.com\/blog\/it#organization\"},\"potentialAction\":[{\"@type\":\"SearchAction\",\"target\":{\"@type\":\"EntryPoint\",\"urlTemplate\":\"https:\/\/www.jrailpass.com\/blog\/it?s={search_term_string}\"},\"query-input\":\"required name=search_term_string\"}],\"inLanguage\":\"it-IT\"},{\"@type\":\"Organization\",\"@id\":\"https:\/\/www.jrailpass.com\/blog\/it#organization\",\"name\":\"Japan Rail Pass S.L. - JRailPass.com\",\"url\":\"https:\/\/www.jrailpass.com\/blog\/it\",\"logo\":{\"@type\":\"ImageObject\",\"inLanguage\":\"it-IT\",\"@id\":\"https:\/\/www.jrailpass.com\/blog\/it#\/schema\/logo\/image\/\",\"url\":\"https:\/\/www.jrailpass.com\/blog\/wp-content\/uploads\/2017\/10\/logo.png\",\"contentUrl\":\"https:\/\/www.jrailpass.com\/blog\/wp-content\/uploads\/2017\/10\/logo.png\",\"width\":214,\"height\":60,\"caption\":\"Japan Rail Pass S.L. - JRailPass.com\"},\"image\":{\"@id\":\"https:\/\/www.jrailpass.com\/blog\/it#\/schema\/logo\/image\/\"}}]}<\/script>\n<!-- \/ Yoast SEO plugin. -->","yoast_head_json":{"title":"Percorsi e itinerari in Giappone - Japan Rail Pass","description":"Pianifica in anticipo con i nostri percorsi e itinerari, inclusi i luoghi migliori da scoprire in Giappone, come arrivarci e spostarsi con il Japan Rail Pass.","robots":{"index":"index","follow":"follow","max-snippet":"max-snippet:-1","max-image-preview":"max-image-preview:large","max-video-preview":"max-video-preview:-1"},"canonical":"https:\/\/www.jrailpass.com\/blog\/it\/wp-json\/wp\/v2\/pages\/7927","og_locale":"it_IT","og_type":"article","og_title":"Percorsi e itinerari in Giappone - Japan Rail Pass","og_description":"Pianifica in anticipo con i nostri percorsi e itinerari, inclusi i luoghi migliori da scoprire in Giappone, come arrivarci e spostarsi con il Japan Rail Pass.","og_url":"https:\/\/www.jrailpass.com\/blog\/it\/percorsi-itinerari","og_site_name":"Blog di viaggio in Giappone | JRailPass","og_image":[{"url":"https:\/\/www.jrailpass.com\/blog\/wp-content\/uploads\/2017\/09\/tokyo-shibuya-300x200.jpg"}],"twitter_card":"summary_large_image","schema":{"@context":"https:\/\/schema.org","@graph":[{"@type":"WebPage","@id":"https:\/\/www.jrailpass.com\/blog\/it\/percorsi-itinerari","url":"https:\/\/www.jrailpass.com\/blog\/it\/percorsi-itinerari","name":"Percorsi e itinerari in Giappone - Japan Rail Pass","isPartOf":{"@id":"https:\/\/www.jrailpass.com\/blog\/it#website"},"datePublished":"2019-05-13T14:42:09+00:00","dateModified":"2019-05-13T14:42:09+00:00","description":"Pianifica in anticipo con i nostri percorsi e itinerari, inclusi i luoghi migliori da scoprire in Giappone, come arrivarci e spostarsi con il Japan Rail Pass.","breadcrumb":{"@id":"https:\/\/www.jrailpass.com\/blog\/it\/percorsi-itinerari#breadcrumb"},"inLanguage":"it-IT","potentialAction":[{"@type":"ReadAction","target":["https:\/\/www.jrailpass.com\/blog\/it\/percorsi-itinerari"]}]},{"@type":"BreadcrumbList","@id":"https:\/\/www.jrailpass.com\/blog\/it\/percorsi-itinerari#breadcrumb","itemListElement":[{"@type":"ListItem","position":1,"name":"Japan Travel Blog","item":"https:\/\/www.jrailpass.com\/blog\/it"},{"@type":"ListItem","position":2,"name":"Percorsi e itinerari in Giappone"}]},{"@type":"WebSite","@id":"https:\/\/www.jrailpass.com\/blog\/it#website","url":"https:\/\/www.jrailpass.com\/blog\/it","name":"Blog di viaggio in Giappone | JRailPass","description":"Scopri il Giappone in treno con il Japan Rail Pass","publisher":{"@id":"https:\/\/www.jrailpass.com\/blog\/it#organization"},"potentialAction":[{"@type":"SearchAction","target":{"@type":"EntryPoint","urlTemplate":"https:\/\/www.jrailpass.com\/blog\/it?s={search_term_string}"},"query-input":"required name=search_term_string"}],"inLanguage":"it-IT"},{"@type":"Organization","@id":"https:\/\/www.jrailpass.com\/blog\/it#organization","name":"Japan Rail Pass S.L. - JRailPass.com","url":"https:\/\/www.jrailpass.com\/blog\/it","logo":{"@type":"ImageObject","inLanguage":"it-IT","@id":"https:\/\/www.jrailpass.com\/blog\/it#\/schema\/logo\/image\/","url":"https:\/\/www.jrailpass.com\/blog\/wp-content\/uploads\/2017\/10\/logo.png","contentUrl":"https:\/\/www.jrailpass.com\/blog\/wp-content\/uploads\/2017\/10\/logo.png","width":214,"height":60,"caption":"Japan Rail Pass S.L. - JRailPass.com"},"image":{"@id":"https:\/\/www.jrailpass.com\/blog\/it#\/schema\/logo\/image\/"}}]}},"_links":{"self":[{"href":"https:\/\/www.jrailpass.com\/blog\/it\/wp-json\/wp\/v2\/pages\/7927"}],"collection":[{"href":"https:\/\/www.jrailpass.com\/blog\/it\/wp-json\/wp\/v2\/pages"}],"about":[{"href":"https:\/\/www.jrailpass.com\/blog\/it\/wp-json\/wp\/v2\/types\/page"}],"author":[{"embeddable":true,"href":"https:\/\/www.jrailpass.com\/blog\/it\/wp-json\/wp\/v2\/users\/2"}],"replies":[{"embeddable":true,"href":"https:\/\/www.jrailpass.com\/blog\/it\/wp-json\/wp\/v2\/comments?post=7927"}],"version-history":[{"count":0,"href":"https:\/\/www.jrailpass.com\/blog\/it\/wp-json\/wp\/v2\/pages\/7927\/revisions"}],"wp:attachment":[{"href":"https:\/\/www.jrailpass.com\/blog\/it\/wp-json\/wp\/v2\/media?parent=7927"}],"curies":[{"name":"wp","href":"https:\/\/api.w.org\/{rel}","templated":true}]}}