{"id":7923,"date":"2019-05-13T16:41:37","date_gmt":"2019-05-13T14:41:37","guid":{"rendered":"https:\/\/www.jrailpass.com\/blog?page_id=7923"},"modified":"2019-05-13T16:41:37","modified_gmt":"2019-05-13T14:41:37","slug":"il-meglio-del-giappone","status":"publish","type":"page","link":"https:\/\/www.jrailpass.com\/blog\/it\/il-meglio-del-giappone","title":{"rendered":"Il Meglio del Giappone: destinazioni ed esperienze"},"content":{"rendered":"<p>In questa sezione, abbiamo raggruppato in un&#8217;unica pagina tutte le destinazioni migliori, gli itinerari e i percorsi pi\u00f9 interessanti, ed i luoghi pi\u00f9 belli da vedere di ogni citt\u00e0 giapponese.<\/p>\n<p>Sembra impossibile programmare un viaggio perfetto in Giappone. Con cos\u00ec tante destinazioni tra cui scegliere, pu\u00f2 essere davvero scoraggiante decidere dove andare e cosa visitare, anche se non si tratta del primo viaggio nella terra del Sol Levante. Ecco perch\u00e9 abbiamo raccolto <strong>il meglio del Giappone per assicurarci che tu possa trovare tutto ci\u00f2 di cui hai bisogno<\/strong> per entrare in contatto con la cultura giapponese, tra passato, presente e futuro.<\/p>\n<p><!--more--><\/p>\n<p>In Giappone ci sono diversi luoghi che vale la pena visitare. Questa sezione vuole aiutarti a scoprire queste possibili destinazioni e a pianificare il tuo viaggio alla perfezione. Dai un&#8217;occhiata alla nostra selezione per regioni e citt\u00e0, <strong>i luoghi da visitare<\/strong>, cosa mangiare, le stagioni migliori per andare in Giappone e molto altro ancora!<\/p>\n<div id=\"toc_container\" class=\"toc_white no_bullets\"><p class=\"toc_title\">Table of Contents<\/p><ul class=\"toc_list\"><li><a href=\"#Il_meglio_per_stagione\"><span class=\"toc_number toc_depth_1\">1<\/span> Il meglio per stagione<\/a><ul><li><a href=\"#Primavera\"><span class=\"toc_number toc_depth_2\">1.1<\/span> Primavera<\/a><\/li><li><a href=\"#Estate\"><span class=\"toc_number toc_depth_2\">1.2<\/span> Estate<\/a><\/li><li><a href=\"#Autunno\"><span class=\"toc_number toc_depth_2\">1.3<\/span> Autunno<\/a><\/li><li><a href=\"#Invero\"><span class=\"toc_number toc_depth_2\">1.4<\/span> Invero<\/a><\/li><\/ul><\/li><li><a href=\"#Le_esperienze_migliori\"><span class=\"toc_number toc_depth_1\">2<\/span> Le esperienze migliori<\/a><\/li><li><a href=\"#Destinazioni_e_itinerari_piu_popolari\"><span class=\"toc_number toc_depth_1\">3<\/span> Destinazioni e itinerari pi\u00f9 popolari<\/a><\/li><\/ul><\/div>\n<h2><span id=\"Il_meglio_per_stagione\">Il meglio per stagione<\/span><\/h2>\n<p><img loading=\"lazy\"  decoding=\"async\" loading=\"lazy\" class=\"alignnone wp-image-1094\" src=\"https:\/\/www.jrailpass.com\/blog\/wp-content\/uploads\/2017\/03\/himeji-castle-cherry-blossom-e1509709877192.jpg\" alt=\"Himeji castle during the cherry blossom season\" width=\"600\" height=\"381\" \/><\/p>\n<h3><span id=\"Primavera\">Primavera<\/span><\/h3>\n<ul style=\"list-style: none; margin-left: 0px;\">\n<li><a href=\"https:\/\/www.jrailpass.com\/blog\/when-visit-japan-times\">When to visit Japan: the best times of the year<\/a><\/li>\n<li><a href=\"https:\/\/www.jrailpass.com\/blog\/best-cherry-blossom-spots-in-japan\">Best cherry blossom festivals and viewing spots<\/a><\/li>\n<li><a href=\"https:\/\/www.jrailpass.com\/blog\/golden-week-travel-tips\">Golden Week: dates and travel tips<\/a><\/li>\n<\/ul>\n<h3><span id=\"Estate\">Estate<\/span><\/h3>\n<ul style=\"list-style: none; margin-left: 0px;\">\n<li><a href=\"https:\/\/www.jrailpass.com\/blog\/summer-festivals-japan\">Best summer festivals (Matsuri) in Japan<\/a><\/li>\n<li><a href=\"https:\/\/www.jrailpass.com\/blog\/best-japanese-beaches\">Best beaches in Japan<\/a><\/li>\n<\/ul>\n<h3><span id=\"Autunno\">Autunno<\/span><\/h3>\n<ul style=\"list-style: none; margin-left: 0px;\">\n<li><a href=\"https:\/\/www.jrailpass.com\/blog\/best-places-autumn-leaves-japan\">Best<\/a><a href=\"https:\/\/www.jrailpass.com\/blog\/best-places-autumn-leaves-japan\"> places to see the autumn leaves<\/a><\/li>\n<li><a href=\"https:\/\/www.jrailpass.com\/blog\/sagano-romantic-train\">Sagano romanic train in Kyoto<\/a><\/li>\n<\/ul>\n<h3><span id=\"Invero\">Invero<\/span><\/h3>\n<ul style=\"list-style: none; margin-left: 0px;\">\n<li><a href=\"https:\/\/www.jrailpass.com\/blog\/skiing-snowboarding-japan\">Best skiing and snowboarding resorts<\/a><\/li>\n<li><a href=\"https:\/\/www.jrailpass.com\/blog\/best-places-plum-blossoms\">Plum blossoms in Japan<\/a><\/li>\n<\/ul>\n<h2><span id=\"Le_esperienze_migliori\">Le esperienze migliori<\/span><\/h2>\n<p><img loading=\"lazy\"  decoding=\"async\" loading=\"lazy\" class=\"wp-image-1417\" src=\"https:\/\/www.jrailpass.com\/blog\/wp-content\/uploads\/2017\/05\/nara-great-buddha-e1495196580829.jpg\" alt=\"The Great Buddha at Todai-ji temple in Nara\" width=\"600\" height=\"375\" \/><\/p>\n<ul style=\"list-style: none; margin-left: 0px;\">\n<li><a href=\"https:\/\/www.jrailpass.com\/blog\/best-gardens-japan\">10 gardens you must visit in Japan<\/a><\/li>\n<li><a href=\"https:\/\/www.jrailpass.com\/blog\/best-castles-in-japan\">Best castles in Japan<\/a><\/li>\n<li><a href=\"https:\/\/www.jrailpass.com\/blog\/best-aquariums-in-japan\">Best aquariums in Japan<\/a><\/li>\n<li><a href=\"https:\/\/www.jrailpass.com\/blog\/best-temples-in-japan\">Best temples in Japan<\/a><\/li>\n<li><a href=\"https:\/\/www.jrailpass.com\/blog\/best-national-parks-in-japan\">Best national parks in Japan<\/a><\/li>\n<li><a href=\"https:\/\/www.jrailpass.com\/blog\/best-train-views-in-japan\">Best scenic rides and train views<\/a><\/li>\n<li><a href=\"https:\/\/www.jrailpass.com\/blog\/capsule-hotels-japan\">Best capsule hotels in Tokyo and Osaka<\/a><\/li>\n<li><a href=\"https:\/\/www.jrailpass.com\/blog\/best-onsen-in-japan\">Best onsen and onsen towns<\/a><\/li>\n<li><a href=\"https:\/\/www.jrailpass.com\/blog\/theme-parks-japan\">Best Japanese theme and amusement parks<\/a><\/li>\n<\/ul>\n<h2><span id=\"Destinazioni_e_itinerari_piu_popolari\">Destinazioni e itinerari pi\u00f9 popolari<\/span><\/h2>\n<p><img loading=\"lazy\"  decoding=\"async\" loading=\"lazy\" class=\"alignnone wp-image-1627\" src=\"https:\/\/www.jrailpass.com\/blog\/wp-content\/uploads\/2017\/07\/mt-fuji-japan-autumn-e1505220649953.jpg\" alt=\"Mount Fuji in autumn\" width=\"600\" height=\"401\" srcset=\"https:\/\/www.jrailpass.com\/blog\/wp-content\/uploads\/2017\/07\/mt-fuji-japan-autumn-e1505220649953.jpg 800w, https:\/\/www.jrailpass.com\/blog\/wp-content\/uploads\/2017\/07\/mt-fuji-japan-autumn-e1505220649953-300x200.jpg 300w, https:\/\/www.jrailpass.com\/blog\/wp-content\/uploads\/2017\/07\/mt-fuji-japan-autumn-e1505220649953-768x513.jpg 768w\" sizes=\"(max-width: 600px) 100vw, 600px\" \/><\/p>\n<ul style=\"list-style: none; margin-left: 0px;\">\n<li><strong><a href=\"https:\/\/www.jrailpass.com\/blog\/3-days-tokyo-itinerary\">3 days in Tokyo<\/a><\/strong><\/li>\n<li><strong><a href=\"https:\/\/www.jrailpass.com\/blog\/things-to-do-in-kyoto\">Things to do in Kyoto<\/a><\/strong><\/li>\n<li><strong><a href=\"https:\/\/www.jrailpass.com\/blog\/things-to-do-in-osaka\">Things to do in Osaka<\/a><\/strong><\/li>\n<li><strong><a href=\"https:\/\/www.jrailpass.com\/blog\/day-trips-kyoto\">Day trips from Kyoto<\/a><\/strong><\/li>\n<li><strong><a href=\"https:\/\/www.jrailpass.com\/blog\/day-trips-tokyo\">Day trips from Tokyo<\/a><\/strong><\/li>\n<li><strong><a href=\"https:\/\/www.jrailpass.com\/blog\/kumano-kodo-pilgrimage\">Kumano Kodo pilgrimage<\/a><\/strong><\/li>\n<li><strong><a href=\"https:\/\/www.jrailpass.com\/blog\/mount-fuji\">Mount Fuji<\/a><\/strong><\/li>\n<li><strong><a href=\"https:\/\/www.jrailpass.com\/blog\/mount-koya\">Mount Koya<\/a><\/strong><\/li>\n<li><strong><a href=\"https:\/\/www.jrailpass.com\/blog\/studio-ghibli-museum\">Studio Ghibli Museum<\/a><\/strong><\/li>\n<li><strong><a href=\"https:\/\/www.jrailpass.com\/blog\/tokyo-to-kyoto-and-osaka\">Tokyo to Kyoto and Osaka<\/a><\/strong><\/li>\n<\/ul>\n<p>Scopri altre <a href=\"https:\/\/www.jrailpass.com\/blog\/it\/destinazioni\">destinazioni<\/a> e <a href=\"https:\/\/www.jrailpass.com\/blog\/it\/itinerari\">itinerari<\/a> nelle nostre pagine di approfondimento.<\/p>\n","protected":false},"excerpt":{"rendered":"<p>In questa sezione, abbiamo raggruppato in un&#8217;unica pagina tutte le destinazioni migliori, gli itinerari e i percorsi pi\u00f9 interessanti, ed i luoghi pi\u00f9 belli da vedere di ogni citt\u00e0 giapponese. Sembra impossibile programmare un viaggio perfetto in Giappone. Con cos\u00ec tante destinazioni tra cui scegliere, pu\u00f2 essere davvero scoraggiante decidere dove andare e cosa visitare, anche se non si tratta del primo viaggio nella terra del Sol Levante. Ecco perch\u00e9 abbiamo raccolto il meglio del Giappone per assicurarci che tu possa trovare tutto ci\u00f2 di cui hai bisogno per entrare in contatto con la cultura giapponese, tra passato, presente e &hellip; <a href=\"https:\/\/www.jrailpass.com\/blog\/it\/il-meglio-del-giappone\" class=\"more-link\">Continua a leggere <span class=\"screen-reader-text\"> &#8220;Il Meglio del Giappone: destinazioni ed esperienze&#8221;<\/span><\/a><\/p>\n","protected":false},"author":2,"featured_media":0,"parent":0,"menu_order":0,"comment_status":"closed","ping_status":"closed","template":"","meta":[],"acf":{"related_tours":{"tour_number":false}},"yoast_head":"<!-- This site is optimized with the Yoast SEO plugin v20.10 - https:\/\/yoast.com\/wordpress\/plugins\/seo\/ -->\n<title>Il Meglio del Giappone: destinazioni ed esperienze - Japan Rail Pass<\/title>\n<meta name=\"description\" content=\"Scopri le cose migliori da vedere e fare in Giappone. Dai un&#039;occhiata alla nostra selezione di attrazioni ed esperienze essenziali suddivise per stagione, regioni e altro ancora!\" \/>\n<meta name=\"robots\" content=\"index, follow, max-snippet:-1, max-image-preview:large, max-video-preview:-1\" \/>\n<link rel=\"canonical\" href=\"https:\/\/www.jrailpass.com\/blog\/it\/wp-json\/wp\/v2\/pages\/7923\" \/>\n<meta property=\"og:locale\" content=\"it_IT\" \/>\n<meta property=\"og:type\" content=\"article\" \/>\n<meta property=\"og:title\" content=\"Il Meglio del Giappone: destinazioni ed esperienze - Japan Rail Pass\" \/>\n<meta property=\"og:description\" content=\"Scopri le cose migliori da vedere e fare in Giappone. Dai un&#039;occhiata alla nostra selezione di attrazioni ed esperienze essenziali suddivise per stagione, regioni e altro ancora!\" \/>\n<meta property=\"og:url\" content=\"https:\/\/www.jrailpass.com\/blog\/it\/il-meglio-del-giappone\" \/>\n<meta property=\"og:site_name\" content=\"Blog di viaggio in Giappone | JRailPass\" \/>\n<meta property=\"og:image\" content=\"https:\/\/www.jrailpass.com\/blog\/wp-content\/uploads\/2017\/03\/himeji-castle-cherry-blossom-e1509709877192.jpg\" \/>\n<meta name=\"twitter:card\" content=\"summary_large_image\" \/>\n<script type=\"application\/ld+json\" class=\"yoast-schema-graph\">{\"@context\":\"https:\/\/schema.org\",\"@graph\":[{\"@type\":\"WebPage\",\"@id\":\"https:\/\/www.jrailpass.com\/blog\/it\/il-meglio-del-giappone\",\"url\":\"https:\/\/www.jrailpass.com\/blog\/it\/il-meglio-del-giappone\",\"name\":\"Il Meglio del Giappone: destinazioni ed esperienze - Japan Rail Pass\",\"isPartOf\":{\"@id\":\"https:\/\/www.jrailpass.com\/blog\/it#website\"},\"datePublished\":\"2019-05-13T14:41:37+00:00\",\"dateModified\":\"2019-05-13T14:41:37+00:00\",\"description\":\"Scopri le cose migliori da vedere e fare in Giappone. Dai un'occhiata alla nostra selezione di attrazioni ed esperienze essenziali suddivise per stagione, regioni e altro ancora!\",\"breadcrumb\":{\"@id\":\"https:\/\/www.jrailpass.com\/blog\/it\/il-meglio-del-giappone#breadcrumb\"},\"inLanguage\":\"it-IT\",\"potentialAction\":[{\"@type\":\"ReadAction\",\"target\":[\"https:\/\/www.jrailpass.com\/blog\/it\/il-meglio-del-giappone\"]}]},{\"@type\":\"BreadcrumbList\",\"@id\":\"https:\/\/www.jrailpass.com\/blog\/it\/il-meglio-del-giappone#breadcrumb\",\"itemListElement\":[{\"@type\":\"ListItem\",\"position\":1,\"name\":\"Japan Travel Blog\",\"item\":\"https:\/\/www.jrailpass.com\/blog\/it\"},{\"@type\":\"ListItem\",\"position\":2,\"name\":\"Il Meglio del Giappone: destinazioni ed esperienze\"}]},{\"@type\":\"WebSite\",\"@id\":\"https:\/\/www.jrailpass.com\/blog\/it#website\",\"url\":\"https:\/\/www.jrailpass.com\/blog\/it\",\"name\":\"Blog di viaggio in Giappone | JRailPass\",\"description\":\"Scopri il Giappone in treno con il Japan Rail Pass\",\"publisher\":{\"@id\":\"https:\/\/www.jrailpass.com\/blog\/it#organization\"},\"potentialAction\":[{\"@type\":\"SearchAction\",\"target\":{\"@type\":\"EntryPoint\",\"urlTemplate\":\"https:\/\/www.jrailpass.com\/blog\/it?s={search_term_string}\"},\"query-input\":\"required name=search_term_string\"}],\"inLanguage\":\"it-IT\"},{\"@type\":\"Organization\",\"@id\":\"https:\/\/www.jrailpass.com\/blog\/it#organization\",\"name\":\"Japan Rail Pass S.L. - JRailPass.com\",\"url\":\"https:\/\/www.jrailpass.com\/blog\/it\",\"logo\":{\"@type\":\"ImageObject\",\"inLanguage\":\"it-IT\",\"@id\":\"https:\/\/www.jrailpass.com\/blog\/it#\/schema\/logo\/image\/\",\"url\":\"https:\/\/www.jrailpass.com\/blog\/wp-content\/uploads\/2017\/10\/logo.png\",\"contentUrl\":\"https:\/\/www.jrailpass.com\/blog\/wp-content\/uploads\/2017\/10\/logo.png\",\"width\":214,\"height\":60,\"caption\":\"Japan Rail Pass S.L. - JRailPass.com\"},\"image\":{\"@id\":\"https:\/\/www.jrailpass.com\/blog\/it#\/schema\/logo\/image\/\"}}]}<\/script>\n<!-- \/ Yoast SEO plugin. -->","yoast_head_json":{"title":"Il Meglio del Giappone: destinazioni ed esperienze - Japan Rail Pass","description":"Scopri le cose migliori da vedere e fare in Giappone. Dai un'occhiata alla nostra selezione di attrazioni ed esperienze essenziali suddivise per stagione, regioni e altro ancora!","robots":{"index":"index","follow":"follow","max-snippet":"max-snippet:-1","max-image-preview":"max-image-preview:large","max-video-preview":"max-video-preview:-1"},"canonical":"https:\/\/www.jrailpass.com\/blog\/it\/wp-json\/wp\/v2\/pages\/7923","og_locale":"it_IT","og_type":"article","og_title":"Il Meglio del Giappone: destinazioni ed esperienze - Japan Rail Pass","og_description":"Scopri le cose migliori da vedere e fare in Giappone. Dai un'occhiata alla nostra selezione di attrazioni ed esperienze essenziali suddivise per stagione, regioni e altro ancora!","og_url":"https:\/\/www.jrailpass.com\/blog\/it\/il-meglio-del-giappone","og_site_name":"Blog di viaggio in Giappone | JRailPass","og_image":[{"url":"https:\/\/www.jrailpass.com\/blog\/wp-content\/uploads\/2017\/03\/himeji-castle-cherry-blossom-e1509709877192.jpg"}],"twitter_card":"summary_large_image","schema":{"@context":"https:\/\/schema.org","@graph":[{"@type":"WebPage","@id":"https:\/\/www.jrailpass.com\/blog\/it\/il-meglio-del-giappone","url":"https:\/\/www.jrailpass.com\/blog\/it\/il-meglio-del-giappone","name":"Il Meglio del Giappone: destinazioni ed esperienze - Japan Rail Pass","isPartOf":{"@id":"https:\/\/www.jrailpass.com\/blog\/it#website"},"datePublished":"2019-05-13T14:41:37+00:00","dateModified":"2019-05-13T14:41:37+00:00","description":"Scopri le cose migliori da vedere e fare in Giappone. Dai un'occhiata alla nostra selezione di attrazioni ed esperienze essenziali suddivise per stagione, regioni e altro ancora!","breadcrumb":{"@id":"https:\/\/www.jrailpass.com\/blog\/it\/il-meglio-del-giappone#breadcrumb"},"inLanguage":"it-IT","potentialAction":[{"@type":"ReadAction","target":["https:\/\/www.jrailpass.com\/blog\/it\/il-meglio-del-giappone"]}]},{"@type":"BreadcrumbList","@id":"https:\/\/www.jrailpass.com\/blog\/it\/il-meglio-del-giappone#breadcrumb","itemListElement":[{"@type":"ListItem","position":1,"name":"Japan Travel Blog","item":"https:\/\/www.jrailpass.com\/blog\/it"},{"@type":"ListItem","position":2,"name":"Il Meglio del Giappone: destinazioni ed esperienze"}]},{"@type":"WebSite","@id":"https:\/\/www.jrailpass.com\/blog\/it#website","url":"https:\/\/www.jrailpass.com\/blog\/it","name":"Blog di viaggio in Giappone | JRailPass","description":"Scopri il Giappone in treno con il Japan Rail Pass","publisher":{"@id":"https:\/\/www.jrailpass.com\/blog\/it#organization"},"potentialAction":[{"@type":"SearchAction","target":{"@type":"EntryPoint","urlTemplate":"https:\/\/www.jrailpass.com\/blog\/it?s={search_term_string}"},"query-input":"required name=search_term_string"}],"inLanguage":"it-IT"},{"@type":"Organization","@id":"https:\/\/www.jrailpass.com\/blog\/it#organization","name":"Japan Rail Pass S.L. - JRailPass.com","url":"https:\/\/www.jrailpass.com\/blog\/it","logo":{"@type":"ImageObject","inLanguage":"it-IT","@id":"https:\/\/www.jrailpass.com\/blog\/it#\/schema\/logo\/image\/","url":"https:\/\/www.jrailpass.com\/blog\/wp-content\/uploads\/2017\/10\/logo.png","contentUrl":"https:\/\/www.jrailpass.com\/blog\/wp-content\/uploads\/2017\/10\/logo.png","width":214,"height":60,"caption":"Japan Rail Pass S.L. - JRailPass.com"},"image":{"@id":"https:\/\/www.jrailpass.com\/blog\/it#\/schema\/logo\/image\/"}}]}},"_links":{"self":[{"href":"https:\/\/www.jrailpass.com\/blog\/it\/wp-json\/wp\/v2\/pages\/7923"}],"collection":[{"href":"https:\/\/www.jrailpass.com\/blog\/it\/wp-json\/wp\/v2\/pages"}],"about":[{"href":"https:\/\/www.jrailpass.com\/blog\/it\/wp-json\/wp\/v2\/types\/page"}],"author":[{"embeddable":true,"href":"https:\/\/www.jrailpass.com\/blog\/it\/wp-json\/wp\/v2\/users\/2"}],"replies":[{"embeddable":true,"href":"https:\/\/www.jrailpass.com\/blog\/it\/wp-json\/wp\/v2\/comments?post=7923"}],"version-history":[{"count":0,"href":"https:\/\/www.jrailpass.com\/blog\/it\/wp-json\/wp\/v2\/pages\/7923\/revisions"}],"wp:attachment":[{"href":"https:\/\/www.jrailpass.com\/blog\/it\/wp-json\/wp\/v2\/media?parent=7923"}],"curies":[{"name":"wp","href":"https:\/\/api.w.org\/{rel}","templated":true}]}}