{"id":7920,"date":"2019-05-13T16:42:05","date_gmt":"2019-05-13T14:42:05","guid":{"rendered":"https:\/\/www.jrailpass.com\/blog?page_id=7920"},"modified":"2019-05-13T16:42:05","modified_gmt":"2019-05-13T14:42:05","slug":"tokyo-guida","status":"publish","type":"page","link":"https:\/\/www.jrailpass.com\/blog\/it\/citta\/tokyo-guida","title":{"rendered":"Guida turistica di Tokyo"},"content":{"rendered":"<p><strong>Tokyo \u00e8 la capitale del Giappone e l&#8217;area metropolitana pi\u00f9 popolata del mondo<\/strong>. Si trova sul lato sud-orientale dell&#8217;isola principale di Honshu, nella regione di Kant\u014d e comprende le isole Izu e Ogasawara. \u00c8 una delle citt\u00e0 pi\u00f9 affascinanti di tutto il pianeta, dove sono presenti maestosi templi legati alla cultura tradizionale del Giappone, cos\u00ec come le splendenti luci al neon di Shibuya.<\/p>\n<p><strong>Tokyo offre qualcosa per tutti<\/strong>, pi\u00f9 stelle Michelin di qualsiasi altra citt\u00e0 al mondo, bar e caff\u00e8 in abbondanza, parchi, una vita notturna cosmopolita, ed \u00e8 un faro per la cultura pop e la moda.<\/p>\n<p><strong>Gira per Tokyo e scopri come ottenere il massimo dal tuo soggiorno<\/strong>. Visita il famoso mercato di pesce di Tsukiji, passeggia per le vie del quartiere di Asakusa e recati al tempio di Senso-ji, fai compere a Ginza e Harajuku, e goditi un drink con la gente del posto a Shibuya. Attraversa la periferia di Tokyo e visita il Monte Fuji, Hakone, Nikko, Kamakura\u2026 o pianifica semplicemente il tuo viaggio a Tokyo alla perfezione, leggendo le nostre guide!<\/p>\n<div id=\"toc_container\" class=\"toc_white no_bullets\"><p class=\"toc_title\">Table of Contents<\/p><ul class=\"toc_list\"><li><a href=\"#Visitare_Tokyo\"><span class=\"toc_number toc_depth_1\">1<\/span> Visitare Tokyo<\/a><\/li><li><a href=\"#Le_principali_stazioni_ferroviarie\"><span class=\"toc_number toc_depth_1\">2<\/span> Le principali stazioni ferroviarie<\/a><\/li><li><a href=\"#Itinerari_e_attrazioni\"><span class=\"toc_number toc_depth_1\">3<\/span> Itinerari e attrazioni<\/a><\/li><li><a href=\"#Viaggi_giornalieri_e_destinazioni_vicine\"><span class=\"toc_number toc_depth_1\">4<\/span> Viaggi giornalieri e destinazioni vicine<\/a><\/li><\/ul><\/div>\n<h2><span id=\"Visitare_Tokyo\">Visitare Tokyo<\/span><\/h2>\n<p><img loading=\"lazy\"  decoding=\"async\" loading=\"lazy\" class=\"alignleft wp-image-54 size-medium\" src=\"https:\/\/www.jrailpass.com\/blog\/wp-content\/uploads\/2016\/06\/tokyo-shibuya-crossing-e1465829941954-300x182.jpg\" alt=\"Shibuya crossing (Tokyo)\" width=\"300\" height=\"182\" \/><\/p>\n<ul style=\"list-style-type: none;\">\n<li><\/li>\n<li><strong><a href=\"https:\/\/www.jrailpass.com\/blog\/getting-around-tokyo-metro\">Using the JR Pass in Tokyo<\/a><\/strong><\/li>\n<li><a href=\"https:\/\/www.jrailpass.com\/blog\/tokyo-to-kyoto-and-osaka\">How to go from Tokyo to Kyoto and Osaka<\/a><\/li>\n<li><a style=\"text-decoration: none;\" href=\"https:\/\/www.jrailpass.com\/blog\/narita-express\">Narita Express: Narita Airport transfer<\/a><\/li>\n<li><a href=\"https:\/\/www.jrailpass.com\/blog\/tokyo-monorail\">Tokyo Monorail: Haneda Airport Transfer<\/a><\/li>\n<li><a href=\"https:\/\/www.jrailpass.com\/blog\/yamanote-line\">The JR Yamanote loop line<\/a><\/li>\n<li><a href=\"https:\/\/www.jrailpass.com\/blog\/chuo-sobu-line\">The JR Chuo-Sobu line<\/a><\/li>\n<li><a href=\"https:\/\/www.jrailpass.com\/blog\/keihin-tohoku-line\">The JR Keihin-Tohoku line<\/a><\/li>\n<\/ul>\n<h2><span id=\"Le_principali_stazioni_ferroviarie\">Le principali stazioni ferroviarie<\/span><\/h2>\n<p><img loading=\"lazy\"  decoding=\"async\" loading=\"lazy\" class=\"alignleft wp-image-2532 size-medium\" src=\"https:\/\/www.jrailpass.com\/blog\/wp-content\/uploads\/2017\/11\/tokyo-yamanote-platforms-300x200.jpg\" alt=\"Tokyo Station\" width=\"300\" height=\"200\" \/><\/p>\n<ul style=\"list-style-type: none;\">\n<li><strong><a href=\"https:\/\/www.jrailpass.com\/blog\/tokyo-train-station\">Tokyo Station<\/a><\/strong><\/li>\n<li><a href=\"https:\/\/www.jrailpass.com\/blog\/akihabara-station\">Akihabara Station<\/a><\/li>\n<li><a href=\"https:\/\/www.jrailpass.com\/blog\/ikebukuro-station\">Ikebukuro Station<\/a><\/li>\n<li><a href=\"https:\/\/www.jrailpass.com\/blog\/shibuya-station\">Shibuya Station<\/a><\/li>\n<li><a href=\"https:\/\/www.jrailpass.com\/blog\/shinagawa-station\">Shinagawa Station<\/a><\/li>\n<li><a href=\"https:\/\/www.jrailpass.com\/blog\/shinjuku-station\">Shinjuku Station<\/a><\/li>\n<li><a href=\"https:\/\/www.jrailpass.com\/blog\/ueno-station\">Ueno Station<\/a><\/li>\n<li><\/li>\n<\/ul>\n<h2><span id=\"Itinerari_e_attrazioni\">Itinerari e attrazioni<\/span><\/h2>\n<p><img loading=\"lazy\"  decoding=\"async\" loading=\"lazy\" class=\"alignleft wp-image-85 size-medium\" src=\"https:\/\/www.jrailpass.com\/blog\/wp-content\/uploads\/2016\/05\/tokyo-tower-skyline-300x200.jpg\" alt=\"Tokyo Tower\" width=\"300\" height=\"200\" \/><\/p>\n<ul style=\"list-style-type: none;\">\n<li><strong><a href=\"https:\/\/www.jrailpass.com\/blog\/3-days-tokyo-itinerary\">3 days in Tokyo<\/a><\/strong><\/li>\n<li><a href=\"https:\/\/www.jrailpass.com\/blog\/5-days-in-tokyo-itinerary\">5 days in Tokyo<\/a><\/li>\n<li><a href=\"https:\/\/www.jrailpass.com\/blog\/tsukiji-outer-market\">Tsukiji Outer Market<\/a><\/li>\n<li><a href=\"https:\/\/www.jrailpass.com\/blog\/tokyo-toyosu-fish-market\">Toyosu fish market<\/a><\/li>\n<li><a href=\"https:\/\/www.jrailpass.com\/blog\/studio-ghibli-museum\">Studio Ghibli Museum<\/a><\/li>\n<li><a href=\"https:\/\/www.jrailpass.com\/blog\/tokyo-2020-olympics\">Tokyo 2020 Olympics<\/a><\/li>\n<li><a href=\"https:\/\/www.jrailpass.com\/blog\/cherry-blossoms-tokyo\">Cherry blossoms in Tokyo<\/a><\/li>\n<li><a href=\"https:\/\/www.jrailpass.com\/blog\/tokyo-skytree\">Tokyo Skytree<\/a><\/li>\n<li><a href=\"https:\/\/www.jrailpass.com\/blog\/robot-restaurant-tokyo\">Robot Restaurant<\/a><\/li>\n<li><\/li>\n<\/ul>\n<p>&nbsp;<\/p>\n<h2><span id=\"Viaggi_giornalieri_e_destinazioni_vicine\">Viaggi giornalieri e destinazioni vicine<\/span><\/h2>\n<p><img loading=\"lazy\"  decoding=\"async\" loading=\"lazy\" class=\"alignleft wp-image-1627 size-medium\" src=\"https:\/\/www.jrailpass.com\/blog\/wp-content\/uploads\/2017\/07\/mt-fuji-japan-autumn-e1505220649953-300x200.jpg\" alt=\"Mount Fuji in autumn\" width=\"300\" height=\"200\" srcset=\"https:\/\/www.jrailpass.com\/blog\/wp-content\/uploads\/2017\/07\/mt-fuji-japan-autumn-e1505220649953-300x200.jpg 300w, https:\/\/www.jrailpass.com\/blog\/wp-content\/uploads\/2017\/07\/mt-fuji-japan-autumn-e1505220649953-768x513.jpg 768w, https:\/\/www.jrailpass.com\/blog\/wp-content\/uploads\/2017\/07\/mt-fuji-japan-autumn-e1505220649953.jpg 800w\" sizes=\"(max-width: 300px) 100vw, 300px\" \/><\/p>\n<ul style=\"list-style-type: none;\">\n<li><strong><a href=\"https:\/\/www.jrailpass.com\/blog\/day-trips-tokyo\">Best day trips from Tokyo<\/a><\/strong><\/li>\n<li><a href=\"https:\/\/www.jrailpass.com\/blog\/hakone-travel-guide\">Hakone travel guide<\/a><\/li>\n<li><a href=\"https:\/\/www.jrailpass.com\/blog\/kamakura-travel-guide\">Kamakura travel guide<\/a><\/li>\n<li><a href=\"https:\/\/www.jrailpass.com\/blog\/mount-fuji\"> Mount Fuji travel guide<\/a><\/li>\n<li><a href=\"https:\/\/www.jrailpass.com\/blog\/chureito-pagoda-travel-guide\">Chureito Pagoda from Tokyo<\/a><\/li>\n<li><a href=\"https:\/\/www.jrailpass.com\/blog\/mount-takao-guide\">Mount Takao travel guide<\/a><\/li>\n<li><a href=\"https:\/\/www.jrailpass.com\/blog\/nikko-itinerary\">Nikko travel guide<\/a><\/li>\n<li><a href=\"https:\/\/www.jrailpass.com\/blog\/yokohama-travel-guide\">Yokohama travel guide<\/a><\/li>\n<li><\/li>\n<\/ul>\n<div class=\"clearfix\"><\/div>\n","protected":false},"excerpt":{"rendered":"<p>Tokyo \u00e8 la capitale del Giappone e l&#8217;area metropolitana pi\u00f9 popolata del mondo. Si trova sul lato sud-orientale dell&#8217;isola principale di Honshu, nella regione di Kant\u014d e comprende le isole Izu e Ogasawara. \u00c8 una delle citt\u00e0 pi\u00f9 affascinanti di tutto il pianeta, dove sono presenti maestosi templi legati alla cultura tradizionale del Giappone, cos\u00ec come le splendenti luci al neon di Shibuya. Tokyo offre qualcosa per tutti, pi\u00f9 stelle Michelin di qualsiasi altra citt\u00e0 al mondo, bar e caff\u00e8 in abbondanza, parchi, una vita notturna cosmopolita, ed \u00e8 un faro per la cultura pop e la moda. Gira per &hellip; <a href=\"https:\/\/www.jrailpass.com\/blog\/it\/citta\/tokyo-guida\" class=\"more-link\">Continua a leggere <span class=\"screen-reader-text\"> &#8220;Guida turistica di Tokyo&#8221;<\/span><\/a><\/p>\n","protected":false},"author":2,"featured_media":12687,"parent":7911,"menu_order":0,"comment_status":"closed","ping_status":"closed","template":"","meta":[],"acf":{"related_tours":{"tour_number":false}},"yoast_head":"<!-- This site is optimized with the Yoast SEO plugin v20.10 - https:\/\/yoast.com\/wordpress\/plugins\/seo\/ -->\n<title>Guida turistica di Tokyo - Japan Rail Pass<\/title>\n<meta name=\"description\" content=\"Scopri il meglio di Tokyo con il JR Pass: come spostarti, le cose da fare, da vedere e le attrazioni e le attivit\u00e0 pi\u00f9 popolari dell&#039;area di Tokyo.\" \/>\n<meta name=\"robots\" content=\"index, follow, max-snippet:-1, max-image-preview:large, max-video-preview:-1\" \/>\n<link rel=\"canonical\" href=\"https:\/\/www.jrailpass.com\/blog\/it\/wp-json\/wp\/v2\/pages\/7920\" \/>\n<meta property=\"og:locale\" content=\"it_IT\" \/>\n<meta property=\"og:type\" content=\"article\" \/>\n<meta property=\"og:title\" content=\"Guida turistica di Tokyo - Japan Rail Pass\" \/>\n<meta property=\"og:description\" content=\"Scopri il meglio di Tokyo con il JR Pass: come spostarti, le cose da fare, da vedere e le attrazioni e le attivit\u00e0 pi\u00f9 popolari dell&#039;area di Tokyo.\" \/>\n<meta property=\"og:url\" content=\"https:\/\/www.jrailpass.com\/blog\/it\/citta\/tokyo-guida\" \/>\n<meta property=\"og:site_name\" content=\"Blog di viaggio in Giappone | JRailPass\" \/>\n<meta property=\"og:image\" content=\"https:\/\/www.jrailpass.com\/blog\/wp-content\/uploads\/2019\/01\/tokyo-to-osaka.jpg\" \/>\n\t<meta property=\"og:image:width\" content=\"800\" \/>\n\t<meta property=\"og:image:height\" content=\"500\" \/>\n\t<meta property=\"og:image:type\" content=\"image\/jpeg\" \/>\n<meta name=\"twitter:card\" content=\"summary_large_image\" \/>\n<script type=\"application\/ld+json\" class=\"yoast-schema-graph\">{\"@context\":\"https:\/\/schema.org\",\"@graph\":[{\"@type\":\"WebPage\",\"@id\":\"https:\/\/www.jrailpass.com\/blog\/it\/citta\/tokyo-guida\",\"url\":\"https:\/\/www.jrailpass.com\/blog\/it\/citta\/tokyo-guida\",\"name\":\"Guida turistica di Tokyo - Japan Rail Pass\",\"isPartOf\":{\"@id\":\"https:\/\/www.jrailpass.com\/blog\/it#website\"},\"datePublished\":\"2019-05-13T14:42:05+00:00\",\"dateModified\":\"2019-05-13T14:42:05+00:00\",\"description\":\"Scopri il meglio di Tokyo con il JR Pass: come spostarti, le cose da fare, da vedere e le attrazioni e le attivit\u00e0 pi\u00f9 popolari dell'area di Tokyo.\",\"breadcrumb\":{\"@id\":\"https:\/\/www.jrailpass.com\/blog\/it\/citta\/tokyo-guida#breadcrumb\"},\"inLanguage\":\"it-IT\",\"potentialAction\":[{\"@type\":\"ReadAction\",\"target\":[\"https:\/\/www.jrailpass.com\/blog\/it\/citta\/tokyo-guida\"]}]},{\"@type\":\"BreadcrumbList\",\"@id\":\"https:\/\/www.jrailpass.com\/blog\/it\/citta\/tokyo-guida#breadcrumb\",\"itemListElement\":[{\"@type\":\"ListItem\",\"position\":1,\"name\":\"Japan Travel Blog\",\"item\":\"https:\/\/www.jrailpass.com\/blog\/it\"},{\"@type\":\"ListItem\",\"position\":2,\"name\":\"Le principali citt\u00e0 del Giappone\",\"item\":\"https:\/\/www.jrailpass.com\/blog\/it\/citta\"},{\"@type\":\"ListItem\",\"position\":3,\"name\":\"Guida turistica di Tokyo\"}]},{\"@type\":\"WebSite\",\"@id\":\"https:\/\/www.jrailpass.com\/blog\/it#website\",\"url\":\"https:\/\/www.jrailpass.com\/blog\/it\",\"name\":\"Blog di viaggio in Giappone | JRailPass\",\"description\":\"Scopri il Giappone in treno con il Japan Rail Pass\",\"publisher\":{\"@id\":\"https:\/\/www.jrailpass.com\/blog\/it#organization\"},\"potentialAction\":[{\"@type\":\"SearchAction\",\"target\":{\"@type\":\"EntryPoint\",\"urlTemplate\":\"https:\/\/www.jrailpass.com\/blog\/it?s={search_term_string}\"},\"query-input\":\"required name=search_term_string\"}],\"inLanguage\":\"it-IT\"},{\"@type\":\"Organization\",\"@id\":\"https:\/\/www.jrailpass.com\/blog\/it#organization\",\"name\":\"Japan Rail Pass S.L. - JRailPass.com\",\"url\":\"https:\/\/www.jrailpass.com\/blog\/it\",\"logo\":{\"@type\":\"ImageObject\",\"inLanguage\":\"it-IT\",\"@id\":\"https:\/\/www.jrailpass.com\/blog\/it#\/schema\/logo\/image\/\",\"url\":\"https:\/\/www.jrailpass.com\/blog\/wp-content\/uploads\/2017\/10\/logo.png\",\"contentUrl\":\"https:\/\/www.jrailpass.com\/blog\/wp-content\/uploads\/2017\/10\/logo.png\",\"width\":214,\"height\":60,\"caption\":\"Japan Rail Pass S.L. - JRailPass.com\"},\"image\":{\"@id\":\"https:\/\/www.jrailpass.com\/blog\/it#\/schema\/logo\/image\/\"}}]}<\/script>\n<!-- \/ Yoast SEO plugin. -->","yoast_head_json":{"title":"Guida turistica di Tokyo - Japan Rail Pass","description":"Scopri il meglio di Tokyo con il JR Pass: come spostarti, le cose da fare, da vedere e le attrazioni e le attivit\u00e0 pi\u00f9 popolari dell'area di Tokyo.","robots":{"index":"index","follow":"follow","max-snippet":"max-snippet:-1","max-image-preview":"max-image-preview:large","max-video-preview":"max-video-preview:-1"},"canonical":"https:\/\/www.jrailpass.com\/blog\/it\/wp-json\/wp\/v2\/pages\/7920","og_locale":"it_IT","og_type":"article","og_title":"Guida turistica di Tokyo - Japan Rail Pass","og_description":"Scopri il meglio di Tokyo con il JR Pass: come spostarti, le cose da fare, da vedere e le attrazioni e le attivit\u00e0 pi\u00f9 popolari dell'area di Tokyo.","og_url":"https:\/\/www.jrailpass.com\/blog\/it\/citta\/tokyo-guida","og_site_name":"Blog di viaggio in Giappone | JRailPass","og_image":[{"width":800,"height":500,"url":"https:\/\/www.jrailpass.com\/blog\/wp-content\/uploads\/2019\/01\/tokyo-to-osaka.jpg","type":"image\/jpeg"}],"twitter_card":"summary_large_image","schema":{"@context":"https:\/\/schema.org","@graph":[{"@type":"WebPage","@id":"https:\/\/www.jrailpass.com\/blog\/it\/citta\/tokyo-guida","url":"https:\/\/www.jrailpass.com\/blog\/it\/citta\/tokyo-guida","name":"Guida turistica di Tokyo - Japan Rail Pass","isPartOf":{"@id":"https:\/\/www.jrailpass.com\/blog\/it#website"},"datePublished":"2019-05-13T14:42:05+00:00","dateModified":"2019-05-13T14:42:05+00:00","description":"Scopri il meglio di Tokyo con il JR Pass: come spostarti, le cose da fare, da vedere e le attrazioni e le attivit\u00e0 pi\u00f9 popolari dell'area di Tokyo.","breadcrumb":{"@id":"https:\/\/www.jrailpass.com\/blog\/it\/citta\/tokyo-guida#breadcrumb"},"inLanguage":"it-IT","potentialAction":[{"@type":"ReadAction","target":["https:\/\/www.jrailpass.com\/blog\/it\/citta\/tokyo-guida"]}]},{"@type":"BreadcrumbList","@id":"https:\/\/www.jrailpass.com\/blog\/it\/citta\/tokyo-guida#breadcrumb","itemListElement":[{"@type":"ListItem","position":1,"name":"Japan Travel Blog","item":"https:\/\/www.jrailpass.com\/blog\/it"},{"@type":"ListItem","position":2,"name":"Le principali citt\u00e0 del Giappone","item":"https:\/\/www.jrailpass.com\/blog\/it\/citta"},{"@type":"ListItem","position":3,"name":"Guida turistica di Tokyo"}]},{"@type":"WebSite","@id":"https:\/\/www.jrailpass.com\/blog\/it#website","url":"https:\/\/www.jrailpass.com\/blog\/it","name":"Blog di viaggio in Giappone | JRailPass","description":"Scopri il Giappone in treno con il Japan Rail Pass","publisher":{"@id":"https:\/\/www.jrailpass.com\/blog\/it#organization"},"potentialAction":[{"@type":"SearchAction","target":{"@type":"EntryPoint","urlTemplate":"https:\/\/www.jrailpass.com\/blog\/it?s={search_term_string}"},"query-input":"required name=search_term_string"}],"inLanguage":"it-IT"},{"@type":"Organization","@id":"https:\/\/www.jrailpass.com\/blog\/it#organization","name":"Japan Rail Pass S.L. - JRailPass.com","url":"https:\/\/www.jrailpass.com\/blog\/it","logo":{"@type":"ImageObject","inLanguage":"it-IT","@id":"https:\/\/www.jrailpass.com\/blog\/it#\/schema\/logo\/image\/","url":"https:\/\/www.jrailpass.com\/blog\/wp-content\/uploads\/2017\/10\/logo.png","contentUrl":"https:\/\/www.jrailpass.com\/blog\/wp-content\/uploads\/2017\/10\/logo.png","width":214,"height":60,"caption":"Japan Rail Pass S.L. - JRailPass.com"},"image":{"@id":"https:\/\/www.jrailpass.com\/blog\/it#\/schema\/logo\/image\/"}}]}},"_links":{"self":[{"href":"https:\/\/www.jrailpass.com\/blog\/it\/wp-json\/wp\/v2\/pages\/7920"}],"collection":[{"href":"https:\/\/www.jrailpass.com\/blog\/it\/wp-json\/wp\/v2\/pages"}],"about":[{"href":"https:\/\/www.jrailpass.com\/blog\/it\/wp-json\/wp\/v2\/types\/page"}],"author":[{"embeddable":true,"href":"https:\/\/www.jrailpass.com\/blog\/it\/wp-json\/wp\/v2\/users\/2"}],"replies":[{"embeddable":true,"href":"https:\/\/www.jrailpass.com\/blog\/it\/wp-json\/wp\/v2\/comments?post=7920"}],"version-history":[{"count":0,"href":"https:\/\/www.jrailpass.com\/blog\/it\/wp-json\/wp\/v2\/pages\/7920\/revisions"}],"up":[{"embeddable":true,"href":"https:\/\/www.jrailpass.com\/blog\/it\/wp-json\/wp\/v2\/pages\/7911"}],"wp:featuredmedia":[{"embeddable":true,"href":"https:\/\/www.jrailpass.com\/blog\/it\/wp-json\/wp\/v2\/media\/12687"}],"wp:attachment":[{"href":"https:\/\/www.jrailpass.com\/blog\/it\/wp-json\/wp\/v2\/media?parent=7920"}],"curies":[{"name":"wp","href":"https:\/\/api.w.org\/{rel}","templated":true}]}}