{"id":7915,"date":"2019-05-13T16:41:59","date_gmt":"2019-05-13T14:41:59","guid":{"rendered":"https:\/\/www.jrailpass.com\/blog?page_id=7915"},"modified":"2019-05-13T16:41:59","modified_gmt":"2019-05-13T14:41:59","slug":"kyoto-guida","status":"publish","type":"page","link":"https:\/\/www.jrailpass.com\/blog\/it\/citta\/kyoto-guida","title":{"rendered":"Guida turistica di Kyoto"},"content":{"rendered":"<p><strong>Kyoto, citt\u00e0 situata nella parte centrale dell&#8217;isola di Honshu, \u00e8 considerata da molti come la citt\u00e0 pi\u00f9 bella del Giappone<\/strong> e fu la sua capitale fino a quando il governo non venne trasferito a Tokyo nel 1868. Tuttavia, Kyoto rappresenta ancora oggi il centro religioso del Giappone, grazie alla presenza di oltre 1000 templi buddisti. Kyoto \u00e8 la patria di alcuni dei monumenti pi\u00f9 iconici del Giappone, qui \u00e8 possibile vedere giardini, templi e i capolavori pi\u00f9 sublimi che tu abbia mai ammirato in vita tua.<\/p>\n<p><strong>Parti alla scoperta dello straordinario valore storico di Kyoto con l&#8217;aiuto delle nostre guide<\/strong>. Scopri come girare per la citt\u00e0, cosa fare, dove mangiare e cosa vedere, tra cui il famoso boschetto di bamb\u00f9 di Arashiyama, le mille porte rosse Torii del Santuario di Fushimi Inari e le visite a Osaka, Nara o il Castello di Himeji.<\/p>\n<h2>Visitare Kyoto<\/h2>\n<p><img loading=\"lazy\"  decoding=\"async\" loading=\"lazy\" class=\"alignleft wp-image-76 size-medium\" src=\"https:\/\/www.jrailpass.com\/blog\/wp-content\/uploads\/2016\/05\/fushimi-inari-kyoto-300x200.jpg\" alt=\"Fushimi Inari torii gates\" width=\"300\" height=\"200\" \/><\/p>\n<ul style=\"list-style-type: none;\">\n<li><a href=\"https:\/\/www.jrailpass.com\/blog\/getting-around-kyoto\">Using the JR Pass in Kyoto<\/a><\/li>\n<li><a href=\"https:\/\/www.jrailpass.com\/blog\/kyoto-train-station\">Kyoto Train Station<\/a><\/li>\n<li><a href=\"https:\/\/www.jrailpass.com\/blog\/haruka-express-kansai-airport\">Haruka Express: Kyoto Airport transfer<\/a><\/li>\n<li><a href=\"https:\/\/www.jrailpass.com\/blog\/tokyo-to-kyoto-and-osaka\">How to go from Kyoto to Tokyo and Osaka<\/a><\/li>\n<li><a href=\"https:\/\/www.jrailpass.com\/blog\/sagano-romantic-train\">The Sagano Scenic Railway Train<\/a><\/li>\n<li><a href=\"https:\/\/www.jrailpass.com\/blog\/thunderbird-express-train\">Thunderbird Express to Kanazawa<\/a><\/li>\n<\/ul>\n<p>&nbsp;<\/p>\n<h2>Itinerari e attrazioni vicine<\/h2>\n<p><img loading=\"lazy\"  decoding=\"async\" loading=\"lazy\" class=\"wp-image-1417 size-medium alignleft\" src=\"https:\/\/www.jrailpass.com\/blog\/wp-content\/uploads\/2017\/05\/nara-great-buddha-300x188.jpg\" alt=\"The Great Buddha at Todai-ji temple in Nara\" width=\"300\" height=\"188\" \/><\/p>\n<ul style=\"list-style-type: none;\">\n<li><a href=\"https:\/\/www.jrailpass.com\/blog\/things-to-do-in-kyoto\">Things to do in Kyoto<\/a><\/li>\n<li><a href=\"https:\/\/www.jrailpass.com\/blog\/fushimi-inari-taisha-shrine\">Fushimi Inari Shrine<\/a><\/li>\n<li><a href=\"https:\/\/www.jrailpass.com\/blog\/kiyomizu-dera-temple\">Kiyomizu-dera Temple<\/a><\/li>\n<li><a href=\"https:\/\/www.jrailpass.com\/blog\/arashiyama-bamboo-forest\">Arashiyama Bamboo Forest<\/a><\/li>\n<li><a href=\"https:\/\/www.jrailpass.com\/blog\/day-trips-kyoto\">Best day trips from Kyoto<\/a><\/li>\n<li><a href=\"https:\/\/www.jrailpass.com\/blog\/himeji-castle-travel-guide\">Himeji castle and travel guide<\/a><\/li>\n<li><a href=\"https:\/\/www.jrailpass.com\/blog\/nara-jr-pass\">Nara travel guide<\/a><\/li>\n<li><a href=\"https:\/\/www.jrailpass.com\/blog\/osaka-travel-guide\">Osaka travel guide<\/a><\/li>\n<li><a href=\"https:\/\/www.jrailpass.com\/blog\/uji-travel-guide\">Uji travel guide<\/a><\/li>\n<\/ul>\n<div class=\"clear\"><\/div>\n","protected":false},"excerpt":{"rendered":"<p>Kyoto, citt\u00e0 situata nella parte centrale dell&#8217;isola di Honshu, \u00e8 considerata da molti come la citt\u00e0 pi\u00f9 bella del Giappone e fu la sua capitale fino a quando il governo non venne trasferito a Tokyo nel 1868. Tuttavia, Kyoto rappresenta ancora oggi il centro religioso del Giappone, grazie alla presenza di oltre 1000 templi buddisti. Kyoto \u00e8 la patria di alcuni dei monumenti pi\u00f9 iconici del Giappone, qui \u00e8 possibile vedere giardini, templi e i capolavori pi\u00f9 sublimi che tu abbia mai ammirato in vita tua. Parti alla scoperta dello straordinario valore storico di Kyoto con l&#8217;aiuto delle nostre guide. &hellip; <a href=\"https:\/\/www.jrailpass.com\/blog\/it\/citta\/kyoto-guida\" class=\"more-link\">Continua a leggere <span class=\"screen-reader-text\"> &#8220;Guida turistica di Kyoto&#8221;<\/span><\/a><\/p>\n","protected":false},"author":2,"featured_media":10659,"parent":7911,"menu_order":0,"comment_status":"closed","ping_status":"closed","template":"","meta":[],"acf":{"related_tours":{"tour_number":false}},"yoast_head":"<!-- This site is optimized with the Yoast SEO plugin v20.10 - https:\/\/yoast.com\/wordpress\/plugins\/seo\/ -->\n<title>Guida turistica di Kyoto - Japan Rail Pass<\/title>\n<meta name=\"description\" content=\"Scopri Kyoto con il JR Pass: come spostarti, le cose da fare, da vedere e i tempi, i giardini e le attrazioni migliori dell&#039;area di Kyoto.\" \/>\n<meta name=\"robots\" content=\"index, follow, max-snippet:-1, max-image-preview:large, max-video-preview:-1\" \/>\n<link rel=\"canonical\" href=\"https:\/\/www.jrailpass.com\/blog\/it\/wp-json\/wp\/v2\/pages\/7915\" \/>\n<meta property=\"og:locale\" content=\"it_IT\" \/>\n<meta property=\"og:type\" content=\"article\" \/>\n<meta property=\"og:title\" content=\"Guida turistica di Kyoto - Japan Rail Pass\" \/>\n<meta property=\"og:description\" content=\"Scopri Kyoto con il JR Pass: come spostarti, le cose da fare, da vedere e i tempi, i giardini e le attrazioni migliori dell&#039;area di Kyoto.\" \/>\n<meta property=\"og:url\" content=\"https:\/\/www.jrailpass.com\/blog\/it\/citta\/kyoto-guida\" \/>\n<meta property=\"og:site_name\" content=\"Blog di viaggio in Giappone | JRailPass\" \/>\n<meta property=\"og:image\" content=\"https:\/\/www.jrailpass.com\/blog\/wp-content\/uploads\/2019\/10\/cherry-blossoms-kyoto.jpg\" \/>\n\t<meta property=\"og:image:width\" content=\"800\" \/>\n\t<meta property=\"og:image:height\" content=\"500\" \/>\n\t<meta property=\"og:image:type\" content=\"image\/jpeg\" \/>\n<meta name=\"twitter:card\" content=\"summary_large_image\" \/>\n<script type=\"application\/ld+json\" class=\"yoast-schema-graph\">{\"@context\":\"https:\/\/schema.org\",\"@graph\":[{\"@type\":\"WebPage\",\"@id\":\"https:\/\/www.jrailpass.com\/blog\/it\/citta\/kyoto-guida\",\"url\":\"https:\/\/www.jrailpass.com\/blog\/it\/citta\/kyoto-guida\",\"name\":\"Guida turistica di Kyoto - Japan Rail Pass\",\"isPartOf\":{\"@id\":\"https:\/\/www.jrailpass.com\/blog\/it#website\"},\"datePublished\":\"2019-05-13T14:41:59+00:00\",\"dateModified\":\"2019-05-13T14:41:59+00:00\",\"description\":\"Scopri Kyoto con il JR Pass: come spostarti, le cose da fare, da vedere e i tempi, i giardini e le attrazioni migliori dell'area di Kyoto.\",\"breadcrumb\":{\"@id\":\"https:\/\/www.jrailpass.com\/blog\/it\/citta\/kyoto-guida#breadcrumb\"},\"inLanguage\":\"it-IT\",\"potentialAction\":[{\"@type\":\"ReadAction\",\"target\":[\"https:\/\/www.jrailpass.com\/blog\/it\/citta\/kyoto-guida\"]}]},{\"@type\":\"BreadcrumbList\",\"@id\":\"https:\/\/www.jrailpass.com\/blog\/it\/citta\/kyoto-guida#breadcrumb\",\"itemListElement\":[{\"@type\":\"ListItem\",\"position\":1,\"name\":\"Japan Travel Blog\",\"item\":\"https:\/\/www.jrailpass.com\/blog\/it\"},{\"@type\":\"ListItem\",\"position\":2,\"name\":\"Le principali citt\u00e0 del Giappone\",\"item\":\"https:\/\/www.jrailpass.com\/blog\/it\/citta\"},{\"@type\":\"ListItem\",\"position\":3,\"name\":\"Guida turistica di Kyoto\"}]},{\"@type\":\"WebSite\",\"@id\":\"https:\/\/www.jrailpass.com\/blog\/it#website\",\"url\":\"https:\/\/www.jrailpass.com\/blog\/it\",\"name\":\"Blog di viaggio in Giappone | JRailPass\",\"description\":\"Scopri il Giappone in treno con il Japan Rail Pass\",\"publisher\":{\"@id\":\"https:\/\/www.jrailpass.com\/blog\/it#organization\"},\"potentialAction\":[{\"@type\":\"SearchAction\",\"target\":{\"@type\":\"EntryPoint\",\"urlTemplate\":\"https:\/\/www.jrailpass.com\/blog\/it?s={search_term_string}\"},\"query-input\":\"required name=search_term_string\"}],\"inLanguage\":\"it-IT\"},{\"@type\":\"Organization\",\"@id\":\"https:\/\/www.jrailpass.com\/blog\/it#organization\",\"name\":\"Japan Rail Pass S.L. - JRailPass.com\",\"url\":\"https:\/\/www.jrailpass.com\/blog\/it\",\"logo\":{\"@type\":\"ImageObject\",\"inLanguage\":\"it-IT\",\"@id\":\"https:\/\/www.jrailpass.com\/blog\/it#\/schema\/logo\/image\/\",\"url\":\"https:\/\/www.jrailpass.com\/blog\/wp-content\/uploads\/2017\/10\/logo.png\",\"contentUrl\":\"https:\/\/www.jrailpass.com\/blog\/wp-content\/uploads\/2017\/10\/logo.png\",\"width\":214,\"height\":60,\"caption\":\"Japan Rail Pass S.L. - JRailPass.com\"},\"image\":{\"@id\":\"https:\/\/www.jrailpass.com\/blog\/it#\/schema\/logo\/image\/\"}}]}<\/script>\n<!-- \/ Yoast SEO plugin. -->","yoast_head_json":{"title":"Guida turistica di Kyoto - Japan Rail Pass","description":"Scopri Kyoto con il JR Pass: come spostarti, le cose da fare, da vedere e i tempi, i giardini e le attrazioni migliori dell'area di Kyoto.","robots":{"index":"index","follow":"follow","max-snippet":"max-snippet:-1","max-image-preview":"max-image-preview:large","max-video-preview":"max-video-preview:-1"},"canonical":"https:\/\/www.jrailpass.com\/blog\/it\/wp-json\/wp\/v2\/pages\/7915","og_locale":"it_IT","og_type":"article","og_title":"Guida turistica di Kyoto - Japan Rail Pass","og_description":"Scopri Kyoto con il JR Pass: come spostarti, le cose da fare, da vedere e i tempi, i giardini e le attrazioni migliori dell'area di Kyoto.","og_url":"https:\/\/www.jrailpass.com\/blog\/it\/citta\/kyoto-guida","og_site_name":"Blog di viaggio in Giappone | JRailPass","og_image":[{"width":800,"height":500,"url":"https:\/\/www.jrailpass.com\/blog\/wp-content\/uploads\/2019\/10\/cherry-blossoms-kyoto.jpg","type":"image\/jpeg"}],"twitter_card":"summary_large_image","schema":{"@context":"https:\/\/schema.org","@graph":[{"@type":"WebPage","@id":"https:\/\/www.jrailpass.com\/blog\/it\/citta\/kyoto-guida","url":"https:\/\/www.jrailpass.com\/blog\/it\/citta\/kyoto-guida","name":"Guida turistica di Kyoto - Japan Rail Pass","isPartOf":{"@id":"https:\/\/www.jrailpass.com\/blog\/it#website"},"datePublished":"2019-05-13T14:41:59+00:00","dateModified":"2019-05-13T14:41:59+00:00","description":"Scopri Kyoto con il JR Pass: come spostarti, le cose da fare, da vedere e i tempi, i giardini e le attrazioni migliori dell'area di Kyoto.","breadcrumb":{"@id":"https:\/\/www.jrailpass.com\/blog\/it\/citta\/kyoto-guida#breadcrumb"},"inLanguage":"it-IT","potentialAction":[{"@type":"ReadAction","target":["https:\/\/www.jrailpass.com\/blog\/it\/citta\/kyoto-guida"]}]},{"@type":"BreadcrumbList","@id":"https:\/\/www.jrailpass.com\/blog\/it\/citta\/kyoto-guida#breadcrumb","itemListElement":[{"@type":"ListItem","position":1,"name":"Japan Travel Blog","item":"https:\/\/www.jrailpass.com\/blog\/it"},{"@type":"ListItem","position":2,"name":"Le principali citt\u00e0 del Giappone","item":"https:\/\/www.jrailpass.com\/blog\/it\/citta"},{"@type":"ListItem","position":3,"name":"Guida turistica di Kyoto"}]},{"@type":"WebSite","@id":"https:\/\/www.jrailpass.com\/blog\/it#website","url":"https:\/\/www.jrailpass.com\/blog\/it","name":"Blog di viaggio in Giappone | JRailPass","description":"Scopri il Giappone in treno con il Japan Rail Pass","publisher":{"@id":"https:\/\/www.jrailpass.com\/blog\/it#organization"},"potentialAction":[{"@type":"SearchAction","target":{"@type":"EntryPoint","urlTemplate":"https:\/\/www.jrailpass.com\/blog\/it?s={search_term_string}"},"query-input":"required name=search_term_string"}],"inLanguage":"it-IT"},{"@type":"Organization","@id":"https:\/\/www.jrailpass.com\/blog\/it#organization","name":"Japan Rail Pass S.L. - JRailPass.com","url":"https:\/\/www.jrailpass.com\/blog\/it","logo":{"@type":"ImageObject","inLanguage":"it-IT","@id":"https:\/\/www.jrailpass.com\/blog\/it#\/schema\/logo\/image\/","url":"https:\/\/www.jrailpass.com\/blog\/wp-content\/uploads\/2017\/10\/logo.png","contentUrl":"https:\/\/www.jrailpass.com\/blog\/wp-content\/uploads\/2017\/10\/logo.png","width":214,"height":60,"caption":"Japan Rail Pass S.L. - JRailPass.com"},"image":{"@id":"https:\/\/www.jrailpass.com\/blog\/it#\/schema\/logo\/image\/"}}]}},"_links":{"self":[{"href":"https:\/\/www.jrailpass.com\/blog\/it\/wp-json\/wp\/v2\/pages\/7915"}],"collection":[{"href":"https:\/\/www.jrailpass.com\/blog\/it\/wp-json\/wp\/v2\/pages"}],"about":[{"href":"https:\/\/www.jrailpass.com\/blog\/it\/wp-json\/wp\/v2\/types\/page"}],"author":[{"embeddable":true,"href":"https:\/\/www.jrailpass.com\/blog\/it\/wp-json\/wp\/v2\/users\/2"}],"replies":[{"embeddable":true,"href":"https:\/\/www.jrailpass.com\/blog\/it\/wp-json\/wp\/v2\/comments?post=7915"}],"version-history":[{"count":0,"href":"https:\/\/www.jrailpass.com\/blog\/it\/wp-json\/wp\/v2\/pages\/7915\/revisions"}],"up":[{"embeddable":true,"href":"https:\/\/www.jrailpass.com\/blog\/it\/wp-json\/wp\/v2\/pages\/7911"}],"wp:featuredmedia":[{"embeddable":true,"href":"https:\/\/www.jrailpass.com\/blog\/it\/wp-json\/wp\/v2\/media\/10659"}],"wp:attachment":[{"href":"https:\/\/www.jrailpass.com\/blog\/it\/wp-json\/wp\/v2\/media?parent=7915"}],"curies":[{"name":"wp","href":"https:\/\/api.w.org\/{rel}","templated":true}]}}