{"id":7911,"date":"2019-05-13T16:41:56","date_gmt":"2019-05-13T14:41:56","guid":{"rendered":"https:\/\/www.jrailpass.com\/blog?page_id=7911"},"modified":"2019-05-13T16:41:56","modified_gmt":"2019-05-13T14:41:56","slug":"citta","status":"publish","type":"page","link":"https:\/\/www.jrailpass.com\/blog\/it\/citta","title":{"rendered":"Le principali citt\u00e0 del Giappone"},"content":{"rendered":"<p>L&#8217;arcipelago giapponese conta pi\u00f9 di 6.000 isole immerse nell&#8217;Oceano Pacifico, che assieme compongono uno dei paesi pi\u00f9 popolosi del mondo, grazie ad una popolazione di circa 127 milioni di persone. Le quattro isole principali sono Honshu, Hokkaido, Kyushu e Shikoku, suddivise in otto regioni.<\/p>\n<p>Il Giappone \u00e8 un paese ricco di tradizione, cultura e tecnologia. <strong>Ogni citt\u00e0 offre ai suoi visitatori una panoramica unica della cultura giapponese<\/strong>. In questa sezione, scoprirai tutto ci\u00f2 che c&#8217;\u00e8 da sapere sulle principali citt\u00e0 del Giappone. Cosa fare, dove mangiare, dove fare shopping, quando andare e come utilizzare il <a href=\"https:\/\/www.jrailpass.com\/it\/\">JR Pass<\/a> per spostarsi di citt\u00e0 in citt\u00e0.<\/p>\n<p><!--more--><\/p>\n<div id=\"toc_container\" class=\"toc_white no_bullets\"><p class=\"toc_title\">Table of Contents<\/p><ul class=\"toc_list\"><li><a href=\"#Tokyo\"><span class=\"toc_number toc_depth_1\">1<\/span> Tokyo<\/a><\/li><li><a href=\"#Kyoto\"><span class=\"toc_number toc_depth_1\">2<\/span> Kyoto<\/a><\/li><li><a href=\"#Osaka\"><span class=\"toc_number toc_depth_1\">3<\/span> Osaka<\/a><\/li><li><a href=\"#Yokohama\"><span class=\"toc_number toc_depth_1\">4<\/span> Yokohama<\/a><\/li><li><a href=\"#Nagoya\"><span class=\"toc_number toc_depth_1\">5<\/span> Nagoya<\/a><\/li><li><a href=\"#Kobe\"><span class=\"toc_number toc_depth_1\">6<\/span> Kobe<\/a><\/li><li><a href=\"#Fukuoka\"><span class=\"toc_number toc_depth_1\">7<\/span> Fukuoka<\/a><\/li><li><a href=\"#Hiroshima\"><span class=\"toc_number toc_depth_1\">8<\/span> Hiroshima<\/a><\/li><li><a href=\"#Sapporo\"><span class=\"toc_number toc_depth_1\">9<\/span> Sapporo<\/a><\/li><li><a href=\"#Nara\"><span class=\"toc_number toc_depth_1\">10<\/span> Nara<\/a><\/li><li><a href=\"#Takayama\"><span class=\"toc_number toc_depth_1\">11<\/span> Takayama<\/a><\/li><\/ul><\/div>\n\n<h2><span id=\"Tokyo\">Tokyo<\/span><\/h2>\n<p><img loading=\"lazy\"  decoding=\"async\" loading=\"lazy\" class=\"alignleft wp-image-54\" src=\"https:\/\/www.jrailpass.com\/blog\/wp-content\/uploads\/2016\/06\/tokyo-shibuya-crossing-e1465829941954-300x182.jpg\" alt=\"Shibuya crossing in Tokyo\" width=\"300\" height=\"182\" \/><\/p>\n<p><strong><a href=\"https:\/\/www.jrailpass.com\/blog\/it\/citta\/tokyo-guida\">Tokyo<\/a> \u00e8 la capitale del Giappone e l&#8217;area metropolitana pi\u00f9 popolata del mondo<\/strong>. \u00c8 una delle citt\u00e0 pi\u00f9 affascinanti di tutto il pianeta, dove sono presenti maestosi templi legati alla cultura tradizionale del Giappone, cos\u00ec come le splendenti luci al neon di Shibuya.<\/p>\n<p>Tokyo offre qualcosa per tutti ed \u00e8 senza ombra di dubbio un luogo da visitare almeno una volta nella vita. Pianifica il tuo viaggio a Tokyo alla perfezione leggendo le nostre guide.<\/p>\n<h2><span id=\"Kyoto\">Kyoto<\/span><\/h2>\n<p><img loading=\"lazy\"  decoding=\"async\" loading=\"lazy\" class=\"alignleft wp-image-1985 size-full\" src=\"https:\/\/www.jrailpass.com\/blog\/wp-content\/uploads\/2017\/09\/kyoto-golden-pavilion.jpg\" alt=\"Golden Pavilion in Kyoto (Kansai)\" width=\"300\" height=\"200\" \/><strong><a href=\"https:\/\/www.jrailpass.com\/blog\/it\/citta\/kyoto-guida\">Kyoto<\/a>, considerata da molti la citt\u00e0 pi\u00f9 bella del Giappone<\/strong>, \u00e8 stata la sua capitale fino a quando la sede del governo \u00e8 stata trasferita a Tokyo nel 1868. Tuttavia, Kyoto rappresenta ancora oggi il centro religioso del Giappone, grazie alla presenza di oltre 1000 templi buddisti.<\/p>\n<p>Kyoto \u00e8 la patria di alcuni dei monumenti pi\u00f9 iconici del Giappone, qui \u00e8 possibile vedere giardini, templi e i capolavori pi\u00f9 sublimi che tu abbia mai visto.<\/p>\n<h2><span id=\"Osaka\">Osaka<\/span><\/h2>\n<p><img loading=\"lazy\"  decoding=\"async\" loading=\"lazy\" class=\"alignleft wp-image-78 size-medium\" src=\"https:\/\/www.jrailpass.com\/blog\/wp-content\/uploads\/2016\/05\/dotonbori-glico-man-osaka-300x200.jpg\" alt=\"Dotonbori neon lights in Osaka\" width=\"300\" height=\"200\" \/><strong><a href=\"https:\/\/www.jrailpass.com\/blog\/it\/citta\/osaka-guida\">Osaka<\/a> \u00e8 la terza citt\u00e0 pi\u00f9 grande del Giappone<\/strong> ed \u00e8 stata anche la prima capitale del paese. Viene considerato uno scalo economico molto importante del Giappone. Infatti, ospita il porto marittimo pi\u00f9 grande del paese e molti dei produttori giapponesi principali.<\/p>\n<p>La citt\u00e0 di Osaka \u00e8 considerata anche un paradiso culinario: il suo soprannome Tenka no Daidokoro significa cucina nazionale.<\/p>\n<div class=\"clearfix\"><\/div>\n<p style=\"text-align: center;\">\n                    <a class=\"fasc-button banner-button-shortcode fasc-size-large fasc-type-flat fasc-rounded-medium ico-fa fasc-ico-after fa-chevron-circle-right fasc-style-bold\" href=\"https:\/\/www.jrailpass.com\/it\/il-japan-rail-pass\">\n                        Acquista il tuo Japan Rail Pass\n                    <\/a>\n                <\/p>\n<h2><span id=\"Yokohama\">Yokohama<\/span><\/h2>\n<p><img loading=\"lazy\"  decoding=\"async\" loading=\"lazy\" class=\"size-medium wp-image-1899 alignleft\" src=\"https:\/\/www.jrailpass.com\/blog\/wp-content\/uploads\/2017\/09\/yokohama-mount-fuji-e1504269383160-300x160.jpg\" alt=\"Yokohama and Mount Fuji\" width=\"300\" height=\"160\" \/>Situata nell&#8217;area urbana di Tokyo, <strong>Yokohama \u00e8 la seconda citt\u00e0 pi\u00f9 popolata del Giappone<\/strong>. Si trova a 20 minuti a sud della stazione di Tokyo in treno, dove la baia di Yokohama e Chinatown sono luoghi da non perdere per i viaggiatori pi\u00f9 curiosi e amanti del cibo.<\/p>\n<h2><span id=\"Nagoya\">Nagoya<\/span><\/h2>\n<p><img loading=\"lazy\"  decoding=\"async\" loading=\"lazy\" class=\"size-medium wp-image-1476 alignleft\" src=\"https:\/\/www.jrailpass.com\/blog\/wp-content\/uploads\/2017\/06\/nagoya-city-300x152.jpg\" alt=\"Nagoya city and skyline\" width=\"300\" height=\"152\" srcset=\"https:\/\/www.jrailpass.com\/blog\/wp-content\/uploads\/2017\/06\/nagoya-city-300x152.jpg 300w, https:\/\/www.jrailpass.com\/blog\/wp-content\/uploads\/2017\/06\/nagoya-city-768x388.jpg 768w, https:\/\/www.jrailpass.com\/blog\/wp-content\/uploads\/2017\/06\/nagoya-city.jpg 800w\" sizes=\"(max-width: 300px) 100vw, 300px\" \/>La pi\u00f9 grande citt\u00e0 della regione centrale di Chubu, <strong>Nagoya rappresenta uno dei porti principali del Giappone<\/strong> e anche un importante hub per i treni proiettile Shinkansen. Dallo shopping alla scienza, fino ai parchi divertimento per bambini, le attrazioni di Nagoya sono certamente un qualcosa da non lasciarsi scappare.<\/p>\n<h2><span id=\"Kobe\">Kobe<\/span><\/h2>\n<p><img loading=\"lazy\"  decoding=\"async\" loading=\"lazy\" class=\"alignleft wp-image-400 size-medium\" src=\"https:\/\/www.jrailpass.com\/blog\/wp-content\/uploads\/2016\/09\/Kobe_maritime_museum2-by-Tomomarusan-wikimedia-e1513075887374-300x188.jpg\" alt=\"Kobe maritime museum\" width=\"300\" height=\"188\" srcset=\"https:\/\/www.jrailpass.com\/blog\/wp-content\/uploads\/2016\/09\/Kobe_maritime_museum2-by-Tomomarusan-wikimedia-e1513075887374-300x188.jpg 300w, https:\/\/www.jrailpass.com\/blog\/wp-content\/uploads\/2016\/09\/Kobe_maritime_museum2-by-Tomomarusan-wikimedia-e1513075887374-768x482.jpg 768w, https:\/\/www.jrailpass.com\/blog\/wp-content\/uploads\/2016\/09\/Kobe_maritime_museum2-by-Tomomarusan-wikimedia-e1513075887374.jpg 800w\" sizes=\"(max-width: 300px) 100vw, 300px\" \/>Incastonata tra il mare e una maestosa catena montuosa, <strong>Kobe si trova vicino a Osaka e Kyoto<\/strong>, ed \u00e8 considerata anche una delle citt\u00e0 portuali pi\u00f9 belle del Giappone\u2026 senza dimenticare la deliziosa carne di Kobe!<\/p>\n<h2><span id=\"Fukuoka\">Fukuoka<\/span><\/h2>\n<p><img loading=\"lazy\"  decoding=\"async\" loading=\"lazy\" class=\"alignleft wp-image-96 size-medium\" src=\"https:\/\/www.jrailpass.com\/blog\/wp-content\/uploads\/2016\/06\/fukuoka-tower-300x200.jpg\" alt=\"\" width=\"300\" height=\"200\" \/><br \/>\nLa citt\u00e0 di <strong>Fukuoka \u00e8 una delle destinazioni turistiche principali del sud del Giappone<\/strong> ed \u00e8 una delle dieci citt\u00e0 pi\u00f9 popolate del paese. Si tratta della citt\u00e0 pi\u00f9 grande dell&#8217;isola di Kyushu, ed offre esperienze turistiche fantastiche.<\/p>\n<h2><span id=\"Hiroshima\">Hiroshima<\/span><\/h2>\n<p><img loading=\"lazy\"  decoding=\"async\" loading=\"lazy\" class=\"size-medium wp-image-940 alignleft\" src=\"https:\/\/www.jrailpass.com\/blog\/wp-content\/uploads\/2017\/02\/hiroshima-river-peace-park-300x175.jpg\" alt=\"\" width=\"300\" height=\"175\" \/><strong>Le profonde radici storiche di Hiroshima sono evidenti nei suoi giardini e castelli antichi<\/strong>, cos\u00ec come quello che resta del bombardamento atomico avvenuto durante la seconda guerra mondiale. Oggi, Hiroshima e la sua vicina isola di Miyajima, ospitano oltre un milione di persone ed \u00e8 una delle tappe preferite dai turisti.<\/p>\n<h2><span id=\"Sapporo\">Sapporo<\/span><\/h2>\n<p><img loading=\"lazy\"  decoding=\"async\" loading=\"lazy\" class=\"size-medium wp-image-2305 alignleft\" src=\"https:\/\/www.jrailpass.com\/blog\/wp-content\/uploads\/2017\/09\/odori-park-sapporo-e1506683349949-300x174.jpg\" alt=\"Odori Park in Sapporo\" width=\"300\" height=\"174\" \/><strong>Sapporo<\/strong> \u00e8 la quinta citt\u00e0 pi\u00f9 grande del Giappone e la <strong>capitale dell&#8217;isola settentrionale di Hokkaido<\/strong>. In meno di due secoli, Sapporo \u00e8 cresciuta molto rapidamente ed oggi \u00e8 famosa per i suoi impianti per gli sport invernali, le fantastiche aree all&#8217;aperto, il ramen e la birra.<\/p>\n<h2><span id=\"Nara\">Nara<\/span><\/h2>\n<p><img loading=\"lazy\"  decoding=\"async\" loading=\"lazy\" class=\"size-medium wp-image-2305 alignleft\" src=\"https:\/\/www.jrailpass.com\/blog\/wp-content\/uploads\/2017\/06\/nara-nandaimon-todaiji-1200x797.jpg\" alt=\"Odori Park in Sapporo\" width=\"300\" height=\"174\" \/><strong>Nara \u00e8 stata la prima &#8220;vera&#8221; capitale del Giappone<\/strong>, rimanendo tale per meno di un secolo. Questa sede storica \u00e8 sede di otto siti Patrimonio dell&#8217;Umanit\u00e0 dell&#8217;UNESCO, tra cui numerosi templi buddisti e il possente Todai-ji, sede della pi\u00f9 grande statua di Buddha in bronzo del mondo.<\/p>\n<h2><span id=\"Takayama\">Takayama<\/span><\/h2>\n<p><img loading=\"lazy\"  decoding=\"async\" loading=\"lazy\" class=\"wp-image-6611 size-medium alignleft\" src=\"https:\/\/www.jrailpass.com\/blog\/wp-content\/uploads\/2019\/02\/takayama-downtown-300x200.jpg\" alt=\"Downtown Takayama\" width=\"300\" height=\"200\" srcset=\"https:\/\/www.jrailpass.com\/blog\/wp-content\/uploads\/2019\/02\/takayama-downtown-300x200.jpg 300w, https:\/\/www.jrailpass.com\/blog\/wp-content\/uploads\/2019\/02\/takayama-downtown-768x512.jpg 768w, https:\/\/www.jrailpass.com\/blog\/wp-content\/uploads\/2019\/02\/takayama-downtown-800x534.jpg 800w, https:\/\/www.jrailpass.com\/blog\/wp-content\/uploads\/2019\/02\/takayama-downtown.jpg 1000w\" sizes=\"(max-width: 300px) 100vw, 300px\" \/><strong>Takayama, nell&#8217;area delle Alpi giapponesi<\/strong>, offre un assaggio della cultura giapponese di ieri e di oggi. La zona offre molte opportunit\u00e0 per l&#8217;avido turista: campi verdi punteggiati da fattorie rustiche, giardini giapponesi, santuari, templi, rovine di castelli e edifici storici ben conservati, come case d&#8217;epoca Edo e abitazioni samurai.<\/p>\n<div class=\"clearfix\"><\/div>\n","protected":false},"excerpt":{"rendered":"<p>L&#8217;arcipelago giapponese conta pi\u00f9 di 6.000 isole immerse nell&#8217;Oceano Pacifico, che assieme compongono uno dei paesi pi\u00f9 popolosi del mondo, grazie ad una popolazione di circa 127 milioni di persone. Le quattro isole principali sono Honshu, Hokkaido, Kyushu e Shikoku, suddivise in otto regioni. Il Giappone \u00e8 un paese ricco di tradizione, cultura e tecnologia. Ogni citt\u00e0 offre ai suoi visitatori una panoramica unica della cultura giapponese. In questa sezione, scoprirai tutto ci\u00f2 che c&#8217;\u00e8 da sapere sulle principali citt\u00e0 del Giappone. Cosa fare, dove mangiare, dove fare shopping, quando andare e come utilizzare il JR Pass per spostarsi di &hellip; <a href=\"https:\/\/www.jrailpass.com\/blog\/it\/citta\" class=\"more-link\">Continua a leggere <span class=\"screen-reader-text\"> &#8220;Le principali citt\u00e0 del Giappone&#8221;<\/span><\/a><\/p>\n","protected":false},"author":2,"featured_media":0,"parent":0,"menu_order":0,"comment_status":"closed","ping_status":"closed","template":"","meta":[],"acf":{"related_tours":{"tour_number":false}},"yoast_head":"<!-- This site is optimized with the Yoast SEO plugin v20.10 - https:\/\/yoast.com\/wordpress\/plugins\/seo\/ -->\n<title>Le principali citt\u00e0 del Giappone - Japan Rail Pass<\/title>\n<meta name=\"description\" content=\"Ogni citt\u00e0 del Giappone offre uno sguardo unico sulla sua cultura. Scopri tutto ci\u00f2 che c&#039;\u00e8 da sapere a proposito di Tokyo, Osaka, Kyoto e altre destinazioni giapponesi famose.\" \/>\n<meta name=\"robots\" content=\"index, follow, max-snippet:-1, max-image-preview:large, max-video-preview:-1\" \/>\n<link rel=\"canonical\" href=\"https:\/\/www.jrailpass.com\/blog\/it\/wp-json\/wp\/v2\/pages\/7911\" \/>\n<meta property=\"og:locale\" content=\"it_IT\" \/>\n<meta property=\"og:type\" content=\"article\" \/>\n<meta property=\"og:title\" content=\"Le principali citt\u00e0 del Giappone - Japan Rail Pass\" \/>\n<meta property=\"og:description\" content=\"Ogni citt\u00e0 del Giappone offre uno sguardo unico sulla sua cultura. Scopri tutto ci\u00f2 che c&#039;\u00e8 da sapere a proposito di Tokyo, Osaka, Kyoto e altre destinazioni giapponesi famose.\" \/>\n<meta property=\"og:url\" content=\"https:\/\/www.jrailpass.com\/blog\/it\/citta\" \/>\n<meta property=\"og:site_name\" content=\"Blog di viaggio in Giappone | JRailPass\" \/>\n<meta property=\"og:image\" content=\"https:\/\/www.jrailpass.com\/blog\/wp-content\/uploads\/2016\/06\/tokyo-shibuya-crossing-e1465829941954-300x182.jpg\" \/>\n<meta name=\"twitter:card\" content=\"summary_large_image\" \/>\n<script type=\"application\/ld+json\" class=\"yoast-schema-graph\">{\"@context\":\"https:\/\/schema.org\",\"@graph\":[{\"@type\":\"WebPage\",\"@id\":\"https:\/\/www.jrailpass.com\/blog\/it\/citta\",\"url\":\"https:\/\/www.jrailpass.com\/blog\/it\/citta\",\"name\":\"Le principali citt\u00e0 del Giappone - Japan Rail Pass\",\"isPartOf\":{\"@id\":\"https:\/\/www.jrailpass.com\/blog\/it#website\"},\"datePublished\":\"2019-05-13T14:41:56+00:00\",\"dateModified\":\"2019-05-13T14:41:56+00:00\",\"description\":\"Ogni citt\u00e0 del Giappone offre uno sguardo unico sulla sua cultura. Scopri tutto ci\u00f2 che c'\u00e8 da sapere a proposito di Tokyo, Osaka, Kyoto e altre destinazioni giapponesi famose.\",\"breadcrumb\":{\"@id\":\"https:\/\/www.jrailpass.com\/blog\/it\/citta#breadcrumb\"},\"inLanguage\":\"it-IT\",\"potentialAction\":[{\"@type\":\"ReadAction\",\"target\":[\"https:\/\/www.jrailpass.com\/blog\/it\/citta\"]}]},{\"@type\":\"BreadcrumbList\",\"@id\":\"https:\/\/www.jrailpass.com\/blog\/it\/citta#breadcrumb\",\"itemListElement\":[{\"@type\":\"ListItem\",\"position\":1,\"name\":\"Japan Travel Blog\",\"item\":\"https:\/\/www.jrailpass.com\/blog\/it\"},{\"@type\":\"ListItem\",\"position\":2,\"name\":\"Le principali citt\u00e0 del Giappone\"}]},{\"@type\":\"WebSite\",\"@id\":\"https:\/\/www.jrailpass.com\/blog\/it#website\",\"url\":\"https:\/\/www.jrailpass.com\/blog\/it\",\"name\":\"Blog di viaggio in Giappone | JRailPass\",\"description\":\"Scopri il Giappone in treno con il Japan Rail Pass\",\"publisher\":{\"@id\":\"https:\/\/www.jrailpass.com\/blog\/it#organization\"},\"potentialAction\":[{\"@type\":\"SearchAction\",\"target\":{\"@type\":\"EntryPoint\",\"urlTemplate\":\"https:\/\/www.jrailpass.com\/blog\/it?s={search_term_string}\"},\"query-input\":\"required name=search_term_string\"}],\"inLanguage\":\"it-IT\"},{\"@type\":\"Organization\",\"@id\":\"https:\/\/www.jrailpass.com\/blog\/it#organization\",\"name\":\"Japan Rail Pass S.L. - JRailPass.com\",\"url\":\"https:\/\/www.jrailpass.com\/blog\/it\",\"logo\":{\"@type\":\"ImageObject\",\"inLanguage\":\"it-IT\",\"@id\":\"https:\/\/www.jrailpass.com\/blog\/it#\/schema\/logo\/image\/\",\"url\":\"https:\/\/www.jrailpass.com\/blog\/wp-content\/uploads\/2017\/10\/logo.png\",\"contentUrl\":\"https:\/\/www.jrailpass.com\/blog\/wp-content\/uploads\/2017\/10\/logo.png\",\"width\":214,\"height\":60,\"caption\":\"Japan Rail Pass S.L. - JRailPass.com\"},\"image\":{\"@id\":\"https:\/\/www.jrailpass.com\/blog\/it#\/schema\/logo\/image\/\"}}]}<\/script>\n<!-- \/ Yoast SEO plugin. -->","yoast_head_json":{"title":"Le principali citt\u00e0 del Giappone - Japan Rail Pass","description":"Ogni citt\u00e0 del Giappone offre uno sguardo unico sulla sua cultura. Scopri tutto ci\u00f2 che c'\u00e8 da sapere a proposito di Tokyo, Osaka, Kyoto e altre destinazioni giapponesi famose.","robots":{"index":"index","follow":"follow","max-snippet":"max-snippet:-1","max-image-preview":"max-image-preview:large","max-video-preview":"max-video-preview:-1"},"canonical":"https:\/\/www.jrailpass.com\/blog\/it\/wp-json\/wp\/v2\/pages\/7911","og_locale":"it_IT","og_type":"article","og_title":"Le principali citt\u00e0 del Giappone - Japan Rail Pass","og_description":"Ogni citt\u00e0 del Giappone offre uno sguardo unico sulla sua cultura. Scopri tutto ci\u00f2 che c'\u00e8 da sapere a proposito di Tokyo, Osaka, Kyoto e altre destinazioni giapponesi famose.","og_url":"https:\/\/www.jrailpass.com\/blog\/it\/citta","og_site_name":"Blog di viaggio in Giappone | JRailPass","og_image":[{"url":"https:\/\/www.jrailpass.com\/blog\/wp-content\/uploads\/2016\/06\/tokyo-shibuya-crossing-e1465829941954-300x182.jpg"}],"twitter_card":"summary_large_image","schema":{"@context":"https:\/\/schema.org","@graph":[{"@type":"WebPage","@id":"https:\/\/www.jrailpass.com\/blog\/it\/citta","url":"https:\/\/www.jrailpass.com\/blog\/it\/citta","name":"Le principali citt\u00e0 del Giappone - Japan Rail Pass","isPartOf":{"@id":"https:\/\/www.jrailpass.com\/blog\/it#website"},"datePublished":"2019-05-13T14:41:56+00:00","dateModified":"2019-05-13T14:41:56+00:00","description":"Ogni citt\u00e0 del Giappone offre uno sguardo unico sulla sua cultura. Scopri tutto ci\u00f2 che c'\u00e8 da sapere a proposito di Tokyo, Osaka, Kyoto e altre destinazioni giapponesi famose.","breadcrumb":{"@id":"https:\/\/www.jrailpass.com\/blog\/it\/citta#breadcrumb"},"inLanguage":"it-IT","potentialAction":[{"@type":"ReadAction","target":["https:\/\/www.jrailpass.com\/blog\/it\/citta"]}]},{"@type":"BreadcrumbList","@id":"https:\/\/www.jrailpass.com\/blog\/it\/citta#breadcrumb","itemListElement":[{"@type":"ListItem","position":1,"name":"Japan Travel Blog","item":"https:\/\/www.jrailpass.com\/blog\/it"},{"@type":"ListItem","position":2,"name":"Le principali citt\u00e0 del Giappone"}]},{"@type":"WebSite","@id":"https:\/\/www.jrailpass.com\/blog\/it#website","url":"https:\/\/www.jrailpass.com\/blog\/it","name":"Blog di viaggio in Giappone | JRailPass","description":"Scopri il Giappone in treno con il Japan Rail Pass","publisher":{"@id":"https:\/\/www.jrailpass.com\/blog\/it#organization"},"potentialAction":[{"@type":"SearchAction","target":{"@type":"EntryPoint","urlTemplate":"https:\/\/www.jrailpass.com\/blog\/it?s={search_term_string}"},"query-input":"required name=search_term_string"}],"inLanguage":"it-IT"},{"@type":"Organization","@id":"https:\/\/www.jrailpass.com\/blog\/it#organization","name":"Japan Rail Pass S.L. - JRailPass.com","url":"https:\/\/www.jrailpass.com\/blog\/it","logo":{"@type":"ImageObject","inLanguage":"it-IT","@id":"https:\/\/www.jrailpass.com\/blog\/it#\/schema\/logo\/image\/","url":"https:\/\/www.jrailpass.com\/blog\/wp-content\/uploads\/2017\/10\/logo.png","contentUrl":"https:\/\/www.jrailpass.com\/blog\/wp-content\/uploads\/2017\/10\/logo.png","width":214,"height":60,"caption":"Japan Rail Pass S.L. - JRailPass.com"},"image":{"@id":"https:\/\/www.jrailpass.com\/blog\/it#\/schema\/logo\/image\/"}}]}},"_links":{"self":[{"href":"https:\/\/www.jrailpass.com\/blog\/it\/wp-json\/wp\/v2\/pages\/7911"}],"collection":[{"href":"https:\/\/www.jrailpass.com\/blog\/it\/wp-json\/wp\/v2\/pages"}],"about":[{"href":"https:\/\/www.jrailpass.com\/blog\/it\/wp-json\/wp\/v2\/types\/page"}],"author":[{"embeddable":true,"href":"https:\/\/www.jrailpass.com\/blog\/it\/wp-json\/wp\/v2\/users\/2"}],"replies":[{"embeddable":true,"href":"https:\/\/www.jrailpass.com\/blog\/it\/wp-json\/wp\/v2\/comments?post=7911"}],"version-history":[{"count":0,"href":"https:\/\/www.jrailpass.com\/blog\/it\/wp-json\/wp\/v2\/pages\/7911\/revisions"}],"wp:attachment":[{"href":"https:\/\/www.jrailpass.com\/blog\/it\/wp-json\/wp\/v2\/media?parent=7911"}],"curies":[{"name":"wp","href":"https:\/\/api.w.org\/{rel}","templated":true}]}}