{"id":11828,"date":"2020-02-25T14:32:16","date_gmt":"2020-02-25T13:32:16","guid":{"rendered":"https:\/\/www.jrailpass.com\/blog?page_id=11828"},"modified":"2020-02-25T14:32:16","modified_gmt":"2020-02-25T13:32:16","slug":"visto-online-elettronico","status":"publish","type":"page","link":"https:\/\/www.jrailpass.com\/blog\/it\/visto-per-il-giappone\/visto-online-elettronico","title":{"rendered":"Visto online per il Giappone: il nuovo visto turistico elettronico"},"content":{"rendered":"<p>Tutti coloro che desiderano <strong>recarsi in Giappone<\/strong>, non dovranno pi\u00f9 fare la fila presso un&#8217;ambasciata o un consolato giapponese per richiedere un <a href=\"https:\/\/www.jrailpass.com\/blog\/it\/visto-per-il-giappone\">visto per il paese<\/a> del sol levante. Il nuovo visto turistico elettronico (eVisa) verr\u00e0 <strong>lanciato nell&#8217;aprile del 2020<\/strong> e i turisti saranno in grado di completare la richiesta in pochi minuti.<\/p>\n<p>La prima nazione a poter richiedere il visto sar\u00e0 la Cina, in quanto i turisti cinesi rappresentano il gruppo demografico di visitatori pi\u00f9 grande (oltre il 60%) in Giappone. Il <strong>visto elettronico<\/strong> verr\u00e0 esteso gradualmente ad altre nazionalit\u00e0 nel corso dell&#8217;anno.<\/p>\n<p><!--more--><\/p>\n<p>Il <strong>visto turistico<\/strong> fa parte di un piano governativo pi\u00f9 ampio che desidera aumentare il turismo. L&#8217;obiettivo \u00e8 quello di raggiungere i 40 milioni di visitatori entro il 2020 e <strong>60 milioni entro il 2030<\/strong>. Il nuovo visto render\u00e0 i viaggi in Giappone molto pi\u00f9 accessibili per milioni di persone in tutto il mondo.<\/p>\n<div id=\"toc_container\" class=\"toc_white no_bullets\"><p class=\"toc_title\">Table of Contents<\/p><ul class=\"toc_list\"><li><a href=\"#Sistema_visti_online\"><span class=\"toc_number toc_depth_1\">1<\/span> Sistema visti online<\/a><\/li><li><a href=\"#Preparazione_per_le_Olimpiadi_di_Tokyo_2020\"><span class=\"toc_number toc_depth_1\">2<\/span> Preparazione per le Olimpiadi di Tokyo 2020<\/a><\/li><li><a href=\"#Chi_potra_richiedere_il_visto_elettronico\"><span class=\"toc_number toc_depth_1\">3<\/span> Chi potr\u00e0 richiedere il visto elettronico?<\/a><\/li><\/ul><\/div>\n\n<h2><span id=\"Sistema_visti_online\">Sistema visti online<\/span><\/h2>\n<p>Nel 2020 sar\u00e0 disponibile un <strong>nuovo visto online<\/strong> e render\u00e0 pi\u00f9 semplice viaggiare in Giappone per <strong>milioni di turisti<\/strong> in tutto il mondo. Il visto elettronico \u00e8 parte di un piano governativo per raggiungere i <strong>60 milioni di visitatori<\/strong> all&#8217;anno entro il 2030. Il visto a ingresso singolo consentir\u00e0 ai visitatori di entrare nel paese per un breve periodo ti tempo.<\/p>\n<p>I viaggiatori dei paesi ammissibili potranno completare la <strong>richiesta online<\/strong> senza dover far visita a un&#8217;ambasciata o a un consolato. Il processo richieder\u00e0 in tutto pochi minuti. I turisti <strong>cinesi<\/strong> saranno i <strong>primi cittadini eleggibili<\/strong>, ma molti altri paesi verranno aggiunti all&#8217;elenco poco dopo.<\/p>\n<h2><span id=\"Preparazione_per_le_Olimpiadi_di_Tokyo_2020\">Preparazione per le Olimpiadi di Tokyo 2020<\/span><\/h2>\n<p>Il governo giapponese desidera assicurarsi che il paese sia pronto prima che arrivino gli appassionati di sport per le <a href=\"https:\/\/www.jrailpass.com\/blog\/it\/olimpiadi-tokyo-2020\">Olimpiadi e le Paralimpiadi del 2020 in Giappone<\/a>. Sono in preparazione anche altre nuove tipologie di visti e ci sono piani per aumentare il numero di <strong>voli low cost per il Giappone<\/strong>.<\/p>\n<p>Nel 2018, in Giappone c&#8217;\u00e8 stato un <strong>numero record di visitatori<\/strong>, oltre 30 milioni e questo numero continuer\u00e0 ad incrementare nei prossimi due anni. La cifra dell&#8217;anno scorso sarebbe stata ancora pi\u00f9 alta se non fosse stato per un numero insolitamente alto di catastrofi naturali che hanno ostacolato il turismo.<\/p>\n<p>Il <strong>nuovo visto turistico elettronico per il Giappone<\/strong>, ridurr\u00e0 il carico di lavoro nelle ambasciate e nei consolati, rafforzando allo stesso tempo i controlli sull&#8217;immigrazione, poich\u00e9 tutti i visitatori saranno <strong>controllati prima del loro arrivo<\/strong>. I viaggiatori dovranno fornire una serie d&#8217;informazioni per completare la <strong>richiesta online<\/strong> e i dati verranno sottoposti a screening dalle autorit\u00e0 competenti prima del rilascio dei visti.<\/p>\n<h2><span id=\"Chi_potra_richiedere_il_visto_elettronico\">Chi potr\u00e0 richiedere il visto elettronico?<\/span><\/h2>\n<p>Il governo non ha ancora pubblicato l&#8217;<strong>elenco delle nazionalit\u00e0<\/strong> che potranno richiedere l&#8217;eVisa. <strong>I visitatori cinesi saranno i primi<\/strong> a poter fare richiesta, quindi ne seguiranno altri.<\/p>\n<table>\n<tbody>\n<tr>\n<th style=\"background: #3793f4; color: #ffffff; text-align: center;\" colspan=\"4\">List of countries that require a Visa to enter Japan<\/th>\n<\/tr>\n<tr>\n<td>Afghanistan<\/td>\n<td>Albania<\/td>\n<td>Algeria<\/td>\n<td>Angola<\/td>\n<\/tr>\n<tr>\n<td>Anguilla<\/td>\n<td>Antigua e Barbuda<\/td>\n<td>Armenia<\/td>\n<td>Azerbaigian<\/td>\n<\/tr>\n<tr>\n<td>Bahrain<\/td>\n<td>Bangladesh<\/td>\n<td>Bielorussia<\/td>\n<td>Belize<\/td>\n<\/tr>\n<tr>\n<td>Benin<\/td>\n<td>Bermuda<\/td>\n<td>Bhutan<\/td>\n<td>Bolivia<\/td>\n<\/tr>\n<tr>\n<td>Bosnia ed Erzegovina<\/td>\n<td>Botswana<\/td>\n<td>Brasile<\/td>\n<td>Burkina Faso<\/td>\n<\/tr>\n<tr>\n<td>Burundi<\/td>\n<td>Cambogia<\/td>\n<td>Cameroon<\/td>\n<td>\u00a0Capo Verde<\/td>\n<\/tr>\n<tr>\n<td>Isole Cayman<\/td>\n<td>Repubblica Centrafricana<\/td>\n<td>Chad<\/td>\n<td>Cina<\/td>\n<\/tr>\n<tr>\n<td>Colombia<\/td>\n<td>Comore<\/td>\n<td>Congo<\/td>\n<td>Costa d&#8217;Avorio<\/td>\n<\/tr>\n<tr>\n<td>Cuba<\/td>\n<td>Repubblica Democratica del Congo<\/td>\n<td>Gibuti<\/td>\n<td>Dominica<\/td>\n<\/tr>\n<tr>\n<td>Ecuador<\/td>\n<td>Egitto<\/td>\n<td>Guinea Equatoriale<\/td>\n<td>Eritrea<\/td>\n<\/tr>\n<tr>\n<td>Etiopia<\/td>\n<td>Figi<\/td>\n<td>Gabon<\/td>\n<td>Gambia<\/td>\n<\/tr>\n<tr>\n<td>Georgia<\/td>\n<td>Ghana<\/td>\n<td>Grenada<\/td>\n<td>Guernsey<\/td>\n<\/tr>\n<tr>\n<td>Guinea<\/td>\n<td>Guinea-Bissau<\/td>\n<td>Guyana<\/td>\n<td>Haiti<\/td>\n<\/tr>\n<tr>\n<td>India<\/td>\n<td>Indonesia (no passaporti elettronici)<\/td>\n<td>Iran<\/td>\n<td>Iraq<\/td>\n<\/tr>\n<tr>\n<td>Giamaica<\/td>\n<td>Giordania<\/td>\n<td>Kazakhstan<\/td>\n<td>Kenya<\/td>\n<\/tr>\n<tr>\n<td>Kiribati<\/td>\n<td>Kosovo<\/td>\n<td>Kuwait<\/td>\n<td>Kyrgyzstan<\/td>\n<\/tr>\n<tr>\n<td>Laos<\/td>\n<td>Libano<\/td>\n<td>Liberia<\/td>\n<td>Libia<\/td>\n<\/tr>\n<tr>\n<td>Madagascar<\/td>\n<td>Malawi<\/td>\n<td>Maldive<\/td>\n<td>Mali<\/td>\n<\/tr>\n<tr>\n<td>Isole Marshall<\/td>\n<td>Mauritania<\/td>\n<td>Micronesia<\/td>\n<td>Moldavia<\/td>\n<\/tr>\n<tr>\n<td>Mongolia<\/td>\n<td>Montenegro<\/td>\n<td>Marocco<\/td>\n<td>Mozambico<\/td>\n<\/tr>\n<tr>\n<td>Myanmar<\/td>\n<td>Namibia<\/td>\n<td>Nauru<\/td>\n<td>Nepal<\/td>\n<\/tr>\n<tr>\n<td>Nicaragua<\/td>\n<td>Niger<\/td>\n<td>Nigeria<\/td>\n<td>Norfolk Island<\/td>\n<\/tr>\n<tr>\n<td>Nord Corea<\/td>\n<td>Oman<\/td>\n<td>Pakistan<\/td>\n<td>Palau<\/td>\n<\/tr>\n<tr>\n<td>Palestina<\/td>\n<td>Panama<\/td>\n<td>\u00a0Papua Nuova Guinea<\/td>\n<td>Paraguay<\/td>\n<\/tr>\n<tr>\n<td>Per\u00f9<\/td>\n<td>Filippine<\/td>\n<td>Qatar<\/td>\n<td>Russia<\/td>\n<\/tr>\n<tr>\n<td>Ruanda<\/td>\n<td>Santa Lucia<\/td>\n<td>Samoa<\/td>\n<td>S\u00e3o Tom\u00e9 e Pr\u00edncipe<\/td>\n<\/tr>\n<tr>\n<td>Arabia Saudita<\/td>\n<td>Senegal<\/td>\n<td>Seychelles<\/td>\n<td>Sierra Leone<\/td>\n<\/tr>\n<tr>\n<td>Isole Salomone<\/td>\n<td>Somalia<\/td>\n<td>Sudafrica<\/td>\n<td>Sudan del Sud<\/td>\n<\/tr>\n<tr>\n<td>Sri Lanka<\/td>\n<td>Saint Kitts e Nevis<\/td>\n<td>Saint Vincent e Grenadine<\/td>\n<td>Sudan<\/td>\n<\/tr>\n<tr>\n<td>eSwatini<\/td>\n<td>Siria<\/td>\n<td>Tagikistan<\/td>\n<td>Tanzania<\/td>\n<\/tr>\n<tr>\n<td>Togo<\/td>\n<td>Tonga<\/td>\n<td>Trinidad e Tobago<\/td>\n<td>Turkmenistan<\/td>\n<\/tr>\n<tr>\n<td>Isole Turks e Caicos<\/td>\n<td>\u00a0Emirati Arabi Uniti<\/td>\n<td>Uzbekistan<\/td>\n<td>Vanuatu<\/td>\n<\/tr>\n<tr>\n<td>Venezuela<\/td>\n<td>Vietnam<\/td>\n<td>Yemen<\/td>\n<td>Zambia<\/td>\n<\/tr>\n<tr>\n<td>Zimbabwe<\/td>\n<td><\/td>\n<td><\/td>\n<td><\/td>\n<\/tr>\n<\/tbody>\n<\/table>\n<p>Al momento, sono <strong>66 le nazionalit\u00e0<\/strong> che possono recarsi in Giappone senza un visto. Queste includono tutti i paesi europei, gli Stati Uniti, Canada, Australia, Nuova Zelanda , Argentina, Sud Corea, Turchia e Tailandia. \u00c8 probabile che le nazionalit\u00e0 che attualmente non hanno bisogno del visto per recarsi in Giappone, <strong>dovranno richiedere il visto elettronico d&#8217;ora in poi<\/strong>.<\/p>\n<p>Se cos\u00ec fosse, non sar\u00e0 un grosso problema in quanto la richiesta online pu\u00f2 essere <strong>completata in pochi minuti<\/strong>. I richiedenti dovranno inserire soltanto le proprie informazioni di base come nome, indirizzo, passaporto e piano di viaggio.<\/p>\n","protected":false},"excerpt":{"rendered":"<p>Tutti coloro che desiderano recarsi in Giappone, non dovranno pi\u00f9 fare la fila presso un&#8217;ambasciata o un consolato giapponese per richiedere un visto per il paese del sol levante. Il nuovo visto turistico elettronico (eVisa) verr\u00e0 lanciato nell&#8217;aprile del 2020 e i turisti saranno in grado di completare la richiesta in pochi minuti. La prima nazione a poter richiedere il visto sar\u00e0 la Cina, in quanto i turisti cinesi rappresentano il gruppo demografico di visitatori pi\u00f9 grande (oltre il 60%) in Giappone. Il visto elettronico verr\u00e0 esteso gradualmente ad altre nazionalit\u00e0 nel corso dell&#8217;anno.<\/p>\n","protected":false},"author":2,"featured_media":8695,"parent":10688,"menu_order":0,"comment_status":"closed","ping_status":"closed","template":"","meta":[],"acf":{"bread_1":false,"bread_2":false,"bread_3":false,"bread_4":false,"bread_5":false,"bread_6":false,"bread_7":false,"bread_last":false,"custom_guide":""},"yoast_head":"<!-- This site is optimized with the Yoast SEO plugin v20.10 - https:\/\/yoast.com\/wordpress\/plugins\/seo\/ -->\n<title>Visto online per il Giappone: il nuovo visto turistico elettronico | JRailPass<\/title>\n<meta name=\"description\" content=\"I visti elettronici per il Giappone saranno disponibili nel 2020. Scopri di pi\u00f9 sui visti elettronici e chi pu\u00f2 richiederli online in tempo per le Olimpiadi di Tokyo.\" \/>\n<meta name=\"robots\" content=\"index, follow, max-snippet:-1, max-image-preview:large, max-video-preview:-1\" \/>\n<link rel=\"canonical\" href=\"https:\/\/www.jrailpass.com\/blog\/it\/wp-json\/wp\/v2\/pages\/11828\" \/>\n<meta property=\"og:locale\" content=\"it_IT\" \/>\n<meta property=\"og:type\" content=\"article\" \/>\n<meta property=\"og:title\" content=\"Visto online per il Giappone: il nuovo visto turistico elettronico | JRailPass\" \/>\n<meta property=\"og:description\" content=\"I visti elettronici per il Giappone saranno disponibili nel 2020. Scopri di pi\u00f9 sui visti elettronici e chi pu\u00f2 richiederli online in tempo per le Olimpiadi di Tokyo.\" \/>\n<meta property=\"og:url\" content=\"https:\/\/www.jrailpass.com\/blog\/it\/visto-per-il-giappone\/visto-online-elettronico\" \/>\n<meta property=\"og:site_name\" content=\"Blog di viaggio in Giappone | JRailPass\" \/>\n<meta property=\"og:image\" content=\"https:\/\/www.jrailpass.com\/blog\/wp-content\/uploads\/2018\/12\/japan-e-visa.jpg\" \/>\n\t<meta property=\"og:image:width\" content=\"800\" \/>\n\t<meta property=\"og:image:height\" content=\"400\" \/>\n\t<meta property=\"og:image:type\" content=\"image\/jpeg\" \/>\n<meta name=\"twitter:card\" content=\"summary_large_image\" \/>\n<script type=\"application\/ld+json\" class=\"yoast-schema-graph\">{\"@context\":\"https:\/\/schema.org\",\"@graph\":[{\"@type\":\"WebPage\",\"@id\":\"https:\/\/www.jrailpass.com\/blog\/it\/visto-per-il-giappone\/visto-online-elettronico\",\"url\":\"https:\/\/www.jrailpass.com\/blog\/it\/visto-per-il-giappone\/visto-online-elettronico\",\"name\":\"Visto online per il Giappone: il nuovo visto turistico elettronico | JRailPass\",\"isPartOf\":{\"@id\":\"https:\/\/www.jrailpass.com\/blog\/it#website\"},\"datePublished\":\"2020-02-25T13:32:16+00:00\",\"dateModified\":\"2020-02-25T13:32:16+00:00\",\"description\":\"I visti elettronici per il Giappone saranno disponibili nel 2020. Scopri di pi\u00f9 sui visti elettronici e chi pu\u00f2 richiederli online in tempo per le Olimpiadi di Tokyo.\",\"breadcrumb\":{\"@id\":\"https:\/\/www.jrailpass.com\/blog\/it\/visto-per-il-giappone\/visto-online-elettronico#breadcrumb\"},\"inLanguage\":\"it-IT\",\"potentialAction\":[{\"@type\":\"ReadAction\",\"target\":[\"https:\/\/www.jrailpass.com\/blog\/it\/visto-per-il-giappone\/visto-online-elettronico\"]}]},{\"@type\":\"BreadcrumbList\",\"@id\":\"https:\/\/www.jrailpass.com\/blog\/it\/visto-per-il-giappone\/visto-online-elettronico#breadcrumb\",\"itemListElement\":[{\"@type\":\"ListItem\",\"position\":1,\"name\":\"Japan Travel Blog\",\"item\":\"https:\/\/www.jrailpass.com\/blog\/it\"},{\"@type\":\"ListItem\",\"position\":2,\"name\":\"Ho bisogno di un visto per il Giappone? Politica giapponese sui visti\",\"item\":\"https:\/\/www.jrailpass.com\/blog\/it\/visto-per-il-giappone\"},{\"@type\":\"ListItem\",\"position\":3,\"name\":\"Visto online per il Giappone: il nuovo visto turistico elettronico\"}]},{\"@type\":\"WebSite\",\"@id\":\"https:\/\/www.jrailpass.com\/blog\/it#website\",\"url\":\"https:\/\/www.jrailpass.com\/blog\/it\",\"name\":\"Blog di viaggio in Giappone | JRailPass\",\"description\":\"Scopri il Giappone in treno con il Japan Rail Pass\",\"publisher\":{\"@id\":\"https:\/\/www.jrailpass.com\/blog\/it#organization\"},\"potentialAction\":[{\"@type\":\"SearchAction\",\"target\":{\"@type\":\"EntryPoint\",\"urlTemplate\":\"https:\/\/www.jrailpass.com\/blog\/it?s={search_term_string}\"},\"query-input\":\"required name=search_term_string\"}],\"inLanguage\":\"it-IT\"},{\"@type\":\"Organization\",\"@id\":\"https:\/\/www.jrailpass.com\/blog\/it#organization\",\"name\":\"Japan Rail Pass S.L. - JRailPass.com\",\"url\":\"https:\/\/www.jrailpass.com\/blog\/it\",\"logo\":{\"@type\":\"ImageObject\",\"inLanguage\":\"it-IT\",\"@id\":\"https:\/\/www.jrailpass.com\/blog\/it#\/schema\/logo\/image\/\",\"url\":\"https:\/\/www.jrailpass.com\/blog\/wp-content\/uploads\/2017\/10\/logo.png\",\"contentUrl\":\"https:\/\/www.jrailpass.com\/blog\/wp-content\/uploads\/2017\/10\/logo.png\",\"width\":214,\"height\":60,\"caption\":\"Japan Rail Pass S.L. - JRailPass.com\"},\"image\":{\"@id\":\"https:\/\/www.jrailpass.com\/blog\/it#\/schema\/logo\/image\/\"}}]}<\/script>\n<!-- \/ Yoast SEO plugin. -->","yoast_head_json":{"title":"Visto online per il Giappone: il nuovo visto turistico elettronico | JRailPass","description":"I visti elettronici per il Giappone saranno disponibili nel 2020. Scopri di pi\u00f9 sui visti elettronici e chi pu\u00f2 richiederli online in tempo per le Olimpiadi di Tokyo.","robots":{"index":"index","follow":"follow","max-snippet":"max-snippet:-1","max-image-preview":"max-image-preview:large","max-video-preview":"max-video-preview:-1"},"canonical":"https:\/\/www.jrailpass.com\/blog\/it\/wp-json\/wp\/v2\/pages\/11828","og_locale":"it_IT","og_type":"article","og_title":"Visto online per il Giappone: il nuovo visto turistico elettronico | JRailPass","og_description":"I visti elettronici per il Giappone saranno disponibili nel 2020. Scopri di pi\u00f9 sui visti elettronici e chi pu\u00f2 richiederli online in tempo per le Olimpiadi di Tokyo.","og_url":"https:\/\/www.jrailpass.com\/blog\/it\/visto-per-il-giappone\/visto-online-elettronico","og_site_name":"Blog di viaggio in Giappone | JRailPass","og_image":[{"width":800,"height":400,"url":"https:\/\/www.jrailpass.com\/blog\/wp-content\/uploads\/2018\/12\/japan-e-visa.jpg","type":"image\/jpeg"}],"twitter_card":"summary_large_image","schema":{"@context":"https:\/\/schema.org","@graph":[{"@type":"WebPage","@id":"https:\/\/www.jrailpass.com\/blog\/it\/visto-per-il-giappone\/visto-online-elettronico","url":"https:\/\/www.jrailpass.com\/blog\/it\/visto-per-il-giappone\/visto-online-elettronico","name":"Visto online per il Giappone: il nuovo visto turistico elettronico | JRailPass","isPartOf":{"@id":"https:\/\/www.jrailpass.com\/blog\/it#website"},"datePublished":"2020-02-25T13:32:16+00:00","dateModified":"2020-02-25T13:32:16+00:00","description":"I visti elettronici per il Giappone saranno disponibili nel 2020. Scopri di pi\u00f9 sui visti elettronici e chi pu\u00f2 richiederli online in tempo per le Olimpiadi di Tokyo.","breadcrumb":{"@id":"https:\/\/www.jrailpass.com\/blog\/it\/visto-per-il-giappone\/visto-online-elettronico#breadcrumb"},"inLanguage":"it-IT","potentialAction":[{"@type":"ReadAction","target":["https:\/\/www.jrailpass.com\/blog\/it\/visto-per-il-giappone\/visto-online-elettronico"]}]},{"@type":"BreadcrumbList","@id":"https:\/\/www.jrailpass.com\/blog\/it\/visto-per-il-giappone\/visto-online-elettronico#breadcrumb","itemListElement":[{"@type":"ListItem","position":1,"name":"Japan Travel Blog","item":"https:\/\/www.jrailpass.com\/blog\/it"},{"@type":"ListItem","position":2,"name":"Ho bisogno di un visto per il Giappone? Politica giapponese sui visti","item":"https:\/\/www.jrailpass.com\/blog\/it\/visto-per-il-giappone"},{"@type":"ListItem","position":3,"name":"Visto online per il Giappone: il nuovo visto turistico elettronico"}]},{"@type":"WebSite","@id":"https:\/\/www.jrailpass.com\/blog\/it#website","url":"https:\/\/www.jrailpass.com\/blog\/it","name":"Blog di viaggio in Giappone | JRailPass","description":"Scopri il Giappone in treno con il Japan Rail Pass","publisher":{"@id":"https:\/\/www.jrailpass.com\/blog\/it#organization"},"potentialAction":[{"@type":"SearchAction","target":{"@type":"EntryPoint","urlTemplate":"https:\/\/www.jrailpass.com\/blog\/it?s={search_term_string}"},"query-input":"required name=search_term_string"}],"inLanguage":"it-IT"},{"@type":"Organization","@id":"https:\/\/www.jrailpass.com\/blog\/it#organization","name":"Japan Rail Pass S.L. - JRailPass.com","url":"https:\/\/www.jrailpass.com\/blog\/it","logo":{"@type":"ImageObject","inLanguage":"it-IT","@id":"https:\/\/www.jrailpass.com\/blog\/it#\/schema\/logo\/image\/","url":"https:\/\/www.jrailpass.com\/blog\/wp-content\/uploads\/2017\/10\/logo.png","contentUrl":"https:\/\/www.jrailpass.com\/blog\/wp-content\/uploads\/2017\/10\/logo.png","width":214,"height":60,"caption":"Japan Rail Pass S.L. - JRailPass.com"},"image":{"@id":"https:\/\/www.jrailpass.com\/blog\/it#\/schema\/logo\/image\/"}}]}},"_links":{"self":[{"href":"https:\/\/www.jrailpass.com\/blog\/it\/wp-json\/wp\/v2\/pages\/11828"}],"collection":[{"href":"https:\/\/www.jrailpass.com\/blog\/it\/wp-json\/wp\/v2\/pages"}],"about":[{"href":"https:\/\/www.jrailpass.com\/blog\/it\/wp-json\/wp\/v2\/types\/page"}],"author":[{"embeddable":true,"href":"https:\/\/www.jrailpass.com\/blog\/it\/wp-json\/wp\/v2\/users\/2"}],"replies":[{"embeddable":true,"href":"https:\/\/www.jrailpass.com\/blog\/it\/wp-json\/wp\/v2\/comments?post=11828"}],"version-history":[{"count":0,"href":"https:\/\/www.jrailpass.com\/blog\/it\/wp-json\/wp\/v2\/pages\/11828\/revisions"}],"up":[{"embeddable":true,"href":"https:\/\/www.jrailpass.com\/blog\/it\/wp-json\/wp\/v2\/pages\/10688"}],"wp:featuredmedia":[{"embeddable":true,"href":"https:\/\/www.jrailpass.com\/blog\/it\/wp-json\/wp\/v2\/media\/8695"}],"wp:attachment":[{"href":"https:\/\/www.jrailpass.com\/blog\/it\/wp-json\/wp\/v2\/media?parent=11828"}],"curies":[{"name":"wp","href":"https:\/\/api.w.org\/{rel}","templated":true}]}}