{"id":4137,"date":"2018-08-22T13:56:22","date_gmt":"2018-08-22T11:56:22","guid":{"rendered":"https:\/\/www.jrailpass.com\/blog?page_id=4137"},"modified":"2019-03-04T17:03:25","modified_gmt":"2019-03-04T16:03:25","slug":"regions-du-japon","status":"publish","type":"page","link":"https:\/\/www.jrailpass.com\/blog\/fr\/regions-du-japon","title":{"rendered":"R\u00e9gions du Japon"},"content":{"rendered":"<p>Le Japon est une cha\u00eene d\u2019\u00eeles comportant <strong>quatre \u00eeles principales.<\/strong> Elles sont, du nord au sud : <b>Hokkaido, Honshu, Shikoku et Kyushu<\/b>.\u00a0Les \u00eeles Ryukyu, qui incluent Okinawa, forment une cha\u00eene au sud de Kyushu.<\/p>\n<p>Ensemble, ces \u00eeles forment l\u2019archipel japonais. Celui-ci dispose de 47 pr\u00e9fectures qui sont \u00e0 leur tour divis\u00e9es g\u00e9ographiquement en <strong>huit r\u00e9gions <\/strong>: Hokkaido (\u00eele), Tohoku, Kanto, Chubu, Kansai, Chugoku (sur l\u2019\u00eele d\u2019Honshu), Shikoku (\u00eele) et Kyushu (y compris \u00eeles Kyushu et Okinawa).<\/p>\n<p><strong>D\u00e9couvrez chaque r\u00e9gion en profondeur <\/strong>: ses coutumes, culture, traditions, m\u00e9t\u00e9o, nature et cuisine unique.<\/p>\n<p><div id=\"toc_container\" class=\"toc_white no_bullets\"><p class=\"toc_title\">Table of Contents<\/p><ul class=\"toc_list\"><li><a href=\"#Hokkaido\"><span class=\"toc_number toc_depth_1\">1<\/span> Hokkaido<\/a><\/li><li><a href=\"#Tohoku\"><span class=\"toc_number toc_depth_1\">2<\/span> Tohoku<\/a><\/li><li><a href=\"#Kanto\"><span class=\"toc_number toc_depth_1\">3<\/span> Kanto<\/a><\/li><li><a href=\"#Chubu\"><span class=\"toc_number toc_depth_1\">4<\/span> Chubu<\/a><\/li><li><a href=\"#Kansai\"><span class=\"toc_number toc_depth_1\">5<\/span> Kansai<\/a><\/li><li><a href=\"#Chugoku\"><span class=\"toc_number toc_depth_1\">6<\/span> Chugoku<\/a><\/li><li><a href=\"#Shikoku\"><span class=\"toc_number toc_depth_1\">7<\/span> Shikoku<\/a><\/li><li><a href=\"#Kyushu\"><span class=\"toc_number toc_depth_1\">8<\/span> Kyushu<\/a><\/li><\/ul><\/div>\n<p style=\"text-align: center;\">\n                    <a class=\"fasc-button banner-button-shortcode fasc-size-large fasc-type-flat fasc-rounded-medium ico-fa fasc-ico-after fa-chevron-circle-right fasc-style-bold\" href=\"https:\/\/www.jrailpass.com\/fr\/le-japan-rail-pass\">\n                        Achetez votre Japan Rail Pass\n                    <\/a>\n                <\/p><\/p>\n<h2><span id=\"Hokkaido\">Hokkaido<\/span><\/h2>\n<p><img loading=\"lazy\"  decoding=\"async\" loading=\"lazy\" class=\"alignleft\" src=\"https:\/\/www.jrailpass.com\/blog\/wp-content\/uploads\/2017\/09\/hokkaido-e1504704338239.jpg\" alt=\"Flower garden in Hokkaido, a great area to visit during Golden Week\" width=\"300\" height=\"200\" \/><\/p>\n<p>Le nouveau <a href=\"https:\/\/www.jrailpass.com\/blog\/hokkaido-shinkansen\">shinkansen Hokkaido<\/a> vous emm\u00e8nera aux plus beaux parcs nationaux, meilleures <a href=\"https:\/\/www.jrailpass.com\/blog\/skiing-snowboarding-japan\">stations de ski<\/a> et destinations de vacances populaires du Japon.<\/p>\n<p>Hokkaido ne comprend qu\u2019une seule pr\u00e9fecture du m\u00eame nom, et ses villes principales incluent <a href=\"https:\/\/www.jrailpass.com\/blog\/sapporo-travel-guide\">Sapporo<\/a>, Asahikawa et Hakodate, que vous pouvez facilement visiter gr\u00e2ce au <a href=\"https:\/\/www.jrailpass.com\/fr\/\">Japan Rail Pass<\/a>.<\/p>\n<h2><span id=\"Tohoku\">Tohoku<\/span><\/h2>\n<p><img loading=\"lazy\"  decoding=\"async\" loading=\"lazy\" class=\"size-full wp-image-1988 alignleft\" src=\"https:\/\/www.jrailpass.com\/blog\/wp-content\/uploads\/2017\/09\/tohoku-hirosaki-castle.jpg\" alt=\"\" width=\"300\" height=\"200\" \/><\/p>\n<p>Tohoku, situ\u00e9e au nord des \u00eeles Honshu, est l\u2019une des r\u00e9gions les plus pittoresques du Japon, c\u00e9l\u00e8bre pour ses montagnes et excellentes pistes de ski, lacs, <a href=\"https:\/\/www.jrailpass.com\/blog\/all-about-onsens-the-japanese-hot-springs\">sources chaudes<\/a>, ch\u00e2teaux et r\u00e9sidences de samoura\u00efs. Sa capitale, <a href=\"https:\/\/www.jrailpass.com\/blog\/sendai-travel-guide\">Sendai<\/a>, est appel\u00e9e la \u201cville des arbres\u201d et accueille l\u2019un des festivals d\u2019\u00e9t\u00e9 les plus populaires du Japon.<\/p>\n<p>Pr\u00e9fectures : Akita, Aomori, Fukushima, Iwate, Miyagi et Yamagata.<\/p>\n<h2><span id=\"Kanto\">Kanto<\/span><\/h2>\n<p><img loading=\"lazy\"  decoding=\"async\" class=\"alignleft\" src=\"https:\/\/www.jrailpass.com\/blog\/wp-content\/uploads\/2017\/09\/tokyo-shibuya.jpg\" alt=\"Kanto\" \/>Kanto est la r\u00e9gion la plus peupl\u00e9e du Japon, comprenant le Grand <a href=\"https:\/\/www.jrailpass.com\/blog\/fr\/grandes-villes-japonaises\/guide-de-voyage-tokyo\">Tokyo<\/a>. Vous y trouverez \u00e9galement des tr\u00e9sors comme <a href=\"https:\/\/www.jrailpass.com\/blog\/yokohama-travel-guide\">Yokohama<\/a>, <a href=\"https:\/\/www.jrailpass.com\/blog\/hakone-travel-guide\">Hakone<\/a> (et ses cinq lacs) et <a href=\"https:\/\/www.jrailpass.com\/blog\/kamakura-travel-guide\">Kamakura<\/a>, une ville ancienne remplie de reliques historiques.<\/p>\n<p>Pr\u00e9fectures : Chiba, Gunma, Ibaraki, Kanagawa, Saitama, Tochigi et Tokyo.<\/p>\n<h2><span id=\"Chubu\">Chubu<\/span><\/h2>\n<p><img loading=\"lazy\"  decoding=\"async\" class=\"alignleft\" src=\"https:\/\/www.jrailpass.com\/blog\/wp-content\/uploads\/2017\/09\/chubu-chureito-pagoda.jpeg\" alt=\"Chubu\" \/>La r\u00e9gion Chubu est situ\u00e9e au centre d\u2019Honshu, la plus grande \u00eele du Japon. Elle est tr\u00e8s vari\u00e9e et inclut des villes comme <a href=\"https:\/\/www.jrailpass.com\/blog\/nagoya-travel-guide\">Nagoya<\/a>, Takayama et Kanazawa, les <a href=\"https:\/\/www.jrailpass.com\/blog\/takayama-japanese-alps\">Alpes japonaises<\/a> et le majestueux <a href=\"https:\/\/www.jrailpass.com\/blog\/fr\/mont-fuji-et-la-region-des-5-lacs\">Mont Fuji<\/a>.<\/p>\n<p>Pr\u00e9fectures : Aichi, Fukui, Gifu, Ishikawa, Nagano, Niigata, Shizuoka, Toyama et Yamanashi.<\/p>\n<h2><span id=\"Kansai\">Kansai<\/span><\/h2>\n<p><img loading=\"lazy\"  decoding=\"async\" class=\"alignleft\" src=\"https:\/\/www.jrailpass.com\/blog\/wp-content\/uploads\/2017\/09\/kyoto-golden-pavilion.jpg\" alt=\"Kansai\" \/>La r\u00e9gion Kansai ou Kinki est situ\u00e9e \u00e0 l\u2019ouest de l\u2019\u00eele d\u2019Honshu et inclut les villes de <a href=\"https:\/\/www.jrailpass.com\/blog\/himeji-castle-travel-guide\">Himeji<\/a>, <a href=\"https:\/\/www.jrailpass.com\/blog\/kobe-travel-guide\">Kobe<\/a>, <a href=\"https:\/\/www.jrailpass.com\/blog\/fr\/grandes-villes-japonaises\/guide-du-voyage-kyoto\">Kyoto<\/a>, <a href=\"https:\/\/www.jrailpass.com\/blog\/fr\/grandes-villes-japonaises\/guide-de-voyage-osaka\">Osaka<\/a> et <a href=\"https:\/\/www.jrailpass.com\/blog\/nara-jr-pass\">Nara<\/a>. C\u2019est le c\u0153ur culturel et historique du Japon, et la deuxi\u00e8me r\u00e9gion la plus peupl\u00e9e apr\u00e8s Kanto.<\/p>\n<p>Pr\u00e9fectures : Hy\u014dgo, Kyoto, Mie, Nara, Osaka, Shiga et Wakayama.<\/p>\n<h2><span id=\"Chugoku\">Chugoku<\/span><\/h2>\n<p><img loading=\"lazy\"  decoding=\"async\" class=\"alignleft\" src=\"https:\/\/www.jrailpass.com\/blog\/wp-content\/uploads\/2017\/09\/korakuen-okayama-e1504704124923.jpg\" alt=\"Korakuen Garden\" \/>Chugoku, \u00e9galement appel\u00e9e la r\u00e9gion Sanin-Sanyo, est la r\u00e9gion la plus occidentale de l\u2019\u00eele d\u2019Honshu. C\u2019est ici que vous pouvez prendre les trains de nuit <a href=\"https:\/\/www.jrailpass.com\/blog\/night-trains-sunrise-express\">Sunrise Express<\/a> et visiter le grand sanctuaire Izumo, <a href=\"https:\/\/www.jrailpass.com\/blog\/okayama-travel-guide\">Okayama<\/a> (et son jardin Korakuen), <a href=\"https:\/\/www.jrailpass.com\/blog\/hiroshima-travel-guide\">Hiroshima<\/a> et <a href=\"https:\/\/www.jrailpass.com\/blog\/miyajima-travel-guide\">Miyajima<\/a>.<\/p>\n<p>Pr\u00e9fectures : Hiroshima, Okayama, Shimane, Tottori et Yamaguchi.<\/p>\n<h2><span id=\"Shikoku\">Shikoku<\/span><\/h2>\n<p><img loading=\"lazy\"  decoding=\"async\" class=\"alignleft\" src=\"https:\/\/www.jrailpass.com\/blog\/wp-content\/uploads\/2017\/09\/shikoku-iya-kazurabashi-e1504704094783.jpg\" alt=\"Shikoku\" \/>Shikoku est la plus petite \u00eele-r\u00e9gion du Japon, et sans doute la plus paisible. Elle est c\u00e9l\u00e8bre pour sa nature abondante, ses belles rivi\u00e8res et son merveilleux <a href=\"https:\/\/www.jrailpass.com\/blog\/all-about-onsens-the-japanese-hot-springs\"><i>onsen<\/i><\/a>, ainsi que pour son p\u00e8lerinage des 88 temples. Deux villes notables sont Matsuyama et Takamatsu.<\/p>\n<p>Pr\u00e9fectures : Ehime, Kagawa, K\u014dchi et Tokushima.<\/p>\n<h2><span id=\"Kyushu\">Kyushu<\/span><\/h2>\n<p><img loading=\"lazy\"  decoding=\"async\" class=\"alignleft\" src=\"https:\/\/www.jrailpass.com\/blog\/wp-content\/uploads\/2017\/09\/okinawa-beach.jpg\" alt=\"Okinawa\" \/>La r\u00e9gion Kyushu inclut l\u2019\u00eele de Kyushu et les <a href=\"https:\/\/www.jrailpass.com\/blog\/best-japanese-beaches\">\u00eeles d\u2019Okinawa<\/a>. Kyushu offre un m\u00e9lange parfait d\u2019histoire, de beaut\u00e9 naturelle et de villes modernes telles que Fukuoka. Okinawa, la pr\u00e9fecture la plus m\u00e9ridionale, est c\u00e9l\u00e8bre pour ses magnifiques plages.<\/p>\n<p>Pr\u00e9fectures : Fukuoka, Kumamoto, Nagasaki, \u014cita et Saga dans le nord Kyushu; Kagoshima, Miyazaki et Okinawa dans le sud Kyushu.<\/p>\n<div class=\"clearfix\"><\/div>\n","protected":false},"excerpt":{"rendered":"<p>Le Japon est une cha\u00eene d\u2019\u00eeles comportant quatre \u00eeles principales. Elles sont, du nord au sud : Hokkaido, Honshu, Shikoku et Kyushu.\u00a0Les \u00eeles Ryukyu, qui incluent Okinawa, forment une cha\u00eene au sud de Kyushu. Ensemble, ces \u00eeles forment l\u2019archipel japonais. Celui-ci dispose de 47 pr\u00e9fectures qui sont \u00e0 leur tour divis\u00e9es g\u00e9ographiquement en huit r\u00e9gions : Hokkaido (\u00eele), Tohoku, Kanto, Chubu, Kansai, Chugoku (sur l\u2019\u00eele d\u2019Honshu), Shikoku (\u00eele) et Kyushu (y compris \u00eeles Kyushu et Okinawa). D\u00e9couvrez chaque r\u00e9gion en profondeur : ses coutumes, culture, traditions, m\u00e9t\u00e9o, nature et cuisine unique. Table of Contents1 Hokkaido2 Tohoku3 Kanto4 Chubu5 Kansai6 Chugoku7 &hellip; <a href=\"https:\/\/www.jrailpass.com\/blog\/fr\/regions-du-japon\" class=\"more-link\">Lire la suite<span class=\"screen-reader-text\"> &#8220;R\u00e9gions du Japon&#8221;<\/span><\/a><\/p>\n","protected":false},"author":2,"featured_media":0,"parent":0,"menu_order":0,"comment_status":"closed","ping_status":"closed","template":"","meta":[],"acf":{"related_tours":{"tour_number":false}},"yoast_head":"<!-- This site is optimized with the Yoast SEO plugin v20.10 - https:\/\/yoast.com\/wordpress\/plugins\/seo\/ -->\n<title>R\u00e9gions du Japon - Japan Rail Pass Blog<\/title>\n<meta name=\"description\" content=\"D\u00e9couvrez les huit r\u00e9gions du Japon gr\u00e2ce au Japan Rail Pass. D&#039;Hokkaido \u00e0 Okinawa, apprenez ce que chaque \u00eele a \u00e0 offrir et comment vous y rendre.\" \/>\n<meta name=\"robots\" content=\"index, follow, max-snippet:-1, max-image-preview:large, max-video-preview:-1\" \/>\n<link rel=\"canonical\" href=\"https:\/\/www.jrailpass.com\/blog\/fr\/wp-json\/wp\/v2\/pages\/4137\" \/>\n<meta property=\"og:locale\" content=\"fr_FR\" \/>\n<meta property=\"og:type\" content=\"article\" \/>\n<meta property=\"og:title\" content=\"R\u00e9gions du Japon - Japan Rail Pass Blog\" \/>\n<meta property=\"og:description\" content=\"D\u00e9couvrez les huit r\u00e9gions du Japon gr\u00e2ce au Japan Rail Pass. D&#039;Hokkaido \u00e0 Okinawa, apprenez ce que chaque \u00eele a \u00e0 offrir et comment vous y rendre.\" \/>\n<meta property=\"og:url\" content=\"https:\/\/www.jrailpass.com\/blog\/fr\/regions-du-japon\" \/>\n<meta property=\"og:site_name\" content=\"Blog de voyage au Japon | JRailPass\" \/>\n<meta property=\"article:modified_time\" content=\"2019-03-04T16:03:25+00:00\" \/>\n<meta property=\"og:image\" content=\"https:\/\/www.jrailpass.com\/blog\/wp-content\/uploads\/2017\/09\/hokkaido-e1504704338239.jpg\" \/>\n<meta name=\"twitter:card\" content=\"summary_large_image\" \/>\n<script type=\"application\/ld+json\" class=\"yoast-schema-graph\">{\"@context\":\"https:\/\/schema.org\",\"@graph\":[{\"@type\":\"WebPage\",\"@id\":\"https:\/\/www.jrailpass.com\/blog\/fr\/regions-du-japon\",\"url\":\"https:\/\/www.jrailpass.com\/blog\/fr\/regions-du-japon\",\"name\":\"R\u00e9gions du Japon - Japan Rail Pass Blog\",\"isPartOf\":{\"@id\":\"https:\/\/www.jrailpass.com\/blog\/fr#website\"},\"datePublished\":\"2018-08-22T11:56:22+00:00\",\"dateModified\":\"2019-03-04T16:03:25+00:00\",\"description\":\"D\u00e9couvrez les huit r\u00e9gions du Japon gr\u00e2ce au Japan Rail Pass. D'Hokkaido \u00e0 Okinawa, apprenez ce que chaque \u00eele a \u00e0 offrir et comment vous y rendre.\",\"breadcrumb\":{\"@id\":\"https:\/\/www.jrailpass.com\/blog\/fr\/regions-du-japon#breadcrumb\"},\"inLanguage\":\"fr\",\"potentialAction\":[{\"@type\":\"ReadAction\",\"target\":[\"https:\/\/www.jrailpass.com\/blog\/fr\/regions-du-japon\"]}]},{\"@type\":\"BreadcrumbList\",\"@id\":\"https:\/\/www.jrailpass.com\/blog\/fr\/regions-du-japon#breadcrumb\",\"itemListElement\":[{\"@type\":\"ListItem\",\"position\":1,\"name\":\"Japan Travel Blog\",\"item\":\"https:\/\/www.jrailpass.com\/blog\/fr\"},{\"@type\":\"ListItem\",\"position\":2,\"name\":\"R\u00e9gions du Japon\"}]},{\"@type\":\"WebSite\",\"@id\":\"https:\/\/www.jrailpass.com\/blog\/fr#website\",\"url\":\"https:\/\/www.jrailpass.com\/blog\/fr\",\"name\":\"Blog de voyage au Japon | JRailPass\",\"description\":\"D\u00e9couvrez le Japon en train avec le Japan Rail Pass\",\"publisher\":{\"@id\":\"https:\/\/www.jrailpass.com\/blog\/fr#organization\"},\"potentialAction\":[{\"@type\":\"SearchAction\",\"target\":{\"@type\":\"EntryPoint\",\"urlTemplate\":\"https:\/\/www.jrailpass.com\/blog\/fr?s={search_term_string}\"},\"query-input\":\"required name=search_term_string\"}],\"inLanguage\":\"fr\"},{\"@type\":\"Organization\",\"@id\":\"https:\/\/www.jrailpass.com\/blog\/fr#organization\",\"name\":\"Japan Rail Pass S.L. - JRailPass.com\",\"url\":\"https:\/\/www.jrailpass.com\/blog\/fr\",\"logo\":{\"@type\":\"ImageObject\",\"inLanguage\":\"fr\",\"@id\":\"https:\/\/www.jrailpass.com\/blog\/fr#\/schema\/logo\/image\/\",\"url\":\"https:\/\/www.jrailpass.com\/blog\/wp-content\/uploads\/2017\/10\/logo.png\",\"contentUrl\":\"https:\/\/www.jrailpass.com\/blog\/wp-content\/uploads\/2017\/10\/logo.png\",\"width\":214,\"height\":60,\"caption\":\"Japan Rail Pass S.L. - JRailPass.com\"},\"image\":{\"@id\":\"https:\/\/www.jrailpass.com\/blog\/fr#\/schema\/logo\/image\/\"}}]}<\/script>\n<!-- \/ Yoast SEO plugin. -->","yoast_head_json":{"title":"R\u00e9gions du Japon - Japan Rail Pass Blog","description":"D\u00e9couvrez les huit r\u00e9gions du Japon gr\u00e2ce au Japan Rail Pass. D'Hokkaido \u00e0 Okinawa, apprenez ce que chaque \u00eele a \u00e0 offrir et comment vous y rendre.","robots":{"index":"index","follow":"follow","max-snippet":"max-snippet:-1","max-image-preview":"max-image-preview:large","max-video-preview":"max-video-preview:-1"},"canonical":"https:\/\/www.jrailpass.com\/blog\/fr\/wp-json\/wp\/v2\/pages\/4137","og_locale":"fr_FR","og_type":"article","og_title":"R\u00e9gions du Japon - Japan Rail Pass Blog","og_description":"D\u00e9couvrez les huit r\u00e9gions du Japon gr\u00e2ce au Japan Rail Pass. D'Hokkaido \u00e0 Okinawa, apprenez ce que chaque \u00eele a \u00e0 offrir et comment vous y rendre.","og_url":"https:\/\/www.jrailpass.com\/blog\/fr\/regions-du-japon","og_site_name":"Blog de voyage au Japon | JRailPass","article_modified_time":"2019-03-04T16:03:25+00:00","og_image":[{"url":"https:\/\/www.jrailpass.com\/blog\/wp-content\/uploads\/2017\/09\/hokkaido-e1504704338239.jpg"}],"twitter_card":"summary_large_image","schema":{"@context":"https:\/\/schema.org","@graph":[{"@type":"WebPage","@id":"https:\/\/www.jrailpass.com\/blog\/fr\/regions-du-japon","url":"https:\/\/www.jrailpass.com\/blog\/fr\/regions-du-japon","name":"R\u00e9gions du Japon - Japan Rail Pass Blog","isPartOf":{"@id":"https:\/\/www.jrailpass.com\/blog\/fr#website"},"datePublished":"2018-08-22T11:56:22+00:00","dateModified":"2019-03-04T16:03:25+00:00","description":"D\u00e9couvrez les huit r\u00e9gions du Japon gr\u00e2ce au Japan Rail Pass. D'Hokkaido \u00e0 Okinawa, apprenez ce que chaque \u00eele a \u00e0 offrir et comment vous y rendre.","breadcrumb":{"@id":"https:\/\/www.jrailpass.com\/blog\/fr\/regions-du-japon#breadcrumb"},"inLanguage":"fr","potentialAction":[{"@type":"ReadAction","target":["https:\/\/www.jrailpass.com\/blog\/fr\/regions-du-japon"]}]},{"@type":"BreadcrumbList","@id":"https:\/\/www.jrailpass.com\/blog\/fr\/regions-du-japon#breadcrumb","itemListElement":[{"@type":"ListItem","position":1,"name":"Japan Travel Blog","item":"https:\/\/www.jrailpass.com\/blog\/fr"},{"@type":"ListItem","position":2,"name":"R\u00e9gions du Japon"}]},{"@type":"WebSite","@id":"https:\/\/www.jrailpass.com\/blog\/fr#website","url":"https:\/\/www.jrailpass.com\/blog\/fr","name":"Blog de voyage au Japon | JRailPass","description":"D\u00e9couvrez le Japon en train avec le Japan Rail Pass","publisher":{"@id":"https:\/\/www.jrailpass.com\/blog\/fr#organization"},"potentialAction":[{"@type":"SearchAction","target":{"@type":"EntryPoint","urlTemplate":"https:\/\/www.jrailpass.com\/blog\/fr?s={search_term_string}"},"query-input":"required name=search_term_string"}],"inLanguage":"fr"},{"@type":"Organization","@id":"https:\/\/www.jrailpass.com\/blog\/fr#organization","name":"Japan Rail Pass S.L. - JRailPass.com","url":"https:\/\/www.jrailpass.com\/blog\/fr","logo":{"@type":"ImageObject","inLanguage":"fr","@id":"https:\/\/www.jrailpass.com\/blog\/fr#\/schema\/logo\/image\/","url":"https:\/\/www.jrailpass.com\/blog\/wp-content\/uploads\/2017\/10\/logo.png","contentUrl":"https:\/\/www.jrailpass.com\/blog\/wp-content\/uploads\/2017\/10\/logo.png","width":214,"height":60,"caption":"Japan Rail Pass S.L. - JRailPass.com"},"image":{"@id":"https:\/\/www.jrailpass.com\/blog\/fr#\/schema\/logo\/image\/"}}]}},"_links":{"self":[{"href":"https:\/\/www.jrailpass.com\/blog\/fr\/wp-json\/wp\/v2\/pages\/4137"}],"collection":[{"href":"https:\/\/www.jrailpass.com\/blog\/fr\/wp-json\/wp\/v2\/pages"}],"about":[{"href":"https:\/\/www.jrailpass.com\/blog\/fr\/wp-json\/wp\/v2\/types\/page"}],"author":[{"embeddable":true,"href":"https:\/\/www.jrailpass.com\/blog\/fr\/wp-json\/wp\/v2\/users\/2"}],"replies":[{"embeddable":true,"href":"https:\/\/www.jrailpass.com\/blog\/fr\/wp-json\/wp\/v2\/comments?post=4137"}],"version-history":[{"count":0,"href":"https:\/\/www.jrailpass.com\/blog\/fr\/wp-json\/wp\/v2\/pages\/4137\/revisions"}],"wp:attachment":[{"href":"https:\/\/www.jrailpass.com\/blog\/fr\/wp-json\/wp\/v2\/media?parent=4137"}],"curies":[{"name":"wp","href":"https:\/\/api.w.org\/{rel}","templated":true}]}}