{"id":4134,"date":"2018-08-22T13:56:16","date_gmt":"2018-08-22T11:56:16","guid":{"rendered":"https:\/\/www.jrailpass.com\/blog?page_id=4134"},"modified":"2023-06-14T13:15:58","modified_gmt":"2023-06-14T11:15:58","slug":"le-meilleur-du-japon","status":"publish","type":"page","link":"https:\/\/www.jrailpass.com\/blog\/fr\/le-meilleur-du-japon","title":{"rendered":"Le meilleur du Japon : destinations et exp\u00e9riences"},"content":{"rendered":"<p>Sur cette page, nous avons rassembl\u00e9 toutes les meilleurs itin\u00e9raires, circuits et endroits \u00e0 visiter dans chaque ville japonaise. Un <strong>v\u00e9ritable guide tout en un<\/strong>.<\/p>\n<p>Planifier un voyage au Japon peut sembler une t\u00e2che compliqu\u00e9e. Avec tant de destinations incroyables, il peut \u00eatre difficile de choisir o\u00f9 aller et que visiter, m\u00eame si ce n\u2019est pas votre premier voyage dans le pays. C\u2019est pourquoi <strong>nous avons rassembl\u00e9 le meilleur du Japon <\/strong>pour nous assurer que vous avez toutes les informations sur la culture japonaise pass\u00e9e, pr\u00e9sente et future.<!--more--><\/p>\n<p>Le Japon compte un \u00e9ventail de destinations \u00e0 ne pas manquer. Cette page vous aidera \u00e0 parcourir les possibilit\u00e9s et \u00e0 planifier votre voyage id\u00e9al. Lisez notre <strong>s\u00e9lection du meilleur de chaque r\u00e9gion<\/strong> : sites touristiques, gastronomie, saisons pour voyager au Japon et bien plus !<\/p>\n<div id=\"toc_container\" class=\"toc_white no_bullets\"><p class=\"toc_title\">Table of Contents<\/p><ul class=\"toc_list\"><li><a href=\"#Le_meilleur_par_saison\"><span class=\"toc_number toc_depth_1\">1<\/span> Le meilleur par saison<\/a><ul><li><a href=\"#Printemps\"><span class=\"toc_number toc_depth_2\">1.1<\/span> Printemps<\/a><\/li><li><a href=\"#Ete\"><span class=\"toc_number toc_depth_2\">1.2<\/span> \u00c9t\u00e9<\/a><\/li><li><a href=\"#Automne\"><span class=\"toc_number toc_depth_2\">1.3<\/span> Automne<\/a><\/li><li><a href=\"#Hiver\"><span class=\"toc_number toc_depth_2\">1.4<\/span> Hiver<\/a><\/li><\/ul><\/li><li><a href=\"#Meilleures_experiences\"><span class=\"toc_number toc_depth_1\">2<\/span> Meilleures exp\u00e9riences<\/a><\/li><li><a href=\"#Destinations_et_itineraires_populaires\"><span class=\"toc_number toc_depth_1\">3<\/span> Destinations et itin\u00e9raires populaires<\/a><\/li><\/ul><\/div>\n<h2><span id=\"Le_meilleur_par_saison\">Le meilleur par saison<\/span><\/h2>\n<p><img loading=\"lazy\"  decoding=\"async\" loading=\"lazy\" class=\"alignnone wp-image-1094\" src=\"https:\/\/www.jrailpass.com\/blog\/wp-content\/uploads\/2017\/03\/himeji-castle-cherry-blossom-e1509709877192.jpg\" alt=\"Ch\u00e2teau de Himeji pendant la saison des cerisiers en fleurs\" width=\"600\" height=\"381\" \/><\/p>\n<h3><span id=\"Printemps\">Printemps<\/span><\/h3>\n<ul style=\"list-style: none; margin-left: 0px;\">\n<li><a href=\"https:\/\/www.jrailpass.com\/blog\/fr\/quand-partir-au-japon\">Quand partir au Japon : les meilleures p\u00e9riodes pour voyager<\/a><\/li>\n<li><a href=\"https:\/\/www.jrailpass.com\/blog\/fr\/meilleurs-endroits-pour-admirer-cerisiers-en-fleurs-au-japon\">Meilleurs endroits pour voir les cerisiers en fleurs<\/a><\/li>\n<li><a href=\"https:\/\/www.jrailpass.com\/blog\/fr\/golden-week-dates-et-conseils-de-voyage\">Golden Week : dates et conseils de voyage<\/a><\/li>\n<\/ul>\n<h3><span id=\"Ete\">\u00c9t\u00e9<\/span><\/h3>\n<ul style=\"list-style: none; margin-left: 0px;\">\n<li><a href=\"https:\/\/www.jrailpass.com\/blog\/fr\/matsuri-festivals-ete-japon\">Meilleurs festivals d&#8217;\u00e9t\u00e9 (Matsuri) au Japon<\/a><\/li>\n<li><a href=\"https:\/\/www.jrailpass.com\/blog\/fr\/meilleures-plages-du-japon\">Meilleures plages au Japon<\/a><\/li>\n<\/ul>\n<h3><span id=\"Automne\">Automne<\/span><\/h3>\n<ul style=\"list-style: none; margin-left: 0px;\">\n<li><a href=\"https:\/\/www.jrailpass.com\/blog\/fr\/meilleurs-endroits-feuillages-automne-japon\">Meilleurs endroits pour voir le feuillage d\u2019automne<\/a><\/li>\n<li><a href=\"https:\/\/www.jrailpass.com\/blog\/fr\/train-romantique-sagano-railway\">Train panoramique Sagano Scenic Railway \u00e0 Kyoto<\/a><\/li>\n<\/ul>\n<h3><span id=\"Hiver\">Hiver<\/span><\/h3>\n<ul style=\"list-style: none; margin-left: 0px;\">\n<li><a href=\"https:\/\/www.jrailpass.com\/blog\/fr\/meilleures-stations-de-ski-snowboard-japon\">Meilleures stations de ski au Japon<\/a><\/li>\n<li><a href=\"https:\/\/www.jrailpass.com\/blog\/fr\/fleurs-de-prunier-au-japon\">Floraison des pruniers au Japon<\/a><\/li>\n<\/ul>\n<p style=\"text-align: center;\">\n                    <a class=\"fasc-button banner-button-shortcode fasc-size-large fasc-type-flat fasc-rounded-medium ico-fa fasc-ico-after fa-chevron-circle-right fasc-style-bold\" href=\"https:\/\/www.jrailpass.com\/fr\/le-japan-rail-pass\">\n                        Achetez votre Japan Rail Pass\n                    <\/a>\n                <\/p>\n<h2><span id=\"Meilleures_experiences\">Meilleures exp\u00e9riences<\/span><\/h2>\n<p><img loading=\"lazy\"  decoding=\"async\" loading=\"lazy\" class=\"alignnone wp-image-1417\" src=\"https:\/\/www.jrailpass.com\/blog\/wp-content\/uploads\/2017\/05\/nara-great-buddha-e1495196580829.jpg\" alt=\"Le Grand Bouddha au temple Todai-ji \u00e0 Nara\" width=\"600\" height=\"375\" \/><\/p>\n<ul style=\"list-style: none; margin-left: 0px;\">\n<li><a href=\"https:\/\/www.jrailpass.com\/blog\/fr\/jardins-magiques-japon\">Les plus beaux jardins au Japon<\/a><\/li>\n<li><a href=\"https:\/\/www.jrailpass.com\/blog\/fr\/chateaux-au-japon\">Les plus beaux ch\u00e2teaux au Japon<\/a><\/li>\n<li><a href=\"https:\/\/www.jrailpass.com\/blog\/fr\/temples-au-japon\">Les plus beaux temples au Japon<\/a><\/li>\n<li><a href=\"https:\/\/www.jrailpass.com\/blog\/fr\/voyages-panoramiques-train-japon\">Les meilleurs voyages panoramiques en train<\/a><\/li>\n<li><a href=\"https:\/\/www.jrailpass.com\/blog\/fr\/hotels-capsule-japonais\">Les meilleurs h\u00f4tels capsule \u00e0 Tokyo et Osaka<\/a><\/li>\n<li><a href=\"https:\/\/www.jrailpass.com\/blog\/fr\/meilleures-onsen-au-japon\">Les meilleurs onsens et villes thermales<\/a><\/li>\n<\/ul>\n<h2><span id=\"Destinations_et_itineraires_populaires\">Destinations et itin\u00e9raires populaires<\/span><\/h2>\n<p><img loading=\"lazy\"  decoding=\"async\" loading=\"lazy\" class=\"alignnone wp-image-1627\" src=\"https:\/\/www.jrailpass.com\/blog\/wp-content\/uploads\/2017\/07\/mt-fuji-japan-autumn-e1505220649953.jpg\" alt=\"Mont Fuji en automne\" width=\"600\" height=\"401\" srcset=\"https:\/\/www.jrailpass.com\/blog\/wp-content\/uploads\/2017\/07\/mt-fuji-japan-autumn-e1505220649953.jpg 800w, https:\/\/www.jrailpass.com\/blog\/wp-content\/uploads\/2017\/07\/mt-fuji-japan-autumn-e1505220649953-300x200.jpg 300w, https:\/\/www.jrailpass.com\/blog\/wp-content\/uploads\/2017\/07\/mt-fuji-japan-autumn-e1505220649953-768x513.jpg 768w\" sizes=\"(max-width: 600px) 100vw, 600px\" \/><\/p>\n<ul style=\"list-style: none; margin-left: 0px;\">\n<li><a href=\"https:\/\/www.jrailpass.com\/blog\/fr\/3-jours-a-tokyo\">3 jours \u00e0 Tokyo<\/a><\/li>\n<li><a href=\"https:\/\/www.jrailpass.com\/blog\/fr\/choses-a-faire-a-kyoto\">Guide de voyage \u00e0 Kyoto<\/a><\/li>\n<li><a href=\"https:\/\/www.jrailpass.com\/blog\/fr\/3-jours-osaka\">Guide de voyage \u00e0 Osaka<\/a><\/li>\n<li><a href=\"https:\/\/www.jrailpass.com\/blog\/fr\/excursions-depuis-kyoto-en-train\">Excursions depuis Kyoto<\/a><\/li>\n<li><a href=\"https:\/\/www.jrailpass.com\/blog\/fr\/excursions-train-depuis-tokyo\">Excursions depuis Tokyo<\/a><\/li>\n<li><a href=\"https:\/\/www.jrailpass.com\/blog\/fr\/mont-fuji-et-la-region-des-5-lacs\">Mont Fuji<\/a><\/li>\n<li><a href=\"https:\/\/www.jrailpass.com\/blog\/fr\/mont-koya-excursion\">Mont Koya<\/a><\/li>\n<li><a href=\"https:\/\/www.jrailpass.com\/blog\/fr\/tokyo-a-kyoto-et-osaka\">Voyager de Tokyo \u00e0 Kyoto et Osaka<\/a><\/li>\n<\/ul>\n<p>D\u00e9couvrez d\u2019autres <a href=\"https:\/\/www.jrailpass.com\/blog\/fr\/destinations-fr\">destinations<\/a> et <a href=\"https:\/\/www.jrailpass.com\/blog\/fr\/itineraires\">itin\u00e9raires<\/a> dans nos rubriques d\u00e9di\u00e9es.<\/p>\n","protected":false},"excerpt":{"rendered":"<p>Sur cette page, nous avons rassembl\u00e9 toutes les meilleurs itin\u00e9raires, circuits et endroits \u00e0 visiter dans chaque ville japonaise. Un v\u00e9ritable guide tout en un. Planifier un voyage au Japon peut sembler une t\u00e2che compliqu\u00e9e. Avec tant de destinations incroyables, il peut \u00eatre difficile de choisir o\u00f9 aller et que visiter, m\u00eame si ce n\u2019est pas votre premier voyage dans le pays. C\u2019est pourquoi nous avons rassembl\u00e9 le meilleur du Japon pour nous assurer que vous avez toutes les informations sur la culture japonaise pass\u00e9e, pr\u00e9sente et future.<\/p>\n","protected":false},"author":2,"featured_media":0,"parent":0,"menu_order":0,"comment_status":"closed","ping_status":"closed","template":"","meta":[],"acf":{"related_tours":{"tour_number":false},"bread_1":false,"bread_2":false,"bread_3":false,"bread_4":false,"bread_5":false,"bread_6":false,"bread_7":false,"bread_last":false,"custom_guide":"","shortcodes":false},"yoast_head":"<!-- This site is optimized with the Yoast SEO plugin v20.10 - https:\/\/yoast.com\/wordpress\/plugins\/seo\/ -->\n<title>Le meilleur du Japon : exp\u00e9riences essentielles - Japan Rail Pass<\/title>\n<meta name=\"description\" content=\"D\u00e9couvrez les meilleures choses \u00e0 faire et \u00e0 voir au Japon. Parcourez notre s\u00e9lection d&#039;attractions et exp\u00e9riences inoubliables par saison et par r\u00e9gion !\" \/>\n<meta name=\"robots\" content=\"index, follow, max-snippet:-1, max-image-preview:large, max-video-preview:-1\" \/>\n<link rel=\"canonical\" href=\"https:\/\/www.jrailpass.com\/blog\/fr\/wp-json\/wp\/v2\/pages\/4134\" \/>\n<meta property=\"og:locale\" content=\"fr_FR\" \/>\n<meta property=\"og:type\" content=\"article\" \/>\n<meta property=\"og:title\" content=\"Le meilleur du Japon : exp\u00e9riences essentielles - Japan Rail Pass\" \/>\n<meta property=\"og:description\" content=\"D\u00e9couvrez les meilleures choses \u00e0 faire et \u00e0 voir au Japon. Parcourez notre s\u00e9lection d&#039;attractions et exp\u00e9riences inoubliables par saison et par r\u00e9gion !\" \/>\n<meta property=\"og:url\" content=\"https:\/\/www.jrailpass.com\/blog\/fr\/le-meilleur-du-japon\" \/>\n<meta property=\"og:site_name\" content=\"Blog de voyage au Japon | JRailPass\" \/>\n<meta property=\"article:modified_time\" content=\"2023-06-14T11:15:58+00:00\" \/>\n<meta property=\"og:image\" content=\"https:\/\/www.jrailpass.com\/blog\/wp-content\/uploads\/2017\/03\/himeji-castle-cherry-blossom-e1509709877192.jpg\" \/>\n<meta name=\"twitter:card\" content=\"summary_large_image\" \/>\n<script type=\"application\/ld+json\" class=\"yoast-schema-graph\">{\"@context\":\"https:\/\/schema.org\",\"@graph\":[{\"@type\":\"WebPage\",\"@id\":\"https:\/\/www.jrailpass.com\/blog\/fr\/le-meilleur-du-japon\",\"url\":\"https:\/\/www.jrailpass.com\/blog\/fr\/le-meilleur-du-japon\",\"name\":\"Le meilleur du Japon : exp\u00e9riences essentielles - Japan Rail Pass\",\"isPartOf\":{\"@id\":\"https:\/\/www.jrailpass.com\/blog\/fr#website\"},\"datePublished\":\"2018-08-22T11:56:16+00:00\",\"dateModified\":\"2023-06-14T11:15:58+00:00\",\"description\":\"D\u00e9couvrez les meilleures choses \u00e0 faire et \u00e0 voir au Japon. Parcourez notre s\u00e9lection d'attractions et exp\u00e9riences inoubliables par saison et par r\u00e9gion !\",\"breadcrumb\":{\"@id\":\"https:\/\/www.jrailpass.com\/blog\/fr\/le-meilleur-du-japon#breadcrumb\"},\"inLanguage\":\"fr\",\"potentialAction\":[{\"@type\":\"ReadAction\",\"target\":[\"https:\/\/www.jrailpass.com\/blog\/fr\/le-meilleur-du-japon\"]}]},{\"@type\":\"BreadcrumbList\",\"@id\":\"https:\/\/www.jrailpass.com\/blog\/fr\/le-meilleur-du-japon#breadcrumb\",\"itemListElement\":[{\"@type\":\"ListItem\",\"position\":1,\"name\":\"Japan Travel Blog\",\"item\":\"https:\/\/www.jrailpass.com\/blog\/fr\"},{\"@type\":\"ListItem\",\"position\":2,\"name\":\"Le meilleur du Japon : destinations et exp\u00e9riences\"}]},{\"@type\":\"WebSite\",\"@id\":\"https:\/\/www.jrailpass.com\/blog\/fr#website\",\"url\":\"https:\/\/www.jrailpass.com\/blog\/fr\",\"name\":\"Blog de voyage au Japon | JRailPass\",\"description\":\"D\u00e9couvrez le Japon en train avec le Japan Rail Pass\",\"publisher\":{\"@id\":\"https:\/\/www.jrailpass.com\/blog\/fr#organization\"},\"potentialAction\":[{\"@type\":\"SearchAction\",\"target\":{\"@type\":\"EntryPoint\",\"urlTemplate\":\"https:\/\/www.jrailpass.com\/blog\/fr?s={search_term_string}\"},\"query-input\":\"required name=search_term_string\"}],\"inLanguage\":\"fr\"},{\"@type\":\"Organization\",\"@id\":\"https:\/\/www.jrailpass.com\/blog\/fr#organization\",\"name\":\"Japan Rail Pass S.L. - JRailPass.com\",\"url\":\"https:\/\/www.jrailpass.com\/blog\/fr\",\"logo\":{\"@type\":\"ImageObject\",\"inLanguage\":\"fr\",\"@id\":\"https:\/\/www.jrailpass.com\/blog\/fr#\/schema\/logo\/image\/\",\"url\":\"https:\/\/www.jrailpass.com\/blog\/wp-content\/uploads\/2017\/10\/logo.png\",\"contentUrl\":\"https:\/\/www.jrailpass.com\/blog\/wp-content\/uploads\/2017\/10\/logo.png\",\"width\":214,\"height\":60,\"caption\":\"Japan Rail Pass S.L. - JRailPass.com\"},\"image\":{\"@id\":\"https:\/\/www.jrailpass.com\/blog\/fr#\/schema\/logo\/image\/\"}}]}<\/script>\n<!-- \/ Yoast SEO plugin. -->","yoast_head_json":{"title":"Le meilleur du Japon : exp\u00e9riences essentielles - Japan Rail Pass","description":"D\u00e9couvrez les meilleures choses \u00e0 faire et \u00e0 voir au Japon. Parcourez notre s\u00e9lection d'attractions et exp\u00e9riences inoubliables par saison et par r\u00e9gion !","robots":{"index":"index","follow":"follow","max-snippet":"max-snippet:-1","max-image-preview":"max-image-preview:large","max-video-preview":"max-video-preview:-1"},"canonical":"https:\/\/www.jrailpass.com\/blog\/fr\/wp-json\/wp\/v2\/pages\/4134","og_locale":"fr_FR","og_type":"article","og_title":"Le meilleur du Japon : exp\u00e9riences essentielles - Japan Rail Pass","og_description":"D\u00e9couvrez les meilleures choses \u00e0 faire et \u00e0 voir au Japon. Parcourez notre s\u00e9lection d'attractions et exp\u00e9riences inoubliables par saison et par r\u00e9gion !","og_url":"https:\/\/www.jrailpass.com\/blog\/fr\/le-meilleur-du-japon","og_site_name":"Blog de voyage au Japon | JRailPass","article_modified_time":"2023-06-14T11:15:58+00:00","og_image":[{"url":"https:\/\/www.jrailpass.com\/blog\/wp-content\/uploads\/2017\/03\/himeji-castle-cherry-blossom-e1509709877192.jpg"}],"twitter_card":"summary_large_image","schema":{"@context":"https:\/\/schema.org","@graph":[{"@type":"WebPage","@id":"https:\/\/www.jrailpass.com\/blog\/fr\/le-meilleur-du-japon","url":"https:\/\/www.jrailpass.com\/blog\/fr\/le-meilleur-du-japon","name":"Le meilleur du Japon : exp\u00e9riences essentielles - Japan Rail Pass","isPartOf":{"@id":"https:\/\/www.jrailpass.com\/blog\/fr#website"},"datePublished":"2018-08-22T11:56:16+00:00","dateModified":"2023-06-14T11:15:58+00:00","description":"D\u00e9couvrez les meilleures choses \u00e0 faire et \u00e0 voir au Japon. Parcourez notre s\u00e9lection d'attractions et exp\u00e9riences inoubliables par saison et par r\u00e9gion !","breadcrumb":{"@id":"https:\/\/www.jrailpass.com\/blog\/fr\/le-meilleur-du-japon#breadcrumb"},"inLanguage":"fr","potentialAction":[{"@type":"ReadAction","target":["https:\/\/www.jrailpass.com\/blog\/fr\/le-meilleur-du-japon"]}]},{"@type":"BreadcrumbList","@id":"https:\/\/www.jrailpass.com\/blog\/fr\/le-meilleur-du-japon#breadcrumb","itemListElement":[{"@type":"ListItem","position":1,"name":"Japan Travel Blog","item":"https:\/\/www.jrailpass.com\/blog\/fr"},{"@type":"ListItem","position":2,"name":"Le meilleur du Japon : destinations et exp\u00e9riences"}]},{"@type":"WebSite","@id":"https:\/\/www.jrailpass.com\/blog\/fr#website","url":"https:\/\/www.jrailpass.com\/blog\/fr","name":"Blog de voyage au Japon | JRailPass","description":"D\u00e9couvrez le Japon en train avec le Japan Rail Pass","publisher":{"@id":"https:\/\/www.jrailpass.com\/blog\/fr#organization"},"potentialAction":[{"@type":"SearchAction","target":{"@type":"EntryPoint","urlTemplate":"https:\/\/www.jrailpass.com\/blog\/fr?s={search_term_string}"},"query-input":"required name=search_term_string"}],"inLanguage":"fr"},{"@type":"Organization","@id":"https:\/\/www.jrailpass.com\/blog\/fr#organization","name":"Japan Rail Pass S.L. - JRailPass.com","url":"https:\/\/www.jrailpass.com\/blog\/fr","logo":{"@type":"ImageObject","inLanguage":"fr","@id":"https:\/\/www.jrailpass.com\/blog\/fr#\/schema\/logo\/image\/","url":"https:\/\/www.jrailpass.com\/blog\/wp-content\/uploads\/2017\/10\/logo.png","contentUrl":"https:\/\/www.jrailpass.com\/blog\/wp-content\/uploads\/2017\/10\/logo.png","width":214,"height":60,"caption":"Japan Rail Pass S.L. - JRailPass.com"},"image":{"@id":"https:\/\/www.jrailpass.com\/blog\/fr#\/schema\/logo\/image\/"}}]}},"_links":{"self":[{"href":"https:\/\/www.jrailpass.com\/blog\/fr\/wp-json\/wp\/v2\/pages\/4134"}],"collection":[{"href":"https:\/\/www.jrailpass.com\/blog\/fr\/wp-json\/wp\/v2\/pages"}],"about":[{"href":"https:\/\/www.jrailpass.com\/blog\/fr\/wp-json\/wp\/v2\/types\/page"}],"author":[{"embeddable":true,"href":"https:\/\/www.jrailpass.com\/blog\/fr\/wp-json\/wp\/v2\/users\/2"}],"replies":[{"embeddable":true,"href":"https:\/\/www.jrailpass.com\/blog\/fr\/wp-json\/wp\/v2\/comments?post=4134"}],"version-history":[{"count":0,"href":"https:\/\/www.jrailpass.com\/blog\/fr\/wp-json\/wp\/v2\/pages\/4134\/revisions"}],"wp:attachment":[{"href":"https:\/\/www.jrailpass.com\/blog\/fr\/wp-json\/wp\/v2\/media?parent=4134"}],"curies":[{"name":"wp","href":"https:\/\/api.w.org\/{rel}","templated":true}]}}