{"id":4129,"date":"2018-08-22T13:55:39","date_gmt":"2018-08-22T11:55:39","guid":{"rendered":"https:\/\/www.jrailpass.com\/blog?page_id=4129"},"modified":"2018-09-03T12:14:12","modified_gmt":"2018-09-03T10:14:12","slug":"circuits-et-itineraires","status":"publish","type":"page","link":"https:\/\/www.jrailpass.com\/blog\/fr\/circuits-et-itineraires","title":{"rendered":"Circuits et itin\u00e9raires au Japon"},"content":{"rendered":"<p>Le Japon est un pays unique et enchanteur. C\u2019est une <strong>terre de contrastes<\/strong> entre ses traditions bien ancr\u00e9es et ses villes futuristes. De la randonn\u00e9e en montagne \u00e0 la mode folle des quartiers branch\u00e9s de Tokyo, de caresser les biches sauvages en libert\u00e9 \u00e0 Nara aux paisibles temples bouddhistes, le Japon a quelque chose pour tous !<\/p>\n<p>Planifier un s\u00e9jour au Japon n\u2019est pas t\u00e2che facile. Nous vous offrons une connaissance approfondie qui vous aidera \u00e0 prendre les d\u00e9cisions difficiles de <strong>savoir o\u00f9 aller et que faire<\/strong>. Conseils sur comment se d\u00e9placer, les meilleurs h\u00e9bergement et endroits \u00e0 visiter\u2026 Parcourez nos id\u00e9es d\u2019itin\u00e9raires et commencez \u00e0 planifier votre circuit id\u00e9al, fait sur mesure en fonction de vos int\u00e9r\u00eats.<\/p>\n<p>Que vous voyagiez pendant <strong>1, 2, 3 semaines ou plus<\/strong>, gr\u00e2ce \u00e0 cette section vous pourrez personnaliser votre s\u00e9jour en suivant ou combinant les itin\u00e9raires sugg\u00e9r\u00e9s.<\/p>\n<div id=\"toc_container\" class=\"toc_white no_bullets\"><p class=\"toc_title\">Table of Contents<\/p><ul class=\"toc_list\"><li><a href=\"#Circuits_et_itineraires_dans_tout_le_pays\"><span class=\"toc_number toc_depth_1\">1<\/span> Circuits et itin\u00e9raires dans tout le pays<\/a><\/li><li><a href=\"#Itineraires_Tokyo\"><span class=\"toc_number toc_depth_1\">2<\/span> Itin\u00e9raires Tokyo<\/a><\/li><li><a href=\"#Itineraires_Kansai\"><span class=\"toc_number toc_depth_1\">3<\/span> Itin\u00e9raires Kansai<\/a><\/li><\/ul><\/div>\n<h2><span id=\"Circuits_et_itineraires_dans_tout_le_pays\">Circuits et itin\u00e9raires dans tout le pays<\/span><\/h2>\n<div class=\"card col-xs-1 col-sm-2\" style=\"width: 16rem;\">\n<div class=\"card-block\"><a href=\"https:\/\/www.jrailpass.com\/blog\/7-days-japan-itinerary\"><br \/>\n<img loading=\"lazy\"  decoding=\"async\" loading=\"lazy\" class=\"card-img-top\" src=\"https:\/\/www.jrailpass.com\/blog\/wp-content\/uploads\/2017\/09\/tokyo-shibuya-300x200.jpg\" alt=\"Shibuya crossing in Tokyo\" width=\"300\" height=\"200\" \/><\/a><\/p>\n<p class=\"card-title\"><strong>Le Japon en 7 jours<\/strong><\/p>\n<p>Visitez les points forts de Tokyo, l&#8217;historique Kamakura, le magnifique Kyoto et le grand Bouddha de Nara en une semaine seulement.<\/p>\n<\/div>\n<\/div>\n<div class=\"card col-xs-1 col-sm-2\" style=\"width: 16rem;\">\n<div class=\"card-block\"><a href=\"https:\/\/www.jrailpass.com\/blog\/fr\/itineraire-10-jours-au-japon\"><br \/>\n<img loading=\"lazy\"  decoding=\"async\" loading=\"lazy\" class=\"card-img-top\" src=\"https:\/\/www.jrailpass.com\/blog\/wp-content\/uploads\/2017\/09\/chubu-chureito-pagoda.jpeg\" alt=\"Dotonbori neon lights in Osaka\" width=\"300\" height=\"200\" \/><\/a><\/p>\n<p class=\"card-title\"><strong>Le Japon en 10 jours<\/strong><\/p>\n<p>Voyagez vers les merveilles de Tokyo, Takayama, les Alpes japonaises, Kyoto, Nara et Osaka avec l&#8217;un de nos itin\u00e9raires les plus populaires.<\/p>\n<\/div>\n<\/div>\n<div class=\"clearfix\"><\/div>\n<div class=\"card col-xs-1 col-sm-2\" style=\"width: 16rem;\">\n<div class=\"card-block\"><a href=\"https:\/\/www.jrailpass.com\/blog\/14-days-japan-itinerary\"><br \/>\n<img loading=\"lazy\"  decoding=\"async\" loading=\"lazy\" class=\"card-img-top\" src=\"https:\/\/www.jrailpass.com\/blog\/wp-content\/uploads\/2016\/05\/fushimi-inari-kyoto-300x200.jpg\" alt=\"Fushimi Inari torii gates\" width=\"300\" height=\"200\" \/><\/a><\/p>\n<p class=\"card-title\"><strong>Le Japon en 14 jours<\/strong><\/p>\n<p>Notre itin\u00e9raire de deux semaines vous conduira \u00e0 Kyoto, Osaka, Nara, Hiroshima, Miyajima, Fukuoka et, bien s\u00fbr, le meilleur de Tokyo.<\/p>\n<\/div>\n<\/div>\n<div class=\"card col-xs-1 col-sm-2\" style=\"width: 16rem;\">\n<div class=\"card-block\"><a href=\"https:\/\/www.jrailpass.com\/blog\/japan-travel-itinerary-21-days\"><br \/>\n<img loading=\"lazy\"  decoding=\"async\" loading=\"lazy\" class=\"card-img-top\" src=\"https:\/\/www.jrailpass.com\/blog\/wp-content\/uploads\/2016\/05\/miyajima-great-torii-e1469187639379-300x200.jpg\" alt=\"The great red floating torii in Miyajima\" width=\"300\" height=\"200\" \/><\/a><\/p>\n<p class=\"card-title\"><strong>Le Japon en 21 jours<\/strong><\/p>\n<p>D\u00e9couvrez le Japon en profondeur et rendez-vous \u00e0 Tokyo, Takayama, Kyoto, Osaka, Nara, Okayama, Hiroshima, ainsi que d&#8217;autres suggestions pour votre voyage sur mesure.<\/p>\n<\/div>\n<\/div>\n<div class=\"clearfix\"><\/div>\n<p style=\"text-align: center;\">\n                    <a class=\"fasc-button banner-button-shortcode fasc-size-large fasc-type-flat fasc-rounded-medium ico-fa fasc-ico-after fa-chevron-circle-right fasc-style-bold\" href=\"https:\/\/www.jrailpass.com\/fr\/le-japan-rail-pass\">\n                        Achetez votre Japan Rail Pass\n                    <\/a>\n                <\/p>\n<h2><span id=\"Itineraires_Tokyo\">Itin\u00e9raires Tokyo<\/span><\/h2>\n<div class=\"card col-xs-1 col-sm-2\" style=\"width: 16rem;\">\n<div class=\"card-block\"><a href=\"https:\/\/www.jrailpass.com\/blog\/3-days-tokyo-itinerary\"><br \/>\n<img loading=\"lazy\"  decoding=\"async\" loading=\"lazy\" class=\"card-img-top\" src=\"https:\/\/www.jrailpass.com\/blog\/wp-content\/uploads\/2016\/05\/tokyo-tower-skyline-300x200.jpg\" alt=\"Tokyo Tower\" width=\"300\" height=\"200\" \/><\/a><\/p>\n<p class=\"card-title\"><strong>3 days in Tokyo<\/strong><\/p>\n<\/div>\n<\/div>\n<div class=\"card col-xs-1 col-sm-2\" style=\"width: 16rem;\">\n<div class=\"card-block\"><a href=\"https:\/\/www.jrailpass.com\/blog\/5-days-in-tokyo-itinerary\"><br \/>\n<img loading=\"lazy\"  decoding=\"async\" loading=\"lazy\" class=\"card-img-top\" src=\"https:\/\/www.jrailpass.com\/blog\/wp-content\/uploads\/2017\/09\/tokyo-shibuya.jpg\" alt=\"Shibuya (Tokyo)\" width=\"300\" height=\"200\" \/><\/a><\/p>\n<p class=\"card-title\"><strong>5 days in Tokyo<\/strong><\/p>\n<\/div>\n<\/div>\n<div class=\"clearfix\"><\/div>\n<div class=\"card col-xs-1 col-sm-2\" style=\"width: 16rem;\">\n<div class=\"card-block\"><a href=\"https:\/\/www.jrailpass.com\/blog\/cherry-blossoms-tokyo\"><br \/>\n<img loading=\"lazy\"  decoding=\"async\" loading=\"lazy\" class=\"card-img-top\" src=\"https:\/\/www.jrailpass.com\/blog\/wp-content\/uploads\/2018\/04\/tokyo-meguro-e1525091466205.jpg\" alt=\"Cherry Blossoms in Tokyo\" width=\"300\" height=\"200\" \/><\/a><\/p>\n<p class=\"card-title\"><strong>Cherry blossoms in Tokyo<\/strong><\/p>\n<\/div>\n<\/div>\n<div class=\"card col-xs-1 col-sm-2\" style=\"width: 16rem;\">\n<div class=\"card-block\"><a href=\"https:\/\/www.jrailpass.com\/blog\/day-trips-tokyo\"><br \/>\n<img loading=\"lazy\"  decoding=\"async\" loading=\"lazy\" class=\"card-img-top\" src=\"https:\/\/www.jrailpass.com\/blog\/wp-content\/uploads\/2016\/05\/giant-buddha-kamakura-e1505219109213-300x200.jpg\" alt=\"Great Buddha in Kamakura\" width=\"300\" height=\"200\" \/><\/a><\/p>\n<p class=\"card-title\"><strong>Day trips from Tokyo<\/strong><\/p>\n<p>&nbsp;<\/p>\n<\/div>\n<\/div>\n<div class=\"clearfix\"><\/div>\n<div class=\"card col-xs-1 col-sm-2\" style=\"width: 16rem;\">\n<div class=\"card-block\"><a href=\"https:\/\/www.jrailpass.com\/blog\/nikko-itinerary\"><br \/>\n<img loading=\"lazy\"  decoding=\"async\" loading=\"lazy\" class=\"card-img-top\" src=\"https:\/\/www.jrailpass.com\/blog\/wp-content\/uploads\/2017\/01\/nikko-buddha-stone-300x200.jpg\" alt=\"Buddha statue in Nikko\" width=\"300\" height=\"200\" \/><\/a><\/p>\n<p class=\"card-title\"><strong>Tokyo to Nikko<\/strong><\/p>\n<p>&nbsp;<\/p>\n<\/div>\n<\/div>\n<div class=\"card col-xs-1 col-sm-2\" style=\"width: 16rem;\">\n<div class=\"card-block\"><a href=\"https:\/\/www.jrailpass.com\/blog\/mount-fuji\"><br \/>\n<img loading=\"lazy\"  decoding=\"async\" loading=\"lazy\" class=\"card-img-top\" src=\"https:\/\/www.jrailpass.com\/blog\/wp-content\/uploads\/2017\/07\/mt-fuji-japan-autumn-e1505220649953-300x200.jpg\" alt=\"Mount Fuji\" width=\"300\" height=\"200\" \/><\/a><\/p>\n<p class=\"card-title\"><strong>Tokyo to Mount Fuji<\/strong><\/p>\n<p>&nbsp;<\/p>\n<\/div>\n<\/div>\n<div class=\"clearfix\"><\/div>\n<h2><span id=\"Itineraires_Kansai\">Itin\u00e9raires Kansai<\/span><\/h2>\n<div class=\"card col-xs-1 col-sm-2\" style=\"width: 16rem;\">\n<div class=\"card-block\"><a href=\"https:\/\/www.jrailpass.com\/blog\/things-to-do-in-kyoto\"><br \/>\n<img loading=\"lazy\"  decoding=\"async\" loading=\"lazy\" class=\"card-img-top\" src=\"https:\/\/www.jrailpass.com\/blog\/wp-content\/uploads\/2017\/09\/kyoto-golden-pavilion-300x200.jpg\" alt=\"Golden Pavilion in Kyoto\" width=\"300\" height=\"200\" \/><\/a><\/p>\n<p class=\"card-title\"><strong>Things to do in Kyoto<\/strong><\/p>\n<p>&nbsp;<\/p>\n<\/div>\n<\/div>\n<div class=\"card col-xs-1 col-sm-2\" style=\"width: 16rem;\">\n<div class=\"card-block\"><a href=\"https:\/\/www.jrailpass.com\/blog\/day-trips-kyoto\"><br \/>\n<img loading=\"lazy\"  decoding=\"async\" loading=\"lazy\" class=\"card-img-top\" src=\"https:\/\/www.jrailpass.com\/blog\/wp-content\/uploads\/2016\/09\/Himeji-castle-Ben-Kubota-Flickr-300x201.jpg\" alt=\"Himeji Castle\" width=\"300\" height=\"200\" \/><\/a><\/p>\n<p class=\"card-title\"><strong>Day trips from Kyoto<\/strong><\/p>\n<p>&nbsp;<\/p>\n<\/div>\n<\/div>\n<div class=\"card col-xs-1 col-sm-2\" style=\"width: 16rem;\">\n<div class=\"card-block\"><a href=\"https:\/\/www.jrailpass.com\/blog\/things-to-do-in-osaka\"><br \/>\n<img loading=\"lazy\"  decoding=\"async\" loading=\"lazy\" class=\"card-img-top\" src=\"https:\/\/www.jrailpass.com\/blog\/wp-content\/uploads\/2016\/05\/dotonbori-glico-man-osaka-300x200.jpg\" alt=\"Himeji Castle\" width=\"300\" height=\"200\" \/><\/a><\/p>\n<p class=\"card-title\"><strong>Things to do in Osaka<\/strong><\/p>\n<p>&nbsp;<\/p>\n<\/div>\n<\/div>\n<div class=\"clearfix\"><\/div>\n","protected":false},"excerpt":{"rendered":"<p>Le Japon est un pays unique et enchanteur. C\u2019est une terre de contrastes entre ses traditions bien ancr\u00e9es et ses villes futuristes. De la randonn\u00e9e en montagne \u00e0 la mode folle des quartiers branch\u00e9s de Tokyo, de caresser les biches sauvages en libert\u00e9 \u00e0 Nara aux paisibles temples bouddhistes, le Japon a quelque chose pour tous ! Planifier un s\u00e9jour au Japon n\u2019est pas t\u00e2che facile. Nous vous offrons une connaissance approfondie qui vous aidera \u00e0 prendre les d\u00e9cisions difficiles de savoir o\u00f9 aller et que faire. Conseils sur comment se d\u00e9placer, les meilleurs h\u00e9bergement et endroits \u00e0 visiter\u2026 Parcourez &hellip; <a href=\"https:\/\/www.jrailpass.com\/blog\/fr\/circuits-et-itineraires\" class=\"more-link\">Lire la suite<span class=\"screen-reader-text\"> &#8220;Circuits et itin\u00e9raires au Japon&#8221;<\/span><\/a><\/p>\n","protected":false},"author":2,"featured_media":0,"parent":0,"menu_order":0,"comment_status":"closed","ping_status":"closed","template":"","meta":[],"acf":{"bread_1":null,"bread_2":null,"bread_3":null,"bread_4":null,"bread_5":null,"bread_6":null,"bread_7":null,"bread_last":null,"custom_guide":null,"shortcodes":null},"yoast_head":"<!-- This site is optimized with the Yoast SEO plugin v20.10 - https:\/\/yoast.com\/wordpress\/plugins\/seo\/ -->\n<title>Les meilleurs itin\u00e9raires et itin\u00e9raires au Japon - Japan Rail Pass<\/title>\n<meta name=\"description\" content=\"Planifiez \u00e0 l&#039;avance gr\u00e2ce \u00e0 nos circuits et itin\u00e9raires pour d\u00e9couvrir le meilleur du Japon, comment vous y rendre et vous d\u00e9placer gr\u00e2ce au Japan Rail Pass.\" \/>\n<meta name=\"robots\" content=\"index, follow, max-snippet:-1, max-image-preview:large, max-video-preview:-1\" \/>\n<link rel=\"canonical\" href=\"https:\/\/www.jrailpass.com\/blog\/fr\/wp-json\/wp\/v2\/pages\/4129\" \/>\n<meta property=\"og:locale\" content=\"fr_FR\" \/>\n<meta property=\"og:type\" content=\"article\" \/>\n<meta property=\"og:title\" content=\"Les meilleurs itin\u00e9raires et itin\u00e9raires au Japon - Japan Rail Pass\" \/>\n<meta property=\"og:description\" content=\"Planifiez \u00e0 l&#039;avance gr\u00e2ce \u00e0 nos circuits et itin\u00e9raires pour d\u00e9couvrir le meilleur du Japon, comment vous y rendre et vous d\u00e9placer gr\u00e2ce au Japan Rail Pass.\" \/>\n<meta property=\"og:url\" content=\"https:\/\/www.jrailpass.com\/blog\/fr\/circuits-et-itineraires\" \/>\n<meta property=\"og:site_name\" content=\"Blog de voyage au Japon | JRailPass\" \/>\n<meta property=\"article:modified_time\" content=\"2018-09-03T10:14:12+00:00\" \/>\n<meta property=\"og:image\" content=\"https:\/\/www.jrailpass.com\/blog\/wp-content\/uploads\/2017\/09\/tokyo-shibuya-300x200.jpg\" \/>\n<meta name=\"twitter:card\" content=\"summary_large_image\" \/>\n<script type=\"application\/ld+json\" class=\"yoast-schema-graph\">{\"@context\":\"https:\/\/schema.org\",\"@graph\":[{\"@type\":\"WebPage\",\"@id\":\"https:\/\/www.jrailpass.com\/blog\/fr\/circuits-et-itineraires\",\"url\":\"https:\/\/www.jrailpass.com\/blog\/fr\/circuits-et-itineraires\",\"name\":\"Les meilleurs itin\u00e9raires et itin\u00e9raires au Japon - Japan Rail Pass\",\"isPartOf\":{\"@id\":\"https:\/\/www.jrailpass.com\/blog\/fr#website\"},\"datePublished\":\"2018-08-22T11:55:39+00:00\",\"dateModified\":\"2018-09-03T10:14:12+00:00\",\"description\":\"Planifiez \u00e0 l'avance gr\u00e2ce \u00e0 nos circuits et itin\u00e9raires pour d\u00e9couvrir le meilleur du Japon, comment vous y rendre et vous d\u00e9placer gr\u00e2ce au Japan Rail Pass.\",\"breadcrumb\":{\"@id\":\"https:\/\/www.jrailpass.com\/blog\/fr\/circuits-et-itineraires#breadcrumb\"},\"inLanguage\":\"fr\",\"potentialAction\":[{\"@type\":\"ReadAction\",\"target\":[\"https:\/\/www.jrailpass.com\/blog\/fr\/circuits-et-itineraires\"]}]},{\"@type\":\"BreadcrumbList\",\"@id\":\"https:\/\/www.jrailpass.com\/blog\/fr\/circuits-et-itineraires#breadcrumb\",\"itemListElement\":[{\"@type\":\"ListItem\",\"position\":1,\"name\":\"Japan Travel Blog\",\"item\":\"https:\/\/www.jrailpass.com\/blog\/fr\"},{\"@type\":\"ListItem\",\"position\":2,\"name\":\"Circuits et itin\u00e9raires au Japon\"}]},{\"@type\":\"WebSite\",\"@id\":\"https:\/\/www.jrailpass.com\/blog\/fr#website\",\"url\":\"https:\/\/www.jrailpass.com\/blog\/fr\",\"name\":\"Blog de voyage au Japon | JRailPass\",\"description\":\"D\u00e9couvrez le Japon en train avec le Japan Rail Pass\",\"publisher\":{\"@id\":\"https:\/\/www.jrailpass.com\/blog\/fr#organization\"},\"potentialAction\":[{\"@type\":\"SearchAction\",\"target\":{\"@type\":\"EntryPoint\",\"urlTemplate\":\"https:\/\/www.jrailpass.com\/blog\/fr?s={search_term_string}\"},\"query-input\":\"required name=search_term_string\"}],\"inLanguage\":\"fr\"},{\"@type\":\"Organization\",\"@id\":\"https:\/\/www.jrailpass.com\/blog\/fr#organization\",\"name\":\"Japan Rail Pass S.L. - JRailPass.com\",\"url\":\"https:\/\/www.jrailpass.com\/blog\/fr\",\"logo\":{\"@type\":\"ImageObject\",\"inLanguage\":\"fr\",\"@id\":\"https:\/\/www.jrailpass.com\/blog\/fr#\/schema\/logo\/image\/\",\"url\":\"https:\/\/www.jrailpass.com\/blog\/wp-content\/uploads\/2017\/10\/logo.png\",\"contentUrl\":\"https:\/\/www.jrailpass.com\/blog\/wp-content\/uploads\/2017\/10\/logo.png\",\"width\":214,\"height\":60,\"caption\":\"Japan Rail Pass S.L. - JRailPass.com\"},\"image\":{\"@id\":\"https:\/\/www.jrailpass.com\/blog\/fr#\/schema\/logo\/image\/\"}}]}<\/script>\n<!-- \/ Yoast SEO plugin. -->","yoast_head_json":{"title":"Les meilleurs itin\u00e9raires et itin\u00e9raires au Japon - Japan Rail Pass","description":"Planifiez \u00e0 l'avance gr\u00e2ce \u00e0 nos circuits et itin\u00e9raires pour d\u00e9couvrir le meilleur du Japon, comment vous y rendre et vous d\u00e9placer gr\u00e2ce au Japan Rail Pass.","robots":{"index":"index","follow":"follow","max-snippet":"max-snippet:-1","max-image-preview":"max-image-preview:large","max-video-preview":"max-video-preview:-1"},"canonical":"https:\/\/www.jrailpass.com\/blog\/fr\/wp-json\/wp\/v2\/pages\/4129","og_locale":"fr_FR","og_type":"article","og_title":"Les meilleurs itin\u00e9raires et itin\u00e9raires au Japon - Japan Rail Pass","og_description":"Planifiez \u00e0 l'avance gr\u00e2ce \u00e0 nos circuits et itin\u00e9raires pour d\u00e9couvrir le meilleur du Japon, comment vous y rendre et vous d\u00e9placer gr\u00e2ce au Japan Rail Pass.","og_url":"https:\/\/www.jrailpass.com\/blog\/fr\/circuits-et-itineraires","og_site_name":"Blog de voyage au Japon | JRailPass","article_modified_time":"2018-09-03T10:14:12+00:00","og_image":[{"url":"https:\/\/www.jrailpass.com\/blog\/wp-content\/uploads\/2017\/09\/tokyo-shibuya-300x200.jpg"}],"twitter_card":"summary_large_image","schema":{"@context":"https:\/\/schema.org","@graph":[{"@type":"WebPage","@id":"https:\/\/www.jrailpass.com\/blog\/fr\/circuits-et-itineraires","url":"https:\/\/www.jrailpass.com\/blog\/fr\/circuits-et-itineraires","name":"Les meilleurs itin\u00e9raires et itin\u00e9raires au Japon - Japan Rail Pass","isPartOf":{"@id":"https:\/\/www.jrailpass.com\/blog\/fr#website"},"datePublished":"2018-08-22T11:55:39+00:00","dateModified":"2018-09-03T10:14:12+00:00","description":"Planifiez \u00e0 l'avance gr\u00e2ce \u00e0 nos circuits et itin\u00e9raires pour d\u00e9couvrir le meilleur du Japon, comment vous y rendre et vous d\u00e9placer gr\u00e2ce au Japan Rail Pass.","breadcrumb":{"@id":"https:\/\/www.jrailpass.com\/blog\/fr\/circuits-et-itineraires#breadcrumb"},"inLanguage":"fr","potentialAction":[{"@type":"ReadAction","target":["https:\/\/www.jrailpass.com\/blog\/fr\/circuits-et-itineraires"]}]},{"@type":"BreadcrumbList","@id":"https:\/\/www.jrailpass.com\/blog\/fr\/circuits-et-itineraires#breadcrumb","itemListElement":[{"@type":"ListItem","position":1,"name":"Japan Travel Blog","item":"https:\/\/www.jrailpass.com\/blog\/fr"},{"@type":"ListItem","position":2,"name":"Circuits et itin\u00e9raires au Japon"}]},{"@type":"WebSite","@id":"https:\/\/www.jrailpass.com\/blog\/fr#website","url":"https:\/\/www.jrailpass.com\/blog\/fr","name":"Blog de voyage au Japon | JRailPass","description":"D\u00e9couvrez le Japon en train avec le Japan Rail Pass","publisher":{"@id":"https:\/\/www.jrailpass.com\/blog\/fr#organization"},"potentialAction":[{"@type":"SearchAction","target":{"@type":"EntryPoint","urlTemplate":"https:\/\/www.jrailpass.com\/blog\/fr?s={search_term_string}"},"query-input":"required name=search_term_string"}],"inLanguage":"fr"},{"@type":"Organization","@id":"https:\/\/www.jrailpass.com\/blog\/fr#organization","name":"Japan Rail Pass S.L. - JRailPass.com","url":"https:\/\/www.jrailpass.com\/blog\/fr","logo":{"@type":"ImageObject","inLanguage":"fr","@id":"https:\/\/www.jrailpass.com\/blog\/fr#\/schema\/logo\/image\/","url":"https:\/\/www.jrailpass.com\/blog\/wp-content\/uploads\/2017\/10\/logo.png","contentUrl":"https:\/\/www.jrailpass.com\/blog\/wp-content\/uploads\/2017\/10\/logo.png","width":214,"height":60,"caption":"Japan Rail Pass S.L. - JRailPass.com"},"image":{"@id":"https:\/\/www.jrailpass.com\/blog\/fr#\/schema\/logo\/image\/"}}]}},"_links":{"self":[{"href":"https:\/\/www.jrailpass.com\/blog\/fr\/wp-json\/wp\/v2\/pages\/4129"}],"collection":[{"href":"https:\/\/www.jrailpass.com\/blog\/fr\/wp-json\/wp\/v2\/pages"}],"about":[{"href":"https:\/\/www.jrailpass.com\/blog\/fr\/wp-json\/wp\/v2\/types\/page"}],"author":[{"embeddable":true,"href":"https:\/\/www.jrailpass.com\/blog\/fr\/wp-json\/wp\/v2\/users\/2"}],"replies":[{"embeddable":true,"href":"https:\/\/www.jrailpass.com\/blog\/fr\/wp-json\/wp\/v2\/comments?post=4129"}],"version-history":[{"count":0,"href":"https:\/\/www.jrailpass.com\/blog\/fr\/wp-json\/wp\/v2\/pages\/4129\/revisions"}],"wp:attachment":[{"href":"https:\/\/www.jrailpass.com\/blog\/fr\/wp-json\/wp\/v2\/media?parent=4129"}],"curies":[{"name":"wp","href":"https:\/\/api.w.org\/{rel}","templated":true}]}}