{"id":4122,"date":"2018-08-22T13:56:02","date_gmt":"2018-08-22T11:56:02","guid":{"rendered":"https:\/\/www.jrailpass.com\/blog?page_id=4122"},"modified":"2023-07-03T13:57:27","modified_gmt":"2023-07-03T11:57:27","slug":"guide-de-voyage-osaka","status":"publish","type":"page","link":"https:\/\/www.jrailpass.com\/blog\/fr\/grandes-villes-japonaises\/guide-de-voyage-osaka","title":{"rendered":"Guide de voyage \u00e0 Osaka"},"content":{"rendered":"<p>Osaka est situ\u00e9e sur l\u2019\u00eele principale de Honsh au centre du Japon. Avec plus de 2,5 millions d\u2019habitants, il s&#8217;agit de la <strong>troisi\u00e8me ville la plus peupl\u00e9e du Japon<\/strong>.<\/p>\n<p>Osaka \u00e9tait la premi\u00e8re capitale japonaise et est toujours consid\u00e9r\u00e9e comme un <strong>centre \u00e9conomique vital<\/strong> dans le pays. Elle abrite le plus grand port maritime du Japon et de nombreuses industries japonaises de pointe.<\/p>\n<p>Osaka est <strong>consid\u00e9r\u00e9e comme un paradis culinaire<\/strong>. Son surnom, <i>Tenka no Daidokoro,<\/i> signifie la cuisine de la nation. Perdez-vous dans Umeda et Dotonbori, les principaux quartiers du divertissement d\u2019Osaka, pour d\u00e9couvrir certains des meilleurs restaurants, bars et magasins de la ville.<\/p>\n<p>Visitez l\u2019aquarium de Kaiyukan, l\u2019un des plus grands au monde, et admirez requins-baleines, dauphins, loutres, phoques et de nombreuses autres animaux marins. Nos guides vous aideront \u00e0 vous d\u00e9placer \u00e0 Osaka et \u00e0 visiter les meilleures attractions !<\/p>\n<h2>Se d\u00e9placer \u00e0 Osaka<\/h2>\n<p><img loading=\"lazy\"  decoding=\"async\" loading=\"lazy\" class=\"alignleft wp-image-78 size-medium\" src=\"https:\/\/www.jrailpass.com\/blog\/wp-content\/uploads\/2016\/05\/dotonbori-glico-man-osaka-300x200.jpg\" alt=\"N\u00e9ons dans le quartier de Dotonbori \u00e0 Osaka\" width=\"300\" height=\"200\" \/><\/p>\n<ul style=\"list-style-type: none;\">\n<li><strong><a href=\"https:\/\/www.jrailpass.com\/blog\/fr\/ligne-jr-osaka-loop\">Se d\u00e9placer \u00e0 Osaka avec le JR Pass<\/a><\/strong><\/li>\n<li><a href=\"https:\/\/www.jrailpass.com\/blog\/fr\/haruka-express-aeroport-osaka-kyoto-jr-pass\">Haruka Express : transfert d&#8217;Osaka \u00e0 l&#8217;a\u00e9roport<\/a><\/li>\n<li><a href=\"https:\/\/www.jrailpass.com\/blog\/fr\/tokyo-a-kyoto-et-osaka\">Comment aller d&#8217;Osaka \u00e0 Kyoto et Tokyo<br \/>\n<\/a><a href=\"https:\/\/www.jrailpass.com\/blog\/fr\/gare-de-namba-osaka\">Gare de Namba<\/a><\/li>\n<li><a href=\"https:\/\/www.jrailpass.com\/blog\/fr\/gare-osaka\">Gare d&#8217;Osaka (Station City)<\/a><\/li>\n<li><a href=\"https:\/\/www.jrailpass.com\/blog\/fr\/gare-de-shin-osaka\">Gare de Shin-Osaka<\/a><\/li>\n<li><\/li>\n<\/ul>\n<h2>Attractions et excursions<\/h2>\n<p><img loading=\"lazy\"  decoding=\"async\" loading=\"lazy\" class=\"alignleft wp-image-1095 size-medium\" src=\"https:\/\/www.jrailpass.com\/blog\/wp-content\/uploads\/2017\/03\/himeji-castle-sakura-e1489142774509-300x193.jpg\" alt=\"Ch\u00e2teau de Himeji pendant la saison des cerisiers en fleurs\" width=\"300\" height=\"193\" \/><\/p>\n<ul style=\"list-style-type: none;\">\n<li><strong><a href=\"https:\/\/www.jrailpass.com\/blog\/fr\/3-jours-osaka\">Que voir et que faire \u00e0 Osaka<\/a><\/strong><\/li>\n<li><a href=\"https:\/\/www.jrailpass.com\/blog\/fr\/grandes-villes-japonaises\/guide-du-voyage-a-kyoto\">Guide de voyage \u00e0 Kyoto<\/a><\/li>\n<li><a href=\"https:\/\/www.jrailpass.com\/blog\/fr\/kobe-guide-de-voyage\">Guide de voyage \u00e0 Kobe<\/a><\/li>\n<li><a href=\"https:\/\/www.jrailpass.com\/blog\/fr\/chateau-himeji\">Guide de voyage \u00e0 Himeji<\/a><\/li>\n<li><a href=\"https:\/\/www.jrailpass.com\/blog\/fr\/guide-de-voyage-a-nara\">Guide de voyage \u00e0 Nara<\/a><\/li>\n<li><a href=\"https:\/\/www.jrailpass.com\/blog\/fr\/kanazawa-guide-voyage\">Visiter Kanazawa<\/a><\/li>\n<li><a href=\"https:\/\/www.jrailpass.com\/blog\/fr\/mont-koya-excursion\">Excursion au mont Koya<\/a><\/li>\n<\/ul>\n","protected":false},"excerpt":{"rendered":"<p>Osaka est situ\u00e9e sur l\u2019\u00eele principale de Honsh au centre du Japon. Avec plus de 2,5 millions d\u2019habitants, il s&#8217;agit de la troisi\u00e8me ville la plus peupl\u00e9e du Japon. Osaka \u00e9tait la premi\u00e8re capitale japonaise et est toujours consid\u00e9r\u00e9e comme un centre \u00e9conomique vital dans le pays. Elle abrite le plus grand port maritime du Japon et de nombreuses industries japonaises de pointe. Osaka est consid\u00e9r\u00e9e comme un paradis culinaire. Son surnom, Tenka no Daidokoro, signifie la cuisine de la nation. Perdez-vous dans Umeda et Dotonbori, les principaux quartiers du divertissement d\u2019Osaka, pour d\u00e9couvrir certains des meilleurs restaurants, bars et &hellip; <a href=\"https:\/\/www.jrailpass.com\/blog\/fr\/grandes-villes-japonaises\/guide-de-voyage-osaka\" class=\"more-link\">Lire la suite<span class=\"screen-reader-text\"> &#8220;Guide de voyage \u00e0 Osaka&#8221;<\/span><\/a><\/p>\n","protected":false},"author":2,"featured_media":0,"parent":4113,"menu_order":0,"comment_status":"closed","ping_status":"closed","template":"","meta":[],"acf":{"bread_1":false,"bread_2":false,"bread_3":false,"bread_4":false,"bread_5":false,"bread_6":false,"bread_7":false,"bread_last":false,"custom_guide":"","shortcodes":false},"yoast_head":"<!-- This site is optimized with the Yoast SEO plugin v20.10 - https:\/\/yoast.com\/wordpress\/plugins\/seo\/ -->\n<title>Osaka : guide de voyage complet - Japan Rail Pass<\/title>\n<meta name=\"description\" content=\"D\u00e9couvrez le meilleur d&#039;Osaka gr\u00e2ce au JR Pass : comment vous d\u00e9placer, que faire, que voir et les meilleures attractions et activit\u00e9s \u00e0 Osaka et au Kansai.\" \/>\n<meta name=\"robots\" content=\"index, follow, max-snippet:-1, max-image-preview:large, max-video-preview:-1\" \/>\n<link rel=\"canonical\" href=\"https:\/\/www.jrailpass.com\/blog\/fr\/wp-json\/wp\/v2\/pages\/4122\" \/>\n<meta property=\"og:locale\" content=\"fr_FR\" \/>\n<meta property=\"og:type\" content=\"article\" \/>\n<meta property=\"og:title\" content=\"Osaka : guide de voyage complet - Japan Rail Pass\" \/>\n<meta property=\"og:description\" content=\"D\u00e9couvrez le meilleur d&#039;Osaka gr\u00e2ce au JR Pass : comment vous d\u00e9placer, que faire, que voir et les meilleures attractions et activit\u00e9s \u00e0 Osaka et au Kansai.\" \/>\n<meta property=\"og:url\" content=\"https:\/\/www.jrailpass.com\/blog\/fr\/grandes-villes-japonaises\/guide-de-voyage-osaka\" \/>\n<meta property=\"og:site_name\" content=\"Blog de voyage au Japon | JRailPass\" \/>\n<meta property=\"article:modified_time\" content=\"2023-07-03T11:57:27+00:00\" \/>\n<meta property=\"og:image\" content=\"https:\/\/www.jrailpass.com\/blog\/wp-content\/uploads\/2016\/05\/dotonbori-glico-man-osaka-300x200.jpg\" \/>\n<meta name=\"twitter:card\" content=\"summary_large_image\" \/>\n<script type=\"application\/ld+json\" class=\"yoast-schema-graph\">{\"@context\":\"https:\/\/schema.org\",\"@graph\":[{\"@type\":\"WebPage\",\"@id\":\"https:\/\/www.jrailpass.com\/blog\/fr\/grandes-villes-japonaises\/guide-de-voyage-osaka\",\"url\":\"https:\/\/www.jrailpass.com\/blog\/fr\/grandes-villes-japonaises\/guide-de-voyage-osaka\",\"name\":\"Osaka : guide de voyage complet - Japan Rail Pass\",\"isPartOf\":{\"@id\":\"https:\/\/www.jrailpass.com\/blog\/fr#website\"},\"datePublished\":\"2018-08-22T11:56:02+00:00\",\"dateModified\":\"2023-07-03T11:57:27+00:00\",\"description\":\"D\u00e9couvrez le meilleur d'Osaka gr\u00e2ce au JR Pass : comment vous d\u00e9placer, que faire, que voir et les meilleures attractions et activit\u00e9s \u00e0 Osaka et au Kansai.\",\"breadcrumb\":{\"@id\":\"https:\/\/www.jrailpass.com\/blog\/fr\/grandes-villes-japonaises\/guide-de-voyage-osaka#breadcrumb\"},\"inLanguage\":\"fr\",\"potentialAction\":[{\"@type\":\"ReadAction\",\"target\":[\"https:\/\/www.jrailpass.com\/blog\/fr\/grandes-villes-japonaises\/guide-de-voyage-osaka\"]}]},{\"@type\":\"BreadcrumbList\",\"@id\":\"https:\/\/www.jrailpass.com\/blog\/fr\/grandes-villes-japonaises\/guide-de-voyage-osaka#breadcrumb\",\"itemListElement\":[{\"@type\":\"ListItem\",\"position\":1,\"name\":\"Japan Travel Blog\",\"item\":\"https:\/\/www.jrailpass.com\/blog\/fr\"},{\"@type\":\"ListItem\",\"position\":2,\"name\":\"Grandes villes japonaises\",\"item\":\"https:\/\/www.jrailpass.com\/blog\/fr\/grandes-villes-japonaises\"},{\"@type\":\"ListItem\",\"position\":3,\"name\":\"Guide de voyage \u00e0 Osaka\"}]},{\"@type\":\"WebSite\",\"@id\":\"https:\/\/www.jrailpass.com\/blog\/fr#website\",\"url\":\"https:\/\/www.jrailpass.com\/blog\/fr\",\"name\":\"Blog de voyage au Japon | JRailPass\",\"description\":\"D\u00e9couvrez le Japon en train avec le Japan Rail Pass\",\"publisher\":{\"@id\":\"https:\/\/www.jrailpass.com\/blog\/fr#organization\"},\"potentialAction\":[{\"@type\":\"SearchAction\",\"target\":{\"@type\":\"EntryPoint\",\"urlTemplate\":\"https:\/\/www.jrailpass.com\/blog\/fr?s={search_term_string}\"},\"query-input\":\"required name=search_term_string\"}],\"inLanguage\":\"fr\"},{\"@type\":\"Organization\",\"@id\":\"https:\/\/www.jrailpass.com\/blog\/fr#organization\",\"name\":\"Japan Rail Pass S.L. - JRailPass.com\",\"url\":\"https:\/\/www.jrailpass.com\/blog\/fr\",\"logo\":{\"@type\":\"ImageObject\",\"inLanguage\":\"fr\",\"@id\":\"https:\/\/www.jrailpass.com\/blog\/fr#\/schema\/logo\/image\/\",\"url\":\"https:\/\/www.jrailpass.com\/blog\/wp-content\/uploads\/2017\/10\/logo.png\",\"contentUrl\":\"https:\/\/www.jrailpass.com\/blog\/wp-content\/uploads\/2017\/10\/logo.png\",\"width\":214,\"height\":60,\"caption\":\"Japan Rail Pass S.L. - JRailPass.com\"},\"image\":{\"@id\":\"https:\/\/www.jrailpass.com\/blog\/fr#\/schema\/logo\/image\/\"}}]}<\/script>\n<!-- \/ Yoast SEO plugin. -->","yoast_head_json":{"title":"Osaka : guide de voyage complet - Japan Rail Pass","description":"D\u00e9couvrez le meilleur d'Osaka gr\u00e2ce au JR Pass : comment vous d\u00e9placer, que faire, que voir et les meilleures attractions et activit\u00e9s \u00e0 Osaka et au Kansai.","robots":{"index":"index","follow":"follow","max-snippet":"max-snippet:-1","max-image-preview":"max-image-preview:large","max-video-preview":"max-video-preview:-1"},"canonical":"https:\/\/www.jrailpass.com\/blog\/fr\/wp-json\/wp\/v2\/pages\/4122","og_locale":"fr_FR","og_type":"article","og_title":"Osaka : guide de voyage complet - Japan Rail Pass","og_description":"D\u00e9couvrez le meilleur d'Osaka gr\u00e2ce au JR Pass : comment vous d\u00e9placer, que faire, que voir et les meilleures attractions et activit\u00e9s \u00e0 Osaka et au Kansai.","og_url":"https:\/\/www.jrailpass.com\/blog\/fr\/grandes-villes-japonaises\/guide-de-voyage-osaka","og_site_name":"Blog de voyage au Japon | JRailPass","article_modified_time":"2023-07-03T11:57:27+00:00","og_image":[{"url":"https:\/\/www.jrailpass.com\/blog\/wp-content\/uploads\/2016\/05\/dotonbori-glico-man-osaka-300x200.jpg"}],"twitter_card":"summary_large_image","schema":{"@context":"https:\/\/schema.org","@graph":[{"@type":"WebPage","@id":"https:\/\/www.jrailpass.com\/blog\/fr\/grandes-villes-japonaises\/guide-de-voyage-osaka","url":"https:\/\/www.jrailpass.com\/blog\/fr\/grandes-villes-japonaises\/guide-de-voyage-osaka","name":"Osaka : guide de voyage complet - Japan Rail Pass","isPartOf":{"@id":"https:\/\/www.jrailpass.com\/blog\/fr#website"},"datePublished":"2018-08-22T11:56:02+00:00","dateModified":"2023-07-03T11:57:27+00:00","description":"D\u00e9couvrez le meilleur d'Osaka gr\u00e2ce au JR Pass : comment vous d\u00e9placer, que faire, que voir et les meilleures attractions et activit\u00e9s \u00e0 Osaka et au Kansai.","breadcrumb":{"@id":"https:\/\/www.jrailpass.com\/blog\/fr\/grandes-villes-japonaises\/guide-de-voyage-osaka#breadcrumb"},"inLanguage":"fr","potentialAction":[{"@type":"ReadAction","target":["https:\/\/www.jrailpass.com\/blog\/fr\/grandes-villes-japonaises\/guide-de-voyage-osaka"]}]},{"@type":"BreadcrumbList","@id":"https:\/\/www.jrailpass.com\/blog\/fr\/grandes-villes-japonaises\/guide-de-voyage-osaka#breadcrumb","itemListElement":[{"@type":"ListItem","position":1,"name":"Japan Travel Blog","item":"https:\/\/www.jrailpass.com\/blog\/fr"},{"@type":"ListItem","position":2,"name":"Grandes villes japonaises","item":"https:\/\/www.jrailpass.com\/blog\/fr\/grandes-villes-japonaises"},{"@type":"ListItem","position":3,"name":"Guide de voyage \u00e0 Osaka"}]},{"@type":"WebSite","@id":"https:\/\/www.jrailpass.com\/blog\/fr#website","url":"https:\/\/www.jrailpass.com\/blog\/fr","name":"Blog de voyage au Japon | JRailPass","description":"D\u00e9couvrez le Japon en train avec le Japan Rail Pass","publisher":{"@id":"https:\/\/www.jrailpass.com\/blog\/fr#organization"},"potentialAction":[{"@type":"SearchAction","target":{"@type":"EntryPoint","urlTemplate":"https:\/\/www.jrailpass.com\/blog\/fr?s={search_term_string}"},"query-input":"required name=search_term_string"}],"inLanguage":"fr"},{"@type":"Organization","@id":"https:\/\/www.jrailpass.com\/blog\/fr#organization","name":"Japan Rail Pass S.L. - JRailPass.com","url":"https:\/\/www.jrailpass.com\/blog\/fr","logo":{"@type":"ImageObject","inLanguage":"fr","@id":"https:\/\/www.jrailpass.com\/blog\/fr#\/schema\/logo\/image\/","url":"https:\/\/www.jrailpass.com\/blog\/wp-content\/uploads\/2017\/10\/logo.png","contentUrl":"https:\/\/www.jrailpass.com\/blog\/wp-content\/uploads\/2017\/10\/logo.png","width":214,"height":60,"caption":"Japan Rail Pass S.L. - JRailPass.com"},"image":{"@id":"https:\/\/www.jrailpass.com\/blog\/fr#\/schema\/logo\/image\/"}}]}},"_links":{"self":[{"href":"https:\/\/www.jrailpass.com\/blog\/fr\/wp-json\/wp\/v2\/pages\/4122"}],"collection":[{"href":"https:\/\/www.jrailpass.com\/blog\/fr\/wp-json\/wp\/v2\/pages"}],"about":[{"href":"https:\/\/www.jrailpass.com\/blog\/fr\/wp-json\/wp\/v2\/types\/page"}],"author":[{"embeddable":true,"href":"https:\/\/www.jrailpass.com\/blog\/fr\/wp-json\/wp\/v2\/users\/2"}],"replies":[{"embeddable":true,"href":"https:\/\/www.jrailpass.com\/blog\/fr\/wp-json\/wp\/v2\/comments?post=4122"}],"version-history":[{"count":0,"href":"https:\/\/www.jrailpass.com\/blog\/fr\/wp-json\/wp\/v2\/pages\/4122\/revisions"}],"up":[{"embeddable":true,"href":"https:\/\/www.jrailpass.com\/blog\/fr\/wp-json\/wp\/v2\/pages\/4113"}],"wp:attachment":[{"href":"https:\/\/www.jrailpass.com\/blog\/fr\/wp-json\/wp\/v2\/media?parent=4122"}],"curies":[{"name":"wp","href":"https:\/\/api.w.org\/{rel}","templated":true}]}}