{"id":4117,"date":"2018-08-22T13:56:07","date_gmt":"2018-08-22T11:56:07","guid":{"rendered":"https:\/\/www.jrailpass.com\/blog?page_id=4117"},"modified":"2023-06-14T12:37:02","modified_gmt":"2023-06-14T10:37:02","slug":"guide-de-voyage-tokyo","status":"publish","type":"page","link":"https:\/\/www.jrailpass.com\/blog\/fr\/grandes-villes-japonaises\/guide-de-voyage-tokyo","title":{"rendered":"Guide de voyage \u00e0 Tokyo"},"content":{"rendered":"<p><strong>Tokyo est la capitale du Japon et l\u2019une des m\u00e9tropoles les plus peupl\u00e9es du monde<\/strong>. Elle est situ\u00e9e au sud-est de l\u2019\u00eele principale de Honshu, dans la r\u00e9gion du Kanto, et inclut les \u00eeles d&#8217;Izu et d&#8217;Ogasawara. Entre ses temples traditionnels majestueux et les n\u00e9ons brillants de Shibuya, Tokyo est l\u2019une des villes les plus captivantes au monde.<\/p>\n<p><strong>Tokyo a quelque chose \u00e0 offrir \u00e0 tous les voyageurs<\/strong>, plus d\u2019\u00e9toiles Michelin que toute autre ville au monde, une abondance de bars et de caf\u00e9s, une sc\u00e8ne nocturne cosmopolite et est c\u00e9l\u00e8bre pour la mode et la culture pop.<\/p>\n<p><strong>Naviguez dans Tokyo et d\u00e9couvrez comment profiter un maximum de votre s\u00e9jour. <\/strong>Visitez le c\u00e9l\u00e8bre march\u00e9 aux poissons Tsukiji, d\u00e9ambulez dans le quartier d\u2019Asakusa et visitez le temple Senso-ji, faites du shopping \u00e0 Ginza et Harajuku, et savourez un verre avec les locaux \u00e0 Shibuya. Partez en excursion pour la journ\u00e9e et visitez le Mont Fuji, Hakone, Nikko, Kamakura\u2026 ou planifiez votre s\u00e9jour \u00e0 Tokyo \u00e0 la perfection en lisant nos guides de voyage !<\/p>\n<div id=\"toc_container\" class=\"toc_white no_bullets\"><p class=\"toc_title\">Table of Contents<\/p><ul class=\"toc_list\"><li><a href=\"#Se_deplacer_a_Tokyo\"><span class=\"toc_number toc_depth_1\">1<\/span> Se d\u00e9placer \u00e0 Tokyo<\/a><\/li><li><a href=\"#Gares_principales\"><span class=\"toc_number toc_depth_1\">2<\/span> Gares principales<\/a><\/li><li><a href=\"#Itineraires_et_attractions\"><span class=\"toc_number toc_depth_1\">3<\/span> Itin\u00e9raires et attractions<\/a><\/li><li><a href=\"#Excursions_et_destinations_proches\"><span class=\"toc_number toc_depth_1\">4<\/span> Excursions et destinations proches<\/a><\/li><\/ul><\/div>\n<h2><span id=\"Se_deplacer_a_Tokyo\">Se d\u00e9placer \u00e0 Tokyo<\/span><\/h2>\n<p><img loading=\"lazy\"  decoding=\"async\" loading=\"lazy\" class=\"alignleft wp-image-54 size-medium\" src=\"https:\/\/www.jrailpass.com\/blog\/wp-content\/uploads\/2016\/06\/tokyo-shibuya-crossing-e1465829941954-300x182.jpg\" alt=\"Carrefour de Shibuya (Tokyo)\" width=\"300\" height=\"182\" \/><\/p>\n<ul style=\"list-style-type: none;\">\n<li><strong><a href=\"https:\/\/www.jrailpass.com\/blog\/fr\/se-deplacer-a-tokyo\">Se d\u00e9placer \u00e0 Tokyo avec le JR Pass<\/a><\/strong><\/li>\n<li><a href=\"https:\/\/www.jrailpass.com\/blog\/fr\/tokyo-a-kyoto-et-osaka\">Voyager de Tokyo \u00e0 Kyoto et Osaka<\/a><\/li>\n<li><a style=\"text-decoration: none;\" href=\"https:\/\/www.jrailpass.com\/blog\/fr\/narita-express\">Narita Express : navette vers l&#8217;a\u00e9roport de Narita<\/a><\/li>\n<li><a href=\"https:\/\/www.jrailpass.com\/blog\/fr\/monorail-tokyo-transfert-haneda\">Monorail de Tokyo : liaison pour l&#8217;a\u00e9roport de Haneda<\/a><\/li>\n<li><a href=\"https:\/\/www.jrailpass.com\/blog\/fr\/ligne-yamanote-tokyo\">La\u00a0ligne circulaire\u00a0JR\u00a0Yamanote<\/a><\/li>\n<li><a href=\"https:\/\/www.jrailpass.com\/blog\/keihin-tohoku-line\">La ligne JR Keihin-Tohoku<\/a><\/li>\n<\/ul>\n<h2><span id=\"Gares_principales\">Gares principales<\/span><\/h2>\n<p><img loading=\"lazy\"  decoding=\"async\" loading=\"lazy\" class=\"alignleft wp-image-2532 size-medium\" src=\"https:\/\/www.jrailpass.com\/blog\/wp-content\/uploads\/2017\/11\/tokyo-yamanote-platforms-300x200.jpg\" alt=\"Gare de Tokyo\" width=\"300\" height=\"200\" \/><\/p>\n<ul style=\"list-style-type: none;\">\n<li><strong><a href=\"https:\/\/www.jrailpass.com\/blog\/fr\/gare-de-tokyo\">Gare de Tokyo<\/a><\/strong><\/li>\n<li><a href=\"https:\/\/www.jrailpass.com\/blog\/fr\/gare-de-shibuya\">Gare de Shibuya<\/a><\/li>\n<li><a href=\"https:\/\/www.jrailpass.com\/blog\/fr\/gare-de-shinagawa\">Gare de Shinagawa<\/a><\/li>\n<li><a href=\"https:\/\/www.jrailpass.com\/blog\/fr\/gare-de-shinjuku-tokyo\">Gare de Shinjuku<\/a><\/li>\n<li><a href=\"https:\/\/www.jrailpass.com\/blog\/fr\/gare-ueno-tokyo\">Gare d&#8217;Ueno<\/a><\/li>\n<li><a href=\"https:\/\/www.jrailpass.com\/blog\/fr\/gare-de-harajuku-tokyo\">Gare de Harajuku<\/a><\/li>\n<li><a href=\"https:\/\/www.jrailpass.com\/blog\/fr\/gare-hamamatsucho\">Gare de Hamamatsucho<\/a><\/li>\n<li><\/li>\n<\/ul>\n<h2><span id=\"Itineraires_et_attractions\">Itin\u00e9raires et attractions<\/span><\/h2>\n<p><img loading=\"lazy\"  decoding=\"async\" loading=\"lazy\" class=\"alignleft wp-image-85 size-medium\" src=\"https:\/\/www.jrailpass.com\/blog\/wp-content\/uploads\/2016\/05\/tokyo-tower-skyline-300x200.jpg\" alt=\"Tour de Tokyo\" width=\"300\" height=\"200\" \/><\/p>\n<ul style=\"list-style-type: none;\">\n<li><strong><a href=\"https:\/\/www.jrailpass.com\/blog\/fr\/3-jours-a-tokyo\">3 jours \u00e0 Tokyo<\/a><\/strong><\/li>\n<li><a href=\"https:\/\/www.jrailpass.com\/blog\/fr\/5-jours-a-tokyo\">5 jours \u00e0 Tokyo<\/a><\/li>\n<li><a href=\"https:\/\/www.jrailpass.com\/blog\/fr\/musee-du-studio-ghibli\">Mus\u00e9e du Studio Ghibli<\/a><\/li>\n<li><a href=\"https:\/\/www.jrailpass.com\/blog\/fr\/meilleurs-endroits-floraison-cerisiers-tokyo\">Floraison des cerisiers \u00e0 Tokyo<\/a><\/li>\n<li><a href=\"https:\/\/www.jrailpass.com\/blog\/fr\/shibuya-crossing-tokyo\">Carrefour de Shibuya<\/a><\/li>\n<li><a href=\"https:\/\/www.jrailpass.com\/blog\/fr\/temple-sensoji-tokyo\">Temple Senso-ji<\/a><\/li>\n<\/ul>\n<h2><span id=\"Excursions_et_destinations_proches\">Excursions et destinations proches<\/span><\/h2>\n<p><img loading=\"lazy\"  decoding=\"async\" loading=\"lazy\" class=\"alignleft wp-image-1627 size-medium\" src=\"https:\/\/www.jrailpass.com\/blog\/wp-content\/uploads\/2017\/07\/mt-fuji-japan-autumn-e1505220649953-300x200.jpg\" alt=\"Mont Fuji en automne\" width=\"300\" height=\"200\" srcset=\"https:\/\/www.jrailpass.com\/blog\/wp-content\/uploads\/2017\/07\/mt-fuji-japan-autumn-e1505220649953-300x200.jpg 300w, https:\/\/www.jrailpass.com\/blog\/wp-content\/uploads\/2017\/07\/mt-fuji-japan-autumn-e1505220649953-768x513.jpg 768w, https:\/\/www.jrailpass.com\/blog\/wp-content\/uploads\/2017\/07\/mt-fuji-japan-autumn-e1505220649953.jpg 800w\" sizes=\"(max-width: 300px) 100vw, 300px\" \/><\/p>\n<ul style=\"list-style-type: none;\">\n<li><strong><a href=\"https:\/\/www.jrailpass.com\/blog\/fr\/excursions-train-depuis-tokyo\">Meilleures excursions depuis Tokyo<\/a><\/strong><\/li>\n<li><a href=\"https:\/\/www.jrailpass.com\/blog\/fr\/guide-de-voyage-de-hakone\">Guide de voyage \u00e0 Hakone<\/a><\/li>\n<li><a href=\"https:\/\/www.jrailpass.com\/blog\/fr\/kamakura-guide\">Guide de voyage \u00e0 Kamakura<\/a><\/li>\n<li><a href=\"https:\/\/www.jrailpass.com\/blog\/fr\/mont-fuji-et-la-region-des-5-lacs\"> Mont Fuji : guide de voyage<\/a><\/li>\n<li><a href=\"https:\/\/www.jrailpass.com\/blog\/fr\/nikko-itineraire\">Guide de voyage \u00e0 Nikko<\/a><\/li>\n<li><a href=\"https:\/\/www.jrailpass.com\/blog\/fr\/guide-voyage-yokohama\">Guide de voyage \u00e0 Yokohama<\/a><\/li>\n<li><\/li>\n<\/ul>\n<div class=\"clearfix\"><\/div>\n","protected":false},"excerpt":{"rendered":"<p>Tokyo est la capitale du Japon et l\u2019une des m\u00e9tropoles les plus peupl\u00e9es du monde. Elle est situ\u00e9e au sud-est de l\u2019\u00eele principale de Honshu, dans la r\u00e9gion du Kanto, et inclut les \u00eeles d&#8217;Izu et d&#8217;Ogasawara. Entre ses temples traditionnels majestueux et les n\u00e9ons brillants de Shibuya, Tokyo est l\u2019une des villes les plus captivantes au monde. Tokyo a quelque chose \u00e0 offrir \u00e0 tous les voyageurs, plus d\u2019\u00e9toiles Michelin que toute autre ville au monde, une abondance de bars et de caf\u00e9s, une sc\u00e8ne nocturne cosmopolite et est c\u00e9l\u00e8bre pour la mode et la culture pop. Naviguez dans &hellip; <a href=\"https:\/\/www.jrailpass.com\/blog\/fr\/grandes-villes-japonaises\/guide-de-voyage-tokyo\" class=\"more-link\">Lire la suite<span class=\"screen-reader-text\"> &#8220;Guide de voyage \u00e0 Tokyo&#8221;<\/span><\/a><\/p>\n","protected":false},"author":2,"featured_media":6291,"parent":4113,"menu_order":0,"comment_status":"closed","ping_status":"closed","template":"","meta":[],"acf":{"bread_1":false,"bread_2":false,"bread_3":false,"bread_4":false,"bread_5":false,"bread_6":false,"bread_7":false,"bread_last":false,"custom_guide":"","shortcodes":false},"yoast_head":"<!-- This site is optimized with the Yoast SEO plugin v20.10 - https:\/\/yoast.com\/wordpress\/plugins\/seo\/ -->\n<title>Tokyo : guide de voyage complet - Japan Rail Pass<\/title>\n<meta name=\"description\" content=\"D\u00e9couvrez le meilleur de Tokyo gr\u00e2ce au JR Pass : comment vous d\u00e9placer, que faire, que voir et les attractions et activit\u00e9s les plus populaires autour de Tokyo.\" \/>\n<meta name=\"robots\" content=\"index, follow, max-snippet:-1, max-image-preview:large, max-video-preview:-1\" \/>\n<link rel=\"canonical\" href=\"https:\/\/www.jrailpass.com\/blog\/fr\/wp-json\/wp\/v2\/pages\/4117\" \/>\n<meta property=\"og:locale\" content=\"fr_FR\" \/>\n<meta property=\"og:type\" content=\"article\" \/>\n<meta property=\"og:title\" content=\"Tokyo : guide de voyage complet - Japan Rail Pass\" \/>\n<meta property=\"og:description\" content=\"D\u00e9couvrez le meilleur de Tokyo gr\u00e2ce au JR Pass : comment vous d\u00e9placer, que faire, que voir et les attractions et activit\u00e9s les plus populaires autour de Tokyo.\" \/>\n<meta property=\"og:url\" content=\"https:\/\/www.jrailpass.com\/blog\/fr\/grandes-villes-japonaises\/guide-de-voyage-tokyo\" \/>\n<meta property=\"og:site_name\" content=\"Blog de voyage au Japon | JRailPass\" \/>\n<meta property=\"article:modified_time\" content=\"2023-06-14T10:37:02+00:00\" \/>\n<meta property=\"og:image\" content=\"https:\/\/www.jrailpass.com\/blog\/wp-content\/uploads\/2019\/01\/tokyo-to-osaka.jpg\" \/>\n\t<meta property=\"og:image:width\" content=\"800\" \/>\n\t<meta property=\"og:image:height\" content=\"500\" \/>\n\t<meta property=\"og:image:type\" content=\"image\/jpeg\" \/>\n<meta name=\"twitter:card\" content=\"summary_large_image\" \/>\n<script type=\"application\/ld+json\" class=\"yoast-schema-graph\">{\"@context\":\"https:\/\/schema.org\",\"@graph\":[{\"@type\":\"WebPage\",\"@id\":\"https:\/\/www.jrailpass.com\/blog\/fr\/grandes-villes-japonaises\/guide-de-voyage-tokyo\",\"url\":\"https:\/\/www.jrailpass.com\/blog\/fr\/grandes-villes-japonaises\/guide-de-voyage-tokyo\",\"name\":\"Tokyo : guide de voyage complet - Japan Rail Pass\",\"isPartOf\":{\"@id\":\"https:\/\/www.jrailpass.com\/blog\/fr#website\"},\"datePublished\":\"2018-08-22T11:56:07+00:00\",\"dateModified\":\"2023-06-14T10:37:02+00:00\",\"description\":\"D\u00e9couvrez le meilleur de Tokyo gr\u00e2ce au JR Pass : comment vous d\u00e9placer, que faire, que voir et les attractions et activit\u00e9s les plus populaires autour de Tokyo.\",\"breadcrumb\":{\"@id\":\"https:\/\/www.jrailpass.com\/blog\/fr\/grandes-villes-japonaises\/guide-de-voyage-tokyo#breadcrumb\"},\"inLanguage\":\"fr\",\"potentialAction\":[{\"@type\":\"ReadAction\",\"target\":[\"https:\/\/www.jrailpass.com\/blog\/fr\/grandes-villes-japonaises\/guide-de-voyage-tokyo\"]}]},{\"@type\":\"BreadcrumbList\",\"@id\":\"https:\/\/www.jrailpass.com\/blog\/fr\/grandes-villes-japonaises\/guide-de-voyage-tokyo#breadcrumb\",\"itemListElement\":[{\"@type\":\"ListItem\",\"position\":1,\"name\":\"Japan Travel Blog\",\"item\":\"https:\/\/www.jrailpass.com\/blog\/fr\"},{\"@type\":\"ListItem\",\"position\":2,\"name\":\"Grandes villes japonaises\",\"item\":\"https:\/\/www.jrailpass.com\/blog\/fr\/grandes-villes-japonaises\"},{\"@type\":\"ListItem\",\"position\":3,\"name\":\"Guide de voyage \u00e0 Tokyo\"}]},{\"@type\":\"WebSite\",\"@id\":\"https:\/\/www.jrailpass.com\/blog\/fr#website\",\"url\":\"https:\/\/www.jrailpass.com\/blog\/fr\",\"name\":\"Blog de voyage au Japon | JRailPass\",\"description\":\"D\u00e9couvrez le Japon en train avec le Japan Rail Pass\",\"publisher\":{\"@id\":\"https:\/\/www.jrailpass.com\/blog\/fr#organization\"},\"potentialAction\":[{\"@type\":\"SearchAction\",\"target\":{\"@type\":\"EntryPoint\",\"urlTemplate\":\"https:\/\/www.jrailpass.com\/blog\/fr?s={search_term_string}\"},\"query-input\":\"required name=search_term_string\"}],\"inLanguage\":\"fr\"},{\"@type\":\"Organization\",\"@id\":\"https:\/\/www.jrailpass.com\/blog\/fr#organization\",\"name\":\"Japan Rail Pass S.L. - JRailPass.com\",\"url\":\"https:\/\/www.jrailpass.com\/blog\/fr\",\"logo\":{\"@type\":\"ImageObject\",\"inLanguage\":\"fr\",\"@id\":\"https:\/\/www.jrailpass.com\/blog\/fr#\/schema\/logo\/image\/\",\"url\":\"https:\/\/www.jrailpass.com\/blog\/wp-content\/uploads\/2017\/10\/logo.png\",\"contentUrl\":\"https:\/\/www.jrailpass.com\/blog\/wp-content\/uploads\/2017\/10\/logo.png\",\"width\":214,\"height\":60,\"caption\":\"Japan Rail Pass S.L. - JRailPass.com\"},\"image\":{\"@id\":\"https:\/\/www.jrailpass.com\/blog\/fr#\/schema\/logo\/image\/\"}}]}<\/script>\n<!-- \/ Yoast SEO plugin. -->","yoast_head_json":{"title":"Tokyo : guide de voyage complet - Japan Rail Pass","description":"D\u00e9couvrez le meilleur de Tokyo gr\u00e2ce au JR Pass : comment vous d\u00e9placer, que faire, que voir et les attractions et activit\u00e9s les plus populaires autour de Tokyo.","robots":{"index":"index","follow":"follow","max-snippet":"max-snippet:-1","max-image-preview":"max-image-preview:large","max-video-preview":"max-video-preview:-1"},"canonical":"https:\/\/www.jrailpass.com\/blog\/fr\/wp-json\/wp\/v2\/pages\/4117","og_locale":"fr_FR","og_type":"article","og_title":"Tokyo : guide de voyage complet - Japan Rail Pass","og_description":"D\u00e9couvrez le meilleur de Tokyo gr\u00e2ce au JR Pass : comment vous d\u00e9placer, que faire, que voir et les attractions et activit\u00e9s les plus populaires autour de Tokyo.","og_url":"https:\/\/www.jrailpass.com\/blog\/fr\/grandes-villes-japonaises\/guide-de-voyage-tokyo","og_site_name":"Blog de voyage au Japon | JRailPass","article_modified_time":"2023-06-14T10:37:02+00:00","og_image":[{"width":800,"height":500,"url":"https:\/\/www.jrailpass.com\/blog\/wp-content\/uploads\/2019\/01\/tokyo-to-osaka.jpg","type":"image\/jpeg"}],"twitter_card":"summary_large_image","schema":{"@context":"https:\/\/schema.org","@graph":[{"@type":"WebPage","@id":"https:\/\/www.jrailpass.com\/blog\/fr\/grandes-villes-japonaises\/guide-de-voyage-tokyo","url":"https:\/\/www.jrailpass.com\/blog\/fr\/grandes-villes-japonaises\/guide-de-voyage-tokyo","name":"Tokyo : guide de voyage complet - Japan Rail Pass","isPartOf":{"@id":"https:\/\/www.jrailpass.com\/blog\/fr#website"},"datePublished":"2018-08-22T11:56:07+00:00","dateModified":"2023-06-14T10:37:02+00:00","description":"D\u00e9couvrez le meilleur de Tokyo gr\u00e2ce au JR Pass : comment vous d\u00e9placer, que faire, que voir et les attractions et activit\u00e9s les plus populaires autour de Tokyo.","breadcrumb":{"@id":"https:\/\/www.jrailpass.com\/blog\/fr\/grandes-villes-japonaises\/guide-de-voyage-tokyo#breadcrumb"},"inLanguage":"fr","potentialAction":[{"@type":"ReadAction","target":["https:\/\/www.jrailpass.com\/blog\/fr\/grandes-villes-japonaises\/guide-de-voyage-tokyo"]}]},{"@type":"BreadcrumbList","@id":"https:\/\/www.jrailpass.com\/blog\/fr\/grandes-villes-japonaises\/guide-de-voyage-tokyo#breadcrumb","itemListElement":[{"@type":"ListItem","position":1,"name":"Japan Travel Blog","item":"https:\/\/www.jrailpass.com\/blog\/fr"},{"@type":"ListItem","position":2,"name":"Grandes villes japonaises","item":"https:\/\/www.jrailpass.com\/blog\/fr\/grandes-villes-japonaises"},{"@type":"ListItem","position":3,"name":"Guide de voyage \u00e0 Tokyo"}]},{"@type":"WebSite","@id":"https:\/\/www.jrailpass.com\/blog\/fr#website","url":"https:\/\/www.jrailpass.com\/blog\/fr","name":"Blog de voyage au Japon | JRailPass","description":"D\u00e9couvrez le Japon en train avec le Japan Rail Pass","publisher":{"@id":"https:\/\/www.jrailpass.com\/blog\/fr#organization"},"potentialAction":[{"@type":"SearchAction","target":{"@type":"EntryPoint","urlTemplate":"https:\/\/www.jrailpass.com\/blog\/fr?s={search_term_string}"},"query-input":"required name=search_term_string"}],"inLanguage":"fr"},{"@type":"Organization","@id":"https:\/\/www.jrailpass.com\/blog\/fr#organization","name":"Japan Rail Pass S.L. - JRailPass.com","url":"https:\/\/www.jrailpass.com\/blog\/fr","logo":{"@type":"ImageObject","inLanguage":"fr","@id":"https:\/\/www.jrailpass.com\/blog\/fr#\/schema\/logo\/image\/","url":"https:\/\/www.jrailpass.com\/blog\/wp-content\/uploads\/2017\/10\/logo.png","contentUrl":"https:\/\/www.jrailpass.com\/blog\/wp-content\/uploads\/2017\/10\/logo.png","width":214,"height":60,"caption":"Japan Rail Pass S.L. - JRailPass.com"},"image":{"@id":"https:\/\/www.jrailpass.com\/blog\/fr#\/schema\/logo\/image\/"}}]}},"_links":{"self":[{"href":"https:\/\/www.jrailpass.com\/blog\/fr\/wp-json\/wp\/v2\/pages\/4117"}],"collection":[{"href":"https:\/\/www.jrailpass.com\/blog\/fr\/wp-json\/wp\/v2\/pages"}],"about":[{"href":"https:\/\/www.jrailpass.com\/blog\/fr\/wp-json\/wp\/v2\/types\/page"}],"author":[{"embeddable":true,"href":"https:\/\/www.jrailpass.com\/blog\/fr\/wp-json\/wp\/v2\/users\/2"}],"replies":[{"embeddable":true,"href":"https:\/\/www.jrailpass.com\/blog\/fr\/wp-json\/wp\/v2\/comments?post=4117"}],"version-history":[{"count":0,"href":"https:\/\/www.jrailpass.com\/blog\/fr\/wp-json\/wp\/v2\/pages\/4117\/revisions"}],"up":[{"embeddable":true,"href":"https:\/\/www.jrailpass.com\/blog\/fr\/wp-json\/wp\/v2\/pages\/4113"}],"wp:featuredmedia":[{"embeddable":true,"href":"https:\/\/www.jrailpass.com\/blog\/fr\/wp-json\/wp\/v2\/media\/6291"}],"wp:attachment":[{"href":"https:\/\/www.jrailpass.com\/blog\/fr\/wp-json\/wp\/v2\/media?parent=4117"}],"curies":[{"name":"wp","href":"https:\/\/api.w.org\/{rel}","templated":true}]}}