{"id":4113,"date":"2018-08-22T13:55:58","date_gmt":"2018-08-22T11:55:58","guid":{"rendered":"https:\/\/www.jrailpass.com\/blog?page_id=4113"},"modified":"2018-10-23T12:28:02","modified_gmt":"2018-10-23T10:28:02","slug":"grandes-villes-japonaises","status":"publish","type":"page","link":"https:\/\/www.jrailpass.com\/blog\/fr\/grandes-villes-japonaises","title":{"rendered":"Grandes villes japonaises"},"content":{"rendered":"<p>L\u2019archipel japonais est dot\u00e9 de plus de 6000 \u00eeles dans l\u2019oc\u00e9an Pacifique et d\u2019environ 127 million d\u2019habitants, formant l\u2019un des pays les plus peupl\u00e9s au monde. Les quatre \u00eeles les plus importantes sont Honshu, Hokkaido, Kyushu et Shikoku, qui sont divis\u00e9es en huit <a href=\"https:\/\/www.jrailpass.com\/blog\/fr\/regions-du-japon\">r\u00e9gions<\/a>.<\/p>\n<p>Le Japon est un pays riche en traditions, culture et technologie. Chaque ville offre aux visiteurs un aper\u00e7u unique de la culture japonaise. Dans cette section, vous trouverez tout ce que vous devez savoir sur les grandes villes du Japon : que faire, o\u00f9 manger, o\u00f9 acheter, quand vous y rendre et comment utiliser votre <a href=\"https:\/\/www.jrailpass.com\/fr\/\">JR Pass<\/a> pour vous d\u00e9placer de ville en ville.<\/p>\n<p><!--more--><\/p>\n<div id=\"toc_container\" class=\"toc_white no_bullets\"><p class=\"toc_title\">Table of Contents<\/p><ul class=\"toc_list\"><li><a href=\"#Tokyo\"><span class=\"toc_number toc_depth_1\">1<\/span> Tokyo<\/a><\/li><li><a href=\"#Kyoto\"><span class=\"toc_number toc_depth_1\">2<\/span> Kyoto<\/a><\/li><li><a href=\"#Osaka\"><span class=\"toc_number toc_depth_1\">3<\/span> Osaka<\/a><\/li><li><a href=\"#Autres_villes_et_destinations_d8217importance\"><span class=\"toc_number toc_depth_1\">4<\/span> Autres villes et destinations d&#8217;importance<\/a><ul><li><a href=\"#Yokohama\"><span class=\"toc_number toc_depth_2\">4.1<\/span> Yokohama<\/a><\/li><li><a href=\"#Nagoya\"><span class=\"toc_number toc_depth_2\">4.2<\/span> Nagoya<\/a><\/li><li><a href=\"#Kobe\"><span class=\"toc_number toc_depth_2\">4.3<\/span> Kobe<\/a><\/li><li><a href=\"#Fukuoka\"><span class=\"toc_number toc_depth_2\">4.4<\/span> Fukuoka<\/a><\/li><li><a href=\"#Hiroshima\"><span class=\"toc_number toc_depth_2\">4.5<\/span> Hiroshima<\/a><\/li><li><a href=\"#Sapporo\"><span class=\"toc_number toc_depth_2\">4.6<\/span> Sapporo<\/a><\/li><\/ul><\/li><\/ul><\/div>\n<h2><span id=\"Tokyo\">Tokyo<\/span><\/h2>\n<p><img loading=\"lazy\"  decoding=\"async\" loading=\"lazy\" class=\"alignleft wp-image-54\" src=\"https:\/\/www.jrailpass.com\/blog\/wp-content\/uploads\/2016\/06\/tokyo-shibuya-crossing-e1465829941954-300x182.jpg\" alt=\"Shibuya crossing in Tokyo\" width=\"300\" height=\"182\" \/><\/p>\n<p><a href=\"https:\/\/www.jrailpass.com\/blog\/fr\/grandes-villes-japonaises\/guide-de-voyage-tokyo\"><strong>Tokyo<\/strong><\/a> est la capitale du Japon et la m\u00e9tropole la plus peupl\u00e9e du monde. Entre ses temples traditionnels majestueux et les n\u00e9ons brillants de Shibuya, c\u2019est l\u2019une des villes les plus captivantes de la plan\u00e8te.<\/p>\n<p>Tokyo a quelque chose \u00e0 offrir \u00e0 tous et est un endroit \u00e0 visiter au moins une fois dans sa vie. Planifiez votre s\u00e9jour \u00e0 Tokyo \u00e0 la perfection en lisant nos guides de voyage.<\/p>\n<h2><span id=\"Kyoto\">Kyoto<\/span><\/h2>\n<p><img loading=\"lazy\"  decoding=\"async\" loading=\"lazy\" class=\"alignleft wp-image-1985 size-full\" src=\"https:\/\/www.jrailpass.com\/blog\/wp-content\/uploads\/2017\/09\/kyoto-golden-pavilion.jpg\" alt=\"Golden Pavilion in Kyoto (Kansai)\" width=\"300\" height=\"200\" \/><\/p>\n<p><a href=\"https:\/\/www.jrailpass.com\/blog\/fr\/grandes-villes-japonaises\/guide-du-voyage-kyoto\"><strong>Kyoto<\/strong><\/a>, souvent consid\u00e9r\u00e9e comme la plus belle ville du Japon, \u00e9tait la capitale japonaise jusqu\u2019\u00e0 ce que le gouvernement d\u00e9m\u00e9nage \u00e0 Tokyo en 1868. Cependant, avec ses plus de 1000 temples bouddhistes, la ville est rest\u00e9e le centre religieux du Japon.<\/p>\n<p>Kyoto abrite \u00e9galement certains des monuments les plus embl\u00e9matiques du Japon, des jardins, temples et \u0153uvres d\u2019art plus exquis et sublimes que tout.<\/p>\n<h2><span id=\"Osaka\">Osaka<\/span><\/h2>\n<p><img loading=\"lazy\"  decoding=\"async\" loading=\"lazy\" class=\"alignleft wp-image-78 size-medium\" src=\"https:\/\/www.jrailpass.com\/blog\/wp-content\/uploads\/2016\/05\/dotonbori-glico-man-osaka-300x200.jpg\" alt=\"Dotonbori neon lights in Osaka\" width=\"300\" height=\"200\" \/><\/p>\n<p><a href=\"https:\/\/www.jrailpass.com\/blog\/fr\/grandes-villes-japonaises\/guide-de-voyage-osaka\"><strong>Osaka<\/strong><\/a> est la troisi\u00e8me ville la plus peupl\u00e9e du Japon et \u00e9tait la premi\u00e8re capitale du pays. Elle est toujours consid\u00e9r\u00e9e comme un centre \u00e9conomique vital au Japon. Elle abrite le plus grand port maritime du Japon et de nombreuses industries japonaises de pointe.<\/p>\n<p>Osaka est \u00e9galement consid\u00e9r\u00e9e comme un paradis culinaire : son surnom Tenka no Daidokoro signifie la cuisine de la nation.<\/p>\n<p>&nbsp;<\/p>\n<p style=\"text-align: center;\">\n                    <a class=\"fasc-button banner-button-shortcode fasc-size-large fasc-type-flat fasc-rounded-medium ico-fa fasc-ico-after fa-chevron-circle-right fasc-style-bold\" href=\"https:\/\/www.jrailpass.com\/fr\/le-japan-rail-pass\">\n                        Achetez votre Japan Rail Pass\n                    <\/a>\n                <\/p>\n<h2><span id=\"Autres_villes_et_destinations_d8217importance\">Autres villes et destinations d&#8217;importance<\/span><\/h2>\n<h3><span id=\"Yokohama\">Yokohama<\/span><\/h3>\n<p><img loading=\"lazy\"  decoding=\"async\" loading=\"lazy\" class=\"size-medium wp-image-1899 alignleft\" src=\"https:\/\/www.jrailpass.com\/blog\/wp-content\/uploads\/2017\/09\/yokohama-mount-fuji-e1504269383160-300x160.jpg\" alt=\"Yokohama and Mount Fuji\" width=\"300\" height=\"160\" \/>Situ\u00e9 dans la p\u00e9riph\u00e9rie de Tokyo, <a href=\"https:\/\/www.jrailpass.com\/blog\/yokohama-travel-guide\"><strong>Yokohama<\/strong><\/a> est la deuxi\u00e8me ville la plus peupl\u00e9e du Japon, situ\u00e9e \u00e0 20 minutes en train au sud de la gare de Tokyo. Gastronomes et voyageurs curieux ne devraient pas manquer la baie de Yokohama et Chinatown.<\/p>\n<h3><span id=\"Nagoya\">Nagoya<\/span><\/h3>\n<p><img loading=\"lazy\"  decoding=\"async\" loading=\"lazy\" class=\"size-medium wp-image-1476 alignleft\" src=\"https:\/\/www.jrailpass.com\/blog\/wp-content\/uploads\/2017\/06\/nagoya-city-300x152.jpg\" alt=\"Nagoya city and skyline\" width=\"300\" height=\"152\" srcset=\"https:\/\/www.jrailpass.com\/blog\/wp-content\/uploads\/2017\/06\/nagoya-city-300x152.jpg 300w, https:\/\/www.jrailpass.com\/blog\/wp-content\/uploads\/2017\/06\/nagoya-city-768x388.jpg 768w, https:\/\/www.jrailpass.com\/blog\/wp-content\/uploads\/2017\/06\/nagoya-city.jpg 800w\" sizes=\"(max-width: 300px) 100vw, 300px\" \/>La plus grande ville de la r\u00e9gion centrale de Chubu, <a href=\"https:\/\/www.jrailpass.com\/blog\/nagoya-travel-guide\"><strong>Nagoya<\/strong><\/a> est l\u2019un des ports principaux du Japon et \u00e9galement une importante plateforme de trains Shinkansen. Shopping, science, parcs d\u2019attraction id\u00e9aux pour les enfants\u2026, ne manquez pas les attractions de Nagoya.<\/p>\n<h3><span id=\"Kobe\">Kobe<\/span><\/h3>\n<p><img loading=\"lazy\"  decoding=\"async\" loading=\"lazy\" class=\"alignleft wp-image-400 size-medium\" src=\"https:\/\/www.jrailpass.com\/blog\/wp-content\/uploads\/2016\/09\/Kobe_maritime_museum2-by-Tomomarusan-wikimedia-e1513075887374-300x188.jpg\" alt=\"Kobe maritime museum\" width=\"300\" height=\"188\" srcset=\"https:\/\/www.jrailpass.com\/blog\/wp-content\/uploads\/2016\/09\/Kobe_maritime_museum2-by-Tomomarusan-wikimedia-e1513075887374-300x188.jpg 300w, https:\/\/www.jrailpass.com\/blog\/wp-content\/uploads\/2016\/09\/Kobe_maritime_museum2-by-Tomomarusan-wikimedia-e1513075887374-768x482.jpg 768w, https:\/\/www.jrailpass.com\/blog\/wp-content\/uploads\/2016\/09\/Kobe_maritime_museum2-by-Tomomarusan-wikimedia-e1513075887374.jpg 800w\" sizes=\"(max-width: 300px) 100vw, 300px\" \/>Nich\u00e9e entre la mer d\u2019un c\u00f4t\u00e9 et une majestueuse cha\u00eene montagneuse de l\u2019autre, <a href=\"https:\/\/www.jrailpass.com\/blog\/kobe-travel-guide\"><strong>Kobe<\/strong><\/a> est proche d\u2019Osaka et de Kyoto et est consid\u00e9r\u00e9e comme l\u2019une des plus belles villes portuaires du Japon\u2026 Sans oublier le d\u00e9licieux boeuf de Kobe!<\/p>\n<h3><span id=\"Fukuoka\">Fukuoka<\/span><\/h3>\n<p><img loading=\"lazy\"  decoding=\"async\" loading=\"lazy\" class=\"alignleft wp-image-96 size-medium\" src=\"https:\/\/www.jrailpass.com\/blog\/wp-content\/uploads\/2016\/06\/fukuoka-tower-300x200.jpg\" alt=\"\" width=\"300\" height=\"200\" \/><br \/>\nLa ville de <a href=\"https:\/\/www.jrailpass.com\/blog\/fukuoka-travel-guide\"><strong>Fukuoka<\/strong><\/a> est l\u2019une des principales destinations touristiques du sud du Japon, et fait partie des dix villes les plus peupl\u00e9es du pays. C\u2019est la plus grande ville de l\u2019\u00eele de Kyushu, et elle offre des tas d\u2019exp\u00e9riences touristiques incroyables.<\/p>\n<h3><span id=\"Hiroshima\">Hiroshima<\/span><\/h3>\n<p><img loading=\"lazy\"  decoding=\"async\" loading=\"lazy\" class=\"size-medium wp-image-940 alignleft\" src=\"https:\/\/www.jrailpass.com\/blog\/wp-content\/uploads\/2017\/02\/hiroshima-river-peace-park-300x175.jpg\" alt=\"Hiroshima river peace park\" width=\"300\" height=\"175\" \/>Les profondes racines historiques d\u2019<a href=\"https:\/\/www.jrailpass.com\/blog\/hiroshima-travel-guide\"><strong>Hiroshima<\/strong><\/a> sont \u00e9videntes dans ses anciens ch\u00e2teaux et jardins, ainsi que dans les restes de l\u2019explosion d\u2019une bombe atomique durant la Seconde guerre mondiale. De nos jours, Hiroshima et l\u2019\u00eele voisine de <a href=\"https:\/\/www.jrailpass.com\/blog\/miyajima-travel-guide\">Miyajima<\/a> abritent plus d\u2019un million d\u2019habitants et sont une destination pris\u00e9e des touristes.<\/p>\n<h3><span id=\"Sapporo\">Sapporo<\/span><\/h3>\n<p><img loading=\"lazy\"  decoding=\"async\" loading=\"lazy\" class=\"size-medium wp-image-2305 alignleft\" src=\"https:\/\/www.jrailpass.com\/blog\/wp-content\/uploads\/2017\/09\/odori-park-sapporo-e1506683349949-300x174.jpg\" alt=\"Odori Park in Sapporo\" width=\"300\" height=\"174\" \/><a href=\"https:\/\/www.jrailpass.com\/blog\/sapporo-travel-guide\"><strong>Sapporo<\/strong><\/a> est la cinqui\u00e8me plus grande ville du Japon et la capitale de l\u2019\u00eele septentrionale d\u2019Hokkaido. En moins de deux si\u00e8cles, Sapporo a connu une croissance rapide et est \u00e0 pr\u00e9sent c\u00e9l\u00e8bre pour ses stations de sport d\u2019hiver, ses zones de plein air, le ramen et la bi\u00e8re.<\/p>\n<div style=\"clear: both;\"><\/div>\n","protected":false},"excerpt":{"rendered":"<p>L\u2019archipel japonais est dot\u00e9 de plus de 6000 \u00eeles dans l\u2019oc\u00e9an Pacifique et d\u2019environ 127 million d\u2019habitants, formant l\u2019un des pays les plus peupl\u00e9s au monde. Les quatre \u00eeles les plus importantes sont Honshu, Hokkaido, Kyushu et Shikoku, qui sont divis\u00e9es en huit r\u00e9gions. Le Japon est un pays riche en traditions, culture et technologie. Chaque ville offre aux visiteurs un aper\u00e7u unique de la culture japonaise. Dans cette section, vous trouverez tout ce que vous devez savoir sur les grandes villes du Japon : que faire, o\u00f9 manger, o\u00f9 acheter, quand vous y rendre et comment utiliser votre JR &hellip; <a href=\"https:\/\/www.jrailpass.com\/blog\/fr\/grandes-villes-japonaises\" class=\"more-link\">Lire la suite<span class=\"screen-reader-text\"> &#8220;Grandes villes japonaises&#8221;<\/span><\/a><\/p>\n","protected":false},"author":2,"featured_media":0,"parent":0,"menu_order":0,"comment_status":"closed","ping_status":"closed","template":"","meta":[],"acf":{"related_tours":{"tour_number":false}},"yoast_head":"<!-- This site is optimized with the Yoast SEO plugin v20.10 - https:\/\/yoast.com\/wordpress\/plugins\/seo\/ -->\n<title>Les villes les plus importantes du Japon - Japan Rail Pass<\/title>\n<meta name=\"description\" content=\"Chaque ville japonaise offre une culture vraiment unique. D\u00e9couvrez tout ce que vous devez savoir sur Tokyo, Osaka, Kyoto et d&#039;autres destinations populaires au Japon.\" \/>\n<meta name=\"robots\" content=\"index, follow, max-snippet:-1, max-image-preview:large, max-video-preview:-1\" \/>\n<link rel=\"canonical\" href=\"https:\/\/www.jrailpass.com\/blog\/fr\/wp-json\/wp\/v2\/pages\/4113\" \/>\n<meta property=\"og:locale\" content=\"fr_FR\" \/>\n<meta property=\"og:type\" content=\"article\" \/>\n<meta property=\"og:title\" content=\"Les villes les plus importantes du Japon - Japan Rail Pass\" \/>\n<meta property=\"og:description\" content=\"Chaque ville japonaise offre une culture vraiment unique. D\u00e9couvrez tout ce que vous devez savoir sur Tokyo, Osaka, Kyoto et d&#039;autres destinations populaires au Japon.\" \/>\n<meta property=\"og:url\" content=\"https:\/\/www.jrailpass.com\/blog\/fr\/grandes-villes-japonaises\" \/>\n<meta property=\"og:site_name\" content=\"Blog de voyage au Japon | JRailPass\" \/>\n<meta property=\"article:modified_time\" content=\"2018-10-23T10:28:02+00:00\" \/>\n<meta property=\"og:image\" content=\"https:\/\/www.jrailpass.com\/blog\/wp-content\/uploads\/2016\/06\/tokyo-shibuya-crossing-e1465829941954-300x182.jpg\" \/>\n<meta name=\"twitter:card\" content=\"summary_large_image\" \/>\n<script type=\"application\/ld+json\" class=\"yoast-schema-graph\">{\"@context\":\"https:\/\/schema.org\",\"@graph\":[{\"@type\":\"WebPage\",\"@id\":\"https:\/\/www.jrailpass.com\/blog\/fr\/grandes-villes-japonaises\",\"url\":\"https:\/\/www.jrailpass.com\/blog\/fr\/grandes-villes-japonaises\",\"name\":\"Les villes les plus importantes du Japon - Japan Rail Pass\",\"isPartOf\":{\"@id\":\"https:\/\/www.jrailpass.com\/blog\/fr#website\"},\"datePublished\":\"2018-08-22T11:55:58+00:00\",\"dateModified\":\"2018-10-23T10:28:02+00:00\",\"description\":\"Chaque ville japonaise offre une culture vraiment unique. D\u00e9couvrez tout ce que vous devez savoir sur Tokyo, Osaka, Kyoto et d'autres destinations populaires au Japon.\",\"breadcrumb\":{\"@id\":\"https:\/\/www.jrailpass.com\/blog\/fr\/grandes-villes-japonaises#breadcrumb\"},\"inLanguage\":\"fr\",\"potentialAction\":[{\"@type\":\"ReadAction\",\"target\":[\"https:\/\/www.jrailpass.com\/blog\/fr\/grandes-villes-japonaises\"]}]},{\"@type\":\"BreadcrumbList\",\"@id\":\"https:\/\/www.jrailpass.com\/blog\/fr\/grandes-villes-japonaises#breadcrumb\",\"itemListElement\":[{\"@type\":\"ListItem\",\"position\":1,\"name\":\"Japan Travel Blog\",\"item\":\"https:\/\/www.jrailpass.com\/blog\/fr\"},{\"@type\":\"ListItem\",\"position\":2,\"name\":\"Grandes villes japonaises\"}]},{\"@type\":\"WebSite\",\"@id\":\"https:\/\/www.jrailpass.com\/blog\/fr#website\",\"url\":\"https:\/\/www.jrailpass.com\/blog\/fr\",\"name\":\"Blog de voyage au Japon | JRailPass\",\"description\":\"D\u00e9couvrez le Japon en train avec le Japan Rail Pass\",\"publisher\":{\"@id\":\"https:\/\/www.jrailpass.com\/blog\/fr#organization\"},\"potentialAction\":[{\"@type\":\"SearchAction\",\"target\":{\"@type\":\"EntryPoint\",\"urlTemplate\":\"https:\/\/www.jrailpass.com\/blog\/fr?s={search_term_string}\"},\"query-input\":\"required name=search_term_string\"}],\"inLanguage\":\"fr\"},{\"@type\":\"Organization\",\"@id\":\"https:\/\/www.jrailpass.com\/blog\/fr#organization\",\"name\":\"Japan Rail Pass S.L. - JRailPass.com\",\"url\":\"https:\/\/www.jrailpass.com\/blog\/fr\",\"logo\":{\"@type\":\"ImageObject\",\"inLanguage\":\"fr\",\"@id\":\"https:\/\/www.jrailpass.com\/blog\/fr#\/schema\/logo\/image\/\",\"url\":\"https:\/\/www.jrailpass.com\/blog\/wp-content\/uploads\/2017\/10\/logo.png\",\"contentUrl\":\"https:\/\/www.jrailpass.com\/blog\/wp-content\/uploads\/2017\/10\/logo.png\",\"width\":214,\"height\":60,\"caption\":\"Japan Rail Pass S.L. - JRailPass.com\"},\"image\":{\"@id\":\"https:\/\/www.jrailpass.com\/blog\/fr#\/schema\/logo\/image\/\"}}]}<\/script>\n<!-- \/ Yoast SEO plugin. -->","yoast_head_json":{"title":"Les villes les plus importantes du Japon - Japan Rail Pass","description":"Chaque ville japonaise offre une culture vraiment unique. D\u00e9couvrez tout ce que vous devez savoir sur Tokyo, Osaka, Kyoto et d'autres destinations populaires au Japon.","robots":{"index":"index","follow":"follow","max-snippet":"max-snippet:-1","max-image-preview":"max-image-preview:large","max-video-preview":"max-video-preview:-1"},"canonical":"https:\/\/www.jrailpass.com\/blog\/fr\/wp-json\/wp\/v2\/pages\/4113","og_locale":"fr_FR","og_type":"article","og_title":"Les villes les plus importantes du Japon - Japan Rail Pass","og_description":"Chaque ville japonaise offre une culture vraiment unique. D\u00e9couvrez tout ce que vous devez savoir sur Tokyo, Osaka, Kyoto et d'autres destinations populaires au Japon.","og_url":"https:\/\/www.jrailpass.com\/blog\/fr\/grandes-villes-japonaises","og_site_name":"Blog de voyage au Japon | JRailPass","article_modified_time":"2018-10-23T10:28:02+00:00","og_image":[{"url":"https:\/\/www.jrailpass.com\/blog\/wp-content\/uploads\/2016\/06\/tokyo-shibuya-crossing-e1465829941954-300x182.jpg"}],"twitter_card":"summary_large_image","schema":{"@context":"https:\/\/schema.org","@graph":[{"@type":"WebPage","@id":"https:\/\/www.jrailpass.com\/blog\/fr\/grandes-villes-japonaises","url":"https:\/\/www.jrailpass.com\/blog\/fr\/grandes-villes-japonaises","name":"Les villes les plus importantes du Japon - Japan Rail Pass","isPartOf":{"@id":"https:\/\/www.jrailpass.com\/blog\/fr#website"},"datePublished":"2018-08-22T11:55:58+00:00","dateModified":"2018-10-23T10:28:02+00:00","description":"Chaque ville japonaise offre une culture vraiment unique. D\u00e9couvrez tout ce que vous devez savoir sur Tokyo, Osaka, Kyoto et d'autres destinations populaires au Japon.","breadcrumb":{"@id":"https:\/\/www.jrailpass.com\/blog\/fr\/grandes-villes-japonaises#breadcrumb"},"inLanguage":"fr","potentialAction":[{"@type":"ReadAction","target":["https:\/\/www.jrailpass.com\/blog\/fr\/grandes-villes-japonaises"]}]},{"@type":"BreadcrumbList","@id":"https:\/\/www.jrailpass.com\/blog\/fr\/grandes-villes-japonaises#breadcrumb","itemListElement":[{"@type":"ListItem","position":1,"name":"Japan Travel Blog","item":"https:\/\/www.jrailpass.com\/blog\/fr"},{"@type":"ListItem","position":2,"name":"Grandes villes japonaises"}]},{"@type":"WebSite","@id":"https:\/\/www.jrailpass.com\/blog\/fr#website","url":"https:\/\/www.jrailpass.com\/blog\/fr","name":"Blog de voyage au Japon | JRailPass","description":"D\u00e9couvrez le Japon en train avec le Japan Rail Pass","publisher":{"@id":"https:\/\/www.jrailpass.com\/blog\/fr#organization"},"potentialAction":[{"@type":"SearchAction","target":{"@type":"EntryPoint","urlTemplate":"https:\/\/www.jrailpass.com\/blog\/fr?s={search_term_string}"},"query-input":"required name=search_term_string"}],"inLanguage":"fr"},{"@type":"Organization","@id":"https:\/\/www.jrailpass.com\/blog\/fr#organization","name":"Japan Rail Pass S.L. - JRailPass.com","url":"https:\/\/www.jrailpass.com\/blog\/fr","logo":{"@type":"ImageObject","inLanguage":"fr","@id":"https:\/\/www.jrailpass.com\/blog\/fr#\/schema\/logo\/image\/","url":"https:\/\/www.jrailpass.com\/blog\/wp-content\/uploads\/2017\/10\/logo.png","contentUrl":"https:\/\/www.jrailpass.com\/blog\/wp-content\/uploads\/2017\/10\/logo.png","width":214,"height":60,"caption":"Japan Rail Pass S.L. - JRailPass.com"},"image":{"@id":"https:\/\/www.jrailpass.com\/blog\/fr#\/schema\/logo\/image\/"}}]}},"_links":{"self":[{"href":"https:\/\/www.jrailpass.com\/blog\/fr\/wp-json\/wp\/v2\/pages\/4113"}],"collection":[{"href":"https:\/\/www.jrailpass.com\/blog\/fr\/wp-json\/wp\/v2\/pages"}],"about":[{"href":"https:\/\/www.jrailpass.com\/blog\/fr\/wp-json\/wp\/v2\/types\/page"}],"author":[{"embeddable":true,"href":"https:\/\/www.jrailpass.com\/blog\/fr\/wp-json\/wp\/v2\/users\/2"}],"replies":[{"embeddable":true,"href":"https:\/\/www.jrailpass.com\/blog\/fr\/wp-json\/wp\/v2\/comments?post=4113"}],"version-history":[{"count":0,"href":"https:\/\/www.jrailpass.com\/blog\/fr\/wp-json\/wp\/v2\/pages\/4113\/revisions"}],"wp:attachment":[{"href":"https:\/\/www.jrailpass.com\/blog\/fr\/wp-json\/wp\/v2\/media?parent=4113"}],"curies":[{"name":"wp","href":"https:\/\/api.w.org\/{rel}","templated":true}]}}