{"id":17904,"date":"2023-06-20T15:52:50","date_gmt":"2023-06-20T13:52:50","guid":{"rendered":"https:\/\/www.jrailpass.com\/blog?page_id=17904"},"modified":"2023-06-20T15:54:46","modified_gmt":"2023-06-20T13:54:46","slug":"guide-du-voyage-a-kyoto","status":"publish","type":"page","link":"https:\/\/www.jrailpass.com\/blog\/fr\/grandes-villes-japonaises\/guide-du-voyage-a-kyoto","title":{"rendered":"Guide de voyage \u00e0 Kyoto"},"content":{"rendered":"<p>Kyoto, situ\u00e9e dans la partie centrale de l\u2019\u00eele de Honshu, est souvent <strong>consid\u00e9r\u00e9e comme la plus belle ville du Japon<\/strong>.<\/p>\n<p>Kyoto \u00e9tait la capitale du Japon jusqu\u2019\u00e0 ce que le gouvernement d\u00e9m\u00e9nage \u00e0 Tokyo en 1868. Cependant, avec plus de 1000 temples bouddhistes, Kyoto est rest\u00e9e le <strong>centre religieux du Japon<\/strong>. La ville abrite certains des monuments les plus embl\u00e9matiques du Japon ainsi que de magnifiques jardins, temples et \u0153uvres d\u2019art.<\/p>\n<p><strong>D\u00e9couvrez Kyoto et sa richesse extraordinaire gr\u00e2ce \u00e0 nos guides<\/strong>. Vous y trouverez des informations sur comment vous d\u00e9placer en ville, o\u00f9 manger, que faire et que voir, comme la c\u00e9l\u00e8bre bambouseraie d&#8217;Arashiyama, les milliers de portes torii du sanctuaire Fushimi Inari. Partez aussi en excursion \u00e0 Osaka, \u00e0 Nara ou au ch\u00e2teau Himeji.<\/p>\n<h2>Se d\u00e9placer \u00e0 Kyoto<\/h2>\n<p><img loading=\"lazy\"  decoding=\"async\" loading=\"lazy\" class=\"alignleft wp-image-76 size-medium\" src=\"https:\/\/www.jrailpass.com\/blog\/wp-content\/uploads\/2016\/05\/fushimi-inari-kyoto-300x200.jpg\" alt=\"Portes torii Fushimi Inari\" width=\"300\" height=\"200\" \/><\/p>\n<ul style=\"list-style-type: none;\">\n<li style=\"list-style-type: none;\">\n<ul style=\"list-style-type: none;\">\n<li><a href=\"https:\/\/www.jrailpass.com\/blog\/fr\/se-deplacer-dans-kyoto\">Utiliser le JR Pass \u00e0 Kyoto<\/a><\/li>\n<li><a href=\"https:\/\/www.jrailpass.com\/blog\/fr\/gare-de-kyoto\">Gare de Kyoto<\/a><\/li>\n<li><a href=\"https:\/\/www.jrailpass.com\/blog\/fr\/haruka-express-aeroport-osaka-kyoto-jr-pass\">Haruka Express : a\u00e9roport du Kansai<\/a><\/li>\n<li><a href=\"https:\/\/www.jrailpass.com\/blog\/fr\/tokyo-a-kyoto-et-osaka\">Comment aller de Kyoto \u00e0 Tokyo et Osaka<\/a><\/li>\n<li><a href=\"https:\/\/www.jrailpass.com\/blog\/fr\/train-romantique-sagano-railway\">Train panoramique Sagano Scenic Railway<\/a><\/li>\n<\/ul>\n<p>&nbsp;<\/p>\n<h2>Itin\u00e9raires et lieux d&#8217;int\u00e9r\u00eat<\/h2>\n<p><img loading=\"lazy\"  decoding=\"async\" loading=\"lazy\" class=\"alignleft wp-image-1417 size-medium\" src=\"https:\/\/www.jrailpass.com\/blog\/wp-content\/uploads\/2017\/05\/nara-great-buddha-300x188.jpg\" alt=\"Grand Bouddha du temple Todai-ji \u00e0 Nara\" width=\"300\" height=\"188\" \/><\/p>\n<ul style=\"list-style-type: none;\">\n<li><a href=\"https:\/\/www.jrailpass.com\/blog\/fr\/choses-a-faire-a-kyoto\">Visites incontournables \u00e0 Kyoto<\/a><\/li>\n<li><a href=\"https:\/\/www.jrailpass.com\/blog\/fr\/excursions-depuis-kyoto-en-train\">Meilleures excursions depuis Kyoto<\/a><\/li>\n<li><a href=\"https:\/\/www.jrailpass.com\/blog\/fr\/chateau-himeji\">Guide de voyage \u00e0 Himeji<\/a><\/li>\n<li><a href=\"https:\/\/www.jrailpass.com\/blog\/fr\/guide-de-voyage-a-nara\">Guide de voyage \u00e0 Nara<\/a><\/li>\n<li><a href=\"https:\/\/www.jrailpass.com\/blog\/fr\/grandes-villes-japonaises\/guide-de-voyage-osaka\">Guide de voyage \u00e0 Osaka<\/a><\/li>\n<li><a href=\"https:\/\/www.jrailpass.com\/blog\/uji-travel-guide\">Guide de voyage \u00e0 Uji<\/a><\/li>\n<\/ul>\n<div class=\"clear\"><\/div>\n<\/li>\n<\/ul>\n","protected":false},"excerpt":{"rendered":"<p>Kyoto, situ\u00e9e dans la partie centrale de l\u2019\u00eele de Honshu, est souvent consid\u00e9r\u00e9e comme la plus belle ville du Japon. Kyoto \u00e9tait la capitale du Japon jusqu\u2019\u00e0 ce que le gouvernement d\u00e9m\u00e9nage \u00e0 Tokyo en 1868. Cependant, avec plus de 1000 temples bouddhistes, Kyoto est rest\u00e9e le centre religieux du Japon. La ville abrite certains des monuments les plus embl\u00e9matiques du Japon ainsi que de magnifiques jardins, temples et \u0153uvres d\u2019art. D\u00e9couvrez Kyoto et sa richesse extraordinaire gr\u00e2ce \u00e0 nos guides. Vous y trouverez des informations sur comment vous d\u00e9placer en ville, o\u00f9 manger, que faire et que voir, comme &hellip; <a href=\"https:\/\/www.jrailpass.com\/blog\/fr\/grandes-villes-japonaises\/guide-du-voyage-a-kyoto\" class=\"more-link\">Lire la suite<span class=\"screen-reader-text\"> &#8220;Guide de voyage \u00e0 Kyoto&#8221;<\/span><\/a><\/p>\n","protected":false},"author":2,"featured_media":108,"parent":4113,"menu_order":0,"comment_status":"closed","ping_status":"closed","template":"","meta":[],"acf":{"bread_1":false,"bread_2":false,"bread_3":false,"bread_4":false,"bread_5":false,"bread_6":false,"bread_7":false,"bread_last":false,"custom_guide":"","shortcodes":false},"yoast_head":"<!-- This site is optimized with the Yoast SEO plugin v20.10 - https:\/\/yoast.com\/wordpress\/plugins\/seo\/ -->\n<title>Guide de voyage \u00e0 Kyoto - Blog de voyage au Japon | JRailPass<\/title>\n<meta name=\"description\" content=\"D\u00e9couvrez le meilleur de Kyoto gr\u00e2ce au JR Pass : comment vous d\u00e9placer, que faire, que voir et les meilleurs temples, jardins et attractions du Kansai.\" \/>\n<meta name=\"robots\" content=\"index, follow, max-snippet:-1, max-image-preview:large, max-video-preview:-1\" \/>\n<link rel=\"canonical\" href=\"https:\/\/www.jrailpass.com\/blog\/fr\/wp-json\/wp\/v2\/pages\/17904\" \/>\n<meta property=\"og:locale\" content=\"fr_FR\" \/>\n<meta property=\"og:type\" content=\"article\" \/>\n<meta property=\"og:title\" content=\"Guide de voyage \u00e0 Kyoto - Blog de voyage au Japon | JRailPass\" \/>\n<meta property=\"og:description\" content=\"D\u00e9couvrez le meilleur de Kyoto gr\u00e2ce au JR Pass : comment vous d\u00e9placer, que faire, que voir et les meilleurs temples, jardins et attractions du Kansai.\" \/>\n<meta property=\"og:url\" content=\"https:\/\/www.jrailpass.com\/blog\/fr\/grandes-villes-japonaises\/guide-du-voyage-a-kyoto\" \/>\n<meta property=\"og:site_name\" content=\"Blog de voyage au Japon | JRailPass\" \/>\n<meta property=\"article:modified_time\" content=\"2023-06-20T13:54:46+00:00\" \/>\n<meta property=\"og:image\" content=\"https:\/\/www.jrailpass.com\/blog\/wp-content\/uploads\/2016\/06\/fushimi-inari-kyoto-e1466611685316.jpg\" \/>\n\t<meta property=\"og:image:width\" content=\"800\" \/>\n\t<meta property=\"og:image:height\" content=\"534\" \/>\n\t<meta property=\"og:image:type\" content=\"image\/jpeg\" \/>\n<meta name=\"twitter:card\" content=\"summary_large_image\" \/>\n<script type=\"application\/ld+json\" class=\"yoast-schema-graph\">{\"@context\":\"https:\/\/schema.org\",\"@graph\":[{\"@type\":\"WebPage\",\"@id\":\"https:\/\/www.jrailpass.com\/blog\/fr\/grandes-villes-japonaises\/guide-du-voyage-a-kyoto\",\"url\":\"https:\/\/www.jrailpass.com\/blog\/fr\/grandes-villes-japonaises\/guide-du-voyage-a-kyoto\",\"name\":\"Guide de voyage \u00e0 Kyoto - Blog de voyage au Japon | JRailPass\",\"isPartOf\":{\"@id\":\"https:\/\/www.jrailpass.com\/blog\/fr#website\"},\"datePublished\":\"2023-06-20T13:52:50+00:00\",\"dateModified\":\"2023-06-20T13:54:46+00:00\",\"description\":\"D\u00e9couvrez le meilleur de Kyoto gr\u00e2ce au JR Pass : comment vous d\u00e9placer, que faire, que voir et les meilleurs temples, jardins et attractions du Kansai.\",\"breadcrumb\":{\"@id\":\"https:\/\/www.jrailpass.com\/blog\/fr\/grandes-villes-japonaises\/guide-du-voyage-a-kyoto#breadcrumb\"},\"inLanguage\":\"fr\",\"potentialAction\":[{\"@type\":\"ReadAction\",\"target\":[\"https:\/\/www.jrailpass.com\/blog\/fr\/grandes-villes-japonaises\/guide-du-voyage-a-kyoto\"]}]},{\"@type\":\"BreadcrumbList\",\"@id\":\"https:\/\/www.jrailpass.com\/blog\/fr\/grandes-villes-japonaises\/guide-du-voyage-a-kyoto#breadcrumb\",\"itemListElement\":[{\"@type\":\"ListItem\",\"position\":1,\"name\":\"Japan Travel Blog\",\"item\":\"https:\/\/www.jrailpass.com\/blog\/fr\"},{\"@type\":\"ListItem\",\"position\":2,\"name\":\"Grandes villes japonaises\",\"item\":\"https:\/\/www.jrailpass.com\/blog\/fr\/grandes-villes-japonaises\"},{\"@type\":\"ListItem\",\"position\":3,\"name\":\"Guide de voyage \u00e0 Kyoto\"}]},{\"@type\":\"WebSite\",\"@id\":\"https:\/\/www.jrailpass.com\/blog\/fr#website\",\"url\":\"https:\/\/www.jrailpass.com\/blog\/fr\",\"name\":\"Blog de voyage au Japon | JRailPass\",\"description\":\"D\u00e9couvrez le Japon en train avec le Japan Rail Pass\",\"publisher\":{\"@id\":\"https:\/\/www.jrailpass.com\/blog\/fr#organization\"},\"potentialAction\":[{\"@type\":\"SearchAction\",\"target\":{\"@type\":\"EntryPoint\",\"urlTemplate\":\"https:\/\/www.jrailpass.com\/blog\/fr?s={search_term_string}\"},\"query-input\":\"required name=search_term_string\"}],\"inLanguage\":\"fr\"},{\"@type\":\"Organization\",\"@id\":\"https:\/\/www.jrailpass.com\/blog\/fr#organization\",\"name\":\"Japan Rail Pass S.L. - JRailPass.com\",\"url\":\"https:\/\/www.jrailpass.com\/blog\/fr\",\"logo\":{\"@type\":\"ImageObject\",\"inLanguage\":\"fr\",\"@id\":\"https:\/\/www.jrailpass.com\/blog\/fr#\/schema\/logo\/image\/\",\"url\":\"https:\/\/www.jrailpass.com\/blog\/wp-content\/uploads\/2017\/10\/logo.png\",\"contentUrl\":\"https:\/\/www.jrailpass.com\/blog\/wp-content\/uploads\/2017\/10\/logo.png\",\"width\":214,\"height\":60,\"caption\":\"Japan Rail Pass S.L. - JRailPass.com\"},\"image\":{\"@id\":\"https:\/\/www.jrailpass.com\/blog\/fr#\/schema\/logo\/image\/\"}}]}<\/script>\n<!-- \/ Yoast SEO plugin. -->","yoast_head_json":{"title":"Guide de voyage \u00e0 Kyoto - Blog de voyage au Japon | JRailPass","description":"D\u00e9couvrez le meilleur de Kyoto gr\u00e2ce au JR Pass : comment vous d\u00e9placer, que faire, que voir et les meilleurs temples, jardins et attractions du Kansai.","robots":{"index":"index","follow":"follow","max-snippet":"max-snippet:-1","max-image-preview":"max-image-preview:large","max-video-preview":"max-video-preview:-1"},"canonical":"https:\/\/www.jrailpass.com\/blog\/fr\/wp-json\/wp\/v2\/pages\/17904","og_locale":"fr_FR","og_type":"article","og_title":"Guide de voyage \u00e0 Kyoto - Blog de voyage au Japon | JRailPass","og_description":"D\u00e9couvrez le meilleur de Kyoto gr\u00e2ce au JR Pass : comment vous d\u00e9placer, que faire, que voir et les meilleurs temples, jardins et attractions du Kansai.","og_url":"https:\/\/www.jrailpass.com\/blog\/fr\/grandes-villes-japonaises\/guide-du-voyage-a-kyoto","og_site_name":"Blog de voyage au Japon | JRailPass","article_modified_time":"2023-06-20T13:54:46+00:00","og_image":[{"width":800,"height":534,"url":"https:\/\/www.jrailpass.com\/blog\/wp-content\/uploads\/2016\/06\/fushimi-inari-kyoto-e1466611685316.jpg","type":"image\/jpeg"}],"twitter_card":"summary_large_image","schema":{"@context":"https:\/\/schema.org","@graph":[{"@type":"WebPage","@id":"https:\/\/www.jrailpass.com\/blog\/fr\/grandes-villes-japonaises\/guide-du-voyage-a-kyoto","url":"https:\/\/www.jrailpass.com\/blog\/fr\/grandes-villes-japonaises\/guide-du-voyage-a-kyoto","name":"Guide de voyage \u00e0 Kyoto - Blog de voyage au Japon | JRailPass","isPartOf":{"@id":"https:\/\/www.jrailpass.com\/blog\/fr#website"},"datePublished":"2023-06-20T13:52:50+00:00","dateModified":"2023-06-20T13:54:46+00:00","description":"D\u00e9couvrez le meilleur de Kyoto gr\u00e2ce au JR Pass : comment vous d\u00e9placer, que faire, que voir et les meilleurs temples, jardins et attractions du Kansai.","breadcrumb":{"@id":"https:\/\/www.jrailpass.com\/blog\/fr\/grandes-villes-japonaises\/guide-du-voyage-a-kyoto#breadcrumb"},"inLanguage":"fr","potentialAction":[{"@type":"ReadAction","target":["https:\/\/www.jrailpass.com\/blog\/fr\/grandes-villes-japonaises\/guide-du-voyage-a-kyoto"]}]},{"@type":"BreadcrumbList","@id":"https:\/\/www.jrailpass.com\/blog\/fr\/grandes-villes-japonaises\/guide-du-voyage-a-kyoto#breadcrumb","itemListElement":[{"@type":"ListItem","position":1,"name":"Japan Travel Blog","item":"https:\/\/www.jrailpass.com\/blog\/fr"},{"@type":"ListItem","position":2,"name":"Grandes villes japonaises","item":"https:\/\/www.jrailpass.com\/blog\/fr\/grandes-villes-japonaises"},{"@type":"ListItem","position":3,"name":"Guide de voyage \u00e0 Kyoto"}]},{"@type":"WebSite","@id":"https:\/\/www.jrailpass.com\/blog\/fr#website","url":"https:\/\/www.jrailpass.com\/blog\/fr","name":"Blog de voyage au Japon | JRailPass","description":"D\u00e9couvrez le Japon en train avec le Japan Rail Pass","publisher":{"@id":"https:\/\/www.jrailpass.com\/blog\/fr#organization"},"potentialAction":[{"@type":"SearchAction","target":{"@type":"EntryPoint","urlTemplate":"https:\/\/www.jrailpass.com\/blog\/fr?s={search_term_string}"},"query-input":"required name=search_term_string"}],"inLanguage":"fr"},{"@type":"Organization","@id":"https:\/\/www.jrailpass.com\/blog\/fr#organization","name":"Japan Rail Pass S.L. - JRailPass.com","url":"https:\/\/www.jrailpass.com\/blog\/fr","logo":{"@type":"ImageObject","inLanguage":"fr","@id":"https:\/\/www.jrailpass.com\/blog\/fr#\/schema\/logo\/image\/","url":"https:\/\/www.jrailpass.com\/blog\/wp-content\/uploads\/2017\/10\/logo.png","contentUrl":"https:\/\/www.jrailpass.com\/blog\/wp-content\/uploads\/2017\/10\/logo.png","width":214,"height":60,"caption":"Japan Rail Pass S.L. - JRailPass.com"},"image":{"@id":"https:\/\/www.jrailpass.com\/blog\/fr#\/schema\/logo\/image\/"}}]}},"_links":{"self":[{"href":"https:\/\/www.jrailpass.com\/blog\/fr\/wp-json\/wp\/v2\/pages\/17904"}],"collection":[{"href":"https:\/\/www.jrailpass.com\/blog\/fr\/wp-json\/wp\/v2\/pages"}],"about":[{"href":"https:\/\/www.jrailpass.com\/blog\/fr\/wp-json\/wp\/v2\/types\/page"}],"author":[{"embeddable":true,"href":"https:\/\/www.jrailpass.com\/blog\/fr\/wp-json\/wp\/v2\/users\/2"}],"replies":[{"embeddable":true,"href":"https:\/\/www.jrailpass.com\/blog\/fr\/wp-json\/wp\/v2\/comments?post=17904"}],"version-history":[{"count":0,"href":"https:\/\/www.jrailpass.com\/blog\/fr\/wp-json\/wp\/v2\/pages\/17904\/revisions"}],"up":[{"embeddable":true,"href":"https:\/\/www.jrailpass.com\/blog\/fr\/wp-json\/wp\/v2\/pages\/4113"}],"wp:featuredmedia":[{"embeddable":true,"href":"https:\/\/www.jrailpass.com\/blog\/fr\/wp-json\/wp\/v2\/media\/108"}],"wp:attachment":[{"href":"https:\/\/www.jrailpass.com\/blog\/fr\/wp-json\/wp\/v2\/media?parent=17904"}],"curies":[{"name":"wp","href":"https:\/\/api.w.org\/{rel}","templated":true}]}}