{"id":11338,"date":"2019-08-19T09:00:35","date_gmt":"2019-08-19T07:00:35","guid":{"rendered":"https:\/\/www.jrailpass.com\/blog?page_id=11338"},"modified":"2022-11-22T09:29:20","modified_gmt":"2022-11-22T08:29:20","slug":"visa-japon-en-ligne","status":"publish","type":"page","link":"https:\/\/www.jrailpass.com\/blog\/fr\/visa-japon\/visa-japon-en-ligne","title":{"rendered":"Voyager au Japon avec le nouveau visa \u00e9lectronique"},"content":{"rendered":"<p>Les voyageurs qui se rendent au Japon ne devront bient\u00f4t plus passer par l\u2019ambassade ou le consulat pour demander un <a href=\"https:\/\/www.jrailpass.com\/blog\/fr\/visa-pour-le-japon\">visa pour le Japon<\/a>. Le gouvernement japonais se pr\u00e9pare \u00e0 introduire un<strong> nouvel e-Visa pour le Japon<\/strong> pouvant \u00eatre obtenu en ligne facilement.<\/p>\n<p>Le visa pour le Japon en ligne fait partie d\u2019une strat\u00e9gie visant \u00e0 stimuler le tourisme au Japon. L\u2019objectif est d\u2019atteindre 60 millions de visiteurs d\u2019ici \u00e0 2030. Le nouveau visa touristique devrait rendre les <strong>voyages au Japon plus accessibles<\/strong> pour de nombreux voyageurs \u00e0 travers le monde.<\/p>\n<p><!--more--><\/p>\n<div id=\"toc_container\" class=\"toc_white no_bullets\"><p class=\"toc_title\">Table of Contents<\/p><ul class=\"toc_list\"><li><a href=\"#Systeme_de_visa_electronique\"><span class=\"toc_number toc_depth_1\">1<\/span> Syst\u00e8me de visa \u00e9lectronique<\/a><\/li><li><a href=\"#Qui_peut_demander_un_e-Visa_pour_le_Japon\"><span class=\"toc_number toc_depth_1\">2<\/span> Qui peut demander un e-Visa pour le Japon ?<\/a><\/li><li><a href=\"#Quand_soumettre_une_demande_de_visa_en_ligne\"><span class=\"toc_number toc_depth_1\">3<\/span> Quand soumettre une demande de visa en ligne ?<\/a><\/li><li><a href=\"#Documents_requis_pour_le_visa_en_ligne\"><span class=\"toc_number toc_depth_1\">4<\/span> Documents requis pour le visa en ligne<\/a><\/li><li><a href=\"#Comment_demander_un_e-Visa_pour_le_Japon\"><span class=\"toc_number toc_depth_1\">5<\/span> Comment demander un e-Visa pour le Japon ?<\/a><\/li><\/ul><\/div>\n\n<h2><span id=\"Systeme_de_visa_electronique\">Syst\u00e8me de visa \u00e9lectronique<\/span><\/h2>\n<p>Le syst\u00e8me d\u2019e-Visa pour le Japon devrait permettre d\u2019obtenir un visa \u00e0 entr\u00e9e unique qui <strong>autorise un s\u00e9jour de 90 jours <\/strong>dans le pays.<\/p>\n<p>Avec un visa en ligne pour le Japon, les visiteurs pourront voyager dans le pays aux fins suivantes :<\/p>\n<ul>\n<li>Tourisme<\/li>\n<li>Affaires<\/li>\n<li>Visites \u00e0 des proches<\/li>\n<\/ul>\n<p>Les demandeurs \u00e9ligibles pourront <strong>faire leur demande en ligne<\/strong> sans passer par l\u2019ambassade ou le consulat. Il suffira de quelques minutes pour compl\u00e9ter la proc\u00e9dure.<\/p>\n<h2><span id=\"Qui_peut_demander_un_e-Visa_pour_le_Japon\">Qui peut demander un e-Visa pour le Japon ?<\/span><\/h2>\n<p>En raison des <a href=\"https:\/\/www.jrailpass.com\/blog\/fr\/coronavirus-covid-19-japon-informations-voyage\">restrictions de voyage COVID-19<\/a>, les citoyens du Canada et des \u00c9tats-Unis ont temporairement pu <strong>demander un e-Visa pour le Japon<\/strong> comme alternative \u00e0 leur exemption de visa.<\/p>\n<p>La suspension des exemptions de visa ayant d\u00e9sormais \u00e9t\u00e9 lev\u00e9e, ces voyageurs ne doivent plus demander un e-Visa et peuvent voyager au Japon sans visa pour un s\u00e9jour de courte dur\u00e9e.<\/p>\n<p>Cependant, le gouvernement japonais pr\u00e9voit toujours de<strong> lancer l\u2019e-Visa pour les nationalit\u00e9s non exempt\u00e9es<\/strong>, dont les citoyens de pays tels que la Chine, le Vietnam et les Philippines.<\/p>\n<p>Le visa \u00e9lectronique devrait \u00eatre <strong>disponible pour ces nationalit\u00e9s dans les mois \u00e0 venir<\/strong>.<\/p>\n<h2><span id=\"Quand_soumettre_une_demande_de_visa_en_ligne\">Quand soumettre une demande de visa en ligne ?<\/span><\/h2>\n<p>Une fois le syst\u00e8me op\u00e9rationnel, le traitement du visa pour le Japon en ligne devrait prendre jusqu\u2019\u00e0 <strong>5 jours ouvrables<\/strong>.<\/p>\n<p>Les demandeurs devront donc faire leur demande <strong>au moins 5 jours avant leur<\/strong> <strong>d\u00e9part<\/strong> pour s\u2019assurer de recevoir leur visa dans les d\u00e9lais.<\/p>\n<h2><span id=\"Documents_requis_pour_le_visa_en_ligne\">Documents requis pour le visa en ligne<\/span><\/h2>\n<p>Les voyageurs \u00e9ligibles devront <strong>avoir les documents<\/strong><strong> requis suivants <\/strong>pour demander le visa touristique ou le visa d\u2019affaires pour le Japon en ligne :<\/p>\n<ul>\n<li>Un passeport valide<\/li>\n<li>Une photo num\u00e9rique au format passeport<\/li>\n<li>Un mode de paiement valide (carte de cr\u00e9dit\/d\u00e9bit)<\/li>\n<\/ul>\n<p>Dans certains cas, le demandeur pourra avoir \u00e0 soumettre des documents additionnels afin de finaliser sa demande.<\/p>\n<h2><span id=\"Comment_demander_un_e-Visa_pour_le_Japon\">Comment demander un e-Visa pour le Japon ?<\/span><\/h2>\n<p>Les ressortissants \u00e9ligibles pourront demander leur visa facilement en 4 \u00e9tapes :<\/p>\n<ul>\n<li><strong>Connectez-vous<\/strong> au site de demande d\u2019e-Visa Japon<\/li>\n<li><strong>Compl\u00e9tez le formulaire<\/strong> en ligne avec les informations requises<\/li>\n<li><strong>Recevez le r\u00e9sultat<\/strong> de votre demande par e-mail<\/li>\n<li><strong>Payez les frais<\/strong> de visa indiqu\u00e9s dans l\u2019e-mail<\/li>\n<\/ul>\n<p>Veuillez noter que les demandeurs \u00e9ligibles qui souhaitent<strong> s\u00e9journer plus de 90 jours cons\u00e9cutifs au Japon<\/strong> ne peuvent pas utiliser leur e-Visa. Dans ce cas, il est n\u00e9cessaire de demander un visa aupr\u00e8s de l\u2019ambassade ou du consulat du Japon.<\/p>\n","protected":false},"excerpt":{"rendered":"<p>Les voyageurs qui se rendent au Japon ne devront bient\u00f4t plus passer par l\u2019ambassade ou le consulat pour demander un visa pour le Japon. Le gouvernement japonais se pr\u00e9pare \u00e0 introduire un nouvel e-Visa pour le Japon pouvant \u00eatre obtenu en ligne facilement. Le visa pour le Japon en ligne fait partie d\u2019une strat\u00e9gie visant \u00e0 stimuler le tourisme au Japon. L\u2019objectif est d\u2019atteindre 60 millions de visiteurs d\u2019ici \u00e0 2030. Le nouveau visa touristique devrait rendre les voyages au Japon plus accessibles pour de nombreux voyageurs \u00e0 travers le monde.<\/p>\n","protected":false},"author":2,"featured_media":6119,"parent":10681,"menu_order":0,"comment_status":"closed","ping_status":"closed","template":"","meta":[],"acf":{"related_tours":{"tour_number":false},"bread_1":false,"bread_2":false,"bread_3":false,"bread_4":false,"bread_5":false,"bread_6":false,"bread_7":false,"bread_last":false,"custom_guide":"","shortcodes":false},"yoast_head":"<!-- This site is optimized with the Yoast SEO plugin v20.10 - https:\/\/yoast.com\/wordpress\/plugins\/seo\/ -->\n<title>Visa pour le Japon : nouvel e-Visa - Japan Rail Pass<\/title>\n<meta name=\"description\" content=\"Un visa pour le Japon en ligne sera bient\u00f4t introduit par le gouvernement japonais. Toutes les informations sur ce nouvel e-Visa touristique.\" \/>\n<meta name=\"robots\" content=\"index, follow, max-snippet:-1, max-image-preview:large, max-video-preview:-1\" \/>\n<link rel=\"canonical\" href=\"https:\/\/www.jrailpass.com\/blog\/fr\/wp-json\/wp\/v2\/pages\/11338\" \/>\n<meta property=\"og:locale\" content=\"fr_FR\" \/>\n<meta property=\"og:type\" content=\"article\" \/>\n<meta property=\"og:title\" content=\"Visa pour le Japon : nouvel e-Visa - Japan Rail Pass\" \/>\n<meta property=\"og:description\" content=\"Un visa pour le Japon en ligne sera bient\u00f4t introduit par le gouvernement japonais. Toutes les informations sur ce nouvel e-Visa touristique.\" \/>\n<meta property=\"og:url\" content=\"https:\/\/www.jrailpass.com\/blog\/fr\/visa-japon\/visa-japon-en-ligne\" \/>\n<meta property=\"og:site_name\" content=\"Blog de voyage au Japon | JRailPass\" \/>\n<meta property=\"article:modified_time\" content=\"2022-11-22T08:29:20+00:00\" \/>\n<meta property=\"og:image\" content=\"https:\/\/www.jrailpass.com\/blog\/wp-content\/uploads\/2018\/12\/japan-e-visa.jpg\" \/>\n\t<meta property=\"og:image:width\" content=\"800\" \/>\n\t<meta property=\"og:image:height\" content=\"400\" \/>\n\t<meta property=\"og:image:type\" content=\"image\/jpeg\" \/>\n<meta name=\"twitter:card\" content=\"summary_large_image\" \/>\n<script type=\"application\/ld+json\" class=\"yoast-schema-graph\">{\"@context\":\"https:\/\/schema.org\",\"@graph\":[{\"@type\":\"WebPage\",\"@id\":\"https:\/\/www.jrailpass.com\/blog\/fr\/visa-japon\/visa-japon-en-ligne\",\"url\":\"https:\/\/www.jrailpass.com\/blog\/fr\/visa-japon\/visa-japon-en-ligne\",\"name\":\"Visa pour le Japon : nouvel e-Visa - Japan Rail Pass\",\"isPartOf\":{\"@id\":\"https:\/\/www.jrailpass.com\/blog\/fr#website\"},\"datePublished\":\"2019-08-19T07:00:35+00:00\",\"dateModified\":\"2022-11-22T08:29:20+00:00\",\"description\":\"Un visa pour le Japon en ligne sera bient\u00f4t introduit par le gouvernement japonais. Toutes les informations sur ce nouvel e-Visa touristique.\",\"breadcrumb\":{\"@id\":\"https:\/\/www.jrailpass.com\/blog\/fr\/visa-japon\/visa-japon-en-ligne#breadcrumb\"},\"inLanguage\":\"fr\",\"potentialAction\":[{\"@type\":\"ReadAction\",\"target\":[\"https:\/\/www.jrailpass.com\/blog\/fr\/visa-japon\/visa-japon-en-ligne\"]}]},{\"@type\":\"BreadcrumbList\",\"@id\":\"https:\/\/www.jrailpass.com\/blog\/fr\/visa-japon\/visa-japon-en-ligne#breadcrumb\",\"itemListElement\":[{\"@type\":\"ListItem\",\"position\":1,\"name\":\"Japan Travel Blog\",\"item\":\"https:\/\/www.jrailpass.com\/blog\/fr\"},{\"@type\":\"ListItem\",\"position\":2,\"name\":\"Japan visa\",\"item\":\"https:\/\/www.jrailpass.com\/blog\/fr\/visa-japon\"},{\"@type\":\"ListItem\",\"position\":3,\"name\":\"Online Visa: Tourist eVisa\"}]},{\"@type\":\"WebSite\",\"@id\":\"https:\/\/www.jrailpass.com\/blog\/fr#website\",\"url\":\"https:\/\/www.jrailpass.com\/blog\/fr\",\"name\":\"Blog de voyage au Japon | JRailPass\",\"description\":\"D\u00e9couvrez le Japon en train avec le Japan Rail Pass\",\"publisher\":{\"@id\":\"https:\/\/www.jrailpass.com\/blog\/fr#organization\"},\"potentialAction\":[{\"@type\":\"SearchAction\",\"target\":{\"@type\":\"EntryPoint\",\"urlTemplate\":\"https:\/\/www.jrailpass.com\/blog\/fr?s={search_term_string}\"},\"query-input\":\"required name=search_term_string\"}],\"inLanguage\":\"fr\"},{\"@type\":\"Organization\",\"@id\":\"https:\/\/www.jrailpass.com\/blog\/fr#organization\",\"name\":\"Japan Rail Pass S.L. - JRailPass.com\",\"url\":\"https:\/\/www.jrailpass.com\/blog\/fr\",\"logo\":{\"@type\":\"ImageObject\",\"inLanguage\":\"fr\",\"@id\":\"https:\/\/www.jrailpass.com\/blog\/fr#\/schema\/logo\/image\/\",\"url\":\"https:\/\/www.jrailpass.com\/blog\/wp-content\/uploads\/2017\/10\/logo.png\",\"contentUrl\":\"https:\/\/www.jrailpass.com\/blog\/wp-content\/uploads\/2017\/10\/logo.png\",\"width\":214,\"height\":60,\"caption\":\"Japan Rail Pass S.L. - JRailPass.com\"},\"image\":{\"@id\":\"https:\/\/www.jrailpass.com\/blog\/fr#\/schema\/logo\/image\/\"}}]}<\/script>\n<!-- \/ Yoast SEO plugin. -->","yoast_head_json":{"title":"Visa pour le Japon : nouvel e-Visa - Japan Rail Pass","description":"Un visa pour le Japon en ligne sera bient\u00f4t introduit par le gouvernement japonais. Toutes les informations sur ce nouvel e-Visa touristique.","robots":{"index":"index","follow":"follow","max-snippet":"max-snippet:-1","max-image-preview":"max-image-preview:large","max-video-preview":"max-video-preview:-1"},"canonical":"https:\/\/www.jrailpass.com\/blog\/fr\/wp-json\/wp\/v2\/pages\/11338","og_locale":"fr_FR","og_type":"article","og_title":"Visa pour le Japon : nouvel e-Visa - Japan Rail Pass","og_description":"Un visa pour le Japon en ligne sera bient\u00f4t introduit par le gouvernement japonais. Toutes les informations sur ce nouvel e-Visa touristique.","og_url":"https:\/\/www.jrailpass.com\/blog\/fr\/visa-japon\/visa-japon-en-ligne","og_site_name":"Blog de voyage au Japon | JRailPass","article_modified_time":"2022-11-22T08:29:20+00:00","og_image":[{"width":800,"height":400,"url":"https:\/\/www.jrailpass.com\/blog\/wp-content\/uploads\/2018\/12\/japan-e-visa.jpg","type":"image\/jpeg"}],"twitter_card":"summary_large_image","schema":{"@context":"https:\/\/schema.org","@graph":[{"@type":"WebPage","@id":"https:\/\/www.jrailpass.com\/blog\/fr\/visa-japon\/visa-japon-en-ligne","url":"https:\/\/www.jrailpass.com\/blog\/fr\/visa-japon\/visa-japon-en-ligne","name":"Visa pour le Japon : nouvel e-Visa - Japan Rail Pass","isPartOf":{"@id":"https:\/\/www.jrailpass.com\/blog\/fr#website"},"datePublished":"2019-08-19T07:00:35+00:00","dateModified":"2022-11-22T08:29:20+00:00","description":"Un visa pour le Japon en ligne sera bient\u00f4t introduit par le gouvernement japonais. Toutes les informations sur ce nouvel e-Visa touristique.","breadcrumb":{"@id":"https:\/\/www.jrailpass.com\/blog\/fr\/visa-japon\/visa-japon-en-ligne#breadcrumb"},"inLanguage":"fr","potentialAction":[{"@type":"ReadAction","target":["https:\/\/www.jrailpass.com\/blog\/fr\/visa-japon\/visa-japon-en-ligne"]}]},{"@type":"BreadcrumbList","@id":"https:\/\/www.jrailpass.com\/blog\/fr\/visa-japon\/visa-japon-en-ligne#breadcrumb","itemListElement":[{"@type":"ListItem","position":1,"name":"Japan Travel Blog","item":"https:\/\/www.jrailpass.com\/blog\/fr"},{"@type":"ListItem","position":2,"name":"Japan visa","item":"https:\/\/www.jrailpass.com\/blog\/fr\/visa-japon"},{"@type":"ListItem","position":3,"name":"Online Visa: Tourist eVisa"}]},{"@type":"WebSite","@id":"https:\/\/www.jrailpass.com\/blog\/fr#website","url":"https:\/\/www.jrailpass.com\/blog\/fr","name":"Blog de voyage au Japon | JRailPass","description":"D\u00e9couvrez le Japon en train avec le Japan Rail Pass","publisher":{"@id":"https:\/\/www.jrailpass.com\/blog\/fr#organization"},"potentialAction":[{"@type":"SearchAction","target":{"@type":"EntryPoint","urlTemplate":"https:\/\/www.jrailpass.com\/blog\/fr?s={search_term_string}"},"query-input":"required name=search_term_string"}],"inLanguage":"fr"},{"@type":"Organization","@id":"https:\/\/www.jrailpass.com\/blog\/fr#organization","name":"Japan Rail Pass S.L. - JRailPass.com","url":"https:\/\/www.jrailpass.com\/blog\/fr","logo":{"@type":"ImageObject","inLanguage":"fr","@id":"https:\/\/www.jrailpass.com\/blog\/fr#\/schema\/logo\/image\/","url":"https:\/\/www.jrailpass.com\/blog\/wp-content\/uploads\/2017\/10\/logo.png","contentUrl":"https:\/\/www.jrailpass.com\/blog\/wp-content\/uploads\/2017\/10\/logo.png","width":214,"height":60,"caption":"Japan Rail Pass S.L. - JRailPass.com"},"image":{"@id":"https:\/\/www.jrailpass.com\/blog\/fr#\/schema\/logo\/image\/"}}]}},"_links":{"self":[{"href":"https:\/\/www.jrailpass.com\/blog\/fr\/wp-json\/wp\/v2\/pages\/11338"}],"collection":[{"href":"https:\/\/www.jrailpass.com\/blog\/fr\/wp-json\/wp\/v2\/pages"}],"about":[{"href":"https:\/\/www.jrailpass.com\/blog\/fr\/wp-json\/wp\/v2\/types\/page"}],"author":[{"embeddable":true,"href":"https:\/\/www.jrailpass.com\/blog\/fr\/wp-json\/wp\/v2\/users\/2"}],"replies":[{"embeddable":true,"href":"https:\/\/www.jrailpass.com\/blog\/fr\/wp-json\/wp\/v2\/comments?post=11338"}],"version-history":[{"count":0,"href":"https:\/\/www.jrailpass.com\/blog\/fr\/wp-json\/wp\/v2\/pages\/11338\/revisions"}],"up":[{"embeddable":true,"href":"https:\/\/www.jrailpass.com\/blog\/fr\/wp-json\/wp\/v2\/pages\/10681"}],"wp:featuredmedia":[{"embeddable":true,"href":"https:\/\/www.jrailpass.com\/blog\/fr\/wp-json\/wp\/v2\/media\/6119"}],"wp:attachment":[{"href":"https:\/\/www.jrailpass.com\/blog\/fr\/wp-json\/wp\/v2\/media?parent=11338"}],"curies":[{"name":"wp","href":"https:\/\/api.w.org\/{rel}","templated":true}]}}