{"id":2247,"date":"2017-09-26T14:53:04","date_gmt":"2017-09-26T12:53:04","guid":{"rendered":"https:\/\/www.jrailpass.com\/blog\/?page_id=2247"},"modified":"2020-11-12T09:01:51","modified_gmt":"2020-11-12T08:01:51","slug":"rutas-itinerarios","status":"publish","type":"page","link":"https:\/\/www.jrailpass.com\/blog\/es\/rutas-itinerarios","title":{"rendered":"Rutas e itinerarios por Jap\u00f3n"},"content":{"rendered":"<p>Jap\u00f3n es un pa\u00eds \u00fanico y cautivador. Es una tierra de contrastes, con tradiciones profundamente arraigadas y ciudades futuristas. Desde hacer senderismo en las monta\u00f1as a rastrear la moda de tendencia en los barrios m\u00e1s populares de Tokio. Desde acariciar a los ciervos salvajes que vagan libremente por Nara, a visitar los pac\u00edficos templos budistas. \u00a1Jap\u00f3n lo tiene todo!<\/p>\n<p>Planificar un viaje a Jap\u00f3n no es una tarea f\u00e1cil. Por eso, ponemos a tu disposici\u00f3n todo nuestro conocimiento, que esperamos te ayude a navegar a trav\u00e9s del proceso de toma de decisiones de d\u00f3nde ir y qu\u00e9 hacer. Desde consejos sobre las formas m\u00e1s convenientes para moverse, a los mejores lugares para visitar y alojarse. <strong>Revisa los itinerarios que te proponemos y comienza a planear tu ruta de manera personalizada<\/strong>, adaptada a sus gustos e intereses.<\/p>\n<p>Si tienes 1, 2, 3 semanas, o m\u00e1s, con la ayuda de esta secci\u00f3n puede personalizar tu viaje haciendo combinaciones de los itinerarios que te sugerimos.<\/p>\n<div id=\"toc_container\" class=\"toc_white no_bullets\"><p class=\"toc_title\">Table of Contents<\/p><ul class=\"toc_list\"><li><a href=\"#Itinerarios_generales\"><span class=\"toc_number toc_depth_1\">1<\/span> Itinerarios generales<\/a><\/li><li><a href=\"#Rutas_por_Tokio\"><span class=\"toc_number toc_depth_1\">2<\/span> Rutas por Tokio<\/a><\/li><li><a href=\"#Rutas_por_Kioto\"><span class=\"toc_number toc_depth_1\">3<\/span> Rutas por Kioto<\/a><\/li><\/ul><\/div>\n<h2><span id=\"Itinerarios_generales\">Itinerarios generales<\/span><\/h2>\n<div class=\"card col-xs-1 col-sm-2\" style=\"width: 16rem;\">\n<div class=\"card-block\"><a href=\"https:\/\/www.jrailpass.com\/blog\/es\/japon-en-7-dias-itinerario\"><br \/>\n<\/a><a href=\"https:\/\/www.jrailpass.com\/blog\/es\/japon-en-7-dias-itinerario\"><img loading=\"lazy\"  decoding=\"async\" loading=\"lazy\" class=\"card-img-top alignnone\" src=\"https:\/\/www.jrailpass.com\/blog\/wp-content\/uploads\/2017\/09\/tokyo-shibuya-300x200.jpg\" alt=\"Shibuya crossing in Tokyo\" width=\"300\" height=\"200\" \/><\/a><\/p>\n<p class=\"card-title\"><strong>Jap\u00f3n en 7 d\u00edas<\/strong><\/p>\n<p>Visita los lugares m\u00e1s destacados de Tokio, la hist\u00f3rica Kamakura, la maravillosa Kioto y el gran Buda de Nara en solo una semana.<\/p>\n<\/div>\n<\/div>\n<div class=\"card col-xs-1 col-sm-2\" style=\"width: 16rem;\">\n<div class=\"card-block\"><a href=\"https:\/\/www.jrailpass.com\/blog\/es\/japon-en-10-dias-itinerario\"><br \/>\n<img loading=\"lazy\"  decoding=\"async\" loading=\"lazy\" class=\"card-img-top\" src=\"https:\/\/www.jrailpass.com\/blog\/wp-content\/uploads\/2016\/05\/dotonbori-glico-man-osaka-300x200.jpg\" alt=\"Dotonbori neon lights in Osaka\" width=\"300\" height=\"200\" \/><\/a><\/p>\n<p class=\"card-title\"><strong>Japan en 10 d\u00edas<\/strong><\/p>\n<p>Indaga en las maravillas de Tokio, Takayama, los Alpes japoneses, Kioto, Nara y Osaka con uno de nuestros itinerarios m\u00e1s populares.<\/p>\n<\/div>\n<\/div>\n<div class=\"clearfix\"><\/div>\n<div class=\"card col-xs-1 col-sm-2\" style=\"width: 16rem;\">\n<div class=\"card-block\"><a href=\"https:\/\/www.jrailpass.com\/blog\/es\/japon-en-14-dias-itinerario\"><br \/>\n<img loading=\"lazy\"  decoding=\"async\" loading=\"lazy\" class=\"card-img-top\" src=\"https:\/\/www.jrailpass.com\/blog\/wp-content\/uploads\/2016\/05\/fushimi-inari-kyoto-300x200.jpg\" alt=\"Fushimi Inari torii gates\" width=\"300\" height=\"200\" \/><\/a><\/p>\n<p class=\"card-title\"><strong>Japan en 14 d\u00edas<\/strong><\/p>\n<p>Nuestro itinerario de dos semanas te llevar\u00e1 a Kioto, Osaka, Nara, Hiroshima, Miyajima, Fukuoka y, por supuesto, a conocer lo mejor de Tokio.<\/p>\n<\/div>\n<\/div>\n<div class=\"card col-xs-1 col-sm-2\" style=\"width: 16rem;\">\n<div class=\"card-block\"><a href=\"https:\/\/www.jrailpass.com\/blog\/es\/japon-21-dias\"><br \/>\n<img loading=\"lazy\"  decoding=\"async\" loading=\"lazy\" class=\"card-img-top\" src=\"https:\/\/www.jrailpass.com\/blog\/wp-content\/uploads\/2016\/05\/miyajima-great-torii-e1469187639379-300x200.jpg\" alt=\"The great red floating torii in Miyajima\" width=\"300\" height=\"200\" \/><\/a><\/p>\n<p class=\"card-title\"><strong>Japan in 21 d\u00edas<\/strong><\/p>\n<p>Descubre Jap\u00f3n en profundidad y m\u00e1s all\u00e1 de Tokio conoce Takayama, Kyioto, Osaka, Nara, Okayama, Hiroshima, y otras sugerencias para viajar por libre.<\/p>\n<\/div>\n<\/div>\n<div class=\"clearfix\"><\/div>\n<h2><span id=\"Rutas_por_Tokio\">Rutas por Tokio<\/span><\/h2>\n<div class=\"card col-xs-1 col-sm-2\" style=\"width: 16rem;\">\n<div class=\"card-block\"><a href=\"https:\/\/www.jrailpass.com\/blog\/es\/tokio-3-dias-itinerario\"><br \/>\n<img loading=\"lazy\"  decoding=\"async\" loading=\"lazy\" class=\"card-img-top\" src=\"https:\/\/www.jrailpass.com\/blog\/wp-content\/uploads\/2016\/05\/tokyo-tower-skyline-300x200.jpg\" alt=\"Tokyo Tower\" width=\"300\" height=\"200\" \/><\/a><\/p>\n<p class=\"card-title\"><strong>3 d\u00edas en Tokio<\/strong><\/p>\n<\/div>\n<\/div>\n<div class=\"card col-xs-1 col-sm-2\" style=\"width: 16rem;\">\n<div class=\"card-block\"><a href=\"https:\/\/www.jrailpass.com\/blog\/es\/tokio-5-dias-itinerario\"><br \/>\n<img loading=\"lazy\"  decoding=\"async\" loading=\"lazy\" class=\"card-img-top\" src=\"https:\/\/www.jrailpass.com\/blog\/wp-content\/uploads\/2017\/09\/tokyo-shibuya.jpg\" alt=\"Shibuya (Tokio)\" width=\"\" height=\"200\" \/><\/a><\/p>\n<p class=\"card-title\"><strong>5 d\u00edas en Tokio<\/strong><\/p>\n<\/div>\n<\/div>\n<div class=\"clearfix\"><\/div>\n<div class=\"card col-xs-1 col-sm-2\" style=\"width: 16rem;\">\n<div class=\"card-block\"><a href=\"https:\/\/www.jrailpass.com\/blog\/es\/cerezos-en-flor-tokio\"><br \/>\n<img loading=\"lazy\"  decoding=\"async\" loading=\"lazy\" class=\"card-img-top\" src=\"https:\/\/www.jrailpass.com\/blog\/wp-content\/uploads\/2018\/04\/tokyo-meguro-e1525091466205.jpg\" alt=\"Cerezos en flor en Tokio\" width=\"300\" height=\"200\" \/><\/a><\/p>\n<p class=\"card-title\"><strong>Cerezos en flor en Tokio<\/strong><\/p>\n<\/div>\n<\/div>\n<div class=\"card col-xs-1 col-sm-2\" style=\"width: 16rem;\">\n<div class=\"card-block\"><a href=\"https:\/\/www.jrailpass.com\/blog\/es\/excursiones-dia-tokio\"><br \/>\n<img loading=\"lazy\"  decoding=\"async\" loading=\"lazy\" class=\"card-img-top\" src=\"https:\/\/www.jrailpass.com\/blog\/wp-content\/uploads\/2016\/05\/giant-buddha-kamakura-e1505219109213-300x200.jpg\" alt=\"Great Buddha in Kamakura\" width=\"300\" height=\"200\" \/><\/a><\/p>\n<p class=\"card-title\"><strong>Excursiones desde Tokio<\/strong><\/p>\n<p>&nbsp;<\/p>\n<\/div>\n<\/div>\n<div class=\"clearfix\"><\/div>\n<div class=\"card col-xs-1 col-sm-2\" style=\"width: 16rem;\">\n<div class=\"card-block\"><a href=\"https:\/\/www.jrailpass.com\/blog\/es\/tokio-nikko-guia\"><br \/>\n<img loading=\"lazy\"  decoding=\"async\" loading=\"lazy\" class=\"card-img-top\" src=\"https:\/\/www.jrailpass.com\/blog\/wp-content\/uploads\/2017\/01\/nikko-buddha-stone-300x200.jpg\" alt=\"Buddha statue in Nikko\" width=\"300\" height=\"200\" \/><\/a><\/p>\n<p class=\"card-title\"><strong>De Tokio a Nikko<\/strong><\/p>\n<\/div>\n<\/div>\n<div class=\"card col-xs-1 col-sm-2\" style=\"width: 16rem;\">\n<div class=\"card-block\"><a href=\"https:\/\/www.jrailpass.com\/blog\/es\/monte-fuji\"><br \/>\n<img loading=\"lazy\"  decoding=\"async\" loading=\"lazy\" class=\"card-img-top\" src=\"https:\/\/www.jrailpass.com\/blog\/wp-content\/uploads\/2017\/07\/mt-fuji-japan-autumn-e1505220649953-300x200.jpg\" alt=\"Mount Fuji\" width=\"300\" height=\"200\" \/><\/a><\/p>\n<p class=\"card-title\"><strong>De Tokio al Monte Fuji<\/strong><\/p>\n<\/div>\n<\/div>\n<div class=\"clearfix\"><\/div>\n<h2><span id=\"Rutas_por_Kioto\">Rutas por Kioto<\/span><\/h2>\n<div class=\"card col-xs-1 col-sm-2\" style=\"width: 16rem;\">\n<div class=\"card-block\"><a href=\"https:\/\/www.jrailpass.com\/blog\/es\/que-ver-en-kioto\"><br \/>\n<img loading=\"lazy\"  decoding=\"async\" loading=\"lazy\" class=\"card-img-top\" src=\"https:\/\/www.jrailpass.com\/blog\/wp-content\/uploads\/2017\/09\/kyoto-golden-pavilion-300x200.jpg\" alt=\"Golden Pavilion in Kyoto\" width=\"300\" height=\"200\" \/><\/a><\/p>\n<p class=\"card-title\"><strong>Qu\u00e9 ver en Kioto<\/strong><\/p>\n<\/div>\n<\/div>\n<div class=\"card col-xs-1 col-sm-2\" style=\"width: 16rem;\">\n<div class=\"card-block\"><a href=\"https:\/\/www.jrailpass.com\/blog\/es\/excursiones-kioto-tren\"><br \/>\n<img loading=\"lazy\"  decoding=\"async\" loading=\"lazy\" class=\"card-img-top\" src=\"https:\/\/www.jrailpass.com\/blog\/wp-content\/uploads\/2016\/09\/Himeji-castle-Ben-Kubota-Flickr-300x201.jpg\" alt=\"Himeji Castle\" width=\"300\" height=\"200\" \/><\/a><\/p>\n<p class=\"card-title\"><strong>Excursiones desde Kioto<\/strong><\/p>\n<\/div>\n<\/div>\n<div class=\"clearfix\"><\/div>\n","protected":false},"excerpt":{"rendered":"<p>Jap\u00f3n es un pa\u00eds \u00fanico y cautivador. Es una tierra de contrastes, con tradiciones profundamente arraigadas y ciudades futuristas. Desde hacer senderismo en las monta\u00f1as a rastrear la moda de tendencia en los barrios m\u00e1s populares de Tokio. Desde acariciar a los ciervos salvajes que vagan libremente por Nara, a visitar los pac\u00edficos templos budistas. \u00a1Jap\u00f3n lo tiene todo! Planificar un viaje a Jap\u00f3n no es una tarea f\u00e1cil. Por eso, ponemos a tu disposici\u00f3n todo nuestro conocimiento, que esperamos te ayude a navegar a trav\u00e9s del proceso de toma de decisiones de d\u00f3nde ir y qu\u00e9 hacer. Desde consejos &hellip; <a href=\"https:\/\/www.jrailpass.com\/blog\/es\/rutas-itinerarios\" class=\"more-link\">Leer m\u00e1s<span class=\"screen-reader-text\"> &#8220;Rutas e itinerarios por Jap\u00f3n&#8221;<\/span><\/a><\/p>\n","protected":false},"author":2,"featured_media":0,"parent":0,"menu_order":0,"comment_status":"closed","ping_status":"closed","template":"","meta":[],"acf":{"bread_1":false,"bread_2":false,"bread_3":false,"bread_4":false,"bread_5":false,"bread_6":false,"bread_7":false,"bread_last":false,"custom_guide":"","shortcodes":false},"yoast_head":"<!-- This site is optimized with the Yoast SEO plugin v20.10 - https:\/\/yoast.com\/wordpress\/plugins\/seo\/ -->\n<title>Las Mejores Rutas e Itinerarios por Jap\u00f3n - Japan Rail Pass<\/title>\n<meta name=\"description\" content=\"Planea tu viaje con antelaci\u00f3n y descubre los itinerarios m\u00e1s \u00f3ptimos para descubrir lo mejor de Jap\u00f3n, incluyendo c\u00f3mo moverse con el Japan Rail Pass.\" \/>\n<meta name=\"robots\" content=\"index, follow, max-snippet:-1, max-image-preview:large, max-video-preview:-1\" \/>\n<link rel=\"canonical\" href=\"https:\/\/www.jrailpass.com\/blog\/es\/wp-json\/wp\/v2\/pages\/2247\" \/>\n<meta property=\"og:locale\" content=\"es_ES\" \/>\n<meta property=\"og:type\" content=\"article\" \/>\n<meta property=\"og:title\" content=\"Las Mejores Rutas e Itinerarios por Jap\u00f3n - Japan Rail Pass\" \/>\n<meta property=\"og:description\" content=\"Planea tu viaje con antelaci\u00f3n y descubre los itinerarios m\u00e1s \u00f3ptimos para descubrir lo mejor de Jap\u00f3n, incluyendo c\u00f3mo moverse con el Japan Rail Pass.\" \/>\n<meta property=\"og:url\" content=\"https:\/\/www.jrailpass.com\/blog\/es\/rutas-itinerarios\" \/>\n<meta property=\"og:site_name\" content=\"Blog de viajes de Japan Rail Pass | JRailPass\" \/>\n<meta property=\"article:modified_time\" content=\"2020-11-12T08:01:51+00:00\" \/>\n<meta property=\"og:image\" content=\"https:\/\/www.jrailpass.com\/blog\/wp-content\/uploads\/2017\/09\/tokyo-shibuya-300x200.jpg\" \/>\n<meta name=\"twitter:card\" content=\"summary_large_image\" \/>\n<script type=\"application\/ld+json\" class=\"yoast-schema-graph\">{\"@context\":\"https:\/\/schema.org\",\"@graph\":[{\"@type\":\"WebPage\",\"@id\":\"https:\/\/www.jrailpass.com\/blog\/es\/rutas-itinerarios\",\"url\":\"https:\/\/www.jrailpass.com\/blog\/es\/rutas-itinerarios\",\"name\":\"Las Mejores Rutas e Itinerarios por Jap\u00f3n - Japan Rail Pass\",\"isPartOf\":{\"@id\":\"https:\/\/www.jrailpass.com\/blog\/es#website\"},\"datePublished\":\"2017-09-26T12:53:04+00:00\",\"dateModified\":\"2020-11-12T08:01:51+00:00\",\"description\":\"Planea tu viaje con antelaci\u00f3n y descubre los itinerarios m\u00e1s \u00f3ptimos para descubrir lo mejor de Jap\u00f3n, incluyendo c\u00f3mo moverse con el Japan Rail Pass.\",\"breadcrumb\":{\"@id\":\"https:\/\/www.jrailpass.com\/blog\/es\/rutas-itinerarios#breadcrumb\"},\"inLanguage\":\"es\",\"potentialAction\":[{\"@type\":\"ReadAction\",\"target\":[\"https:\/\/www.jrailpass.com\/blog\/es\/rutas-itinerarios\"]}]},{\"@type\":\"BreadcrumbList\",\"@id\":\"https:\/\/www.jrailpass.com\/blog\/es\/rutas-itinerarios#breadcrumb\",\"itemListElement\":[{\"@type\":\"ListItem\",\"position\":1,\"name\":\"Japan Travel Blog\",\"item\":\"https:\/\/www.jrailpass.com\/blog\/es\"},{\"@type\":\"ListItem\",\"position\":2,\"name\":\"Rutas e itinerarios por Jap\u00f3n\"}]},{\"@type\":\"WebSite\",\"@id\":\"https:\/\/www.jrailpass.com\/blog\/es#website\",\"url\":\"https:\/\/www.jrailpass.com\/blog\/es\",\"name\":\"Blog de viajes de Japan Rail Pass | JRailPass\",\"description\":\"Descubre Jap\u00f3n en tren con el Japan Rail Pass\",\"publisher\":{\"@id\":\"https:\/\/www.jrailpass.com\/blog\/es#organization\"},\"potentialAction\":[{\"@type\":\"SearchAction\",\"target\":{\"@type\":\"EntryPoint\",\"urlTemplate\":\"https:\/\/www.jrailpass.com\/blog\/es?s={search_term_string}\"},\"query-input\":\"required name=search_term_string\"}],\"inLanguage\":\"es\"},{\"@type\":\"Organization\",\"@id\":\"https:\/\/www.jrailpass.com\/blog\/es#organization\",\"name\":\"Japan Rail Pass S.L. - JRailPass.com\",\"url\":\"https:\/\/www.jrailpass.com\/blog\/es\",\"logo\":{\"@type\":\"ImageObject\",\"inLanguage\":\"es\",\"@id\":\"https:\/\/www.jrailpass.com\/blog\/es#\/schema\/logo\/image\/\",\"url\":\"https:\/\/www.jrailpass.com\/blog\/wp-content\/uploads\/2017\/10\/logo.png\",\"contentUrl\":\"https:\/\/www.jrailpass.com\/blog\/wp-content\/uploads\/2017\/10\/logo.png\",\"width\":214,\"height\":60,\"caption\":\"Japan Rail Pass S.L. - JRailPass.com\"},\"image\":{\"@id\":\"https:\/\/www.jrailpass.com\/blog\/es#\/schema\/logo\/image\/\"}}]}<\/script>\n<!-- \/ Yoast SEO plugin. -->","yoast_head_json":{"title":"Las Mejores Rutas e Itinerarios por Jap\u00f3n - Japan Rail Pass","description":"Planea tu viaje con antelaci\u00f3n y descubre los itinerarios m\u00e1s \u00f3ptimos para descubrir lo mejor de Jap\u00f3n, incluyendo c\u00f3mo moverse con el Japan Rail Pass.","robots":{"index":"index","follow":"follow","max-snippet":"max-snippet:-1","max-image-preview":"max-image-preview:large","max-video-preview":"max-video-preview:-1"},"canonical":"https:\/\/www.jrailpass.com\/blog\/es\/wp-json\/wp\/v2\/pages\/2247","og_locale":"es_ES","og_type":"article","og_title":"Las Mejores Rutas e Itinerarios por Jap\u00f3n - Japan Rail Pass","og_description":"Planea tu viaje con antelaci\u00f3n y descubre los itinerarios m\u00e1s \u00f3ptimos para descubrir lo mejor de Jap\u00f3n, incluyendo c\u00f3mo moverse con el Japan Rail Pass.","og_url":"https:\/\/www.jrailpass.com\/blog\/es\/rutas-itinerarios","og_site_name":"Blog de viajes de Japan Rail Pass | JRailPass","article_modified_time":"2020-11-12T08:01:51+00:00","og_image":[{"url":"https:\/\/www.jrailpass.com\/blog\/wp-content\/uploads\/2017\/09\/tokyo-shibuya-300x200.jpg"}],"twitter_card":"summary_large_image","schema":{"@context":"https:\/\/schema.org","@graph":[{"@type":"WebPage","@id":"https:\/\/www.jrailpass.com\/blog\/es\/rutas-itinerarios","url":"https:\/\/www.jrailpass.com\/blog\/es\/rutas-itinerarios","name":"Las Mejores Rutas e Itinerarios por Jap\u00f3n - Japan Rail Pass","isPartOf":{"@id":"https:\/\/www.jrailpass.com\/blog\/es#website"},"datePublished":"2017-09-26T12:53:04+00:00","dateModified":"2020-11-12T08:01:51+00:00","description":"Planea tu viaje con antelaci\u00f3n y descubre los itinerarios m\u00e1s \u00f3ptimos para descubrir lo mejor de Jap\u00f3n, incluyendo c\u00f3mo moverse con el Japan Rail Pass.","breadcrumb":{"@id":"https:\/\/www.jrailpass.com\/blog\/es\/rutas-itinerarios#breadcrumb"},"inLanguage":"es","potentialAction":[{"@type":"ReadAction","target":["https:\/\/www.jrailpass.com\/blog\/es\/rutas-itinerarios"]}]},{"@type":"BreadcrumbList","@id":"https:\/\/www.jrailpass.com\/blog\/es\/rutas-itinerarios#breadcrumb","itemListElement":[{"@type":"ListItem","position":1,"name":"Japan Travel Blog","item":"https:\/\/www.jrailpass.com\/blog\/es"},{"@type":"ListItem","position":2,"name":"Rutas e itinerarios por Jap\u00f3n"}]},{"@type":"WebSite","@id":"https:\/\/www.jrailpass.com\/blog\/es#website","url":"https:\/\/www.jrailpass.com\/blog\/es","name":"Blog de viajes de Japan Rail Pass | JRailPass","description":"Descubre Jap\u00f3n en tren con el Japan Rail Pass","publisher":{"@id":"https:\/\/www.jrailpass.com\/blog\/es#organization"},"potentialAction":[{"@type":"SearchAction","target":{"@type":"EntryPoint","urlTemplate":"https:\/\/www.jrailpass.com\/blog\/es?s={search_term_string}"},"query-input":"required name=search_term_string"}],"inLanguage":"es"},{"@type":"Organization","@id":"https:\/\/www.jrailpass.com\/blog\/es#organization","name":"Japan Rail Pass S.L. - JRailPass.com","url":"https:\/\/www.jrailpass.com\/blog\/es","logo":{"@type":"ImageObject","inLanguage":"es","@id":"https:\/\/www.jrailpass.com\/blog\/es#\/schema\/logo\/image\/","url":"https:\/\/www.jrailpass.com\/blog\/wp-content\/uploads\/2017\/10\/logo.png","contentUrl":"https:\/\/www.jrailpass.com\/blog\/wp-content\/uploads\/2017\/10\/logo.png","width":214,"height":60,"caption":"Japan Rail Pass S.L. - JRailPass.com"},"image":{"@id":"https:\/\/www.jrailpass.com\/blog\/es#\/schema\/logo\/image\/"}}]}},"_links":{"self":[{"href":"https:\/\/www.jrailpass.com\/blog\/es\/wp-json\/wp\/v2\/pages\/2247"}],"collection":[{"href":"https:\/\/www.jrailpass.com\/blog\/es\/wp-json\/wp\/v2\/pages"}],"about":[{"href":"https:\/\/www.jrailpass.com\/blog\/es\/wp-json\/wp\/v2\/types\/page"}],"author":[{"embeddable":true,"href":"https:\/\/www.jrailpass.com\/blog\/es\/wp-json\/wp\/v2\/users\/2"}],"replies":[{"embeddable":true,"href":"https:\/\/www.jrailpass.com\/blog\/es\/wp-json\/wp\/v2\/comments?post=2247"}],"version-history":[{"count":0,"href":"https:\/\/www.jrailpass.com\/blog\/es\/wp-json\/wp\/v2\/pages\/2247\/revisions"}],"wp:attachment":[{"href":"https:\/\/www.jrailpass.com\/blog\/es\/wp-json\/wp\/v2\/media?parent=2247"}],"curies":[{"name":"wp","href":"https:\/\/api.w.org\/{rel}","templated":true}]}}