{"id":2219,"date":"2017-09-25T18:04:03","date_gmt":"2017-09-25T16:04:03","guid":{"rendered":"https:\/\/www.jrailpass.com\/blog\/?page_id=2219"},"modified":"2018-04-30T13:16:16","modified_gmt":"2018-04-30T11:16:16","slug":"regiones-de-japon","status":"publish","type":"page","link":"https:\/\/www.jrailpass.com\/blog\/es\/regiones-de-japon","title":{"rendered":"Regiones de Jap\u00f3n"},"content":{"rendered":"<p>Jap\u00f3n es un archipi\u00e9lago estratovolc\u00e1nico compuesto de islas e islotes. Las cuatro islas principales del pa\u00eds, situadas de norte a sur, son <strong>Hokkaido, Honshu, Shikoku y Kyushu<\/strong>, seguidas por las islas Ryukyu, cuya joya es Okinawa,\u00a0el archipi\u00e9lago m\u00e1s meridional de Jap\u00f3n.<\/p>\n<p>Todas juntas\u00a0forman el archipi\u00e9lago japon\u00e9s, que alberga 47 prefecturas, a su vez divididas en <strong>ocho regiones<\/strong>:\u00a0Hokkaido (isla), Tohoku, Kanto, Chubu, Kansai,\u00a0Chugoku (en Honshu), Shikoku (isla), yKyushu (incluyendo las islas de Kyushu y Okinawa).<\/p>\n<p>Disfruta conociendo cada regi\u00f3n en profundidad; sus costumbres, cultura, tradiciones, clima, caracter\u00edsticas geogr\u00e1ficas, comida y diferentes tipos de dialectos japoneses.<br \/>\n<div id=\"toc_container\" class=\"toc_white no_bullets\"><p class=\"toc_title\">Table of Contents<\/p><ul class=\"toc_list\"><li><a href=\"#Hokkaido\"><span class=\"toc_number toc_depth_1\">1<\/span> Hokkaido<\/a><\/li><li><a href=\"#Tohoku\"><span class=\"toc_number toc_depth_1\">2<\/span> Tohoku<\/a><\/li><li><a href=\"#Kanto\"><span class=\"toc_number toc_depth_1\">3<\/span> Kanto<\/a><\/li><li><a href=\"#Chubu\"><span class=\"toc_number toc_depth_1\">4<\/span> Chubu<\/a><\/li><li><a href=\"#Kansai\"><span class=\"toc_number toc_depth_1\">5<\/span> Kansai<\/a><\/li><li><a href=\"#Chugoku\"><span class=\"toc_number toc_depth_1\">6<\/span> Chugoku<\/a><\/li><li><a href=\"#Shikoku\"><span class=\"toc_number toc_depth_1\">7<\/span> Shikoku<\/a><\/li><li><a href=\"#Kyushu\"><span class=\"toc_number toc_depth_1\">8<\/span> Kyushu\u00a0<\/a><\/li><\/ul><\/div>\n<p style=\"text-align: center;\">\n            <a class=\"fasc-button banner-button-shortcode fasc-size-large fasc-type-flat fasc-rounded-medium ico-fa fasc-ico-after fa-chevron-circle-right fasc-style-bold\" href=\"https:\/\/www.jrailpass.com\/es\/jr-pass\">\n                Compra tu JR Pass\n            <\/a>\n        <\/p><\/p>\n<h2><span id=\"Hokkaido\"><strong>Hokkaido<\/strong><\/span><\/h2>\n<p><img loading=\"lazy\"  decoding=\"async\" loading=\"lazy\" class=\"alignleft\" src=\"https:\/\/www.jrailpass.com\/blog\/wp-content\/uploads\/2017\/09\/hokkaido-e1504704338239.jpg\" alt=\"Flower garden in Hokkaido, a great area to visit during Golden Week\" width=\"300\" height=\"200\" \/><\/p>\n<p>El norte de Jap\u00f3n alberga algunos de sus parques nacionales m\u00e1s bellos del pa\u00eds, con las mejores <a href=\"https:\/\/www.jrailpass.com\/blog\/es\/mejores-estaciones-esqui-japon\">estaciones de esqu\u00ed<\/a> y un ambiente relajado durante el verano.<\/p>\n<p>Puedes llegar a \u00e9l c\u00f3modamente con el nuevo <a href=\"https:\/\/www.jrailpass.com\/blog\/es\/hokkaido-shinkansen\"><em>Shinkansen<\/em> de Hokkaido<\/a> y visitar las ciudades de <a href=\"https:\/\/www.jrailpass.com\/blog\/es\/sapporo-guia-viaje\">Sapporo<\/a> y Hakodate, adem\u00e1s de otros populares destinos.<\/p>\n<h2><span id=\"Tohoku\"><strong>Tohoku<\/strong><\/span><\/h2>\n<p><img loading=\"lazy\"  decoding=\"async\" loading=\"lazy\" class=\"size-full wp-image-1988 alignleft\" src=\"https:\/\/www.jrailpass.com\/blog\/wp-content\/uploads\/2017\/09\/tohoku-hirosaki-castle.jpg\" alt=\"\" width=\"300\" height=\"200\" \/><\/p>\n<p>Tohoku es una de las regiones m\u00e1s pintorescas, conocida por sus monta\u00f1as y resorts de esqu\u00ed adem\u00e1s de sus <a href=\"https:\/\/www.jrailpass.com\/blog\/es\/onsen-banos-naturales\">aguas termales<\/a>, castillos y aldeas de samur\u00e1is. Su capital,\u00a0<a href=\"https:\/\/www.jrailpass.com\/blog\/es\/sendai-guia-viaje\">Sendai<\/a>, es conocida como la &#8220;ciudad de los \u00e1rboles&#8221; y alberga uno de los festivales de verano m\u00e1s populares del pa\u00eds.<\/p>\n<p>Prefecturas: Akita, Aomori, Fukushima, Iwate, Miyagi y Yamagata.<\/p>\n<h2><span id=\"Kanto\"><strong>Kanto<\/strong><\/span><\/h2>\n<p><img loading=\"lazy\"  decoding=\"async\" class=\"alignleft\" src=\"https:\/\/www.jrailpass.com\/blog\/wp-content\/uploads\/2017\/09\/tokyo-shibuya.jpg\" alt=\"Kanto\" \/><br \/>\nLa regi\u00f3n de Kanto es la m\u00e1s poblada ya que en ella se encuentran la capital, <a href=\"https:\/\/www.jrailpass.com\/blog\/es\/tokio-guia\">Tokio<\/a>\u00a0y su \u00e1rea metropolitana. Adem\u00e1s puedes visitar <a href=\"https:\/\/www.jrailpass.com\/blog\/es\/yokohama-guia-viaje\">Yokohama<\/a>, Hakone y sus cinco lagos, y <a href=\"https:\/\/www.jrailpass.com\/blog\/es\/kamakura-guia-viaje\">Kamakura<\/a>, una peque\u00f1a ciudad llena de tesoros hist\u00f3ricos.<\/p>\n<p>Prefecturas: Chiba, Gunma, Ibaraki, Kanagawa, Saitama, Tochigi y Tokio.<\/p>\n<h2><span id=\"Chubu\"><strong>Chubu<\/strong><\/span><\/h2>\n<p><img loading=\"lazy\"  decoding=\"async\" class=\"alignleft\" src=\"https:\/\/www.jrailpass.com\/blog\/wp-content\/uploads\/2017\/09\/chubu-chureito-pagoda.jpeg\" alt=\"Chubu\" \/><br \/>\nLa diversa regi\u00f3n de Chubu se encuentra en el centro de Honsh\u016b, la isla m\u00e1s grande de Jap\u00f3n. Es el hogar de <a href=\"https:\/\/www.jrailpass.com\/blog\/es\/nagoya-guia-viaje\">Nagoya<\/a>, Takayama, Kanazawa, los <a href=\"https:\/\/www.jrailpass.com\/blog\/es\/takayama-alpes-japon\">alpes japoneses<\/a> y el <a href=\"https:\/\/www.jrailpass.com\/blog\/es\/monte-fuji\">Monte Fuji<\/a>.<\/p>\n<p>Prefecturas: Aichi, Fukui, Gifu, Ishikawa, Nagano, Niigata, Shizuoka, Toyama y Yamanashi.<\/p>\n<h2><span id=\"Kansai\"><strong>Kansai<\/strong><\/span><\/h2>\n<p><img loading=\"lazy\"  decoding=\"async\" class=\"alignleft\" src=\"https:\/\/www.jrailpass.com\/blog\/wp-content\/uploads\/2017\/09\/kyoto-golden-pavilion.jpg\" alt=\"Kansai\" \/><br \/>\nLa regi\u00f3n de Kansai o Kinki se sit\u00faa en el centro-oeste de la isla de Honshu, e incluye las ciudades de <a href=\"https:\/\/www.jrailpass.com\/blog\/es\/himeji-castillo-guia\">Himeji<\/a>, <a href=\"https:\/\/www.jrailpass.com\/blog\/es\/kobe-guia-viaje\">Kobe<\/a>,\u00a0<a href=\"https:\/\/www.jrailpass.com\/blog\/es\/ciudades-de-japon\/kioto-guia\">Kioto<\/a>, <a href=\"https:\/\/www.jrailpass.com\/blog\/es\/ciudades-de-japon\/osaka-guia\">Osaka<\/a> y <a href=\"https:\/\/www.jrailpass.com\/blog\/es\/nara-guia-jr-pass\">Nara<\/a>. Es el coraz\u00f3n cultural e hist\u00f3rico de Jap\u00f3n y la segunda regi\u00f3n m\u00e1s poblada despu\u00e9s de Kanto.<\/p>\n<p>Prefecturas: Hy\u014dgo, Kioto, Mie, Nara, Osaka, Shiga y Wakayama.<\/p>\n<h2><span id=\"Chugoku\"><strong>Chugoku<\/strong><\/span><\/h2>\n<p><img loading=\"lazy\"  decoding=\"async\" class=\"alignleft\" src=\"https:\/\/www.jrailpass.com\/blog\/wp-content\/uploads\/2017\/09\/korakuen-okayama-e1504704124923.jpg\" alt=\"Korakuen Garden\" \/><br \/>\nChugoku es la regi\u00f3n m\u00e1s occidental de la isla de Honsh\u016b. Puedes recorrerla con los <a href=\"https:\/\/www.jrailpass.com\/blog\/es\/trenes-nocturnos-japon\">trenes nocturnos<\/a> y ver el gran santuario de Izumo, <a href=\"https:\/\/www.jrailpass.com\/blog\/es\/okayama-guia-viaje\">Okayama<\/a> y el jard\u00edn de Korakuen, <a href=\"https:\/\/www.jrailpass.com\/blog\/es\/hiroshima-guia-viaje\">Hiroshima<\/a> y la isla de <a href=\"https:\/\/www.jrailpass.com\/blog\/es\/miyajima-guia-viaje\">Miyajima<\/a>.<\/p>\n<p>Prefecturas:\u00a0Hiroshima,\u00a0Okayama,\u00a0Shimane,\u00a0Tottori\u00a0y\u00a0Yamaguchi.<\/p>\n<h2><span id=\"Shikoku\"><strong>Shikoku<\/strong><\/span><\/h2>\n<p><img loading=\"lazy\"  decoding=\"async\" class=\"alignleft\" src=\"https:\/\/www.jrailpass.com\/blog\/wp-content\/uploads\/2017\/09\/shikoku-iya-kazurabashi-e1504704094783.jpg\" alt=\"Shikoku\" \/><br \/>\nShikoku es la regi\u00f3n m\u00e1s peque\u00f1a de Jap\u00f3n y probablemente la m\u00e1s tranquila. Esta \u00fanica isla es conocida por su naturaleza abundante,\u00a0 hermosos r\u00edos y relajantes onsen, adem\u00e1s de por el camino de peregrinaje a los 88 Templos.<\/p>\n<p>Prefecturas: Ehime, Kagawa, K\u014dchi y Tokushima.<\/p>\n<h2><span id=\"Kyushu\"><strong>Kyushu\u00a0<\/strong><\/span><\/h2>\n<p><img loading=\"lazy\"  decoding=\"async\" class=\"alignleft\" src=\"https:\/\/www.jrailpass.com\/blog\/wp-content\/uploads\/2017\/09\/okinawa-beach.jpg\" alt=\"Okinawa\" \/><br \/>\nKyushu es la tercera isla m\u00e1s grande de Jap\u00f3n, y su regi\u00f3n incluye las islas de Okinawa. Kyushu a\u00fana historia, belleza natural, y ciudades modernas, am\u00e9n de las paradisiacas <a href=\"https:\/\/www.jrailpass.com\/blog\/es\/mejores-playas-japon\">playas de Okinawa<\/a>.<\/p>\n<p>Prefecturas: Fukuoka, Kumamoto, Nagasaki, \u014cita and Saga en el norte; Kagoshima, Miyazaki y Okinawa en el sur.<\/p>\n<div class=\"clearfix\"><\/div>\n<p>&nbsp;<\/p>\n","protected":false},"excerpt":{"rendered":"<p>Jap\u00f3n es un archipi\u00e9lago estratovolc\u00e1nico compuesto de islas e islotes. Las cuatro islas principales del pa\u00eds, situadas de norte a sur, son Hokkaido, Honshu, Shikoku y Kyushu, seguidas por las islas Ryukyu, cuya joya es Okinawa,\u00a0el archipi\u00e9lago m\u00e1s meridional de Jap\u00f3n. Todas juntas\u00a0forman el archipi\u00e9lago japon\u00e9s, que alberga 47 prefecturas, a su vez divididas en ocho regiones:\u00a0Hokkaido (isla), Tohoku, Kanto, Chubu, Kansai,\u00a0Chugoku (en Honshu), Shikoku (isla), yKyushu (incluyendo las islas de Kyushu y Okinawa). Disfruta conociendo cada regi\u00f3n en profundidad; sus costumbres, cultura, tradiciones, clima, caracter\u00edsticas geogr\u00e1ficas, comida y diferentes tipos de dialectos japoneses. Table of Contents1 Hokkaido2 Tohoku3 Kanto4 &hellip; <a href=\"https:\/\/www.jrailpass.com\/blog\/es\/regiones-de-japon\" class=\"more-link\">Leer m\u00e1s<span class=\"screen-reader-text\"> &#8220;Regiones de Jap\u00f3n&#8221;<\/span><\/a><\/p>\n","protected":false},"author":2,"featured_media":0,"parent":0,"menu_order":0,"comment_status":"closed","ping_status":"closed","template":"","meta":[],"acf":{"bread_1":null,"bread_2":null,"bread_3":null,"bread_4":null,"bread_5":null,"bread_6":null,"bread_7":null,"bread_last":null,"custom_guide":null,"shortcodes":null},"yoast_head":"<!-- This site is optimized with the Yoast SEO plugin v20.10 - https:\/\/yoast.com\/wordpress\/plugins\/seo\/ -->\n<title>Regiones de Jap\u00f3n - Blog de viajes de Japan Rail Pass | JRailPass<\/title>\n<meta name=\"description\" content=\"Descubre las ocho regiones de Jap\u00f3n con el Japan Rail Pass. Desde Hokkaido a Okinawa, te invitamos a conocer los mejores destinos del pa\u00eds nip\u00f3n.\" \/>\n<meta name=\"robots\" content=\"index, follow, max-snippet:-1, max-image-preview:large, max-video-preview:-1\" \/>\n<link rel=\"canonical\" href=\"https:\/\/www.jrailpass.com\/blog\/es\/wp-json\/wp\/v2\/pages\/2219\" \/>\n<meta property=\"og:locale\" content=\"es_ES\" \/>\n<meta property=\"og:type\" content=\"article\" \/>\n<meta property=\"og:title\" content=\"Regiones de Jap\u00f3n - Blog de viajes de Japan Rail Pass | JRailPass\" \/>\n<meta property=\"og:description\" content=\"Descubre las ocho regiones de Jap\u00f3n con el Japan Rail Pass. Desde Hokkaido a Okinawa, te invitamos a conocer los mejores destinos del pa\u00eds nip\u00f3n.\" \/>\n<meta property=\"og:url\" content=\"https:\/\/www.jrailpass.com\/blog\/es\/regiones-de-japon\" \/>\n<meta property=\"og:site_name\" content=\"Blog de viajes de Japan Rail Pass | JRailPass\" \/>\n<meta property=\"article:modified_time\" content=\"2018-04-30T11:16:16+00:00\" \/>\n<meta property=\"og:image\" content=\"https:\/\/www.jrailpass.com\/blog\/wp-content\/uploads\/2017\/09\/hokkaido-e1504704338239.jpg\" \/>\n<meta name=\"twitter:card\" content=\"summary_large_image\" \/>\n<script type=\"application\/ld+json\" class=\"yoast-schema-graph\">{\"@context\":\"https:\/\/schema.org\",\"@graph\":[{\"@type\":\"WebPage\",\"@id\":\"https:\/\/www.jrailpass.com\/blog\/es\/regiones-de-japon\",\"url\":\"https:\/\/www.jrailpass.com\/blog\/es\/regiones-de-japon\",\"name\":\"Regiones de Jap\u00f3n - Blog de viajes de Japan Rail Pass | JRailPass\",\"isPartOf\":{\"@id\":\"https:\/\/www.jrailpass.com\/blog\/es#website\"},\"datePublished\":\"2017-09-25T16:04:03+00:00\",\"dateModified\":\"2018-04-30T11:16:16+00:00\",\"description\":\"Descubre las ocho regiones de Jap\u00f3n con el Japan Rail Pass. Desde Hokkaido a Okinawa, te invitamos a conocer los mejores destinos del pa\u00eds nip\u00f3n.\",\"breadcrumb\":{\"@id\":\"https:\/\/www.jrailpass.com\/blog\/es\/regiones-de-japon#breadcrumb\"},\"inLanguage\":\"es\",\"potentialAction\":[{\"@type\":\"ReadAction\",\"target\":[\"https:\/\/www.jrailpass.com\/blog\/es\/regiones-de-japon\"]}]},{\"@type\":\"BreadcrumbList\",\"@id\":\"https:\/\/www.jrailpass.com\/blog\/es\/regiones-de-japon#breadcrumb\",\"itemListElement\":[{\"@type\":\"ListItem\",\"position\":1,\"name\":\"Japan Travel Blog\",\"item\":\"https:\/\/www.jrailpass.com\/blog\/es\"},{\"@type\":\"ListItem\",\"position\":2,\"name\":\"Regiones de Jap\u00f3n\"}]},{\"@type\":\"WebSite\",\"@id\":\"https:\/\/www.jrailpass.com\/blog\/es#website\",\"url\":\"https:\/\/www.jrailpass.com\/blog\/es\",\"name\":\"Blog de viajes de Japan Rail Pass | JRailPass\",\"description\":\"Descubre Jap\u00f3n en tren con el Japan Rail Pass\",\"publisher\":{\"@id\":\"https:\/\/www.jrailpass.com\/blog\/es#organization\"},\"potentialAction\":[{\"@type\":\"SearchAction\",\"target\":{\"@type\":\"EntryPoint\",\"urlTemplate\":\"https:\/\/www.jrailpass.com\/blog\/es?s={search_term_string}\"},\"query-input\":\"required name=search_term_string\"}],\"inLanguage\":\"es\"},{\"@type\":\"Organization\",\"@id\":\"https:\/\/www.jrailpass.com\/blog\/es#organization\",\"name\":\"Japan Rail Pass S.L. - JRailPass.com\",\"url\":\"https:\/\/www.jrailpass.com\/blog\/es\",\"logo\":{\"@type\":\"ImageObject\",\"inLanguage\":\"es\",\"@id\":\"https:\/\/www.jrailpass.com\/blog\/es#\/schema\/logo\/image\/\",\"url\":\"https:\/\/www.jrailpass.com\/blog\/wp-content\/uploads\/2017\/10\/logo.png\",\"contentUrl\":\"https:\/\/www.jrailpass.com\/blog\/wp-content\/uploads\/2017\/10\/logo.png\",\"width\":214,\"height\":60,\"caption\":\"Japan Rail Pass S.L. - JRailPass.com\"},\"image\":{\"@id\":\"https:\/\/www.jrailpass.com\/blog\/es#\/schema\/logo\/image\/\"}}]}<\/script>\n<!-- \/ Yoast SEO plugin. -->","yoast_head_json":{"title":"Regiones de Jap\u00f3n - Blog de viajes de Japan Rail Pass | JRailPass","description":"Descubre las ocho regiones de Jap\u00f3n con el Japan Rail Pass. Desde Hokkaido a Okinawa, te invitamos a conocer los mejores destinos del pa\u00eds nip\u00f3n.","robots":{"index":"index","follow":"follow","max-snippet":"max-snippet:-1","max-image-preview":"max-image-preview:large","max-video-preview":"max-video-preview:-1"},"canonical":"https:\/\/www.jrailpass.com\/blog\/es\/wp-json\/wp\/v2\/pages\/2219","og_locale":"es_ES","og_type":"article","og_title":"Regiones de Jap\u00f3n - Blog de viajes de Japan Rail Pass | JRailPass","og_description":"Descubre las ocho regiones de Jap\u00f3n con el Japan Rail Pass. Desde Hokkaido a Okinawa, te invitamos a conocer los mejores destinos del pa\u00eds nip\u00f3n.","og_url":"https:\/\/www.jrailpass.com\/blog\/es\/regiones-de-japon","og_site_name":"Blog de viajes de Japan Rail Pass | JRailPass","article_modified_time":"2018-04-30T11:16:16+00:00","og_image":[{"url":"https:\/\/www.jrailpass.com\/blog\/wp-content\/uploads\/2017\/09\/hokkaido-e1504704338239.jpg"}],"twitter_card":"summary_large_image","schema":{"@context":"https:\/\/schema.org","@graph":[{"@type":"WebPage","@id":"https:\/\/www.jrailpass.com\/blog\/es\/regiones-de-japon","url":"https:\/\/www.jrailpass.com\/blog\/es\/regiones-de-japon","name":"Regiones de Jap\u00f3n - Blog de viajes de Japan Rail Pass | JRailPass","isPartOf":{"@id":"https:\/\/www.jrailpass.com\/blog\/es#website"},"datePublished":"2017-09-25T16:04:03+00:00","dateModified":"2018-04-30T11:16:16+00:00","description":"Descubre las ocho regiones de Jap\u00f3n con el Japan Rail Pass. Desde Hokkaido a Okinawa, te invitamos a conocer los mejores destinos del pa\u00eds nip\u00f3n.","breadcrumb":{"@id":"https:\/\/www.jrailpass.com\/blog\/es\/regiones-de-japon#breadcrumb"},"inLanguage":"es","potentialAction":[{"@type":"ReadAction","target":["https:\/\/www.jrailpass.com\/blog\/es\/regiones-de-japon"]}]},{"@type":"BreadcrumbList","@id":"https:\/\/www.jrailpass.com\/blog\/es\/regiones-de-japon#breadcrumb","itemListElement":[{"@type":"ListItem","position":1,"name":"Japan Travel Blog","item":"https:\/\/www.jrailpass.com\/blog\/es"},{"@type":"ListItem","position":2,"name":"Regiones de Jap\u00f3n"}]},{"@type":"WebSite","@id":"https:\/\/www.jrailpass.com\/blog\/es#website","url":"https:\/\/www.jrailpass.com\/blog\/es","name":"Blog de viajes de Japan Rail Pass | JRailPass","description":"Descubre Jap\u00f3n en tren con el Japan Rail Pass","publisher":{"@id":"https:\/\/www.jrailpass.com\/blog\/es#organization"},"potentialAction":[{"@type":"SearchAction","target":{"@type":"EntryPoint","urlTemplate":"https:\/\/www.jrailpass.com\/blog\/es?s={search_term_string}"},"query-input":"required name=search_term_string"}],"inLanguage":"es"},{"@type":"Organization","@id":"https:\/\/www.jrailpass.com\/blog\/es#organization","name":"Japan Rail Pass S.L. - JRailPass.com","url":"https:\/\/www.jrailpass.com\/blog\/es","logo":{"@type":"ImageObject","inLanguage":"es","@id":"https:\/\/www.jrailpass.com\/blog\/es#\/schema\/logo\/image\/","url":"https:\/\/www.jrailpass.com\/blog\/wp-content\/uploads\/2017\/10\/logo.png","contentUrl":"https:\/\/www.jrailpass.com\/blog\/wp-content\/uploads\/2017\/10\/logo.png","width":214,"height":60,"caption":"Japan Rail Pass S.L. - JRailPass.com"},"image":{"@id":"https:\/\/www.jrailpass.com\/blog\/es#\/schema\/logo\/image\/"}}]}},"_links":{"self":[{"href":"https:\/\/www.jrailpass.com\/blog\/es\/wp-json\/wp\/v2\/pages\/2219"}],"collection":[{"href":"https:\/\/www.jrailpass.com\/blog\/es\/wp-json\/wp\/v2\/pages"}],"about":[{"href":"https:\/\/www.jrailpass.com\/blog\/es\/wp-json\/wp\/v2\/types\/page"}],"author":[{"embeddable":true,"href":"https:\/\/www.jrailpass.com\/blog\/es\/wp-json\/wp\/v2\/users\/2"}],"replies":[{"embeddable":true,"href":"https:\/\/www.jrailpass.com\/blog\/es\/wp-json\/wp\/v2\/comments?post=2219"}],"version-history":[{"count":0,"href":"https:\/\/www.jrailpass.com\/blog\/es\/wp-json\/wp\/v2\/pages\/2219\/revisions"}],"wp:attachment":[{"href":"https:\/\/www.jrailpass.com\/blog\/es\/wp-json\/wp\/v2\/media?parent=2219"}],"curies":[{"name":"wp","href":"https:\/\/api.w.org\/{rel}","templated":true}]}}