{"id":2216,"date":"2017-09-25T15:59:22","date_gmt":"2017-09-25T13:59:22","guid":{"rendered":"https:\/\/www.jrailpass.com\/blog\/?page_id=2216"},"modified":"2025-02-05T17:14:27","modified_gmt":"2025-02-05T16:14:27","slug":"ciudades-de-japon","status":"publish","type":"page","link":"https:\/\/www.jrailpass.com\/blog\/es\/ciudades-de-japon","title":{"rendered":"Las mejores ciudades de Jap\u00f3n para visitar"},"content":{"rendered":"<p>Jap\u00f3n es un archipi\u00e9lago estratovolc\u00e1nico que consta de m\u00e1s de 6.000 islas en el Oc\u00e9ano Pac\u00edfico. Uno de los pa\u00edses m\u00e1s poblados del mundo con una poblaci\u00f3n de aproximadamente 127 millones de habitantes, repartidos en ocho <a href=\"https:\/\/www.jrailpass.com\/blog\/es\/regiones-de-japon\">regiones<\/a>. Las cuatro islas principales y de mayor dimensi\u00f3n son Honshu, Hokkaido, Kyushu y Shikoku.<\/p>\n<p>Jap\u00f3n es un pa\u00eds rico en tradici\u00f3n, cultura y tecnolog\u00eda. Cada ciudad ofrece a sus visitantes su visi\u00f3n propia sobre la cultura aut\u00f3ctona japonesa.<strong> En esta secci\u00f3n encontrar\u00e1s todo lo que necesitas saber sobre las principales ciudades de Jap\u00f3n<\/strong>: qu\u00e9 hacer, d\u00f3nde comer, ir de compras, en qu\u00e9 \u00e9poca del a\u00f1o ir y c\u00f3mo usar el <a href=\"https:\/\/www.jrailpass.com\/es\/\">Japan Rail Pass <\/a>para moverse de ciudad en ciudad.<\/p>\n<p><!--more--><\/p>\n<div id=\"toc_container\" class=\"toc_white no_bullets\"><p class=\"toc_title\">Table of Contents<\/p><ul class=\"toc_list\"><li><a href=\"#Tokio\"><span class=\"toc_number toc_depth_1\">1<\/span> Tokio<\/a><\/li><li><a href=\"#Kioto\"><span class=\"toc_number toc_depth_1\">2<\/span> Kioto<\/a><\/li><li><a href=\"#Osaka\"><span class=\"toc_number toc_depth_1\">3<\/span> Osaka<\/a><\/li><li><a href=\"#Otras_ciudades_importantes\"><span class=\"toc_number toc_depth_1\">4<\/span> Otras ciudades importantes<\/a><ul><li><a href=\"#Yokohama\"><span class=\"toc_number toc_depth_2\">4.1<\/span> Yokohama<\/a><\/li><li><a href=\"#Nagoya\"><span class=\"toc_number toc_depth_2\">4.2<\/span> Nagoya<\/a><\/li><li><a href=\"#Kobe\"><span class=\"toc_number toc_depth_2\">4.3<\/span> Kobe<\/a><\/li><li><a href=\"#Fukuoka\"><span class=\"toc_number toc_depth_2\">4.4<\/span> Fukuoka<\/a><\/li><li><a href=\"#Hiroshima\"><span class=\"toc_number toc_depth_2\">4.5<\/span> Hiroshima<\/a><\/li><li><a href=\"#Sapporo\"><span class=\"toc_number toc_depth_2\">4.6<\/span> Sapporo<\/a><\/li><\/ul><\/li><\/ul><\/div>\n<h2><span id=\"Tokio\">Tokio<\/span><\/h2>\n<p><img loading=\"lazy\"  decoding=\"async\" loading=\"lazy\" class=\"alignleft wp-image-54\" src=\"https:\/\/www.jrailpass.com\/blog\/wp-content\/uploads\/2016\/06\/tokyo-shibuya-crossing-e1465829941954-300x182.jpg\" alt=\"Shibuya crossing in Tokyo\" width=\"300\" height=\"182\" \/><\/p>\n<p><strong><a href=\"https:\/\/www.jrailpass.com\/blog\/es\/ciudades-de-japon\/tokio-guia\">Tokio<\/a>\u00a0es la capital de Jap\u00f3n<\/strong> y el \u00e1rea metropolitana m\u00e1s poblada del mundo, adem\u00e1s de una de las ciudades m\u00e1s cautivadoras del panorama internacional.<\/p>\n<p>Desde los majestuosos templos del Jap\u00f3n tradicional hasta las brillantes luces de ne\u00f3n de Shibuya. Tokio tiene entretenimiento para todos los p\u00fablicos. Planifica tu viaje a Tokio a tu gusto leyendo nuestras gu\u00edas.<\/p>\n<h2><span id=\"Kioto\">Kioto<\/span><\/h2>\n<p><img loading=\"lazy\"  decoding=\"async\" loading=\"lazy\" class=\"alignleft wp-image-1985 size-full\" src=\"https:\/\/www.jrailpass.com\/blog\/wp-content\/uploads\/2017\/09\/kyoto-golden-pavilion.jpg\" alt=\"Golden Pavilion in Kyoto (Kansai)\" width=\"300\" height=\"200\" \/><strong><a href=\"https:\/\/www.jrailpass.com\/blog\/es\/ciudades-de-japon\/kioto-guia\">Kioto<\/a>\u00a0<\/strong>es considerada, por muchos, la ciudad m\u00e1s hermosa de Jap\u00f3n. Fue la capital japonesa hasta que el gobierno fue trasladado a Tokio en 1868. Sin embargo, Kioto sigue siendo el centro religioso de Jap\u00f3n con m\u00e1s de 1000 templos budistas.<\/p>\n<p>Kioto es el hogar de algunos de los monumentos m\u00e1s emblem\u00e1ticos del pa\u00eds Nip\u00f3n, con algunos de los jardines m\u00e1s excepcionales y exquisitos, templos majestuosos y obras maestras \u00fanicas accesibles en cualquier otro lugar del globo.<\/p>\n<h2><span id=\"Osaka\">Osaka<\/span><\/h2>\n<p><img loading=\"lazy\"  decoding=\"async\" loading=\"lazy\" class=\"alignleft wp-image-78 size-medium\" src=\"https:\/\/www.jrailpass.com\/blog\/wp-content\/uploads\/2016\/05\/dotonbori-glico-man-osaka-300x200.jpg\" alt=\"Dotonbori neon lights in Osaka\" width=\"300\" height=\"200\" \/><strong><a href=\"https:\/\/www.jrailpass.com\/blog\/es\/ciudades-de-japon\/osaka-guia\">Osaka<\/a><\/strong> es la tercera ciudad m\u00e1s grande de Jap\u00f3n y fue la primera capital del pa\u00eds. Se considera el centro econ\u00f3mico en auge de Jap\u00f3n. Es el hogar del puerto mar\u00edtimo m\u00e1s grande del pa\u00eds y de muchos de los principales fabricantes japoneses. Tambi\u00e9n se considera un para\u00edso gastron\u00f3mico, apodo <em>Tenka no Daidokoro<\/em> que significa cocina de la patria.<\/p>\n<div class=\"clearfix\"><\/div>\n<p>&nbsp;<\/p>\n<p style=\"text-align: center;\">\n            <a class=\"fasc-button banner-button-shortcode fasc-size-large fasc-type-flat fasc-rounded-medium ico-fa fasc-ico-after fa-chevron-circle-right fasc-style-bold\" href=\"https:\/\/www.jrailpass.com\/es\/jr-pass\">\n                Compra tu JR Pass\n            <\/a>\n        <\/p>\n<h2><span id=\"Otras_ciudades_importantes\">Otras ciudades importantes<\/span><\/h2>\n<h3><span id=\"Yokohama\">Yokohama<\/span><\/h3>\n<p><img loading=\"lazy\"  decoding=\"async\" loading=\"lazy\" class=\"size-medium wp-image-1899 alignleft\" src=\"https:\/\/www.jrailpass.com\/blog\/wp-content\/uploads\/2017\/09\/yokohama-mount-fuji-e1504269383160-300x160.jpg\" alt=\"Yokohama and Mount Fuji\" width=\"300\" height=\"160\" \/><br \/>\nSituada en el \u00e1rea urbana de Tokio, <strong><a href=\"https:\/\/www.jrailpass.com\/blog\/es\/yokohama-guia-viaje\">Yokohama<\/a><\/strong> es en realidad la segunda ciudad m\u00e1s poblada de Jap\u00f3n. A 20 minutos al sur de la estaci\u00f3n de Tokio en tren, la bah\u00eda de Yokohama y su Chinatown son una interesante parada para viajeros curiosos y amantes de la comida japonesa.<\/p>\n<h3><span id=\"Nagoya\">Nagoya<\/span><\/h3>\n<p><img loading=\"lazy\"  decoding=\"async\" loading=\"lazy\" class=\"size-medium wp-image-1476 alignleft\" src=\"https:\/\/www.jrailpass.com\/blog\/wp-content\/uploads\/2017\/06\/nagoya-city-300x152.jpg\" alt=\"Nagoya city and skyline\" width=\"300\" height=\"152\" srcset=\"https:\/\/www.jrailpass.com\/blog\/wp-content\/uploads\/2017\/06\/nagoya-city-300x152.jpg 300w, https:\/\/www.jrailpass.com\/blog\/wp-content\/uploads\/2017\/06\/nagoya-city-768x388.jpg 768w, https:\/\/www.jrailpass.com\/blog\/wp-content\/uploads\/2017\/06\/nagoya-city.jpg 800w\" sizes=\"(max-width: 300px) 100vw, 300px\" \/><br \/>\nLa ciudad m\u00e1s grande en la regi\u00f3n central de Chubu, <strong><a href=\"https:\/\/www.jrailpass.com\/blog\/es\/nagoya-guia-viaje\">Nagoya<\/a><\/strong> es uno de los puertos principales de Jap\u00f3n y tambi\u00e9n un eje importante de los trenes de la bala &#8220;Shinkansen&#8221;. Con numerosas tiendas, varios museos y hasta parques de atracciones, los atractivo de Nagoya son casi incontables.<\/p>\n<h3><span id=\"Kobe\">Kobe<\/span><\/h3>\n<p><img loading=\"lazy\"  decoding=\"async\" loading=\"lazy\" class=\"alignleft wp-image-400 size-medium\" src=\"https:\/\/www.jrailpass.com\/blog\/wp-content\/uploads\/2016\/09\/Kobe_maritime_museum2-by-Tomomarusan-wikimedia-e1513075887374-300x188.jpg\" alt=\"Kobe maritime museum\" width=\"300\" height=\"188\" srcset=\"https:\/\/www.jrailpass.com\/blog\/wp-content\/uploads\/2016\/09\/Kobe_maritime_museum2-by-Tomomarusan-wikimedia-e1513075887374-300x188.jpg 300w, https:\/\/www.jrailpass.com\/blog\/wp-content\/uploads\/2016\/09\/Kobe_maritime_museum2-by-Tomomarusan-wikimedia-e1513075887374-768x482.jpg 768w, https:\/\/www.jrailpass.com\/blog\/wp-content\/uploads\/2016\/09\/Kobe_maritime_museum2-by-Tomomarusan-wikimedia-e1513075887374.jpg 800w\" sizes=\"(max-width: 300px) 100vw, 300px\" \/><br \/>\nRodeado por el mar por un lado y una cordillera majestuosa por el otro, <a href=\"https:\/\/www.jrailpass.com\/blog\/es\/kobe-guia-viaje\"><strong>Kobe<\/strong><\/a> est\u00e1 cerca de Osaka y Kioto, y tambi\u00e9n es considerada una de las ciudades portuarias m\u00e1s\u00a0interesantes&#8230; \u00a1sin olvidar su famosa ternera!<\/p>\n<h3><span id=\"Fukuoka\">Fukuoka<\/span><\/h3>\n<p><img loading=\"lazy\"  decoding=\"async\" loading=\"lazy\" class=\"alignleft wp-image-96 size-medium\" src=\"https:\/\/www.jrailpass.com\/blog\/wp-content\/uploads\/2016\/06\/fukuoka-tower-300x200.jpg\" alt=\"Fukuoka Tower\" width=\"300\" height=\"200\" \/><br \/>\nLa ciudad de <strong><a href=\"https:\/\/www.jrailpass.com\/blog\/es\/fukuoka-guia-viaje\">Fukuoka<\/a><\/strong> es uno de los principales destinos tur\u00edsticos en el sur de Jap\u00f3n, y figura entre las diez ciudades m\u00e1s pobladas de Jap\u00f3n. Es la ciudad m\u00e1s grande de la isla de Kyushu, y est\u00e1 repleta de incre\u00edbles experiencias\u00a0que esperan a sus visitantes.<\/p>\n<h3><span id=\"Hiroshima\">Hiroshima<\/span><\/h3>\n<p><img loading=\"lazy\"  decoding=\"async\" loading=\"lazy\" class=\"alignleft wp-image-940 size-medium\" src=\"https:\/\/www.jrailpass.com\/blog\/wp-content\/uploads\/2017\/02\/hiroshima-river-peace-park-300x175.jpg\" alt=\"Hiroshima\" width=\"300\" height=\"175\" \/>Las profundas ra\u00edces hist\u00f3ricas de <strong><a href=\"https:\/\/www.jrailpass.com\/blog\/es\/hiroshima-guia-viaje\">Hiroshima<\/a><\/strong> son visibles en sus antiguos jardines y castillos, as\u00ed como los restos del bombardeo at\u00f3mico durante la Segunda Guerra Mundial. Hoy en d\u00eda, Hiroshima y su isla vecina, <a href=\"https:\/\/www.jrailpass.com\/blog\/es\/miyajima-guia-viaje\">Miyajima<\/a>, son el hogar de m\u00e1s de un mill\u00f3n de personas y una parada habitual entre los turistas.<\/p>\n<h3><span id=\"Sapporo\">Sapporo<\/span><\/h3>\n<p><img loading=\"lazy\"  decoding=\"async\" loading=\"lazy\" class=\"alignleft wp-image-2305 size-medium\" src=\"https:\/\/www.jrailpass.com\/blog\/wp-content\/uploads\/2017\/09\/odori-park-sapporo-e1506683349949-300x174.jpg\" alt=\"Odori Park in Sapporo\" width=\"300\" height=\"174\" \/><br \/>\n<strong><a href=\"https:\/\/www.jrailpass.com\/blog\/es\/sapporo-guia-viaje\">Sapporo<\/a><\/strong> es la quinta ciudad m\u00e1s grande de Jap\u00f3n y capital de la isla norte\u00f1a de Hokkaido. En menos de dos siglos, Sapporo ha disfrutado de un r\u00e1pido crecimiento y ahora es conocido por sus deportes de invierno, grandes \u00e1reas al aire libre, ramen y cerveza.<\/p>\n<div style=\"clear: both;\"><\/div>\n","protected":false},"excerpt":{"rendered":"<p>Jap\u00f3n es un archipi\u00e9lago estratovolc\u00e1nico que consta de m\u00e1s de 6.000 islas en el Oc\u00e9ano Pac\u00edfico. Uno de los pa\u00edses m\u00e1s poblados del mundo con una poblaci\u00f3n de aproximadamente 127 millones de habitantes, repartidos en ocho regiones. Las cuatro islas principales y de mayor dimensi\u00f3n son Honshu, Hokkaido, Kyushu y Shikoku. Jap\u00f3n es un pa\u00eds rico en tradici\u00f3n, cultura y tecnolog\u00eda. Cada ciudad ofrece a sus visitantes su visi\u00f3n propia sobre la cultura aut\u00f3ctona japonesa. En esta secci\u00f3n encontrar\u00e1s todo lo que necesitas saber sobre las principales ciudades de Jap\u00f3n: qu\u00e9 hacer, d\u00f3nde comer, ir de compras, en qu\u00e9 \u00e9poca &hellip; <a href=\"https:\/\/www.jrailpass.com\/blog\/es\/ciudades-de-japon\" class=\"more-link\">Leer m\u00e1s<span class=\"screen-reader-text\"> &#8220;Las mejores ciudades de Jap\u00f3n para visitar&#8221;<\/span><\/a><\/p>\n","protected":false},"author":2,"featured_media":0,"parent":0,"menu_order":0,"comment_status":"closed","ping_status":"closed","template":"","meta":[],"acf":{"related_tours":{"tour_number":false},"bread_1":false,"bread_2":false,"bread_3":false,"bread_4":false,"bread_5":false,"bread_6":false,"bread_7":false,"bread_last":false,"custom_guide":"","shortcodes":false},"yoast_head":"<!-- This site is optimized with the Yoast SEO plugin v20.10 - https:\/\/yoast.com\/wordpress\/plugins\/seo\/ -->\n<title>Las Mejores Ciudades que visitar en Jap\u00f3n - Japan Rail Pass<\/title>\n<meta name=\"description\" content=\"Descubre todo Tokio, Osaka, Kioto y otras grandes ciudades que visitar en Jap\u00f3n, cada destino con una propuesta cultural diferente.\" \/>\n<meta name=\"robots\" content=\"index, follow, max-snippet:-1, max-image-preview:large, max-video-preview:-1\" \/>\n<link rel=\"canonical\" href=\"https:\/\/www.jrailpass.com\/blog\/es\/wp-json\/wp\/v2\/pages\/2216\" \/>\n<meta property=\"og:locale\" content=\"es_ES\" \/>\n<meta property=\"og:type\" content=\"article\" \/>\n<meta property=\"og:title\" content=\"Las Mejores Ciudades que visitar en Jap\u00f3n - Japan Rail Pass\" \/>\n<meta property=\"og:description\" content=\"Descubre todo Tokio, Osaka, Kioto y otras grandes ciudades que visitar en Jap\u00f3n, cada destino con una propuesta cultural diferente.\" \/>\n<meta property=\"og:url\" content=\"https:\/\/www.jrailpass.com\/blog\/es\/ciudades-de-japon\" \/>\n<meta property=\"og:site_name\" content=\"Blog de viajes de Japan Rail Pass | JRailPass\" \/>\n<meta property=\"article:modified_time\" content=\"2025-02-05T16:14:27+00:00\" \/>\n<meta property=\"og:image\" content=\"https:\/\/www.jrailpass.com\/blog\/wp-content\/uploads\/2016\/06\/tokyo-shibuya-crossing-e1465829941954-300x182.jpg\" \/>\n<meta name=\"twitter:card\" content=\"summary_large_image\" \/>\n<script type=\"application\/ld+json\" class=\"yoast-schema-graph\">{\"@context\":\"https:\/\/schema.org\",\"@graph\":[{\"@type\":\"WebPage\",\"@id\":\"https:\/\/www.jrailpass.com\/blog\/es\/ciudades-de-japon\",\"url\":\"https:\/\/www.jrailpass.com\/blog\/es\/ciudades-de-japon\",\"name\":\"Las Mejores Ciudades que visitar en Jap\u00f3n - Japan Rail Pass\",\"isPartOf\":{\"@id\":\"https:\/\/www.jrailpass.com\/blog\/es#website\"},\"datePublished\":\"2017-09-25T13:59:22+00:00\",\"dateModified\":\"2025-02-05T16:14:27+00:00\",\"description\":\"Descubre todo Tokio, Osaka, Kioto y otras grandes ciudades que visitar en Jap\u00f3n, cada destino con una propuesta cultural diferente.\",\"breadcrumb\":{\"@id\":\"https:\/\/www.jrailpass.com\/blog\/es\/ciudades-de-japon#breadcrumb\"},\"inLanguage\":\"es\",\"potentialAction\":[{\"@type\":\"ReadAction\",\"target\":[\"https:\/\/www.jrailpass.com\/blog\/es\/ciudades-de-japon\"]}]},{\"@type\":\"BreadcrumbList\",\"@id\":\"https:\/\/www.jrailpass.com\/blog\/es\/ciudades-de-japon#breadcrumb\",\"itemListElement\":[{\"@type\":\"ListItem\",\"position\":1,\"name\":\"Japan Travel Blog\",\"item\":\"https:\/\/www.jrailpass.com\/blog\/es\"},{\"@type\":\"ListItem\",\"position\":2,\"name\":\"Las mejores ciudades de Jap\u00f3n para visitar\"}]},{\"@type\":\"WebSite\",\"@id\":\"https:\/\/www.jrailpass.com\/blog\/es#website\",\"url\":\"https:\/\/www.jrailpass.com\/blog\/es\",\"name\":\"Blog de viajes de Japan Rail Pass | JRailPass\",\"description\":\"Descubre Jap\u00f3n en tren con el Japan Rail Pass\",\"publisher\":{\"@id\":\"https:\/\/www.jrailpass.com\/blog\/es#organization\"},\"potentialAction\":[{\"@type\":\"SearchAction\",\"target\":{\"@type\":\"EntryPoint\",\"urlTemplate\":\"https:\/\/www.jrailpass.com\/blog\/es?s={search_term_string}\"},\"query-input\":\"required name=search_term_string\"}],\"inLanguage\":\"es\"},{\"@type\":\"Organization\",\"@id\":\"https:\/\/www.jrailpass.com\/blog\/es#organization\",\"name\":\"Japan Rail Pass S.L. - JRailPass.com\",\"url\":\"https:\/\/www.jrailpass.com\/blog\/es\",\"logo\":{\"@type\":\"ImageObject\",\"inLanguage\":\"es\",\"@id\":\"https:\/\/www.jrailpass.com\/blog\/es#\/schema\/logo\/image\/\",\"url\":\"https:\/\/www.jrailpass.com\/blog\/wp-content\/uploads\/2017\/10\/logo.png\",\"contentUrl\":\"https:\/\/www.jrailpass.com\/blog\/wp-content\/uploads\/2017\/10\/logo.png\",\"width\":214,\"height\":60,\"caption\":\"Japan Rail Pass S.L. - JRailPass.com\"},\"image\":{\"@id\":\"https:\/\/www.jrailpass.com\/blog\/es#\/schema\/logo\/image\/\"}}]}<\/script>\n<!-- \/ Yoast SEO plugin. -->","yoast_head_json":{"title":"Las Mejores Ciudades que visitar en Jap\u00f3n - Japan Rail Pass","description":"Descubre todo Tokio, Osaka, Kioto y otras grandes ciudades que visitar en Jap\u00f3n, cada destino con una propuesta cultural diferente.","robots":{"index":"index","follow":"follow","max-snippet":"max-snippet:-1","max-image-preview":"max-image-preview:large","max-video-preview":"max-video-preview:-1"},"canonical":"https:\/\/www.jrailpass.com\/blog\/es\/wp-json\/wp\/v2\/pages\/2216","og_locale":"es_ES","og_type":"article","og_title":"Las Mejores Ciudades que visitar en Jap\u00f3n - Japan Rail Pass","og_description":"Descubre todo Tokio, Osaka, Kioto y otras grandes ciudades que visitar en Jap\u00f3n, cada destino con una propuesta cultural diferente.","og_url":"https:\/\/www.jrailpass.com\/blog\/es\/ciudades-de-japon","og_site_name":"Blog de viajes de Japan Rail Pass | JRailPass","article_modified_time":"2025-02-05T16:14:27+00:00","og_image":[{"url":"https:\/\/www.jrailpass.com\/blog\/wp-content\/uploads\/2016\/06\/tokyo-shibuya-crossing-e1465829941954-300x182.jpg"}],"twitter_card":"summary_large_image","schema":{"@context":"https:\/\/schema.org","@graph":[{"@type":"WebPage","@id":"https:\/\/www.jrailpass.com\/blog\/es\/ciudades-de-japon","url":"https:\/\/www.jrailpass.com\/blog\/es\/ciudades-de-japon","name":"Las Mejores Ciudades que visitar en Jap\u00f3n - Japan Rail Pass","isPartOf":{"@id":"https:\/\/www.jrailpass.com\/blog\/es#website"},"datePublished":"2017-09-25T13:59:22+00:00","dateModified":"2025-02-05T16:14:27+00:00","description":"Descubre todo Tokio, Osaka, Kioto y otras grandes ciudades que visitar en Jap\u00f3n, cada destino con una propuesta cultural diferente.","breadcrumb":{"@id":"https:\/\/www.jrailpass.com\/blog\/es\/ciudades-de-japon#breadcrumb"},"inLanguage":"es","potentialAction":[{"@type":"ReadAction","target":["https:\/\/www.jrailpass.com\/blog\/es\/ciudades-de-japon"]}]},{"@type":"BreadcrumbList","@id":"https:\/\/www.jrailpass.com\/blog\/es\/ciudades-de-japon#breadcrumb","itemListElement":[{"@type":"ListItem","position":1,"name":"Japan Travel Blog","item":"https:\/\/www.jrailpass.com\/blog\/es"},{"@type":"ListItem","position":2,"name":"Las mejores ciudades de Jap\u00f3n para visitar"}]},{"@type":"WebSite","@id":"https:\/\/www.jrailpass.com\/blog\/es#website","url":"https:\/\/www.jrailpass.com\/blog\/es","name":"Blog de viajes de Japan Rail Pass | JRailPass","description":"Descubre Jap\u00f3n en tren con el Japan Rail Pass","publisher":{"@id":"https:\/\/www.jrailpass.com\/blog\/es#organization"},"potentialAction":[{"@type":"SearchAction","target":{"@type":"EntryPoint","urlTemplate":"https:\/\/www.jrailpass.com\/blog\/es?s={search_term_string}"},"query-input":"required name=search_term_string"}],"inLanguage":"es"},{"@type":"Organization","@id":"https:\/\/www.jrailpass.com\/blog\/es#organization","name":"Japan Rail Pass S.L. - JRailPass.com","url":"https:\/\/www.jrailpass.com\/blog\/es","logo":{"@type":"ImageObject","inLanguage":"es","@id":"https:\/\/www.jrailpass.com\/blog\/es#\/schema\/logo\/image\/","url":"https:\/\/www.jrailpass.com\/blog\/wp-content\/uploads\/2017\/10\/logo.png","contentUrl":"https:\/\/www.jrailpass.com\/blog\/wp-content\/uploads\/2017\/10\/logo.png","width":214,"height":60,"caption":"Japan Rail Pass S.L. - JRailPass.com"},"image":{"@id":"https:\/\/www.jrailpass.com\/blog\/es#\/schema\/logo\/image\/"}}]}},"_links":{"self":[{"href":"https:\/\/www.jrailpass.com\/blog\/es\/wp-json\/wp\/v2\/pages\/2216"}],"collection":[{"href":"https:\/\/www.jrailpass.com\/blog\/es\/wp-json\/wp\/v2\/pages"}],"about":[{"href":"https:\/\/www.jrailpass.com\/blog\/es\/wp-json\/wp\/v2\/types\/page"}],"author":[{"embeddable":true,"href":"https:\/\/www.jrailpass.com\/blog\/es\/wp-json\/wp\/v2\/users\/2"}],"replies":[{"embeddable":true,"href":"https:\/\/www.jrailpass.com\/blog\/es\/wp-json\/wp\/v2\/comments?post=2216"}],"version-history":[{"count":2,"href":"https:\/\/www.jrailpass.com\/blog\/es\/wp-json\/wp\/v2\/pages\/2216\/revisions"}],"predecessor-version":[{"id":20524,"href":"https:\/\/www.jrailpass.com\/blog\/es\/wp-json\/wp\/v2\/pages\/2216\/revisions\/20524"}],"wp:attachment":[{"href":"https:\/\/www.jrailpass.com\/blog\/es\/wp-json\/wp\/v2\/media?parent=2216"}],"curies":[{"name":"wp","href":"https:\/\/api.w.org\/{rel}","templated":true}]}}