{"id":2214,"date":"2017-09-25T15:37:17","date_gmt":"2017-09-25T13:37:17","guid":{"rendered":"https:\/\/www.jrailpass.com\/blog\/?page_id=2214"},"modified":"2018-11-06T18:53:07","modified_gmt":"2018-11-06T16:53:07","slug":"kioto-guia","status":"publish","type":"page","link":"https:\/\/www.jrailpass.com\/blog\/es\/ciudades-de-japon\/kioto-guia","title":{"rendered":"Kioto: Gu\u00eda de viaje"},"content":{"rendered":"<p><strong>Kioto es considerada, por muchos, la ciudad m\u00e1s hermosa de Jap\u00f3n.<\/strong> Fue la capital japonesa hasta que el gobierno fue trasladado a Tokio en 1868. Sin embargo, Kyoto sigue siendo el centro religioso de Jap\u00f3n con m\u00e1s de 1000 templos budistas. <strong>Kioto es el hogar de algunos de los monumentos m\u00e1s emblem\u00e1ticos del pa\u00eds<\/strong> Nip\u00f3n, con algunos de los jardines m\u00e1s excepcionales y exquisitos, templos majestuosos y obras maestras \u00fanicas accesibles en cualquier otro lugar del globo.<\/p>\n<p><strong>Descubre el notable valor hist\u00f3rico de Kioto con la ayuda de nuestras gu\u00edas.<\/strong> C\u00f3mo moverse por la ciudad, qu\u00e9 hacer, d\u00f3nde comer y qu\u00e9 ver. Descubra la regi\u00f3n de Kioto y visita todas las atracciones principales. Planifica tu viaje a tu gusto e incluye excursiones de un d\u00eda a Osaka, Nara, el santuario de Fushimi Inari, Nagoya y el castillo de Himeji.<\/p>\n<h2>Trenes y transporte en Kioto<\/h2>\n<p><img loading=\"lazy\"  decoding=\"async\" loading=\"lazy\" class=\"alignleft wp-image-76 size-medium\" src=\"https:\/\/www.jrailpass.com\/blog\/wp-content\/uploads\/2016\/05\/fushimi-inari-kyoto-300x200.jpg\" alt=\"Fushimi Inari torii gates\" width=\"300\" height=\"200\" \/><\/p>\n<ul style=\"list-style-type: none;\">\n<li><a href=\"https:\/\/www.jrailpass.com\/blog\/es\/kioto-trenes-jr-pass\">C\u00f3mo usar el JR Pass en Kioto<\/a><\/li>\n<li><a href=\"https:\/\/www.jrailpass.com\/blog\/es\/tokio-kioto-osaka-tren\">C\u00f3mo ir de Kioto Tokio<\/a><\/li>\n<li><a href=\"https:\/\/www.jrailpass.com\/blog\/es\/de-osaka-a-kioto\">C\u00f3mo Llegar a Kioto desde Osaka<\/a><\/li>\n<li><a href=\"https:\/\/www.jrailpass.com\/blog\/es\/haruka-express\">Haruka Express: Traslado al Kansai International Airport<\/a><\/li>\n<li><a href=\"https:\/\/www.jrailpass.com\/blog\/es\/tren-turistico-sagano-kioto\">Tren tur\u00edstico de Sagano<\/a><\/li>\n<li><a href=\"https:\/\/www.jrailpass.com\/blog\/es\/thunderbird-express\">Thunderbird Express hasta Kanazawa<\/a><\/li>\n<li><a href=\"https:\/\/www.jrailpass.com\/blog\/es\/estacion-de-tren-de-kioto\">Estaci\u00f3n central de Kioto<\/a><\/li>\n<\/ul>\n<h2>Destinos y atracciones cercanas<\/h2>\n<p><img loading=\"lazy\"  decoding=\"async\" loading=\"lazy\" class=\"wp-image-1417 size-medium alignleft\" src=\"https:\/\/www.jrailpass.com\/blog\/wp-content\/uploads\/2017\/05\/nara-great-buddha-300x188.jpg\" alt=\"The Great Buddha at Todai-ji temple in Nara\" width=\"300\" height=\"188\" \/><\/p>\n<ul style=\"list-style-type: none;\">\n<li><a href=\"https:\/\/www.jrailpass.com\/blog\/es\/que-ver-en-kioto\">Qu\u00e9 ver en Kioto<\/a><\/li>\n<li><a href=\"https:\/\/www.jrailpass.com\/blog\/es\/excursiones-kioto-tren\">Excursiones y escapadas de un d\u00eda<\/a><\/li>\n<li><a href=\"https:\/\/www.jrailpass.com\/blog\/es\/himeji-castillo-guia\">Gu\u00eda de viaje de Himeji y su castillo<\/a><\/li>\n<li><a href=\"https:\/\/www.jrailpass.com\/blog\/es\/nara-guia-jr-pass\">Gu\u00eda de viaje de Nara<\/a><\/li>\n<li><a href=\"https:\/\/www.jrailpass.com\/blog\/es\/osaka-guia\">Gu\u00eda de viaje de Osaka<\/a><\/li>\n<li><\/li>\n<\/ul>\n<div class=\"clear\"><\/div>\n","protected":false},"excerpt":{"rendered":"<p>Kioto es considerada, por muchos, la ciudad m\u00e1s hermosa de Jap\u00f3n. Fue la capital japonesa hasta que el gobierno fue trasladado a Tokio en 1868. Sin embargo, Kyoto sigue siendo el centro religioso de Jap\u00f3n con m\u00e1s de 1000 templos budistas. Kioto es el hogar de algunos de los monumentos m\u00e1s emblem\u00e1ticos del pa\u00eds Nip\u00f3n, con algunos de los jardines m\u00e1s excepcionales y exquisitos, templos majestuosos y obras maestras \u00fanicas accesibles en cualquier otro lugar del globo. Descubre el notable valor hist\u00f3rico de Kioto con la ayuda de nuestras gu\u00edas. C\u00f3mo moverse por la ciudad, qu\u00e9 hacer, d\u00f3nde comer y &hellip; <a href=\"https:\/\/www.jrailpass.com\/blog\/es\/ciudades-de-japon\/kioto-guia\" class=\"more-link\">Leer m\u00e1s<span class=\"screen-reader-text\"> &#8220;Kioto: Gu\u00eda de viaje&#8221;<\/span><\/a><\/p>\n","protected":false},"author":2,"featured_media":10660,"parent":2216,"menu_order":0,"comment_status":"closed","ping_status":"closed","template":"","meta":[],"acf":{"related_tours":{"tour_number":false}},"yoast_head":"<!-- This site is optimized with the Yoast SEO plugin v20.10 - https:\/\/yoast.com\/wordpress\/plugins\/seo\/ -->\n<title>Kioto: Gu\u00eda Completa de Viaje - Japan Rail Pass Blog<\/title>\n<meta name=\"description\" content=\"Descubre Kioto con el JR Pass: c\u00f3mo llegar, transporte, que hacer, qu\u00e9 ver y los mejores templos, jardines y lugares de inter\u00e9s de la regi\u00f3n de Kansai.\" \/>\n<meta name=\"robots\" content=\"index, follow, max-snippet:-1, max-image-preview:large, max-video-preview:-1\" \/>\n<link rel=\"canonical\" href=\"https:\/\/www.jrailpass.com\/blog\/es\/wp-json\/wp\/v2\/pages\/2214\" \/>\n<meta property=\"og:locale\" content=\"es_ES\" \/>\n<meta property=\"og:type\" content=\"article\" \/>\n<meta property=\"og:title\" content=\"Kioto: Gu\u00eda Completa de Viaje - Japan Rail Pass Blog\" \/>\n<meta property=\"og:description\" content=\"Descubre Kioto con el JR Pass: c\u00f3mo llegar, transporte, que hacer, qu\u00e9 ver y los mejores templos, jardines y lugares de inter\u00e9s de la regi\u00f3n de Kansai.\" \/>\n<meta property=\"og:url\" content=\"https:\/\/www.jrailpass.com\/blog\/es\/ciudades-de-japon\/kioto-guia\" \/>\n<meta property=\"og:site_name\" content=\"Blog de viajes de Japan Rail Pass | JRailPass\" \/>\n<meta property=\"article:modified_time\" content=\"2018-11-06T16:53:07+00:00\" \/>\n<meta property=\"og:image\" content=\"https:\/\/www.jrailpass.com\/blog\/wp-content\/uploads\/2019\/10\/cherry-blossoms-kyoto.jpg\" \/>\n\t<meta property=\"og:image:width\" content=\"800\" \/>\n\t<meta property=\"og:image:height\" content=\"500\" \/>\n\t<meta property=\"og:image:type\" content=\"image\/jpeg\" \/>\n<meta name=\"twitter:card\" content=\"summary_large_image\" \/>\n<script type=\"application\/ld+json\" class=\"yoast-schema-graph\">{\"@context\":\"https:\/\/schema.org\",\"@graph\":[{\"@type\":\"WebPage\",\"@id\":\"https:\/\/www.jrailpass.com\/blog\/es\/ciudades-de-japon\/kioto-guia\",\"url\":\"https:\/\/www.jrailpass.com\/blog\/es\/ciudades-de-japon\/kioto-guia\",\"name\":\"Kioto: Gu\u00eda Completa de Viaje - Japan Rail Pass Blog\",\"isPartOf\":{\"@id\":\"https:\/\/www.jrailpass.com\/blog\/es#website\"},\"datePublished\":\"2017-09-25T13:37:17+00:00\",\"dateModified\":\"2018-11-06T16:53:07+00:00\",\"description\":\"Descubre Kioto con el JR Pass: c\u00f3mo llegar, transporte, que hacer, qu\u00e9 ver y los mejores templos, jardines y lugares de inter\u00e9s de la regi\u00f3n de Kansai.\",\"breadcrumb\":{\"@id\":\"https:\/\/www.jrailpass.com\/blog\/es\/ciudades-de-japon\/kioto-guia#breadcrumb\"},\"inLanguage\":\"es\",\"potentialAction\":[{\"@type\":\"ReadAction\",\"target\":[\"https:\/\/www.jrailpass.com\/blog\/es\/ciudades-de-japon\/kioto-guia\"]}]},{\"@type\":\"BreadcrumbList\",\"@id\":\"https:\/\/www.jrailpass.com\/blog\/es\/ciudades-de-japon\/kioto-guia#breadcrumb\",\"itemListElement\":[{\"@type\":\"ListItem\",\"position\":1,\"name\":\"Japan Travel Blog\",\"item\":\"https:\/\/www.jrailpass.com\/blog\/es\"},{\"@type\":\"ListItem\",\"position\":2,\"name\":\"Las mejores ciudades de Jap\u00f3n para visitar\",\"item\":\"https:\/\/www.jrailpass.com\/blog\/es\/ciudades-de-japon\"},{\"@type\":\"ListItem\",\"position\":3,\"name\":\"Kioto: Gu\u00eda de viaje\"}]},{\"@type\":\"WebSite\",\"@id\":\"https:\/\/www.jrailpass.com\/blog\/es#website\",\"url\":\"https:\/\/www.jrailpass.com\/blog\/es\",\"name\":\"Blog de viajes de Japan Rail Pass | JRailPass\",\"description\":\"Descubre Jap\u00f3n en tren con el Japan Rail Pass\",\"publisher\":{\"@id\":\"https:\/\/www.jrailpass.com\/blog\/es#organization\"},\"potentialAction\":[{\"@type\":\"SearchAction\",\"target\":{\"@type\":\"EntryPoint\",\"urlTemplate\":\"https:\/\/www.jrailpass.com\/blog\/es?s={search_term_string}\"},\"query-input\":\"required name=search_term_string\"}],\"inLanguage\":\"es\"},{\"@type\":\"Organization\",\"@id\":\"https:\/\/www.jrailpass.com\/blog\/es#organization\",\"name\":\"Japan Rail Pass S.L. - JRailPass.com\",\"url\":\"https:\/\/www.jrailpass.com\/blog\/es\",\"logo\":{\"@type\":\"ImageObject\",\"inLanguage\":\"es\",\"@id\":\"https:\/\/www.jrailpass.com\/blog\/es#\/schema\/logo\/image\/\",\"url\":\"https:\/\/www.jrailpass.com\/blog\/wp-content\/uploads\/2017\/10\/logo.png\",\"contentUrl\":\"https:\/\/www.jrailpass.com\/blog\/wp-content\/uploads\/2017\/10\/logo.png\",\"width\":214,\"height\":60,\"caption\":\"Japan Rail Pass S.L. - JRailPass.com\"},\"image\":{\"@id\":\"https:\/\/www.jrailpass.com\/blog\/es#\/schema\/logo\/image\/\"}}]}<\/script>\n<!-- \/ Yoast SEO plugin. -->","yoast_head_json":{"title":"Kioto: Gu\u00eda Completa de Viaje - Japan Rail Pass Blog","description":"Descubre Kioto con el JR Pass: c\u00f3mo llegar, transporte, que hacer, qu\u00e9 ver y los mejores templos, jardines y lugares de inter\u00e9s de la regi\u00f3n de Kansai.","robots":{"index":"index","follow":"follow","max-snippet":"max-snippet:-1","max-image-preview":"max-image-preview:large","max-video-preview":"max-video-preview:-1"},"canonical":"https:\/\/www.jrailpass.com\/blog\/es\/wp-json\/wp\/v2\/pages\/2214","og_locale":"es_ES","og_type":"article","og_title":"Kioto: Gu\u00eda Completa de Viaje - Japan Rail Pass Blog","og_description":"Descubre Kioto con el JR Pass: c\u00f3mo llegar, transporte, que hacer, qu\u00e9 ver y los mejores templos, jardines y lugares de inter\u00e9s de la regi\u00f3n de Kansai.","og_url":"https:\/\/www.jrailpass.com\/blog\/es\/ciudades-de-japon\/kioto-guia","og_site_name":"Blog de viajes de Japan Rail Pass | JRailPass","article_modified_time":"2018-11-06T16:53:07+00:00","og_image":[{"width":800,"height":500,"url":"https:\/\/www.jrailpass.com\/blog\/wp-content\/uploads\/2019\/10\/cherry-blossoms-kyoto.jpg","type":"image\/jpeg"}],"twitter_card":"summary_large_image","schema":{"@context":"https:\/\/schema.org","@graph":[{"@type":"WebPage","@id":"https:\/\/www.jrailpass.com\/blog\/es\/ciudades-de-japon\/kioto-guia","url":"https:\/\/www.jrailpass.com\/blog\/es\/ciudades-de-japon\/kioto-guia","name":"Kioto: Gu\u00eda Completa de Viaje - Japan Rail Pass Blog","isPartOf":{"@id":"https:\/\/www.jrailpass.com\/blog\/es#website"},"datePublished":"2017-09-25T13:37:17+00:00","dateModified":"2018-11-06T16:53:07+00:00","description":"Descubre Kioto con el JR Pass: c\u00f3mo llegar, transporte, que hacer, qu\u00e9 ver y los mejores templos, jardines y lugares de inter\u00e9s de la regi\u00f3n de Kansai.","breadcrumb":{"@id":"https:\/\/www.jrailpass.com\/blog\/es\/ciudades-de-japon\/kioto-guia#breadcrumb"},"inLanguage":"es","potentialAction":[{"@type":"ReadAction","target":["https:\/\/www.jrailpass.com\/blog\/es\/ciudades-de-japon\/kioto-guia"]}]},{"@type":"BreadcrumbList","@id":"https:\/\/www.jrailpass.com\/blog\/es\/ciudades-de-japon\/kioto-guia#breadcrumb","itemListElement":[{"@type":"ListItem","position":1,"name":"Japan Travel Blog","item":"https:\/\/www.jrailpass.com\/blog\/es"},{"@type":"ListItem","position":2,"name":"Las mejores ciudades de Jap\u00f3n para visitar","item":"https:\/\/www.jrailpass.com\/blog\/es\/ciudades-de-japon"},{"@type":"ListItem","position":3,"name":"Kioto: Gu\u00eda de viaje"}]},{"@type":"WebSite","@id":"https:\/\/www.jrailpass.com\/blog\/es#website","url":"https:\/\/www.jrailpass.com\/blog\/es","name":"Blog de viajes de Japan Rail Pass | JRailPass","description":"Descubre Jap\u00f3n en tren con el Japan Rail Pass","publisher":{"@id":"https:\/\/www.jrailpass.com\/blog\/es#organization"},"potentialAction":[{"@type":"SearchAction","target":{"@type":"EntryPoint","urlTemplate":"https:\/\/www.jrailpass.com\/blog\/es?s={search_term_string}"},"query-input":"required name=search_term_string"}],"inLanguage":"es"},{"@type":"Organization","@id":"https:\/\/www.jrailpass.com\/blog\/es#organization","name":"Japan Rail Pass S.L. - JRailPass.com","url":"https:\/\/www.jrailpass.com\/blog\/es","logo":{"@type":"ImageObject","inLanguage":"es","@id":"https:\/\/www.jrailpass.com\/blog\/es#\/schema\/logo\/image\/","url":"https:\/\/www.jrailpass.com\/blog\/wp-content\/uploads\/2017\/10\/logo.png","contentUrl":"https:\/\/www.jrailpass.com\/blog\/wp-content\/uploads\/2017\/10\/logo.png","width":214,"height":60,"caption":"Japan Rail Pass S.L. - JRailPass.com"},"image":{"@id":"https:\/\/www.jrailpass.com\/blog\/es#\/schema\/logo\/image\/"}}]}},"_links":{"self":[{"href":"https:\/\/www.jrailpass.com\/blog\/es\/wp-json\/wp\/v2\/pages\/2214"}],"collection":[{"href":"https:\/\/www.jrailpass.com\/blog\/es\/wp-json\/wp\/v2\/pages"}],"about":[{"href":"https:\/\/www.jrailpass.com\/blog\/es\/wp-json\/wp\/v2\/types\/page"}],"author":[{"embeddable":true,"href":"https:\/\/www.jrailpass.com\/blog\/es\/wp-json\/wp\/v2\/users\/2"}],"replies":[{"embeddable":true,"href":"https:\/\/www.jrailpass.com\/blog\/es\/wp-json\/wp\/v2\/comments?post=2214"}],"version-history":[{"count":0,"href":"https:\/\/www.jrailpass.com\/blog\/es\/wp-json\/wp\/v2\/pages\/2214\/revisions"}],"up":[{"embeddable":true,"href":"https:\/\/www.jrailpass.com\/blog\/es\/wp-json\/wp\/v2\/pages\/2216"}],"wp:featuredmedia":[{"embeddable":true,"href":"https:\/\/www.jrailpass.com\/blog\/es\/wp-json\/wp\/v2\/media\/10660"}],"wp:attachment":[{"href":"https:\/\/www.jrailpass.com\/blog\/es\/wp-json\/wp\/v2\/media?parent=2214"}],"curies":[{"name":"wp","href":"https:\/\/api.w.org\/{rel}","templated":true}]}}