{"id":2210,"date":"2017-09-25T15:11:37","date_gmt":"2017-09-25T13:11:37","guid":{"rendered":"https:\/\/www.jrailpass.com\/blog\/?page_id=2210"},"modified":"2018-08-14T12:19:57","modified_gmt":"2018-08-14T10:19:57","slug":"lo-mejor-de-japon","status":"publish","type":"page","link":"https:\/\/www.jrailpass.com\/blog\/es\/lo-mejor-de-japon","title":{"rendered":"Lo mejor de Jap\u00f3n"},"content":{"rendered":"<p>En esta secci\u00f3n &#8216;Lo Mejor de Jap\u00f3n&#8217;, hemos reunido los principales destinos, los mejores itinerarios y rutas y los enclaves tur\u00edsticos que debes visitar en cada ciudad. \u00a1Todo en un s\u00f3lo lugar!<\/p>\n<p>Puede que a simple vista, organizar un viaje a Jap\u00f3n, parezca una tarea dif\u00edcil de llevar a cabo. Con tantos destinos incre\u00edbles, puede que resulte desalentador decidir d\u00f3nde ir y qu\u00e9 visitar, y m\u00e1s dif\u00edcil todav\u00eda, decidir qu\u00e9 excluir de tu lista&#8230; \u00a1Tarea complicada incluso para aquellos que ya conocen Jap\u00f3n y no pueden resistirse a volver! Por eso <strong>hemos clasificado lo mejor de Jap\u00f3n para asegurarnos que encuentras todo lo que necesitas saber<\/strong> de la cultura japonesa: pasado, presente y futuro.<\/p>\n<p><!--more--><\/p>\n<p><strong>Jap\u00f3n tiene una gran variedad de lugares que merece la pena ver.<\/strong> Esta secci\u00f3n realmente te ayudar\u00e1 a navegar entre las posibilidades y planear tu viaje de manera personificada. Descubre lo que cada regi\u00f3n y cada ciudad tiene que ofrecer, los lugares para visitar, d\u00f3nde comer, qu\u00e9 festividades son las m\u00e1s recomendables, las caracter\u00edsticas y particularidades de cada temporada y m\u00e1s, mucho m\u00e1s.<\/p>\n<div id=\"toc_container\" class=\"toc_white no_bullets\"><p class=\"toc_title\">Table of Contents<\/p><ul class=\"toc_list\"><li><a href=\"#Lo_mejorsegun_la_epoca_del_ano\"><span class=\"toc_number toc_depth_1\">1<\/span> Lo mejor\u00a0seg\u00fan la \u00e9poca del a\u00f1o<\/a><\/li><li><a href=\"#Las_mejores_experiencias\"><span class=\"toc_number toc_depth_1\">2<\/span> Las mejores experiencias<\/a><\/li><li><a href=\"#Rutas_e_itinerarios_destacados\"><span class=\"toc_number toc_depth_1\">3<\/span> Rutas e itinerarios destacados<\/a><\/li><\/ul><\/div>\n<h2><span id=\"Lo_mejorsegun_la_epoca_del_ano\">Lo mejor\u00a0seg\u00fan la \u00e9poca del a\u00f1o<\/span><\/h2>\n<p><img loading=\"lazy\"  decoding=\"async\" loading=\"lazy\" class=\"alignnone wp-image-1094\" src=\"https:\/\/www.jrailpass.com\/blog\/wp-content\/uploads\/2017\/03\/himeji-castle-cherry-blossom-e1509709877192.jpg\" alt=\"El Castillo de Himeji durante la temporada de cerezos en flor\" width=\"600\" height=\"381\" \/><\/p>\n<ul style=\"list-style: none; margin-left: 0px;\">\n<li><a href=\"https:\/\/www.jrailpass.com\/blog\/es\/cuando-viajar-a-japon\">Cu\u00e1ndo viajar a Jap\u00f3n: las mejores \u00e9pocas<\/a><\/li>\n<li><a href=\"https:\/\/www.jrailpass.com\/blog\/es\/lugares-ciruelos-flor-japon\">Ciruelos en flor: cu\u00e1ndo y d\u00f3nde verlos<\/a><\/li>\n<li><a href=\"https:\/\/www.jrailpass.com\/blog\/es\/cerezos-flor-japon-lugares\">Cerezos en flor: mejores lugares para verlos<\/a><\/li>\n<li><a href=\"https:\/\/www.jrailpass.com\/blog\/es\/golden-week-semana-dorada\">Golden Week: fechas y consejos<\/a><\/li>\n<li><a href=\"https:\/\/www.jrailpass.com\/blog\/es\/festivales-verano-japon\">Los mejores festivales de verano<\/a><\/li>\n<li><a href=\"https:\/\/www.jrailpass.com\/blog\/es\/mejores-playas-japon\">Las mejores playas de Jap\u00f3n<\/a><\/li>\n<li><a href=\"https:\/\/www.jrailpass.com\/blog\/es\/lugares-japon-otono\">Los mejores lugares para disfrutar del oto\u00f1o<\/a><\/li>\n<li><a href=\"https:\/\/www.jrailpass.com\/blog\/es\/mejores-estaciones-esqui-japon\">Las mejores estaciones de esqu\u00ed<\/a><\/li>\n<\/ul>\n<h2><span id=\"Las_mejores_experiencias\">Las mejores experiencias<\/span><\/h2>\n<p><img loading=\"lazy\"  decoding=\"async\" loading=\"lazy\" class=\"wp-image-1417\" src=\"https:\/\/www.jrailpass.com\/blog\/wp-content\/uploads\/2017\/05\/nara-great-buddha-e1495196580829.jpg\" alt=\"El gran Buddha en el templo Todai-ji en Nara\" width=\"600\" height=\"375\" \/><\/p>\n<ul style=\"list-style: none; margin-left: 0px;\">\n<li><a href=\"https:\/\/www.jrailpass.com\/blog\/es\/mejores-jardines-japon\">10 jardines japoneses que debes descubrir<\/a><\/li>\n<li><a href=\"https:\/\/www.jrailpass.com\/blog\/es\/onsen-banos-naturales\">C\u00f3mo usar los onsen: los mejores ba\u00f1os termales<\/a><\/li>\n<li><a href=\"https:\/\/www.jrailpass.com\/blog\/es\/kumano-kodo\">Kumano Kodo: el Camino de Santiago japon\u00e9s<\/a><\/li>\n<li><a href=\"https:\/\/www.jrailpass.com\/blog\/es\/trenes-panoramicos-vistas\">Los mejores trenes panor\u00e1micos<\/a><\/li>\n<li><a href=\"https:\/\/www.jrailpass.com\/blog\/es\/ekiben-comida-tren-japon\">Los mejores ekiben: comida en el tren<\/a><\/li>\n<li><a href=\"https:\/\/www.jrailpass.com\/blog\/es\/parques-de-atracciones-japon\">Los mejores parques de atracciones de Jap\u00f3n<\/a><\/li>\n<li><\/li>\n<li><a href=\"https:\/\/www.jrailpass.com\/blog\/es\/mejores-templos-de-japon\">Los mejores templos de Jap\u00f3n<\/a><\/li>\n<li><a href=\"https:\/\/www.jrailpass.com\/blog\/es\/mejores-acuarios-de-japon\">Los mejores acuarios de Jap\u00f3n<\/a><\/li>\n<\/ul>\n<h2><span id=\"Rutas_e_itinerarios_destacados\">Rutas e itinerarios destacados<\/span><\/h2>\n<p><img loading=\"lazy\"  decoding=\"async\" loading=\"lazy\" class=\"alignnone wp-image-1627\" src=\"https:\/\/www.jrailpass.com\/blog\/wp-content\/uploads\/2017\/07\/mt-fuji-japan-autumn-e1505220649953.jpg\" alt=\"El Monte Fuji en oto\u00f1o\" width=\"600\" height=\"401\" srcset=\"https:\/\/www.jrailpass.com\/blog\/wp-content\/uploads\/2017\/07\/mt-fuji-japan-autumn-e1505220649953.jpg 800w, https:\/\/www.jrailpass.com\/blog\/wp-content\/uploads\/2017\/07\/mt-fuji-japan-autumn-e1505220649953-300x200.jpg 300w, https:\/\/www.jrailpass.com\/blog\/wp-content\/uploads\/2017\/07\/mt-fuji-japan-autumn-e1505220649953-768x513.jpg 768w\" sizes=\"(max-width: 600px) 100vw, 600px\" \/><\/p>\n<ul style=\"list-style: none; margin-left: 0px;\">\n<li><a href=\"https:\/\/www.jrailpass.com\/blog\/es\/tokio-3-dias-itinerario\">3 d\u00edas en Tokio<\/a><\/li>\n<li><a href=\"https:\/\/www.jrailpass.com\/blog\/es\/que-ver-en-kioto\">Qu\u00e9 ver en Kioto<\/a><\/li>\n<li><a href=\"https:\/\/www.jrailpass.com\/blog\/es\/osaka-itinerario-3-dias\">Qu\u00e9 ver en Osaka<\/a><\/li>\n<li><a href=\"https:\/\/www.jrailpass.com\/blog\/es\/excursiones-kioto-tren\">Escapadas de un d\u00eda desde Kioto<\/a><\/li>\n<li><a href=\"https:\/\/www.jrailpass.com\/blog\/es\/excursiones-dia-tokio\">Escapadas de un d\u00eda desde Tokio<\/a><\/li>\n<li><a href=\"https:\/\/www.jrailpass.com\/blog\/es\/monte-fuji\">Monte Fuji<\/a><\/li>\n<li><a href=\"https:\/\/www.jrailpass.com\/blog\/es\/koyasan-monte-koya\">Monte Koya (Koyasan)<\/a><\/li>\n<\/ul>\n<p>Descubre m\u00e1s <a href=\"https:\/\/www.jrailpass.com\/blog\/es\/destinos\">destinos<\/a> e <a href=\"https:\/\/www.jrailpass.com\/blog\/es\/itinerarios\">itinerarios<\/a> en nuestras categor\u00edas correspondientes.<\/p>\n","protected":false},"excerpt":{"rendered":"<p>En esta secci\u00f3n &#8216;Lo Mejor de Jap\u00f3n&#8217;, hemos reunido los principales destinos, los mejores itinerarios y rutas y los enclaves tur\u00edsticos que debes visitar en cada ciudad. \u00a1Todo en un s\u00f3lo lugar! Puede que a simple vista, organizar un viaje a Jap\u00f3n, parezca una tarea dif\u00edcil de llevar a cabo. Con tantos destinos incre\u00edbles, puede que resulte desalentador decidir d\u00f3nde ir y qu\u00e9 visitar, y m\u00e1s dif\u00edcil todav\u00eda, decidir qu\u00e9 excluir de tu lista&#8230; \u00a1Tarea complicada incluso para aquellos que ya conocen Jap\u00f3n y no pueden resistirse a volver! Por eso hemos clasificado lo mejor de Jap\u00f3n para asegurarnos que &hellip; <a href=\"https:\/\/www.jrailpass.com\/blog\/es\/lo-mejor-de-japon\" class=\"more-link\">Leer m\u00e1s<span class=\"screen-reader-text\"> &#8220;Lo mejor de Jap\u00f3n&#8221;<\/span><\/a><\/p>\n","protected":false},"author":2,"featured_media":0,"parent":0,"menu_order":0,"comment_status":"closed","ping_status":"closed","template":"","meta":[],"acf":{"bread_1":null,"bread_2":null,"bread_3":null,"bread_4":null,"bread_5":null,"bread_6":null,"bread_7":null,"bread_last":null,"custom_guide":null,"shortcodes":null},"yoast_head":"<!-- This site is optimized with the Yoast SEO plugin v20.10 - https:\/\/yoast.com\/wordpress\/plugins\/seo\/ -->\n<title>Lo Mejor de Jap\u00f3n: Experiencias Imprescindibles - Japan Rail Pass<\/title>\n<meta name=\"description\" content=\"Descubre nuestra selecci\u00f3n sobre qu\u00e9 y hacer en Jap\u00f3n. Gu\u00edas de atracciones, eventos y experiencias divididas por temporada, por regiones, \u00a1y mucho m\u00e1s!\" \/>\n<meta name=\"robots\" content=\"index, follow, max-snippet:-1, max-image-preview:large, max-video-preview:-1\" \/>\n<link rel=\"canonical\" href=\"https:\/\/www.jrailpass.com\/blog\/es\/wp-json\/wp\/v2\/pages\/2210\" \/>\n<meta property=\"og:locale\" content=\"es_ES\" \/>\n<meta property=\"og:type\" content=\"article\" \/>\n<meta property=\"og:title\" content=\"Lo Mejor de Jap\u00f3n: Experiencias Imprescindibles - Japan Rail Pass\" \/>\n<meta property=\"og:description\" content=\"Descubre nuestra selecci\u00f3n sobre qu\u00e9 y hacer en Jap\u00f3n. Gu\u00edas de atracciones, eventos y experiencias divididas por temporada, por regiones, \u00a1y mucho m\u00e1s!\" \/>\n<meta property=\"og:url\" content=\"https:\/\/www.jrailpass.com\/blog\/es\/lo-mejor-de-japon\" \/>\n<meta property=\"og:site_name\" content=\"Blog de viajes de Japan Rail Pass | JRailPass\" \/>\n<meta property=\"article:modified_time\" content=\"2018-08-14T10:19:57+00:00\" \/>\n<meta property=\"og:image\" content=\"https:\/\/www.jrailpass.com\/blog\/wp-content\/uploads\/2017\/03\/himeji-castle-cherry-blossom-e1509709877192.jpg\" \/>\n<meta name=\"twitter:card\" content=\"summary_large_image\" \/>\n<script type=\"application\/ld+json\" class=\"yoast-schema-graph\">{\"@context\":\"https:\/\/schema.org\",\"@graph\":[{\"@type\":\"WebPage\",\"@id\":\"https:\/\/www.jrailpass.com\/blog\/es\/lo-mejor-de-japon\",\"url\":\"https:\/\/www.jrailpass.com\/blog\/es\/lo-mejor-de-japon\",\"name\":\"Lo Mejor de Jap\u00f3n: Experiencias Imprescindibles - Japan Rail Pass\",\"isPartOf\":{\"@id\":\"https:\/\/www.jrailpass.com\/blog\/es#website\"},\"datePublished\":\"2017-09-25T13:11:37+00:00\",\"dateModified\":\"2018-08-14T10:19:57+00:00\",\"description\":\"Descubre nuestra selecci\u00f3n sobre qu\u00e9 y hacer en Jap\u00f3n. Gu\u00edas de atracciones, eventos y experiencias divididas por temporada, por regiones, \u00a1y mucho m\u00e1s!\",\"breadcrumb\":{\"@id\":\"https:\/\/www.jrailpass.com\/blog\/es\/lo-mejor-de-japon#breadcrumb\"},\"inLanguage\":\"es\",\"potentialAction\":[{\"@type\":\"ReadAction\",\"target\":[\"https:\/\/www.jrailpass.com\/blog\/es\/lo-mejor-de-japon\"]}]},{\"@type\":\"BreadcrumbList\",\"@id\":\"https:\/\/www.jrailpass.com\/blog\/es\/lo-mejor-de-japon#breadcrumb\",\"itemListElement\":[{\"@type\":\"ListItem\",\"position\":1,\"name\":\"Japan Travel Blog\",\"item\":\"https:\/\/www.jrailpass.com\/blog\/es\"},{\"@type\":\"ListItem\",\"position\":2,\"name\":\"Lo mejor de Jap\u00f3n\"}]},{\"@type\":\"WebSite\",\"@id\":\"https:\/\/www.jrailpass.com\/blog\/es#website\",\"url\":\"https:\/\/www.jrailpass.com\/blog\/es\",\"name\":\"Blog de viajes de Japan Rail Pass | JRailPass\",\"description\":\"Descubre Jap\u00f3n en tren con el Japan Rail Pass\",\"publisher\":{\"@id\":\"https:\/\/www.jrailpass.com\/blog\/es#organization\"},\"potentialAction\":[{\"@type\":\"SearchAction\",\"target\":{\"@type\":\"EntryPoint\",\"urlTemplate\":\"https:\/\/www.jrailpass.com\/blog\/es?s={search_term_string}\"},\"query-input\":\"required name=search_term_string\"}],\"inLanguage\":\"es\"},{\"@type\":\"Organization\",\"@id\":\"https:\/\/www.jrailpass.com\/blog\/es#organization\",\"name\":\"Japan Rail Pass S.L. - JRailPass.com\",\"url\":\"https:\/\/www.jrailpass.com\/blog\/es\",\"logo\":{\"@type\":\"ImageObject\",\"inLanguage\":\"es\",\"@id\":\"https:\/\/www.jrailpass.com\/blog\/es#\/schema\/logo\/image\/\",\"url\":\"https:\/\/www.jrailpass.com\/blog\/wp-content\/uploads\/2017\/10\/logo.png\",\"contentUrl\":\"https:\/\/www.jrailpass.com\/blog\/wp-content\/uploads\/2017\/10\/logo.png\",\"width\":214,\"height\":60,\"caption\":\"Japan Rail Pass S.L. - JRailPass.com\"},\"image\":{\"@id\":\"https:\/\/www.jrailpass.com\/blog\/es#\/schema\/logo\/image\/\"}}]}<\/script>\n<!-- \/ Yoast SEO plugin. -->","yoast_head_json":{"title":"Lo Mejor de Jap\u00f3n: Experiencias Imprescindibles - Japan Rail Pass","description":"Descubre nuestra selecci\u00f3n sobre qu\u00e9 y hacer en Jap\u00f3n. Gu\u00edas de atracciones, eventos y experiencias divididas por temporada, por regiones, \u00a1y mucho m\u00e1s!","robots":{"index":"index","follow":"follow","max-snippet":"max-snippet:-1","max-image-preview":"max-image-preview:large","max-video-preview":"max-video-preview:-1"},"canonical":"https:\/\/www.jrailpass.com\/blog\/es\/wp-json\/wp\/v2\/pages\/2210","og_locale":"es_ES","og_type":"article","og_title":"Lo Mejor de Jap\u00f3n: Experiencias Imprescindibles - Japan Rail Pass","og_description":"Descubre nuestra selecci\u00f3n sobre qu\u00e9 y hacer en Jap\u00f3n. Gu\u00edas de atracciones, eventos y experiencias divididas por temporada, por regiones, \u00a1y mucho m\u00e1s!","og_url":"https:\/\/www.jrailpass.com\/blog\/es\/lo-mejor-de-japon","og_site_name":"Blog de viajes de Japan Rail Pass | JRailPass","article_modified_time":"2018-08-14T10:19:57+00:00","og_image":[{"url":"https:\/\/www.jrailpass.com\/blog\/wp-content\/uploads\/2017\/03\/himeji-castle-cherry-blossom-e1509709877192.jpg"}],"twitter_card":"summary_large_image","schema":{"@context":"https:\/\/schema.org","@graph":[{"@type":"WebPage","@id":"https:\/\/www.jrailpass.com\/blog\/es\/lo-mejor-de-japon","url":"https:\/\/www.jrailpass.com\/blog\/es\/lo-mejor-de-japon","name":"Lo Mejor de Jap\u00f3n: Experiencias Imprescindibles - Japan Rail Pass","isPartOf":{"@id":"https:\/\/www.jrailpass.com\/blog\/es#website"},"datePublished":"2017-09-25T13:11:37+00:00","dateModified":"2018-08-14T10:19:57+00:00","description":"Descubre nuestra selecci\u00f3n sobre qu\u00e9 y hacer en Jap\u00f3n. Gu\u00edas de atracciones, eventos y experiencias divididas por temporada, por regiones, \u00a1y mucho m\u00e1s!","breadcrumb":{"@id":"https:\/\/www.jrailpass.com\/blog\/es\/lo-mejor-de-japon#breadcrumb"},"inLanguage":"es","potentialAction":[{"@type":"ReadAction","target":["https:\/\/www.jrailpass.com\/blog\/es\/lo-mejor-de-japon"]}]},{"@type":"BreadcrumbList","@id":"https:\/\/www.jrailpass.com\/blog\/es\/lo-mejor-de-japon#breadcrumb","itemListElement":[{"@type":"ListItem","position":1,"name":"Japan Travel Blog","item":"https:\/\/www.jrailpass.com\/blog\/es"},{"@type":"ListItem","position":2,"name":"Lo mejor de Jap\u00f3n"}]},{"@type":"WebSite","@id":"https:\/\/www.jrailpass.com\/blog\/es#website","url":"https:\/\/www.jrailpass.com\/blog\/es","name":"Blog de viajes de Japan Rail Pass | JRailPass","description":"Descubre Jap\u00f3n en tren con el Japan Rail Pass","publisher":{"@id":"https:\/\/www.jrailpass.com\/blog\/es#organization"},"potentialAction":[{"@type":"SearchAction","target":{"@type":"EntryPoint","urlTemplate":"https:\/\/www.jrailpass.com\/blog\/es?s={search_term_string}"},"query-input":"required name=search_term_string"}],"inLanguage":"es"},{"@type":"Organization","@id":"https:\/\/www.jrailpass.com\/blog\/es#organization","name":"Japan Rail Pass S.L. - JRailPass.com","url":"https:\/\/www.jrailpass.com\/blog\/es","logo":{"@type":"ImageObject","inLanguage":"es","@id":"https:\/\/www.jrailpass.com\/blog\/es#\/schema\/logo\/image\/","url":"https:\/\/www.jrailpass.com\/blog\/wp-content\/uploads\/2017\/10\/logo.png","contentUrl":"https:\/\/www.jrailpass.com\/blog\/wp-content\/uploads\/2017\/10\/logo.png","width":214,"height":60,"caption":"Japan Rail Pass S.L. - JRailPass.com"},"image":{"@id":"https:\/\/www.jrailpass.com\/blog\/es#\/schema\/logo\/image\/"}}]}},"_links":{"self":[{"href":"https:\/\/www.jrailpass.com\/blog\/es\/wp-json\/wp\/v2\/pages\/2210"}],"collection":[{"href":"https:\/\/www.jrailpass.com\/blog\/es\/wp-json\/wp\/v2\/pages"}],"about":[{"href":"https:\/\/www.jrailpass.com\/blog\/es\/wp-json\/wp\/v2\/types\/page"}],"author":[{"embeddable":true,"href":"https:\/\/www.jrailpass.com\/blog\/es\/wp-json\/wp\/v2\/users\/2"}],"replies":[{"embeddable":true,"href":"https:\/\/www.jrailpass.com\/blog\/es\/wp-json\/wp\/v2\/comments?post=2210"}],"version-history":[{"count":0,"href":"https:\/\/www.jrailpass.com\/blog\/es\/wp-json\/wp\/v2\/pages\/2210\/revisions"}],"wp:attachment":[{"href":"https:\/\/www.jrailpass.com\/blog\/es\/wp-json\/wp\/v2\/media?parent=2210"}],"curies":[{"name":"wp","href":"https:\/\/api.w.org\/{rel}","templated":true}]}}