{"id":11200,"date":"2019-11-22T07:00:34","date_gmt":"2019-11-22T06:00:34","guid":{"rendered":"https:\/\/www.jrailpass.com\/blog?page_id=11200"},"modified":"2021-07-23T12:08:23","modified_gmt":"2021-07-23T10:08:23","slug":"maraton-sapporo","status":"publish","type":"page","link":"https:\/\/www.jrailpass.com\/blog\/es\/tokio-2020-juegos-olimpicos\/maraton-sapporo","title":{"rendered":"Marat\u00f3n de las Olimpiadas de Tokio 2020 en Sapporo"},"content":{"rendered":"<p class=\"note\"><strong>\u00a1Por fin han comenzado los Juegos Ol\u00edmpicos de Tokio!<\/strong> Conoce toda la informaci\u00f3n sobre fechas, horarios, el estadio de Tokio y otras sedes en nuestra <a href=\"https:\/\/www.jrailpass.com\/blog\/es\/tokio-2020-juegos-olimpicos\">completa gu\u00eda<\/a>.<\/p>\n<p>El <strong>marat\u00f3n ol\u00edmpico<\/strong> es una de las competiciones m\u00e1s importantes y famosas de los Juegos Ol\u00edmpicos de verano y tambi\u00e9n <strong>uno de los eventos m\u00e1s esperados<\/strong> por los aficionados del atletismo de todo el mundo.<\/p>\n<p><!--more--><\/p>\n<p>Recientemente, se ha confirmado el <strong>traslado del marat\u00f3n ol\u00edmpico 2020 y las pruebas de marcha a la ciudad de Sapporo<\/strong>, una decisi\u00f3n unilateral que no ha sentado del todo bien a los organizadores japoneses.<\/p>\n<p>Encuentra en este art\u00edculo todo lo que necesitas saber acerca del Marat\u00f3n Ol\u00edmpico 2020 que se celebrar\u00e1 en Sapporo: <strong>fechas, recorridos, disciplinas, c\u00f3mo llegar desde Tokio y mucho m\u00e1s<\/strong>.<\/p>\n<div id=\"toc_container\" class=\"toc_white no_bullets\"><p class=\"toc_title\">Table of Contents<\/p><ul class=\"toc_list\"><li><a href=\"#Traslado_de_la_competicion_a_Sapporo\"><span class=\"toc_number toc_depth_1\">1<\/span> Traslado de la competici\u00f3n a Sapporo<\/a><\/li><li><a href=\"#Recorrido_del_Maraton_Olimpico_2020\"><span class=\"toc_number toc_depth_1\">2<\/span> Recorrido del Marat\u00f3n Ol\u00edmpico 2020<\/a><\/li><li><a href=\"#Fechas_del_maraton_y_pruebas_de_marcha\"><span class=\"toc_number toc_depth_1\">3<\/span> Fechas del marat\u00f3n y pruebas de marcha<\/a><\/li><li><a href=\"#Como_llegar_a_Sapporo_desde_Tokio\"><span class=\"toc_number toc_depth_1\">4<\/span> C\u00f3mo llegar a Sapporo desde Tokio<\/a><ul><li><a href=\"#De_Tokio_a_Sapporo_en_tren_con_tu_Japan_Rail_Pass\"><span class=\"toc_number toc_depth_2\">4.1<\/span> De Tokio a Sapporo en tren con tu Japan Rail Pass<\/a><\/li><li><a href=\"#De_Tokio_a_Sapporo_en_avion\"><span class=\"toc_number toc_depth_2\">4.2<\/span> De Tokio a Sapporo en avi\u00f3n<\/a><\/li><\/ul><\/li><li><a href=\"#JJOO_de_Invierno_Sapporo_72\"><span class=\"toc_number toc_depth_1\">5<\/span> JJOO de Invierno Sapporo \u201872<\/a><\/li><\/ul><\/div>\n<h2><span id=\"Traslado_de_la_competicion_a_Sapporo\">Traslado de la competici\u00f3n a Sapporo<\/span><\/h2>\n<p>Finalmente, y a pesar del descontento de la gobernadora de <a href=\"https:\/\/www.jrailpass.com\/blog\/es\/ciudades-de-japon\/tokio-guia\">Tokio<\/a> (Yuriko Koibe), el <strong>Marat\u00f3n Ol\u00edmpico de los JJOO de Tokio 2020<\/strong> tendr\u00e1 lugar<strong> en la ciudad de Sapporo<\/strong>.<\/p>\n<p>Esta decisi\u00f3n se ha hecho efectiva una vez que los organizadores nipones han accedido a acatar la <strong>medida del Comit\u00e9 Ol\u00edmpico Internacional (COI)<\/strong>. Adem\u00e1s del evento masculino y femenino del Marat\u00f3n Ol\u00edmpico, <strong>las pruebas de marcha tambi\u00e9n se mover\u00e1n a Sapporo<\/strong>.<\/p>\n<p>El motivo principal de este traslado, <strong>a m\u00e1s de 1000 km de Tokio<\/strong>, su emplazamiento inicial, se debe a las <strong>altas temperaturas que se esperan<\/strong> en la capital japonesa el pr\u00f3ximo verano, fecha en la que tendr\u00e1 lugar este evento ol\u00edmpico.<\/p>\n<p><a href=\"https:\/\/www.jrailpass.com\/blog\/es\/sapporo-guia-viaje\"><strong>Sapporo<\/strong><\/a> es una ciudad que se encuentra situada en la isla septentrional de <strong>Hokkaido<\/strong>, al norte de Jap\u00f3n. All\u00ed, las temperaturas en verano durante el d\u00eda suelen ser <strong>entre 5 y 6 grados m\u00e1s bajas que en Tokio<\/strong>.<\/p>\n<h2><span id=\"Recorrido_del_Maraton_Olimpico_2020\">Recorrido del Marat\u00f3n Ol\u00edmpico 2020<\/span><\/h2>\n<p>Aunque <strong>por ahora no es oficial<\/strong>, se rumorea que el emplazamiento de la competici\u00f3n en Sapporo <strong>podr\u00eda utilizar el mismo recorrido que se hace en el marat\u00f3n de Hokkaido<\/strong>:<\/p>\n<figure id=\"attachment_11159\" aria-describedby=\"caption-attachment-11159\" style=\"width: 672px\" class=\"wp-caption alignnone\"><img loading=\"lazy\"  decoding=\"async\" loading=\"lazy\" class=\"wp-image-11159 size-full\" src=\"https:\/\/www.jrailpass.com\/blog\/wp-content\/uploads\/2019\/11\/hokkaido-marathon-route-map.jpg\" alt=\"Tokyo 2020 Olympics marathon route could follow the same as the Hokkaido Marathon\" width=\"672\" height=\"486\" srcset=\"https:\/\/www.jrailpass.com\/blog\/wp-content\/uploads\/2019\/11\/hokkaido-marathon-route-map.jpg 672w, https:\/\/www.jrailpass.com\/blog\/wp-content\/uploads\/2019\/11\/hokkaido-marathon-route-map-300x217.jpg 300w\" sizes=\"(max-width: 672px) 100vw, 672px\" \/><figcaption id=\"caption-attachment-11159\" class=\"wp-caption-text\">Mapa de la ruta del marat\u00f3n de Hokkaido &#8211; Imagen de Run Infinity.<\/figcaption><\/figure>\n<p>Si finalmente se confirma este recorrido, los atletas participantes en el Marat\u00f3n Ol\u00edmpico de Sapporo 2020 <strong>empezar\u00edan su recorrido de 42,195 km en el Parque de Odori<\/strong>.<\/p>\n<p>En el trayecto del marat\u00f3n de Hokkaido, la meta por la que pasan los diferentes deportistas se encuentra ubicada a escasos 500 metros de la salida tambi\u00e9n en el Odori Park (pleno centro de Sapporo).<\/p>\n<h2><span id=\"Fechas_del_maraton_y_pruebas_de_marcha\">Fechas del marat\u00f3n y pruebas de marcha<\/span><\/h2>\n<p>Los Juegos Ol\u00edmpicos de Tokio tendr\u00e1n su ceremonia de apertura el 24 de julio a las 20:00 y terminar\u00e1n con el evento de clausura el 9 de agosto.<\/p>\n<p>En cuanto a las fechas del marat\u00f3n ol\u00edmpico de Tokio 2020, estaban <strong>previstas para el 2 de agosto, en categor\u00eda femenina, y para el 9 de agosto, en masculina<\/strong>. Con el cambio de ciudad es posible que se cambien estas citas. No obstante, todav\u00eda no hay ninguna confirmaci\u00f3n al respecto.<\/p>\n<figure id=\"attachment_11169\" aria-describedby=\"caption-attachment-11169\" style=\"width: 800px\" class=\"wp-caption alignnone\"><img loading=\"lazy\"  decoding=\"async\" loading=\"lazy\" class=\"size-large wp-image-11169\" src=\"https:\/\/www.jrailpass.com\/blog\/wp-content\/uploads\/2019\/11\/marathon-rio-olympics-800x500.jpg\" alt=\"Athletes competing in Marathon\" width=\"800\" height=\"500\" srcset=\"https:\/\/www.jrailpass.com\/blog\/wp-content\/uploads\/2019\/11\/marathon-rio-olympics.jpg 800w, https:\/\/www.jrailpass.com\/blog\/wp-content\/uploads\/2019\/11\/marathon-rio-olympics-300x188.jpg 300w, https:\/\/www.jrailpass.com\/blog\/wp-content\/uploads\/2019\/11\/marathon-rio-olympics-768x480.jpg 768w\" sizes=\"(max-width: 800px) 100vw, 800px\" \/><figcaption id=\"caption-attachment-11169\" class=\"wp-caption-text\">Atletas compitiendo en el marat\u00f3n ol\u00edmpico de Rio 2016 &#8211; Foto de Pedro Perim bajo CC<\/figcaption><\/figure>\n<p>En cuanto a las fechas de las <strong>competiciones de marcha<\/strong>, que tambi\u00e9n se han movido a Sapporo, no se sabe tampoco si se mantendr\u00e1n las previstas para Tokio: <strong>31 de julio, 7 y 8 de agosto<\/strong>.<\/p>\n<h2><span id=\"Como_llegar_a_Sapporo_desde_Tokio\">C\u00f3mo llegar a Sapporo desde Tokio<\/span><\/h2>\n<p>Uno de los principales problemas e inconvenientes de mover el marat\u00f3n ol\u00edmpico de Tokio a Sapporo es la<strong> gran distancia que hay entre ambas ciudades<\/strong>.<\/p>\n<p>Desde la capital japonesa, Tokio, hasta la ciudad norte\u00f1a de Sapporo, en Hokkaido, hay <strong>m\u00e1s de 1.000 km de distancia<\/strong>.<\/p>\n<p>Por lo tanto, son muchos los aficionados de los deportes ol\u00edmpicos que tendr\u00e1n que hacer un gran esfuerzo si no quieren perderse el Marat\u00f3n Ol\u00edmpico de Sapporo 2020 en las diferentes disciplinas y la competici\u00f3n de marcha.<\/p>\n<h3><span id=\"De_Tokio_a_Sapporo_en_tren_con_tu_Japan_Rail_Pass\">De Tokio a Sapporo en tren con tu Japan Rail Pass<\/span><\/h3>\n<p>Una buena opci\u00f3n para desplazarte <a href=\"https:\/\/www.jrailpass.com\/blog\/es\/sapporo-guia-viaje\">de Tokio a Sapporo<\/a> es hacerlo en tren. Adem\u00e1s, si cuentas con un <a href=\"https:\/\/www.jrailpass.com\/es\/\">JR Pass<\/a>, tendr\u00e1s cubierto todo el trayecto sin necesidad de pagar ning\u00fan billete extra.<\/p>\n<figure id=\"attachment_3026\" aria-describedby=\"caption-attachment-3026\" style=\"width: 800px\" class=\"wp-caption alignnone\"><img loading=\"lazy\"  decoding=\"async\" loading=\"lazy\" class=\"wp-image-3026 size-large\" src=\"https:\/\/www.jrailpass.com\/blog\/wp-content\/uploads\/2018\/02\/hokkaido-shinkansen-hayabusa-800x480.jpg\" alt=\"Hokkaido Shinkansen, Hayabusa train\" width=\"800\" height=\"480\" \/><figcaption id=\"caption-attachment-3026\" class=\"wp-caption-text\">Un Shinkansen del tipo Hayabusa recorriendo la l\u00ednea Hokkaido Shinkansen en invierno.<\/figcaption><\/figure>\n<p>Para ello, lo primero que deber\u00e1s hacer es <strong>tomar el <a href=\"https:\/\/www.jrailpass.com\/blog\/es\/hokkaido-shinkansen\">Hokkaido Shinkansen<\/a> desde la <a href=\"https:\/\/www.jrailpass.com\/blog\/es\/guia-estacion-tokio\">estaci\u00f3n de Tokio<\/a> hasta la estaci\u00f3n de Shin-Hakodate-Hokuto<\/strong>. Este recorrido tiene una duraci\u00f3n de aproximadamente <strong>4 horas y media<\/strong>.<\/p>\n<p>Si vas con tiempo, un buena opci\u00f3n para ti podr\u00eda ser parar en la ciudad de Hokuto, la cual cuenta con una buena cantidad de santuarios, templos, zonas rurales de monta\u00f1a y muchos m\u00e1s lugares de inter\u00e9s tur\u00edstico.<\/p>\n<p>Desde la estaci\u00f3n de Shin-Hakodate-Hokuto, deber\u00e1s tomar los trenes <strong>Super Hokuto o los Hokuto Limited Express<\/strong>, ambos direcci\u00f3n a la <strong>estaci\u00f3n de Sapporo<\/strong>. Ambas opciones est\u00e1n <strong>cubiertas por el JR Pass<\/strong> y tienen una duraci\u00f3n aproximada de <strong>3 horas y media<\/strong>.<\/p>\n<p style=\"text-align: center;\">\n            <a class=\"fasc-button banner-button-shortcode fasc-size-large fasc-type-flat fasc-rounded-medium ico-fa fasc-ico-after fa-chevron-circle-right fasc-style-bold\" href=\"https:\/\/www.jrailpass.com\/es\/jr-pass\">\n                Compra tu JR Pass\n            <\/a>\n        <\/p>\n<h3><span id=\"De_Tokio_a_Sapporo_en_avion\">De Tokio a Sapporo en avi\u00f3n<\/span><\/h3>\n<p>Otra buena opci\u00f3n (tambi\u00e9n la m\u00e1s r\u00e1pida) puede ser volar desde los <a href=\"https:\/\/www.jrailpass.com\/blog\/es\/aeropuertos-en-japon\">aeropuertos de Haneda y Narita<\/a> en la ciudad de Tokio hasta el <strong>aeropuerto New-Chitose de Sapporo<\/strong>.<\/p>\n<p>La duraci\u00f3n total de este desplazamiento es de 90 minutos y es posible llegar y salir de los diferentes aeropuertos en tren con el Japan Rail Pass. El precio del vuelo es de aproximadamente 200 euros (dependiendo de la antelaci\u00f3n y la demanda).<\/p>\n<h2><span id=\"JJOO_de_Invierno_Sapporo_72\">JJOO de Invierno Sapporo \u201872<\/span><\/h2>\n<p>La ciudad de Sapporo cuenta con una gran experiencia ol\u00edmpica ya que alberg\u00f3 los <strong>Juegos Ol\u00edmpicos de invierno de 1972<\/strong>. Estos JJOO, junto con los que se celebraron en <strong>Tokio en 1964<\/strong>, marcaron un antes y un despu\u00e9s en el pa\u00eds nip\u00f3n.<\/p>\n<figure id=\"attachment_11164\" aria-describedby=\"caption-attachment-11164\" style=\"width: 800px\" class=\"wp-caption alignnone\"><img loading=\"lazy\"  decoding=\"async\" loading=\"lazy\" class=\"size-large wp-image-11164\" src=\"https:\/\/www.jrailpass.com\/blog\/wp-content\/uploads\/2019\/11\/sapporo-72-tokyo-2020-olympics-logos-800x275.jpg\" alt=\"Tokyo 2020 Olympics and Sapporo '72 Winter Olympics logos\" width=\"800\" height=\"275\" srcset=\"https:\/\/www.jrailpass.com\/blog\/wp-content\/uploads\/2019\/11\/sapporo-72-tokyo-2020-olympics-logos.jpg 800w, https:\/\/www.jrailpass.com\/blog\/wp-content\/uploads\/2019\/11\/sapporo-72-tokyo-2020-olympics-logos-300x103.jpg 300w, https:\/\/www.jrailpass.com\/blog\/wp-content\/uploads\/2019\/11\/sapporo-72-tokyo-2020-olympics-logos-768x264.jpg 768w\" sizes=\"(max-width: 800px) 100vw, 800px\" \/><figcaption id=\"caption-attachment-11164\" class=\"wp-caption-text\">Emblemas oficiales de los juegos Ol\u00edmpicos de Invierno de Sapporo &#8217;72 y de los Juegos Ol\u00edmpicos de Tokyo 2020<\/figcaption><\/figure>\n<p>Los<strong> JJOO de Sapporo \u201972<\/strong> fueron los primeros Juegos Ol\u00edmpicos de invierno que se celebraron fuera de Am\u00e9rica del Norte y Europa. En ellos, participaron <strong>1006 atletas de 37 pa\u00edses<\/strong> (205 mujeres y 801 hombres).<\/p>\n<p>Es importante recalcar el hecho de que Sapporo gan\u00f3 su candidatura para albergar estos JJOO de invierno en el a\u00f1o 1940. No obstante, tras la invasi\u00f3n de China en 1937 y el comienzo de la Segunda Guerra Mundial en 1939, Jap\u00f3n tuvo que cancelar la celebraci\u00f3n de este evento deportivo.<\/p>\n<p>Finalmente, Sapporo pudo celebrar sus Juegos Ol\u00edmpicos de invierno en el a\u00f1o 1972, consiguiendo mostrarse al mundo como un pa\u00eds capaz y preparado para albergar cualquier deporte ol\u00edmpico.<\/p>\n<p>Ahora solo queda esperar hasta 2020 para disfrutar de <strong>uno de los eventos m\u00e1s importantes de los JJOO<\/strong> en la ciudad de Sapporo, el marat\u00f3n ol\u00edmpico.<\/p>\n","protected":false},"excerpt":{"rendered":"<p>\u00a1Por fin han comenzado los Juegos Ol\u00edmpicos de Tokio! Conoce toda la informaci\u00f3n sobre fechas, horarios, el estadio de Tokio y otras sedes en nuestra completa gu\u00eda. El marat\u00f3n ol\u00edmpico es una de las competiciones m\u00e1s importantes y famosas de los Juegos Ol\u00edmpicos de verano y tambi\u00e9n uno de los eventos m\u00e1s esperados por los aficionados del atletismo de todo el mundo.<\/p>\n","protected":false},"author":2,"featured_media":11178,"parent":9744,"menu_order":0,"comment_status":"closed","ping_status":"closed","template":"","meta":[],"acf":{"bread_1":false,"bread_2":false,"bread_3":false,"bread_4":false,"bread_5":false,"bread_6":false,"bread_7":false,"bread_last":false,"custom_guide":"","shortcodes":false},"yoast_head":"<!-- This site is optimized with the Yoast SEO plugin v20.10 - https:\/\/yoast.com\/wordpress\/plugins\/seo\/ -->\n<title>El Marat\u00f3n Ol\u00edmpico de Tokio 2020 - Japan Rail Pass<\/title>\n<meta name=\"description\" content=\"El Marat\u00f3n Ol\u00edmpico de Tokio 2020 tendr\u00e1 lugar en la ciudad japonesa de Sapporo, a m\u00e1s de 1000 km de Tokio. Conoce aqu\u00ed el recorrido, las disciplinas y sus fechas.\" \/>\n<meta name=\"robots\" content=\"index, follow, max-snippet:-1, max-image-preview:large, max-video-preview:-1\" \/>\n<link rel=\"canonical\" href=\"https:\/\/www.jrailpass.com\/blog\/es\/wp-json\/wp\/v2\/pages\/11200\" \/>\n<meta property=\"og:locale\" content=\"es_ES\" \/>\n<meta property=\"og:type\" content=\"article\" \/>\n<meta property=\"og:title\" content=\"El Marat\u00f3n Ol\u00edmpico de Tokio 2020 - Japan Rail Pass\" \/>\n<meta property=\"og:description\" content=\"El Marat\u00f3n Ol\u00edmpico de Tokio 2020 tendr\u00e1 lugar en la ciudad japonesa de Sapporo, a m\u00e1s de 1000 km de Tokio. Conoce aqu\u00ed el recorrido, las disciplinas y sus fechas.\" \/>\n<meta property=\"og:url\" content=\"https:\/\/www.jrailpass.com\/blog\/es\/tokio-2020-juegos-olimpicos\/maraton-sapporo\" \/>\n<meta property=\"og:site_name\" content=\"Blog de viajes de Japan Rail Pass | JRailPass\" \/>\n<meta property=\"article:modified_time\" content=\"2021-07-23T10:08:23+00:00\" \/>\n<meta property=\"og:image\" content=\"https:\/\/www.jrailpass.com\/blog\/wp-content\/uploads\/2019\/11\/tokyo-2020-olympics-marathon.jpg\" \/>\n\t<meta property=\"og:image:width\" content=\"800\" \/>\n\t<meta property=\"og:image:height\" content=\"500\" \/>\n\t<meta property=\"og:image:type\" content=\"image\/jpeg\" \/>\n<meta name=\"twitter:card\" content=\"summary_large_image\" \/>\n<script type=\"application\/ld+json\" class=\"yoast-schema-graph\">{\"@context\":\"https:\/\/schema.org\",\"@graph\":[{\"@type\":\"WebPage\",\"@id\":\"https:\/\/www.jrailpass.com\/blog\/es\/tokio-2020-juegos-olimpicos\/maraton-sapporo\",\"url\":\"https:\/\/www.jrailpass.com\/blog\/es\/tokio-2020-juegos-olimpicos\/maraton-sapporo\",\"name\":\"El Marat\u00f3n Ol\u00edmpico de Tokio 2020 - Japan Rail Pass\",\"isPartOf\":{\"@id\":\"https:\/\/www.jrailpass.com\/blog\/es#website\"},\"datePublished\":\"2019-11-22T06:00:34+00:00\",\"dateModified\":\"2021-07-23T10:08:23+00:00\",\"description\":\"El Marat\u00f3n Ol\u00edmpico de Tokio 2020 tendr\u00e1 lugar en la ciudad japonesa de Sapporo, a m\u00e1s de 1000 km de Tokio. Conoce aqu\u00ed el recorrido, las disciplinas y sus fechas.\",\"breadcrumb\":{\"@id\":\"https:\/\/www.jrailpass.com\/blog\/es\/tokio-2020-juegos-olimpicos\/maraton-sapporo#breadcrumb\"},\"inLanguage\":\"es\",\"potentialAction\":[{\"@type\":\"ReadAction\",\"target\":[\"https:\/\/www.jrailpass.com\/blog\/es\/tokio-2020-juegos-olimpicos\/maraton-sapporo\"]}]},{\"@type\":\"BreadcrumbList\",\"@id\":\"https:\/\/www.jrailpass.com\/blog\/es\/tokio-2020-juegos-olimpicos\/maraton-sapporo#breadcrumb\",\"itemListElement\":[{\"@type\":\"ListItem\",\"position\":1,\"name\":\"Japan Travel Blog\",\"item\":\"https:\/\/www.jrailpass.com\/blog\/es\"},{\"@type\":\"ListItem\",\"position\":2,\"name\":\"Juegos Ol\u00edmpicos Tokyo 2020\",\"item\":\"https:\/\/www.jrailpass.com\/blog\/es\/tokio-2020-juegos-olimpicos\"},{\"@type\":\"ListItem\",\"position\":3,\"name\":\"Marat\u00f3n de las Olimpiadas de Tokio 2020 en Sapporo\"}]},{\"@type\":\"WebSite\",\"@id\":\"https:\/\/www.jrailpass.com\/blog\/es#website\",\"url\":\"https:\/\/www.jrailpass.com\/blog\/es\",\"name\":\"Blog de viajes de Japan Rail Pass | JRailPass\",\"description\":\"Descubre Jap\u00f3n en tren con el Japan Rail Pass\",\"publisher\":{\"@id\":\"https:\/\/www.jrailpass.com\/blog\/es#organization\"},\"potentialAction\":[{\"@type\":\"SearchAction\",\"target\":{\"@type\":\"EntryPoint\",\"urlTemplate\":\"https:\/\/www.jrailpass.com\/blog\/es?s={search_term_string}\"},\"query-input\":\"required name=search_term_string\"}],\"inLanguage\":\"es\"},{\"@type\":\"Organization\",\"@id\":\"https:\/\/www.jrailpass.com\/blog\/es#organization\",\"name\":\"Japan Rail Pass S.L. - JRailPass.com\",\"url\":\"https:\/\/www.jrailpass.com\/blog\/es\",\"logo\":{\"@type\":\"ImageObject\",\"inLanguage\":\"es\",\"@id\":\"https:\/\/www.jrailpass.com\/blog\/es#\/schema\/logo\/image\/\",\"url\":\"https:\/\/www.jrailpass.com\/blog\/wp-content\/uploads\/2017\/10\/logo.png\",\"contentUrl\":\"https:\/\/www.jrailpass.com\/blog\/wp-content\/uploads\/2017\/10\/logo.png\",\"width\":214,\"height\":60,\"caption\":\"Japan Rail Pass S.L. - JRailPass.com\"},\"image\":{\"@id\":\"https:\/\/www.jrailpass.com\/blog\/es#\/schema\/logo\/image\/\"}}]}<\/script>\n<!-- \/ Yoast SEO plugin. -->","yoast_head_json":{"title":"El Marat\u00f3n Ol\u00edmpico de Tokio 2020 - Japan Rail Pass","description":"El Marat\u00f3n Ol\u00edmpico de Tokio 2020 tendr\u00e1 lugar en la ciudad japonesa de Sapporo, a m\u00e1s de 1000 km de Tokio. Conoce aqu\u00ed el recorrido, las disciplinas y sus fechas.","robots":{"index":"index","follow":"follow","max-snippet":"max-snippet:-1","max-image-preview":"max-image-preview:large","max-video-preview":"max-video-preview:-1"},"canonical":"https:\/\/www.jrailpass.com\/blog\/es\/wp-json\/wp\/v2\/pages\/11200","og_locale":"es_ES","og_type":"article","og_title":"El Marat\u00f3n Ol\u00edmpico de Tokio 2020 - Japan Rail Pass","og_description":"El Marat\u00f3n Ol\u00edmpico de Tokio 2020 tendr\u00e1 lugar en la ciudad japonesa de Sapporo, a m\u00e1s de 1000 km de Tokio. Conoce aqu\u00ed el recorrido, las disciplinas y sus fechas.","og_url":"https:\/\/www.jrailpass.com\/blog\/es\/tokio-2020-juegos-olimpicos\/maraton-sapporo","og_site_name":"Blog de viajes de Japan Rail Pass | JRailPass","article_modified_time":"2021-07-23T10:08:23+00:00","og_image":[{"width":800,"height":500,"url":"https:\/\/www.jrailpass.com\/blog\/wp-content\/uploads\/2019\/11\/tokyo-2020-olympics-marathon.jpg","type":"image\/jpeg"}],"twitter_card":"summary_large_image","schema":{"@context":"https:\/\/schema.org","@graph":[{"@type":"WebPage","@id":"https:\/\/www.jrailpass.com\/blog\/es\/tokio-2020-juegos-olimpicos\/maraton-sapporo","url":"https:\/\/www.jrailpass.com\/blog\/es\/tokio-2020-juegos-olimpicos\/maraton-sapporo","name":"El Marat\u00f3n Ol\u00edmpico de Tokio 2020 - Japan Rail Pass","isPartOf":{"@id":"https:\/\/www.jrailpass.com\/blog\/es#website"},"datePublished":"2019-11-22T06:00:34+00:00","dateModified":"2021-07-23T10:08:23+00:00","description":"El Marat\u00f3n Ol\u00edmpico de Tokio 2020 tendr\u00e1 lugar en la ciudad japonesa de Sapporo, a m\u00e1s de 1000 km de Tokio. Conoce aqu\u00ed el recorrido, las disciplinas y sus fechas.","breadcrumb":{"@id":"https:\/\/www.jrailpass.com\/blog\/es\/tokio-2020-juegos-olimpicos\/maraton-sapporo#breadcrumb"},"inLanguage":"es","potentialAction":[{"@type":"ReadAction","target":["https:\/\/www.jrailpass.com\/blog\/es\/tokio-2020-juegos-olimpicos\/maraton-sapporo"]}]},{"@type":"BreadcrumbList","@id":"https:\/\/www.jrailpass.com\/blog\/es\/tokio-2020-juegos-olimpicos\/maraton-sapporo#breadcrumb","itemListElement":[{"@type":"ListItem","position":1,"name":"Japan Travel Blog","item":"https:\/\/www.jrailpass.com\/blog\/es"},{"@type":"ListItem","position":2,"name":"Juegos Ol\u00edmpicos Tokyo 2020","item":"https:\/\/www.jrailpass.com\/blog\/es\/tokio-2020-juegos-olimpicos"},{"@type":"ListItem","position":3,"name":"Marat\u00f3n de las Olimpiadas de Tokio 2020 en Sapporo"}]},{"@type":"WebSite","@id":"https:\/\/www.jrailpass.com\/blog\/es#website","url":"https:\/\/www.jrailpass.com\/blog\/es","name":"Blog de viajes de Japan Rail Pass | JRailPass","description":"Descubre Jap\u00f3n en tren con el Japan Rail Pass","publisher":{"@id":"https:\/\/www.jrailpass.com\/blog\/es#organization"},"potentialAction":[{"@type":"SearchAction","target":{"@type":"EntryPoint","urlTemplate":"https:\/\/www.jrailpass.com\/blog\/es?s={search_term_string}"},"query-input":"required name=search_term_string"}],"inLanguage":"es"},{"@type":"Organization","@id":"https:\/\/www.jrailpass.com\/blog\/es#organization","name":"Japan Rail Pass S.L. - JRailPass.com","url":"https:\/\/www.jrailpass.com\/blog\/es","logo":{"@type":"ImageObject","inLanguage":"es","@id":"https:\/\/www.jrailpass.com\/blog\/es#\/schema\/logo\/image\/","url":"https:\/\/www.jrailpass.com\/blog\/wp-content\/uploads\/2017\/10\/logo.png","contentUrl":"https:\/\/www.jrailpass.com\/blog\/wp-content\/uploads\/2017\/10\/logo.png","width":214,"height":60,"caption":"Japan Rail Pass S.L. - JRailPass.com"},"image":{"@id":"https:\/\/www.jrailpass.com\/blog\/es#\/schema\/logo\/image\/"}}]}},"_links":{"self":[{"href":"https:\/\/www.jrailpass.com\/blog\/es\/wp-json\/wp\/v2\/pages\/11200"}],"collection":[{"href":"https:\/\/www.jrailpass.com\/blog\/es\/wp-json\/wp\/v2\/pages"}],"about":[{"href":"https:\/\/www.jrailpass.com\/blog\/es\/wp-json\/wp\/v2\/types\/page"}],"author":[{"embeddable":true,"href":"https:\/\/www.jrailpass.com\/blog\/es\/wp-json\/wp\/v2\/users\/2"}],"replies":[{"embeddable":true,"href":"https:\/\/www.jrailpass.com\/blog\/es\/wp-json\/wp\/v2\/comments?post=11200"}],"version-history":[{"count":0,"href":"https:\/\/www.jrailpass.com\/blog\/es\/wp-json\/wp\/v2\/pages\/11200\/revisions"}],"up":[{"embeddable":true,"href":"https:\/\/www.jrailpass.com\/blog\/es\/wp-json\/wp\/v2\/pages\/9744"}],"wp:featuredmedia":[{"embeddable":true,"href":"https:\/\/www.jrailpass.com\/blog\/es\/wp-json\/wp\/v2\/media\/11178"}],"wp:attachment":[{"href":"https:\/\/www.jrailpass.com\/blog\/es\/wp-json\/wp\/v2\/media?parent=11200"}],"curies":[{"name":"wp","href":"https:\/\/api.w.org\/{rel}","templated":true}]}}