{"id":10275,"date":"2019-09-18T08:00:11","date_gmt":"2019-09-18T06:00:11","guid":{"rendered":"https:\/\/www.jrailpass.com\/blog?page_id=10275"},"modified":"2023-03-01T12:49:54","modified_gmt":"2023-03-01T11:49:54","slug":"visado-online-japon","status":"publish","type":"page","link":"https:\/\/www.jrailpass.com\/blog\/es\/visado-para-japon\/visado-online-japon","title":{"rendered":"Visado online para Jap\u00f3n: e-Visa de turista"},"content":{"rendered":"<p>Los viajeros que vayan a Jap\u00f3n ya no tendr\u00e1n que hacer cola en la embajada o en el consulado japon\u00e9s para solicitar una <a href=\"https:\/\/www.jrailpass.com\/blog\/es\/visado-para-japon\">visa para Jap\u00f3n<\/a>. El gobierno japon\u00e9s est\u00e1 preparando la <strong>nueva e-Visa de Jap\u00f3n<\/strong>, que puede obtenerse f\u00e1cilmente en l\u00ednea.<\/p>\n<p><!--more--><\/p>\n<p>La visa online para Jap\u00f3n forma parte de un plan gubernamental m\u00e1s amplio para impulsar el turismo en el pa\u00eds asi\u00e1tico. El objetivo es llegar a 60 millones de turistas internacionales para 2030.<\/p>\n<p>La nueva visa de turista hace que <strong>viajar a Jap\u00f3n sea mucho m\u00e1s sencillo<\/strong> para millones de personas en todo el mundo. A continuaci\u00f3n, te contamos detalladamente todo lo que se sabe sobre la e-Visa japonesa.<\/p>\n<div id=\"toc_container\" class=\"toc_white no_bullets\"><p class=\"toc_title\">Table of Contents<\/p><ul class=\"toc_list\"><li><a href=\"#Sistema_de_visas_online\"><span class=\"toc_number toc_depth_1\">1<\/span> Sistema de visas online<\/a><\/li><li><a href=\"#Quien_es_elegible_para_la_e-Visa_de_Japon\"><span class=\"toc_number toc_depth_1\">2<\/span> \u00bfQui\u00e9n es elegible para la e-Visa de Jap\u00f3n?<\/a><\/li><li><a href=\"#Cuando_hay_que_tramitar_la_solicitud_de_visa_en_linea_para_Japon\"><span class=\"toc_number toc_depth_1\">3<\/span> Cu\u00e1ndo hay que tramitar la solicitud de visa en l\u00ednea para Jap\u00f3n<\/a><\/li><li><a href=\"#Documentos_requeridos_para_la_visa_online\"><span class=\"toc_number toc_depth_1\">4<\/span> Documentos requeridos para la visa online<\/a><\/li><li><a href=\"#Como_solicitar_la_e-Visa_para_Japon\"><span class=\"toc_number toc_depth_1\">5<\/span> C\u00f3mo solicitar la e-Visa para Jap\u00f3n<\/a><\/li><\/ul><\/div>\n\n<h2><span id=\"Sistema_de_visas_online\">Sistema de visas online<\/span><\/h2>\n<p>El sistema de e-Visa para Jap\u00f3n permitir\u00e1 a los viajeros <strong>tramitar una visa de entrada \u00fanica<\/strong> para una estancia de hasta 90 d\u00edas en el pa\u00eds.<\/p>\n<p>Con una visa en l\u00ednea para Jap\u00f3n, los visitantes podr\u00e1n viajar al pa\u00eds por los siguientes motivos:<\/p>\n<ul>\n<li>Turismo<\/li>\n<li>Negocios<\/li>\n<li>Visitar familiares<\/li>\n<\/ul>\n<p>Los solicitantes elegibles podr\u00e1n <strong>completar la solicitud en l\u00ednea<\/strong> sin pasar por la embajada o el consulado. Todo el proceso de solicitud apenas lleva unos minutos.<\/p>\n<h2><span id=\"Quien_es_elegible_para_la_e-Visa_de_Japon\">\u00bfQui\u00e9n es elegible para la e-Visa de Jap\u00f3n?<\/span><\/h2>\n<p>Debido a las <a href=\"https:\/\/www.jrailpass.com\/blog\/es\/informacion-viajeros-coronavirus\">restricciones de viaje de COVID-19<\/a>, los ciudadanos de Canad\u00e1 y los Estados Unidos pudieron<strong> solicitar temporalmente una visa electr\u00f3nica para Jap\u00f3n<\/strong> como alternativa a su exenci\u00f3n de visa.<\/p>\n<p>Sin embargo, cuando se levant\u00f3 la suspensi\u00f3n de las exenciones de visa, estos viajeros ya no necesitan solicitar una visa electr\u00f3nica y pueden viajar a Jap\u00f3n sin un visado para estancias cortas.<\/p>\n<p>Sin embargo, el gobierno japon\u00e9s planea lanzar la <strong>e-Visa para nacionalidades no exentas de visa<\/strong>, incluidos ciudadanos de pa\u00edses como China, Vietnam y Filipinas.<\/p>\n<p>La visa electr\u00f3nica de Jap\u00f3n estar\u00e1 disponible para los ciudadanos de estas naciones en los pr\u00f3ximos meses.<\/p>\n<h2><span id=\"Cuando_hay_que_tramitar_la_solicitud_de_visa_en_linea_para_Japon\">Cu\u00e1ndo hay que tramitar la solicitud de visa en l\u00ednea para Jap\u00f3n<\/span><\/h2>\n<p>El procesamiento y aprobaci\u00f3n de la visa online para Jap\u00f3n podr\u00e1 llevar hasta 5 d\u00edas h\u00e1biles.<\/p>\n<p>Por este motivo, los solicitantes deber\u00e1n presentar su solicitud al menos <strong>5 d\u00edas antes de las fechas de viaje previstas<\/strong> para evitar posibles contratiempos.<\/p>\n<h2><span id=\"Documentos_requeridos_para_la_visa_online\">Documentos requeridos para la visa online<\/span><\/h2>\n<p>Los ciudadanos canadienses y estadounidenses tendr\u00e1n que disponer de los siguientes <strong>documentos para solicitar en l\u00ednea la visa de turista o la visa de negocios<\/strong> para Jap\u00f3n:<\/p>\n<ul>\n<li>Pasaporte v\u00e1lido<\/li>\n<li>Una foto digital tama\u00f1o pasaporte<\/li>\n<li>Un m\u00e9todo de pago v\u00e1lido (tarjeta de cr\u00e9dito\/d\u00e9bito)<\/li>\n<\/ul>\n<p>En algunos casos, podr\u00e1 ser necesario que los solicitantes presenten documentos adicionales (a demanda) para finalizar su solicitud.<\/p>\n<h2><span id=\"Como_solicitar_la_e-Visa_para_Japon\">C\u00f3mo solicitar la e-Visa para Jap\u00f3n<\/span><\/h2>\n<p>Los ciudadanos elegibles podr\u00e1n solicitar la visa electr\u00f3nica en 4 simples pasos:<\/p>\n<ul>\n<li><strong>Iniciar sesi\u00f3n<\/strong> en la web de la e-Visa para Jap\u00f3n<\/li>\n<li><strong>Completar el formulario<\/strong> en l\u00ednea con detalles personales, de pasaporte y del viaje<\/li>\n<li><strong>Recibir la resoluci\u00f3n<\/strong> de la solicitud por correo electr\u00f3nico<\/li>\n<li><strong>Pagar la tasa de la visa<\/strong> estipulada en la notificaci\u00f3n por correo electr\u00f3nico<\/li>\n<\/ul>\n<p>Ten en cuenta que los ciudadanos elegibles que tengan la intenci\u00f3n de <strong>permanecer en Jap\u00f3n durante m\u00e1s de 90 d\u00edas consecutivos<\/strong> no podr\u00e1n hacerlo con una e-Visa. Para estos casos, se tiene que solicitar la visa correspondiente en una embajada o un consulado japon\u00e9s.<\/p>\n","protected":false},"excerpt":{"rendered":"<p>Los viajeros que vayan a Jap\u00f3n ya no tendr\u00e1n que hacer cola en la embajada o en el consulado japon\u00e9s para solicitar una visa para Jap\u00f3n. El gobierno japon\u00e9s est\u00e1 preparando la nueva e-Visa de Jap\u00f3n, que puede obtenerse f\u00e1cilmente en l\u00ednea.<\/p>\n","protected":false},"author":2,"featured_media":6120,"parent":9483,"menu_order":0,"comment_status":"closed","ping_status":"closed","template":"","meta":[],"acf":{"bread_1":false,"bread_2":false,"bread_3":false,"bread_4":false,"bread_5":false,"bread_6":false,"bread_7":false,"bread_last":false,"custom_guide":"","shortcodes":false},"yoast_head":"<!-- This site is optimized with the Yoast SEO plugin v20.10 - https:\/\/yoast.com\/wordpress\/plugins\/seo\/ -->\n<title>Visado online para Jap\u00f3n: e-Visa tur\u00edstica | JRailPass<\/title>\n<meta name=\"description\" content=\"La visa online de Jap\u00f3n estar\u00e1 disponible pr\u00f3ximamente. Toda la informaci\u00f3n sobre la nueva eVisa de turista que hace que viajar a Jap\u00f3n sea mucho m\u00e1s f\u00e1cil.\" \/>\n<meta name=\"robots\" content=\"index, follow, max-snippet:-1, max-image-preview:large, max-video-preview:-1\" \/>\n<link rel=\"canonical\" href=\"https:\/\/www.jrailpass.com\/blog\/es\/wp-json\/wp\/v2\/pages\/10275\" \/>\n<meta property=\"og:locale\" content=\"es_ES\" \/>\n<meta property=\"og:type\" content=\"article\" \/>\n<meta property=\"og:title\" content=\"Visado online para Jap\u00f3n: e-Visa tur\u00edstica | JRailPass\" \/>\n<meta property=\"og:description\" content=\"La visa online de Jap\u00f3n estar\u00e1 disponible pr\u00f3ximamente. Toda la informaci\u00f3n sobre la nueva eVisa de turista que hace que viajar a Jap\u00f3n sea mucho m\u00e1s f\u00e1cil.\" \/>\n<meta property=\"og:url\" content=\"https:\/\/www.jrailpass.com\/blog\/es\/visado-para-japon\/visado-online-japon\" \/>\n<meta property=\"og:site_name\" content=\"Blog de viajes de Japan Rail Pass | JRailPass\" \/>\n<meta property=\"article:modified_time\" content=\"2023-03-01T11:49:54+00:00\" \/>\n<meta property=\"og:image\" content=\"https:\/\/www.jrailpass.com\/blog\/wp-content\/uploads\/2018\/12\/japan-e-visa.jpg\" \/>\n\t<meta property=\"og:image:width\" content=\"800\" \/>\n\t<meta property=\"og:image:height\" content=\"400\" \/>\n\t<meta property=\"og:image:type\" content=\"image\/jpeg\" \/>\n<meta name=\"twitter:card\" content=\"summary_large_image\" \/>\n<script type=\"application\/ld+json\" class=\"yoast-schema-graph\">{\"@context\":\"https:\/\/schema.org\",\"@graph\":[{\"@type\":\"WebPage\",\"@id\":\"https:\/\/www.jrailpass.com\/blog\/es\/visado-para-japon\/visado-online-japon\",\"url\":\"https:\/\/www.jrailpass.com\/blog\/es\/visado-para-japon\/visado-online-japon\",\"name\":\"Visado online para Jap\u00f3n: e-Visa tur\u00edstica | JRailPass\",\"isPartOf\":{\"@id\":\"https:\/\/www.jrailpass.com\/blog\/es#website\"},\"datePublished\":\"2019-09-18T06:00:11+00:00\",\"dateModified\":\"2023-03-01T11:49:54+00:00\",\"description\":\"La visa online de Jap\u00f3n estar\u00e1 disponible pr\u00f3ximamente. Toda la informaci\u00f3n sobre la nueva eVisa de turista que hace que viajar a Jap\u00f3n sea mucho m\u00e1s f\u00e1cil.\",\"breadcrumb\":{\"@id\":\"https:\/\/www.jrailpass.com\/blog\/es\/visado-para-japon\/visado-online-japon#breadcrumb\"},\"inLanguage\":\"es\",\"potentialAction\":[{\"@type\":\"ReadAction\",\"target\":[\"https:\/\/www.jrailpass.com\/blog\/es\/visado-para-japon\/visado-online-japon\"]}]},{\"@type\":\"BreadcrumbList\",\"@id\":\"https:\/\/www.jrailpass.com\/blog\/es\/visado-para-japon\/visado-online-japon#breadcrumb\",\"itemListElement\":[{\"@type\":\"ListItem\",\"position\":1,\"name\":\"Japan Travel Blog\",\"item\":\"https:\/\/www.jrailpass.com\/blog\/es\"},{\"@type\":\"ListItem\",\"position\":2,\"name\":\"Visado para Jap\u00f3n\",\"item\":\"https:\/\/www.jrailpass.com\/blog\/es\/visado-para-japon\"},{\"@type\":\"ListItem\",\"position\":3,\"name\":\"Visado Online\"}]},{\"@type\":\"WebSite\",\"@id\":\"https:\/\/www.jrailpass.com\/blog\/es#website\",\"url\":\"https:\/\/www.jrailpass.com\/blog\/es\",\"name\":\"Blog de viajes de Japan Rail Pass | JRailPass\",\"description\":\"Descubre Jap\u00f3n en tren con el Japan Rail Pass\",\"publisher\":{\"@id\":\"https:\/\/www.jrailpass.com\/blog\/es#organization\"},\"potentialAction\":[{\"@type\":\"SearchAction\",\"target\":{\"@type\":\"EntryPoint\",\"urlTemplate\":\"https:\/\/www.jrailpass.com\/blog\/es?s={search_term_string}\"},\"query-input\":\"required name=search_term_string\"}],\"inLanguage\":\"es\"},{\"@type\":\"Organization\",\"@id\":\"https:\/\/www.jrailpass.com\/blog\/es#organization\",\"name\":\"Japan Rail Pass S.L. - JRailPass.com\",\"url\":\"https:\/\/www.jrailpass.com\/blog\/es\",\"logo\":{\"@type\":\"ImageObject\",\"inLanguage\":\"es\",\"@id\":\"https:\/\/www.jrailpass.com\/blog\/es#\/schema\/logo\/image\/\",\"url\":\"https:\/\/www.jrailpass.com\/blog\/wp-content\/uploads\/2017\/10\/logo.png\",\"contentUrl\":\"https:\/\/www.jrailpass.com\/blog\/wp-content\/uploads\/2017\/10\/logo.png\",\"width\":214,\"height\":60,\"caption\":\"Japan Rail Pass S.L. - JRailPass.com\"},\"image\":{\"@id\":\"https:\/\/www.jrailpass.com\/blog\/es#\/schema\/logo\/image\/\"}}]}<\/script>\n<!-- \/ Yoast SEO plugin. -->","yoast_head_json":{"title":"Visado online para Jap\u00f3n: e-Visa tur\u00edstica | JRailPass","description":"La visa online de Jap\u00f3n estar\u00e1 disponible pr\u00f3ximamente. Toda la informaci\u00f3n sobre la nueva eVisa de turista que hace que viajar a Jap\u00f3n sea mucho m\u00e1s f\u00e1cil.","robots":{"index":"index","follow":"follow","max-snippet":"max-snippet:-1","max-image-preview":"max-image-preview:large","max-video-preview":"max-video-preview:-1"},"canonical":"https:\/\/www.jrailpass.com\/blog\/es\/wp-json\/wp\/v2\/pages\/10275","og_locale":"es_ES","og_type":"article","og_title":"Visado online para Jap\u00f3n: e-Visa tur\u00edstica | JRailPass","og_description":"La visa online de Jap\u00f3n estar\u00e1 disponible pr\u00f3ximamente. Toda la informaci\u00f3n sobre la nueva eVisa de turista que hace que viajar a Jap\u00f3n sea mucho m\u00e1s f\u00e1cil.","og_url":"https:\/\/www.jrailpass.com\/blog\/es\/visado-para-japon\/visado-online-japon","og_site_name":"Blog de viajes de Japan Rail Pass | JRailPass","article_modified_time":"2023-03-01T11:49:54+00:00","og_image":[{"width":800,"height":400,"url":"https:\/\/www.jrailpass.com\/blog\/wp-content\/uploads\/2018\/12\/japan-e-visa.jpg","type":"image\/jpeg"}],"twitter_card":"summary_large_image","schema":{"@context":"https:\/\/schema.org","@graph":[{"@type":"WebPage","@id":"https:\/\/www.jrailpass.com\/blog\/es\/visado-para-japon\/visado-online-japon","url":"https:\/\/www.jrailpass.com\/blog\/es\/visado-para-japon\/visado-online-japon","name":"Visado online para Jap\u00f3n: e-Visa tur\u00edstica | JRailPass","isPartOf":{"@id":"https:\/\/www.jrailpass.com\/blog\/es#website"},"datePublished":"2019-09-18T06:00:11+00:00","dateModified":"2023-03-01T11:49:54+00:00","description":"La visa online de Jap\u00f3n estar\u00e1 disponible pr\u00f3ximamente. Toda la informaci\u00f3n sobre la nueva eVisa de turista que hace que viajar a Jap\u00f3n sea mucho m\u00e1s f\u00e1cil.","breadcrumb":{"@id":"https:\/\/www.jrailpass.com\/blog\/es\/visado-para-japon\/visado-online-japon#breadcrumb"},"inLanguage":"es","potentialAction":[{"@type":"ReadAction","target":["https:\/\/www.jrailpass.com\/blog\/es\/visado-para-japon\/visado-online-japon"]}]},{"@type":"BreadcrumbList","@id":"https:\/\/www.jrailpass.com\/blog\/es\/visado-para-japon\/visado-online-japon#breadcrumb","itemListElement":[{"@type":"ListItem","position":1,"name":"Japan Travel Blog","item":"https:\/\/www.jrailpass.com\/blog\/es"},{"@type":"ListItem","position":2,"name":"Visado para Jap\u00f3n","item":"https:\/\/www.jrailpass.com\/blog\/es\/visado-para-japon"},{"@type":"ListItem","position":3,"name":"Visado Online"}]},{"@type":"WebSite","@id":"https:\/\/www.jrailpass.com\/blog\/es#website","url":"https:\/\/www.jrailpass.com\/blog\/es","name":"Blog de viajes de Japan Rail Pass | JRailPass","description":"Descubre Jap\u00f3n en tren con el Japan Rail Pass","publisher":{"@id":"https:\/\/www.jrailpass.com\/blog\/es#organization"},"potentialAction":[{"@type":"SearchAction","target":{"@type":"EntryPoint","urlTemplate":"https:\/\/www.jrailpass.com\/blog\/es?s={search_term_string}"},"query-input":"required name=search_term_string"}],"inLanguage":"es"},{"@type":"Organization","@id":"https:\/\/www.jrailpass.com\/blog\/es#organization","name":"Japan Rail Pass S.L. - JRailPass.com","url":"https:\/\/www.jrailpass.com\/blog\/es","logo":{"@type":"ImageObject","inLanguage":"es","@id":"https:\/\/www.jrailpass.com\/blog\/es#\/schema\/logo\/image\/","url":"https:\/\/www.jrailpass.com\/blog\/wp-content\/uploads\/2017\/10\/logo.png","contentUrl":"https:\/\/www.jrailpass.com\/blog\/wp-content\/uploads\/2017\/10\/logo.png","width":214,"height":60,"caption":"Japan Rail Pass S.L. - JRailPass.com"},"image":{"@id":"https:\/\/www.jrailpass.com\/blog\/es#\/schema\/logo\/image\/"}}]}},"_links":{"self":[{"href":"https:\/\/www.jrailpass.com\/blog\/es\/wp-json\/wp\/v2\/pages\/10275"}],"collection":[{"href":"https:\/\/www.jrailpass.com\/blog\/es\/wp-json\/wp\/v2\/pages"}],"about":[{"href":"https:\/\/www.jrailpass.com\/blog\/es\/wp-json\/wp\/v2\/types\/page"}],"author":[{"embeddable":true,"href":"https:\/\/www.jrailpass.com\/blog\/es\/wp-json\/wp\/v2\/users\/2"}],"replies":[{"embeddable":true,"href":"https:\/\/www.jrailpass.com\/blog\/es\/wp-json\/wp\/v2\/comments?post=10275"}],"version-history":[{"count":0,"href":"https:\/\/www.jrailpass.com\/blog\/es\/wp-json\/wp\/v2\/pages\/10275\/revisions"}],"up":[{"embeddable":true,"href":"https:\/\/www.jrailpass.com\/blog\/es\/wp-json\/wp\/v2\/pages\/9483"}],"wp:featuredmedia":[{"embeddable":true,"href":"https:\/\/www.jrailpass.com\/blog\/es\/wp-json\/wp\/v2\/media\/6120"}],"wp:attachment":[{"href":"https:\/\/www.jrailpass.com\/blog\/es\/wp-json\/wp\/v2\/media?parent=10275"}],"curies":[{"name":"wp","href":"https:\/\/api.w.org\/{rel}","templated":true}]}}