{"id":6699,"date":"2019-03-04T14:44:13","date_gmt":"2019-03-04T13:44:13","guid":{"rendered":"https:\/\/www.jrailpass.com\/blog?page_id=6699"},"modified":"2019-03-04T14:44:13","modified_gmt":"2019-03-04T13:44:13","slug":"japan-routen-und-reiserouten","status":"publish","type":"page","link":"https:\/\/www.jrailpass.com\/blog\/de\/japan-routen-und-reiserouten","title":{"rendered":"Japan Routen und Reiserouten"},"content":{"rendered":"<p>Japan ist ein einzigartiges und bezauberndes Land. Es ist ein <strong>Land der Gegens\u00e4tze<\/strong> zwischen seinen tief verwurzelten Traditionen und futuristischen St\u00e4dten. Von Wandern in den Bergen \u00fcber das Erkunden der verr\u00fccktesten Mode in den angesagtesten Stadtvierteln Tokios bis hin zum Streicheln der Wildhirsche, die in Nara frei herumstreunen, und zu den friedlichen buddhistischen Tempeln &#8211; Japan hat alles!<\/p>\n<p>Die Planung einer Reise nach Japan ist keine leichte Aufgabe. Wir verf\u00fcgen \u00fcber fundiertes Wissen das Ihnen hilft durch den Entscheidungsprozess zu navigieren, <strong>wohin Sie gehen und was Sie tun sollen<\/strong>. Von der Beratung \u00fcber die bequemsten Arten der Fortbewegung, die besten Orte zum Besuchen und Verweilen. St\u00f6bern Sie durch unsere Reiseroutenideen und planen Sie Ihren Weg zur Perfektion, zugeschnitten auf Ihre Interessen.<\/p>\n<p>Ob Sie nun <strong>1, 2, 3 oder mehr Wochen zur Verf\u00fcgung<\/strong> haben, mit Hilfe dieses Abschnitts k\u00f6nnen Sie Ihre Reise personalisieren, indem Sie die vorgeschlagenen Reiserouten befolgen oder kombinieren:<\/p>\n<div id=\"toc_container\" class=\"toc_white no_bullets\"><p class=\"toc_title\">Table of Contents<\/p><ul class=\"toc_list\"><li><a href=\"#Landesweite_Routen_und_Reiserouten\"><span class=\"toc_number toc_depth_1\">1<\/span> Landesweite Routen und Reiserouten<\/a><\/li><li><a href=\"#Tokio_Reiserouten\"><span class=\"toc_number toc_depth_1\">2<\/span> Tokio Reiserouten<\/a><\/li><li><a href=\"#Kansai_Reiserouten\"><span class=\"toc_number toc_depth_1\">3<\/span> Kansai Reiserouten<\/a><\/li><\/ul><\/div>\n<h2><span id=\"Landesweite_Routen_und_Reiserouten\">Landesweite Routen und Reiserouten<\/span><\/h2>\n<div class=\"card col-xs-1 col-sm-2\" style=\"width: 16rem;\">\n<div class=\"card-block\"><a href=\"https:\/\/www.jrailpass.com\/blog\/7-days-japan-itinerary\"><br \/>\n<img loading=\"lazy\"  decoding=\"async\" loading=\"lazy\" class=\"card-img-top\" src=\"https:\/\/www.jrailpass.com\/blog\/wp-content\/uploads\/2017\/09\/tokyo-shibuya-300x200.jpg\" alt=\"Shibuya crossing in Tokyo\" width=\"300\" height=\"200\" \/><\/a><\/p>\n<p class=\"card-title\"><strong>Japan in 7 Tagen<\/strong><\/p>\n<p>Besuchen Sie die Highlights von Tokio, das historische Kamakura, das wunderbare Kyoto und den gro\u00dfen Buddha von Nara in nur einer Woche.<\/p>\n<\/div>\n<\/div>\n<div class=\"card col-xs-1 col-sm-2\" style=\"width: 16rem;\">\n<div class=\"card-block\"><a href=\"https:\/\/www.jrailpass.com\/blog\/10-days-japan-itinerary\"><br \/>\n<img loading=\"lazy\"  decoding=\"async\" loading=\"lazy\" class=\"card-img-top\" src=\"https:\/\/www.jrailpass.com\/blog\/wp-content\/uploads\/2017\/09\/chubu-chureito-pagoda.jpeg\" alt=\"Dotonbori neon lights in Osaka\" width=\"300\" height=\"200\" \/><\/a><\/p>\n<p class=\"card-title\"><strong>Japan in 10 Tagen<\/strong><\/p>\n<p>Besuchen Sie die Wunder Tokios, Takayama, den japanischen Alpen, Kyoto, Nara und Osaka mit einer unserer beliebtesten Reiserouten.<\/p>\n<\/div>\n<\/div>\n<div class=\"clearfix\"><\/div>\n<div class=\"card col-xs-1 col-sm-2\" style=\"width: 16rem;\">\n<div class=\"card-block\"><a href=\"https:\/\/www.jrailpass.com\/blog\/14-days-japan-itinerary\"><br \/>\n<img loading=\"lazy\"  decoding=\"async\" loading=\"lazy\" class=\"card-img-top\" src=\"https:\/\/www.jrailpass.com\/blog\/wp-content\/uploads\/2016\/05\/fushimi-inari-kyoto-300x200.jpg\" alt=\"Fushimi Inari torii gates\" width=\"300\" height=\"200\" \/><\/a><\/p>\n<p class=\"card-title\"><strong>Japan in 14 Tagen<\/strong><\/p>\n<p>Unsere zweiw\u00f6chige Reiseroute f\u00fchrt Sie nach Kyoto, Osaka, Nara, Hiroshima, Miyajima, Fukuoka und nat\u00fcrlich zu den besten Teilen Tokios.<\/p>\n<\/div>\n<\/div>\n<div class=\"card col-xs-1 col-sm-2\" style=\"width: 16rem;\">\n<div class=\"card-block\"><a href=\"https:\/\/www.jrailpass.com\/blog\/japan-travel-itinerary-21-days\"><br \/>\n<img loading=\"lazy\"  decoding=\"async\" loading=\"lazy\" class=\"card-img-top\" src=\"https:\/\/www.jrailpass.com\/blog\/wp-content\/uploads\/2016\/05\/miyajima-great-torii-e1469187639379-300x200.jpg\" alt=\"The great red floating torii in Miyajima\" width=\"300\" height=\"200\" \/><\/a><\/p>\n<p class=\"card-title\"><strong>Japan in 21 Tagen<\/strong><\/p>\n<p>Erforschen Sie Japan tiefgr\u00fcndig und reisen Sie nach Tokio, Takayama, Kyoto, Osaka, Nara, Okayama, Hiroshima sowie weitere Vorschl\u00e4ge f\u00fcr Ihre individuelle Reise.<\/p>\n<\/div>\n<\/div>\n<div class=\"clearfix\"><\/div>\n<p style=\"text-align: center;\">\n            <a class=\"fasc-button banner-button-shortcode fasc-size-large fasc-type-flat fasc-rounded-medium ico-fa fasc-ico-after fa-chevron-circle-right fasc-style-bold\" href=\"https:\/\/www.jrailpass.com\/the-japan-rail-pass\">\n                Buy your JR Pass\n            <\/a>\n        <\/p>\n<h2><span id=\"Tokio_Reiserouten\">Tokio Reiserouten<\/span><\/h2>\n<div class=\"card col-xs-1 col-sm-2\" style=\"width: 16rem;\">\n<div class=\"card-block\"><a href=\"https:\/\/www.jrailpass.com\/blog\/3-days-tokyo-itinerary\"><br \/>\n<img loading=\"lazy\"  decoding=\"async\" loading=\"lazy\" class=\"card-img-top\" src=\"https:\/\/www.jrailpass.com\/blog\/wp-content\/uploads\/2016\/05\/tokyo-tower-skyline-300x200.jpg\" alt=\"Tokyo Tower\" width=\"300\" height=\"200\" \/><\/a><\/p>\n<p class=\"card-title\"><strong>3 Tage in Tokio<\/strong><\/p>\n<\/div>\n<\/div>\n<div class=\"card col-xs-1 col-sm-2\" style=\"width: 16rem;\">\n<div class=\"card-block\"><a href=\"https:\/\/www.jrailpass.com\/blog\/5-days-in-tokyo-itinerary\"><br \/>\n<img loading=\"lazy\"  decoding=\"async\" loading=\"lazy\" class=\"card-img-top\" src=\"https:\/\/www.jrailpass.com\/blog\/wp-content\/uploads\/2017\/09\/tokyo-shibuya.jpg\" alt=\"Shibuya (Tokyo)\" width=\"300\" height=\"200\" \/><\/a><\/p>\n<p class=\"card-title\"><strong>5 Tage in Tokio<\/strong><\/p>\n<\/div>\n<\/div>\n<div class=\"clearfix\"><\/div>\n<div class=\"card col-xs-1 col-sm-2\" style=\"width: 16rem;\">\n<div class=\"card-block\"><a href=\"https:\/\/www.jrailpass.com\/blog\/cherry-blossoms-tokyo\"><br \/>\n<img loading=\"lazy\"  decoding=\"async\" loading=\"lazy\" class=\"card-img-top\" src=\"https:\/\/www.jrailpass.com\/blog\/wp-content\/uploads\/2018\/04\/tokyo-meguro-e1525091466205.jpg\" alt=\"Cherry Blossoms in Tokyo\" width=\"300\" height=\"200\" \/><\/a><\/p>\n<p class=\"card-title\"><strong>Kirschbl\u00fcten in Tokio<\/strong><\/p>\n<\/div>\n<\/div>\n<div class=\"card col-xs-1 col-sm-2\" style=\"width: 16rem;\">\n<div class=\"card-block\"><a href=\"https:\/\/www.jrailpass.com\/blog\/day-trips-tokyo\"><br \/>\n<img loading=\"lazy\"  decoding=\"async\" loading=\"lazy\" class=\"card-img-top\" src=\"https:\/\/www.jrailpass.com\/blog\/wp-content\/uploads\/2016\/05\/giant-buddha-kamakura-e1505219109213-300x200.jpg\" alt=\"Great Buddha in Kamakura\" width=\"300\" height=\"200\" \/><\/a><\/p>\n<p class=\"card-title\"><strong>Tagesausfl\u00fcge von Tokio<\/strong><\/p>\n<p>&nbsp;<\/p>\n<\/div>\n<\/div>\n<div class=\"clearfix\"><\/div>\n<div class=\"card col-xs-1 col-sm-2\" style=\"width: 16rem;\">\n<div class=\"card-block\"><a href=\"https:\/\/www.jrailpass.com\/blog\/nikko-itinerary\"><br \/>\n<img loading=\"lazy\"  decoding=\"async\" loading=\"lazy\" class=\"card-img-top\" src=\"https:\/\/www.jrailpass.com\/blog\/wp-content\/uploads\/2017\/01\/nikko-buddha-stone-300x200.jpg\" alt=\"Buddha statue in Nikko\" width=\"300\" height=\"200\" \/><\/a><\/p>\n<p class=\"card-title\"><strong>Tokio nach Nikko<\/strong><\/p>\n<p>&nbsp;<\/p>\n<\/div>\n<\/div>\n<div class=\"card col-xs-1 col-sm-2\" style=\"width: 16rem;\">\n<div class=\"card-block\"><a href=\"https:\/\/www.jrailpass.com\/blog\/mount-fuji\"><br \/>\n<img loading=\"lazy\"  decoding=\"async\" loading=\"lazy\" class=\"card-img-top\" src=\"https:\/\/www.jrailpass.com\/blog\/wp-content\/uploads\/2017\/07\/mt-fuji-japan-autumn-e1505220649953-300x200.jpg\" alt=\"Mount Fuji\" width=\"300\" height=\"200\" \/><\/a><\/p>\n<p class=\"card-title\"><strong>Tokyo zum Mount Fuji<\/strong><\/p>\n<p>&nbsp;<\/p>\n<\/div>\n<\/div>\n<div class=\"clearfix\"><\/div>\n<h2><span id=\"Kansai_Reiserouten\">Kansai Reiserouten<\/span><\/h2>\n<div class=\"card col-xs-1 col-sm-2\" style=\"width: 16rem;\">\n<div class=\"card-block\"><a href=\"https:\/\/www.jrailpass.com\/blog\/things-to-do-in-kyoto\"><br \/>\n<img loading=\"lazy\"  decoding=\"async\" loading=\"lazy\" class=\"card-img-top\" src=\"https:\/\/www.jrailpass.com\/blog\/wp-content\/uploads\/2017\/09\/kyoto-golden-pavilion-300x200.jpg\" alt=\"Golden Pavilion in Kyoto\" width=\"300\" height=\"200\" \/><\/a><\/p>\n<p class=\"card-title\"><strong>Aktivit\u00e4ten in Kyoto<\/strong><\/p>\n<p>&nbsp;<\/p>\n<\/div>\n<\/div>\n<div class=\"card col-xs-1 col-sm-2\" style=\"width: 16rem;\">\n<div class=\"card-block\"><a href=\"https:\/\/www.jrailpass.com\/blog\/day-trips-kyoto\"><br \/>\n<img loading=\"lazy\"  decoding=\"async\" loading=\"lazy\" class=\"card-img-top\" src=\"https:\/\/www.jrailpass.com\/blog\/wp-content\/uploads\/2016\/09\/Himeji-castle-Ben-Kubota-Flickr-300x201.jpg\" alt=\"Himeji Castle\" width=\"300\" height=\"200\" \/><\/a><\/p>\n<p class=\"card-title\"><strong>Tagesausfl\u00fcge von Kyoto<\/strong><\/p>\n<p>&nbsp;<\/p>\n<\/div>\n<\/div>\n<div class=\"card col-xs-1 col-sm-2\" style=\"width: 16rem;\">\n<div class=\"card-block\"><a href=\"https:\/\/www.jrailpass.com\/blog\/things-to-do-in-osaka\"><br \/>\n<img loading=\"lazy\"  decoding=\"async\" loading=\"lazy\" class=\"card-img-top\" src=\"https:\/\/www.jrailpass.com\/blog\/wp-content\/uploads\/2016\/05\/dotonbori-glico-man-osaka-300x200.jpg\" alt=\"Himeji Castle\" width=\"300\" height=\"200\" \/><\/a><\/p>\n<p class=\"card-title\"><strong>Aktivit\u00e4ten in Osaka<\/strong><\/p>\n<p>&nbsp;<\/p>\n<\/div>\n<\/div>\n<div class=\"clearfix\"><\/div>\n","protected":false},"excerpt":{"rendered":"<p>Japan ist ein einzigartiges und bezauberndes Land. Es ist ein Land der Gegens\u00e4tze zwischen seinen tief verwurzelten Traditionen und futuristischen St\u00e4dten. Von Wandern in den Bergen \u00fcber das Erkunden der verr\u00fccktesten Mode in den angesagtesten Stadtvierteln Tokios bis hin zum Streicheln der Wildhirsche, die in Nara frei herumstreunen, und zu den friedlichen buddhistischen Tempeln &#8211; Japan hat alles! Die Planung einer Reise nach Japan ist keine leichte Aufgabe. Wir verf\u00fcgen \u00fcber fundiertes Wissen das Ihnen hilft durch den Entscheidungsprozess zu navigieren, wohin Sie gehen und was Sie tun sollen. Von der Beratung \u00fcber die bequemsten Arten der Fortbewegung, die besten &hellip; <a href=\"https:\/\/www.jrailpass.com\/blog\/de\/japan-routen-und-reiserouten\" class=\"more-link\">Lesen Sie weiter<span class=\"screen-reader-text\"> &#8222;Japan Routen und Reiserouten&#8220;<\/span><\/a><\/p>\n","protected":false},"author":2,"featured_media":0,"parent":0,"menu_order":0,"comment_status":"closed","ping_status":"closed","template":"","meta":[],"acf":{"related_tours":{"tour_number":false}},"yoast_head":"<!-- This site is optimized with the Yoast SEO plugin v20.10 - https:\/\/yoast.com\/wordpress\/plugins\/seo\/ -->\n<title>Japan Routen und Reiserouten - Japan Rail Pass<\/title>\n<meta name=\"description\" content=\"Planen Sie im Voraus mit unseren Routen und Reiseplanung, welche die am besten zu entdeckenden Orte Japans beinhalten, und wie Sie mit dem Japan Rail Pass am besten dorthin gelangen und sich fortbewegen k\u00f6nnen.\" \/>\n<meta name=\"robots\" content=\"index, follow, max-snippet:-1, max-image-preview:large, max-video-preview:-1\" \/>\n<link rel=\"canonical\" href=\"https:\/\/www.jrailpass.com\/blog\/de\/wp-json\/wp\/v2\/pages\/6699\" \/>\n<meta property=\"og:locale\" content=\"de_DE\" \/>\n<meta property=\"og:type\" content=\"article\" \/>\n<meta property=\"og:title\" content=\"Japan Routen und Reiserouten - Japan Rail Pass\" \/>\n<meta property=\"og:description\" content=\"Planen Sie im Voraus mit unseren Routen und Reiseplanung, welche die am besten zu entdeckenden Orte Japans beinhalten, und wie Sie mit dem Japan Rail Pass am besten dorthin gelangen und sich fortbewegen k\u00f6nnen.\" \/>\n<meta property=\"og:url\" content=\"https:\/\/www.jrailpass.com\/blog\/de\/japan-routen-und-reiserouten\" \/>\n<meta property=\"og:site_name\" content=\"Japan Reiseblog von Japan Rail Pass | JRailPass\" \/>\n<meta property=\"og:image\" content=\"https:\/\/www.jrailpass.com\/blog\/wp-content\/uploads\/2017\/09\/tokyo-shibuya-300x200.jpg\" \/>\n<meta name=\"twitter:card\" content=\"summary_large_image\" \/>\n<script type=\"application\/ld+json\" class=\"yoast-schema-graph\">{\"@context\":\"https:\/\/schema.org\",\"@graph\":[{\"@type\":\"WebPage\",\"@id\":\"https:\/\/www.jrailpass.com\/blog\/de\/japan-routen-und-reiserouten\",\"url\":\"https:\/\/www.jrailpass.com\/blog\/de\/japan-routen-und-reiserouten\",\"name\":\"Japan Routen und Reiserouten - Japan Rail Pass\",\"isPartOf\":{\"@id\":\"https:\/\/www.jrailpass.com\/blog\/de#website\"},\"datePublished\":\"2019-03-04T13:44:13+00:00\",\"dateModified\":\"2019-03-04T13:44:13+00:00\",\"description\":\"Planen Sie im Voraus mit unseren Routen und Reiseplanung, welche die am besten zu entdeckenden Orte Japans beinhalten, und wie Sie mit dem Japan Rail Pass am besten dorthin gelangen und sich fortbewegen k\u00f6nnen.\",\"breadcrumb\":{\"@id\":\"https:\/\/www.jrailpass.com\/blog\/de\/japan-routen-und-reiserouten#breadcrumb\"},\"inLanguage\":\"de-DE\",\"potentialAction\":[{\"@type\":\"ReadAction\",\"target\":[\"https:\/\/www.jrailpass.com\/blog\/de\/japan-routen-und-reiserouten\"]}]},{\"@type\":\"BreadcrumbList\",\"@id\":\"https:\/\/www.jrailpass.com\/blog\/de\/japan-routen-und-reiserouten#breadcrumb\",\"itemListElement\":[{\"@type\":\"ListItem\",\"position\":1,\"name\":\"Japan Travel Blog\",\"item\":\"https:\/\/www.jrailpass.com\/blog\/de\"},{\"@type\":\"ListItem\",\"position\":2,\"name\":\"Japan Routen und Reiserouten\"}]},{\"@type\":\"WebSite\",\"@id\":\"https:\/\/www.jrailpass.com\/blog\/de#website\",\"url\":\"https:\/\/www.jrailpass.com\/blog\/de\",\"name\":\"Japan Reiseblog von Japan Rail Pass | JRailPass\",\"description\":\"Entdecken Sie Japan mit dem Zug Japan Rail Pass\",\"publisher\":{\"@id\":\"https:\/\/www.jrailpass.com\/blog\/de#organization\"},\"potentialAction\":[{\"@type\":\"SearchAction\",\"target\":{\"@type\":\"EntryPoint\",\"urlTemplate\":\"https:\/\/www.jrailpass.com\/blog\/de?s={search_term_string}\"},\"query-input\":\"required name=search_term_string\"}],\"inLanguage\":\"de-DE\"},{\"@type\":\"Organization\",\"@id\":\"https:\/\/www.jrailpass.com\/blog\/de#organization\",\"name\":\"Japan Rail Pass S.L. - JRailPass.com\",\"url\":\"https:\/\/www.jrailpass.com\/blog\/de\",\"logo\":{\"@type\":\"ImageObject\",\"inLanguage\":\"de-DE\",\"@id\":\"https:\/\/www.jrailpass.com\/blog\/de#\/schema\/logo\/image\/\",\"url\":\"https:\/\/www.jrailpass.com\/blog\/wp-content\/uploads\/2017\/10\/logo.png\",\"contentUrl\":\"https:\/\/www.jrailpass.com\/blog\/wp-content\/uploads\/2017\/10\/logo.png\",\"width\":214,\"height\":60,\"caption\":\"Japan Rail Pass S.L. - JRailPass.com\"},\"image\":{\"@id\":\"https:\/\/www.jrailpass.com\/blog\/de#\/schema\/logo\/image\/\"}}]}<\/script>\n<!-- \/ Yoast SEO plugin. -->","yoast_head_json":{"title":"Japan Routen und Reiserouten - Japan Rail Pass","description":"Planen Sie im Voraus mit unseren Routen und Reiseplanung, welche die am besten zu entdeckenden Orte Japans beinhalten, und wie Sie mit dem Japan Rail Pass am besten dorthin gelangen und sich fortbewegen k\u00f6nnen.","robots":{"index":"index","follow":"follow","max-snippet":"max-snippet:-1","max-image-preview":"max-image-preview:large","max-video-preview":"max-video-preview:-1"},"canonical":"https:\/\/www.jrailpass.com\/blog\/de\/wp-json\/wp\/v2\/pages\/6699","og_locale":"de_DE","og_type":"article","og_title":"Japan Routen und Reiserouten - Japan Rail Pass","og_description":"Planen Sie im Voraus mit unseren Routen und Reiseplanung, welche die am besten zu entdeckenden Orte Japans beinhalten, und wie Sie mit dem Japan Rail Pass am besten dorthin gelangen und sich fortbewegen k\u00f6nnen.","og_url":"https:\/\/www.jrailpass.com\/blog\/de\/japan-routen-und-reiserouten","og_site_name":"Japan Reiseblog von Japan Rail Pass | JRailPass","og_image":[{"url":"https:\/\/www.jrailpass.com\/blog\/wp-content\/uploads\/2017\/09\/tokyo-shibuya-300x200.jpg"}],"twitter_card":"summary_large_image","schema":{"@context":"https:\/\/schema.org","@graph":[{"@type":"WebPage","@id":"https:\/\/www.jrailpass.com\/blog\/de\/japan-routen-und-reiserouten","url":"https:\/\/www.jrailpass.com\/blog\/de\/japan-routen-und-reiserouten","name":"Japan Routen und Reiserouten - Japan Rail Pass","isPartOf":{"@id":"https:\/\/www.jrailpass.com\/blog\/de#website"},"datePublished":"2019-03-04T13:44:13+00:00","dateModified":"2019-03-04T13:44:13+00:00","description":"Planen Sie im Voraus mit unseren Routen und Reiseplanung, welche die am besten zu entdeckenden Orte Japans beinhalten, und wie Sie mit dem Japan Rail Pass am besten dorthin gelangen und sich fortbewegen k\u00f6nnen.","breadcrumb":{"@id":"https:\/\/www.jrailpass.com\/blog\/de\/japan-routen-und-reiserouten#breadcrumb"},"inLanguage":"de-DE","potentialAction":[{"@type":"ReadAction","target":["https:\/\/www.jrailpass.com\/blog\/de\/japan-routen-und-reiserouten"]}]},{"@type":"BreadcrumbList","@id":"https:\/\/www.jrailpass.com\/blog\/de\/japan-routen-und-reiserouten#breadcrumb","itemListElement":[{"@type":"ListItem","position":1,"name":"Japan Travel Blog","item":"https:\/\/www.jrailpass.com\/blog\/de"},{"@type":"ListItem","position":2,"name":"Japan Routen und Reiserouten"}]},{"@type":"WebSite","@id":"https:\/\/www.jrailpass.com\/blog\/de#website","url":"https:\/\/www.jrailpass.com\/blog\/de","name":"Japan Reiseblog von Japan Rail Pass | JRailPass","description":"Entdecken Sie Japan mit dem Zug Japan Rail Pass","publisher":{"@id":"https:\/\/www.jrailpass.com\/blog\/de#organization"},"potentialAction":[{"@type":"SearchAction","target":{"@type":"EntryPoint","urlTemplate":"https:\/\/www.jrailpass.com\/blog\/de?s={search_term_string}"},"query-input":"required name=search_term_string"}],"inLanguage":"de-DE"},{"@type":"Organization","@id":"https:\/\/www.jrailpass.com\/blog\/de#organization","name":"Japan Rail Pass S.L. - JRailPass.com","url":"https:\/\/www.jrailpass.com\/blog\/de","logo":{"@type":"ImageObject","inLanguage":"de-DE","@id":"https:\/\/www.jrailpass.com\/blog\/de#\/schema\/logo\/image\/","url":"https:\/\/www.jrailpass.com\/blog\/wp-content\/uploads\/2017\/10\/logo.png","contentUrl":"https:\/\/www.jrailpass.com\/blog\/wp-content\/uploads\/2017\/10\/logo.png","width":214,"height":60,"caption":"Japan Rail Pass S.L. - JRailPass.com"},"image":{"@id":"https:\/\/www.jrailpass.com\/blog\/de#\/schema\/logo\/image\/"}}]}},"_links":{"self":[{"href":"https:\/\/www.jrailpass.com\/blog\/de\/wp-json\/wp\/v2\/pages\/6699"}],"collection":[{"href":"https:\/\/www.jrailpass.com\/blog\/de\/wp-json\/wp\/v2\/pages"}],"about":[{"href":"https:\/\/www.jrailpass.com\/blog\/de\/wp-json\/wp\/v2\/types\/page"}],"author":[{"embeddable":true,"href":"https:\/\/www.jrailpass.com\/blog\/de\/wp-json\/wp\/v2\/users\/2"}],"replies":[{"embeddable":true,"href":"https:\/\/www.jrailpass.com\/blog\/de\/wp-json\/wp\/v2\/comments?post=6699"}],"version-history":[{"count":0,"href":"https:\/\/www.jrailpass.com\/blog\/de\/wp-json\/wp\/v2\/pages\/6699\/revisions"}],"wp:attachment":[{"href":"https:\/\/www.jrailpass.com\/blog\/de\/wp-json\/wp\/v2\/media?parent=6699"}],"curies":[{"name":"wp","href":"https:\/\/api.w.org\/{rel}","templated":true}]}}