{"id":6697,"date":"2019-03-04T14:43:19","date_gmt":"2019-03-04T13:43:19","guid":{"rendered":"https:\/\/www.jrailpass.com\/blog?page_id=6697"},"modified":"2019-03-04T14:43:19","modified_gmt":"2019-03-04T13:43:19","slug":"das-beste-von-japan","status":"publish","type":"page","link":"https:\/\/www.jrailpass.com\/blog\/de\/das-beste-von-japan","title":{"rendered":"Das Beste von Japan: Reiseziele und Erlebnisse"},"content":{"rendered":"<p>In diesem Abschnitt haben wir alle Top-Ziele, die besten Reiserouten, Wege und die besten Sehensw\u00fcrdigkeiten in jeder japanischen Stadt an einem Ort zusammengefasst.<\/p>\n<p>Es mag wie eine unm\u00f6gliche Aufgabe erscheinen eine Reise nach Japan zu planen. Mit so vielen erstaunlichen Zielen aus denen Sie w\u00e4hlen k\u00f6nnen, kann es unglaublich entmutigend sein zu entscheiden, wohin Sie gehen und was Sie besuchen m\u00f6chten, selbst wenn Sie nicht zum ersten Mal Besucher sind. Deshalb <strong>haben wir das Beste was Japan zu bieten hat zusammengetragen, um sicherzustellen, dass Sie<\/strong> alles finden was Sie \u00fcber die japanische Kultur <strong>wissen m\u00fcssen<\/strong> &#8211; Vergangenheit, Gegenwart und Zukunft.<\/p>\n<p><!--more--><\/p>\n<p>Japan hat eine Reihe von Orten, die Sie auf jeden Fall zu Lebzeiten sehen m\u00fcssen. Dieser Abschnitt hilft Ihnen wirklich die M\u00f6glichkeiten zu erkunden, um Ihre Reise perfekt zu planen. Schauen Sie sich unsere Auswahl an was jede Region und Stadt zu bieten hat &#8211; die <strong>besten Orte zum Besuchen<\/strong>, Essen, Jahreszeiten f\u00fcr Reisen nach Japan und vieles mehr!<\/p>\n<div id=\"toc_container\" class=\"toc_white no_bullets\"><p class=\"toc_title\">Table of Contents<\/p><ul class=\"toc_list\"><li><a href=\"#Am_besten_nach_Saison\"><span class=\"toc_number toc_depth_1\">1<\/span> Am besten nach Saison<\/a><ul><li><a href=\"#Fruehling\"><span class=\"toc_number toc_depth_2\">1.1<\/span> Fr\u00fchling<\/a><\/li><li><a href=\"#Sommer\"><span class=\"toc_number toc_depth_2\">1.2<\/span> Sommer<\/a><\/li><li><a href=\"#Herbst\"><span class=\"toc_number toc_depth_2\">1.3<\/span> Herbst<\/a><\/li><li><a href=\"#Winter\"><span class=\"toc_number toc_depth_2\">1.4<\/span> Winter<\/a><\/li><\/ul><\/li><li><a href=\"#Beste_Erfahrungen\"><span class=\"toc_number toc_depth_1\">2<\/span> Beste Erfahrungen<\/a><\/li><li><a href=\"#Beliebte_Ziele_und_Reiserouten\"><span class=\"toc_number toc_depth_1\">3<\/span> Beliebte Ziele und Reiserouten<\/a><\/li><\/ul><\/div>\n<h2><span id=\"Am_besten_nach_Saison\">Am besten nach Saison<\/span><\/h2>\n<p><img loading=\"lazy\"  decoding=\"async\" loading=\"lazy\" class=\"alignnone wp-image-1094\" src=\"https:\/\/www.jrailpass.com\/blog\/wp-content\/uploads\/2017\/03\/himeji-castle-cherry-blossom-e1509709877192.jpg\" alt=\"Himeji castle during the cherry blossom season\" width=\"600\" height=\"381\" \/><\/p>\n<h3><span id=\"Fruehling\">Fr\u00fchling<\/span><\/h3>\n<ul style=\"list-style: none; margin-left: 0px;\">\n<li><a href=\"https:\/\/www.jrailpass.com\/blog\/when-visit-japan-times\">When to visit Japan: the best times of the year<\/a><\/li>\n<li><a href=\"https:\/\/www.jrailpass.com\/blog\/best-cherry-blossom-spots-in-japan\">Best cherry blossom festivals and viewing spots<\/a><\/li>\n<li><a href=\"https:\/\/www.jrailpass.com\/blog\/golden-week-travel-tips\">Golden Week: dates and travel tips<\/a><\/li>\n<\/ul>\n<h3><span id=\"Sommer\">Sommer<\/span><\/h3>\n<ul style=\"list-style: none; margin-left: 0px;\">\n<li><a href=\"https:\/\/www.jrailpass.com\/blog\/summer-festivals-japan\">Best summer festivals (Matsuri) in Japan<\/a><\/li>\n<li><a href=\"https:\/\/www.jrailpass.com\/blog\/best-japanese-beaches\">Best beaches in Japan<\/a><\/li>\n<\/ul>\n<h3><span id=\"Herbst\">Herbst<\/span><\/h3>\n<ul style=\"list-style: none; margin-left: 0px;\">\n<li><a href=\"https:\/\/www.jrailpass.com\/blog\/best-places-autumn-leaves-japan\">Best<\/a><a href=\"https:\/\/www.jrailpass.com\/blog\/best-places-autumn-leaves-japan\"> places to see the autumn leaves<\/a><\/li>\n<li><a href=\"https:\/\/www.jrailpass.com\/blog\/sagano-romantic-train\">Sagano romanic train in Kyoto<\/a><\/li>\n<\/ul>\n<h3><span id=\"Winter\">Winter<\/span><\/h3>\n<ul style=\"list-style: none; margin-left: 0px;\">\n<li><a href=\"https:\/\/www.jrailpass.com\/blog\/skiing-snowboarding-japan\">Best skiing and snowboarding resorts<\/a><\/li>\n<li><a href=\"https:\/\/www.jrailpass.com\/blog\/best-places-plum-blossoms\">Plum blossoms in Japan<\/a><\/li>\n<\/ul>\n<h2><span id=\"Beste_Erfahrungen\">Beste Erfahrungen<\/span><\/h2>\n<p><img loading=\"lazy\"  decoding=\"async\" loading=\"lazy\" class=\"wp-image-1417\" src=\"https:\/\/www.jrailpass.com\/blog\/wp-content\/uploads\/2017\/05\/nara-great-buddha-e1495196580829.jpg\" alt=\"The Great Buddha at Todai-ji temple in Nara\" width=\"600\" height=\"375\" \/><\/p>\n<ul style=\"list-style: none; margin-left: 0px;\">\n<li><a href=\"https:\/\/www.jrailpass.com\/blog\/best-gardens-japan\">10 gardens you must visit in Japan<\/a><\/li>\n<li><a href=\"https:\/\/www.jrailpass.com\/blog\/best-castles-in-japan\">Best castles in Japan<\/a><\/li>\n<li><a href=\"https:\/\/www.jrailpass.com\/blog\/best-aquariums-in-japan\">Best aquariums in Japan<\/a><\/li>\n<li><a href=\"https:\/\/www.jrailpass.com\/blog\/best-temples-in-japan\">Best temples in Japan<\/a><\/li>\n<li><a href=\"https:\/\/www.jrailpass.com\/blog\/best-national-parks-in-japan\">Best national parks in Japan<\/a><\/li>\n<li><a href=\"https:\/\/www.jrailpass.com\/blog\/best-train-views-in-japan\">Best scenic rides and train views<\/a><\/li>\n<li><a href=\"https:\/\/www.jrailpass.com\/blog\/capsule-hotels-japan\">Best capsule hotels in Tokyo and Osaka<\/a><\/li>\n<li><a href=\"https:\/\/www.jrailpass.com\/blog\/best-onsen-in-japan\">Best onsen and onsen towns<\/a><\/li>\n<li><a href=\"https:\/\/www.jrailpass.com\/blog\/theme-parks-japan\">Best Japanese theme and amusement parks<\/a><\/li>\n<\/ul>\n<h2><span id=\"Beliebte_Ziele_und_Reiserouten\">Beliebte Ziele und Reiserouten<\/span><\/h2>\n<p><img loading=\"lazy\"  decoding=\"async\" loading=\"lazy\" class=\"alignnone wp-image-1627\" src=\"https:\/\/www.jrailpass.com\/blog\/wp-content\/uploads\/2017\/07\/mt-fuji-japan-autumn-e1505220649953.jpg\" alt=\"Mount Fuji in autumn\" width=\"600\" height=\"401\" srcset=\"https:\/\/www.jrailpass.com\/blog\/wp-content\/uploads\/2017\/07\/mt-fuji-japan-autumn-e1505220649953.jpg 800w, https:\/\/www.jrailpass.com\/blog\/wp-content\/uploads\/2017\/07\/mt-fuji-japan-autumn-e1505220649953-300x200.jpg 300w, https:\/\/www.jrailpass.com\/blog\/wp-content\/uploads\/2017\/07\/mt-fuji-japan-autumn-e1505220649953-768x513.jpg 768w\" sizes=\"(max-width: 600px) 100vw, 600px\" \/><\/p>\n<ul style=\"list-style: none; margin-left: 0px;\">\n<li><strong><a href=\"https:\/\/www.jrailpass.com\/blog\/3-days-tokyo-itinerary\">3 days in Tokyo<\/a><\/strong><\/li>\n<li><strong><a href=\"https:\/\/www.jrailpass.com\/blog\/things-to-do-in-kyoto\">Things to do in Kyoto<\/a><\/strong><\/li>\n<li><strong><a href=\"https:\/\/www.jrailpass.com\/blog\/things-to-do-in-osaka\">Things to do in Osaka<\/a><\/strong><\/li>\n<li><strong><a href=\"https:\/\/www.jrailpass.com\/blog\/day-trips-kyoto\">Day trips from Kyoto<\/a><\/strong><\/li>\n<li><strong><a href=\"https:\/\/www.jrailpass.com\/blog\/day-trips-tokyo\">Day trips from Tokyo<\/a><\/strong><\/li>\n<li><strong><a href=\"https:\/\/www.jrailpass.com\/blog\/kumano-kodo-pilgrimage\">Kumano Kodo pilgrimage<\/a><\/strong><\/li>\n<li><strong><a href=\"https:\/\/www.jrailpass.com\/blog\/mount-fuji\">Mount Fuji<\/a><\/strong><\/li>\n<li><strong><a href=\"https:\/\/www.jrailpass.com\/blog\/mount-koya\">Mount Koya<\/a><\/strong><\/li>\n<li><strong><a href=\"https:\/\/www.jrailpass.com\/blog\/studio-ghibli-museum\">Studio Ghibli Museum<\/a><\/strong><\/li>\n<li><strong><a href=\"https:\/\/www.jrailpass.com\/blog\/tokyo-to-kyoto-and-osaka\">Tokyo to Kyoto and Osaka<\/a><\/strong><\/li>\n<\/ul>\n<p>Unsere weiteren Ziele und Reiserouten finden Sie auf unseren ausf\u00fchrlichen Seiten.<\/p>\n","protected":false},"excerpt":{"rendered":"<p>In diesem Abschnitt haben wir alle Top-Ziele, die besten Reiserouten, Wege und die besten Sehensw\u00fcrdigkeiten in jeder japanischen Stadt an einem Ort zusammengefasst. Es mag wie eine unm\u00f6gliche Aufgabe erscheinen eine Reise nach Japan zu planen. Mit so vielen erstaunlichen Zielen aus denen Sie w\u00e4hlen k\u00f6nnen, kann es unglaublich entmutigend sein zu entscheiden, wohin Sie gehen und was Sie besuchen m\u00f6chten, selbst wenn Sie nicht zum ersten Mal Besucher sind. Deshalb haben wir das Beste was Japan zu bieten hat zusammengetragen, um sicherzustellen, dass Sie alles finden was Sie \u00fcber die japanische Kultur wissen m\u00fcssen &#8211; Vergangenheit, Gegenwart und Zukunft.<\/p>\n","protected":false},"author":2,"featured_media":0,"parent":0,"menu_order":0,"comment_status":"closed","ping_status":"closed","template":"","meta":[],"acf":{"related_tours":{"tour_number":false}},"yoast_head":"<!-- This site is optimized with the Yoast SEO plugin v20.10 - https:\/\/yoast.com\/wordpress\/plugins\/seo\/ -->\n<title>Das Beste von Japan: Reiseziele und Erlebnisse - Japan Rail Pass<\/title>\n<meta name=\"description\" content=\"Finden Sie die besten Sehensw\u00fcrdigkeiten und Aktivit\u00e4ten in Japan. Schauen Sie sich unsere Auswahl an wichtigen Attraktionen und Erlebnissen je nach Saison, Regionen und vielem mehr an!\" \/>\n<meta name=\"robots\" content=\"index, follow, max-snippet:-1, max-image-preview:large, max-video-preview:-1\" \/>\n<link rel=\"canonical\" href=\"https:\/\/www.jrailpass.com\/blog\/de\/wp-json\/wp\/v2\/pages\/6697\" \/>\n<meta property=\"og:locale\" content=\"de_DE\" \/>\n<meta property=\"og:type\" content=\"article\" \/>\n<meta property=\"og:title\" content=\"Das Beste von Japan: Reiseziele und Erlebnisse - Japan Rail Pass\" \/>\n<meta property=\"og:description\" content=\"Finden Sie die besten Sehensw\u00fcrdigkeiten und Aktivit\u00e4ten in Japan. Schauen Sie sich unsere Auswahl an wichtigen Attraktionen und Erlebnissen je nach Saison, Regionen und vielem mehr an!\" \/>\n<meta property=\"og:url\" content=\"https:\/\/www.jrailpass.com\/blog\/de\/das-beste-von-japan\" \/>\n<meta property=\"og:site_name\" content=\"Japan Reiseblog von Japan Rail Pass | JRailPass\" \/>\n<meta property=\"og:image\" content=\"https:\/\/www.jrailpass.com\/blog\/wp-content\/uploads\/2017\/03\/himeji-castle-cherry-blossom-e1509709877192.jpg\" \/>\n<meta name=\"twitter:card\" content=\"summary_large_image\" \/>\n<script type=\"application\/ld+json\" class=\"yoast-schema-graph\">{\"@context\":\"https:\/\/schema.org\",\"@graph\":[{\"@type\":\"WebPage\",\"@id\":\"https:\/\/www.jrailpass.com\/blog\/de\/das-beste-von-japan\",\"url\":\"https:\/\/www.jrailpass.com\/blog\/de\/das-beste-von-japan\",\"name\":\"Das Beste von Japan: Reiseziele und Erlebnisse - Japan Rail Pass\",\"isPartOf\":{\"@id\":\"https:\/\/www.jrailpass.com\/blog\/de#website\"},\"datePublished\":\"2019-03-04T13:43:19+00:00\",\"dateModified\":\"2019-03-04T13:43:19+00:00\",\"description\":\"Finden Sie die besten Sehensw\u00fcrdigkeiten und Aktivit\u00e4ten in Japan. Schauen Sie sich unsere Auswahl an wichtigen Attraktionen und Erlebnissen je nach Saison, Regionen und vielem mehr an!\",\"breadcrumb\":{\"@id\":\"https:\/\/www.jrailpass.com\/blog\/de\/das-beste-von-japan#breadcrumb\"},\"inLanguage\":\"de-DE\",\"potentialAction\":[{\"@type\":\"ReadAction\",\"target\":[\"https:\/\/www.jrailpass.com\/blog\/de\/das-beste-von-japan\"]}]},{\"@type\":\"BreadcrumbList\",\"@id\":\"https:\/\/www.jrailpass.com\/blog\/de\/das-beste-von-japan#breadcrumb\",\"itemListElement\":[{\"@type\":\"ListItem\",\"position\":1,\"name\":\"Japan Travel Blog\",\"item\":\"https:\/\/www.jrailpass.com\/blog\/de\"},{\"@type\":\"ListItem\",\"position\":2,\"name\":\"Das Beste von Japan: Reiseziele und Erlebnisse\"}]},{\"@type\":\"WebSite\",\"@id\":\"https:\/\/www.jrailpass.com\/blog\/de#website\",\"url\":\"https:\/\/www.jrailpass.com\/blog\/de\",\"name\":\"Japan Reiseblog von Japan Rail Pass | JRailPass\",\"description\":\"Entdecken Sie Japan mit dem Zug Japan Rail Pass\",\"publisher\":{\"@id\":\"https:\/\/www.jrailpass.com\/blog\/de#organization\"},\"potentialAction\":[{\"@type\":\"SearchAction\",\"target\":{\"@type\":\"EntryPoint\",\"urlTemplate\":\"https:\/\/www.jrailpass.com\/blog\/de?s={search_term_string}\"},\"query-input\":\"required name=search_term_string\"}],\"inLanguage\":\"de-DE\"},{\"@type\":\"Organization\",\"@id\":\"https:\/\/www.jrailpass.com\/blog\/de#organization\",\"name\":\"Japan Rail Pass S.L. - JRailPass.com\",\"url\":\"https:\/\/www.jrailpass.com\/blog\/de\",\"logo\":{\"@type\":\"ImageObject\",\"inLanguage\":\"de-DE\",\"@id\":\"https:\/\/www.jrailpass.com\/blog\/de#\/schema\/logo\/image\/\",\"url\":\"https:\/\/www.jrailpass.com\/blog\/wp-content\/uploads\/2017\/10\/logo.png\",\"contentUrl\":\"https:\/\/www.jrailpass.com\/blog\/wp-content\/uploads\/2017\/10\/logo.png\",\"width\":214,\"height\":60,\"caption\":\"Japan Rail Pass S.L. - JRailPass.com\"},\"image\":{\"@id\":\"https:\/\/www.jrailpass.com\/blog\/de#\/schema\/logo\/image\/\"}}]}<\/script>\n<!-- \/ Yoast SEO plugin. -->","yoast_head_json":{"title":"Das Beste von Japan: Reiseziele und Erlebnisse - Japan Rail Pass","description":"Finden Sie die besten Sehensw\u00fcrdigkeiten und Aktivit\u00e4ten in Japan. Schauen Sie sich unsere Auswahl an wichtigen Attraktionen und Erlebnissen je nach Saison, Regionen und vielem mehr an!","robots":{"index":"index","follow":"follow","max-snippet":"max-snippet:-1","max-image-preview":"max-image-preview:large","max-video-preview":"max-video-preview:-1"},"canonical":"https:\/\/www.jrailpass.com\/blog\/de\/wp-json\/wp\/v2\/pages\/6697","og_locale":"de_DE","og_type":"article","og_title":"Das Beste von Japan: Reiseziele und Erlebnisse - Japan Rail Pass","og_description":"Finden Sie die besten Sehensw\u00fcrdigkeiten und Aktivit\u00e4ten in Japan. Schauen Sie sich unsere Auswahl an wichtigen Attraktionen und Erlebnissen je nach Saison, Regionen und vielem mehr an!","og_url":"https:\/\/www.jrailpass.com\/blog\/de\/das-beste-von-japan","og_site_name":"Japan Reiseblog von Japan Rail Pass | JRailPass","og_image":[{"url":"https:\/\/www.jrailpass.com\/blog\/wp-content\/uploads\/2017\/03\/himeji-castle-cherry-blossom-e1509709877192.jpg"}],"twitter_card":"summary_large_image","schema":{"@context":"https:\/\/schema.org","@graph":[{"@type":"WebPage","@id":"https:\/\/www.jrailpass.com\/blog\/de\/das-beste-von-japan","url":"https:\/\/www.jrailpass.com\/blog\/de\/das-beste-von-japan","name":"Das Beste von Japan: Reiseziele und Erlebnisse - Japan Rail Pass","isPartOf":{"@id":"https:\/\/www.jrailpass.com\/blog\/de#website"},"datePublished":"2019-03-04T13:43:19+00:00","dateModified":"2019-03-04T13:43:19+00:00","description":"Finden Sie die besten Sehensw\u00fcrdigkeiten und Aktivit\u00e4ten in Japan. Schauen Sie sich unsere Auswahl an wichtigen Attraktionen und Erlebnissen je nach Saison, Regionen und vielem mehr an!","breadcrumb":{"@id":"https:\/\/www.jrailpass.com\/blog\/de\/das-beste-von-japan#breadcrumb"},"inLanguage":"de-DE","potentialAction":[{"@type":"ReadAction","target":["https:\/\/www.jrailpass.com\/blog\/de\/das-beste-von-japan"]}]},{"@type":"BreadcrumbList","@id":"https:\/\/www.jrailpass.com\/blog\/de\/das-beste-von-japan#breadcrumb","itemListElement":[{"@type":"ListItem","position":1,"name":"Japan Travel Blog","item":"https:\/\/www.jrailpass.com\/blog\/de"},{"@type":"ListItem","position":2,"name":"Das Beste von Japan: Reiseziele und Erlebnisse"}]},{"@type":"WebSite","@id":"https:\/\/www.jrailpass.com\/blog\/de#website","url":"https:\/\/www.jrailpass.com\/blog\/de","name":"Japan Reiseblog von Japan Rail Pass | JRailPass","description":"Entdecken Sie Japan mit dem Zug Japan Rail Pass","publisher":{"@id":"https:\/\/www.jrailpass.com\/blog\/de#organization"},"potentialAction":[{"@type":"SearchAction","target":{"@type":"EntryPoint","urlTemplate":"https:\/\/www.jrailpass.com\/blog\/de?s={search_term_string}"},"query-input":"required name=search_term_string"}],"inLanguage":"de-DE"},{"@type":"Organization","@id":"https:\/\/www.jrailpass.com\/blog\/de#organization","name":"Japan Rail Pass S.L. - JRailPass.com","url":"https:\/\/www.jrailpass.com\/blog\/de","logo":{"@type":"ImageObject","inLanguage":"de-DE","@id":"https:\/\/www.jrailpass.com\/blog\/de#\/schema\/logo\/image\/","url":"https:\/\/www.jrailpass.com\/blog\/wp-content\/uploads\/2017\/10\/logo.png","contentUrl":"https:\/\/www.jrailpass.com\/blog\/wp-content\/uploads\/2017\/10\/logo.png","width":214,"height":60,"caption":"Japan Rail Pass S.L. - JRailPass.com"},"image":{"@id":"https:\/\/www.jrailpass.com\/blog\/de#\/schema\/logo\/image\/"}}]}},"_links":{"self":[{"href":"https:\/\/www.jrailpass.com\/blog\/de\/wp-json\/wp\/v2\/pages\/6697"}],"collection":[{"href":"https:\/\/www.jrailpass.com\/blog\/de\/wp-json\/wp\/v2\/pages"}],"about":[{"href":"https:\/\/www.jrailpass.com\/blog\/de\/wp-json\/wp\/v2\/types\/page"}],"author":[{"embeddable":true,"href":"https:\/\/www.jrailpass.com\/blog\/de\/wp-json\/wp\/v2\/users\/2"}],"replies":[{"embeddable":true,"href":"https:\/\/www.jrailpass.com\/blog\/de\/wp-json\/wp\/v2\/comments?post=6697"}],"version-history":[{"count":0,"href":"https:\/\/www.jrailpass.com\/blog\/de\/wp-json\/wp\/v2\/pages\/6697\/revisions"}],"wp:attachment":[{"href":"https:\/\/www.jrailpass.com\/blog\/de\/wp-json\/wp\/v2\/media?parent=6697"}],"curies":[{"name":"wp","href":"https:\/\/api.w.org\/{rel}","templated":true}]}}