{"id":6685,"date":"2019-03-04T14:44:26","date_gmt":"2019-03-04T13:44:26","guid":{"rendered":"https:\/\/www.jrailpass.com\/blog?page_id=6685"},"modified":"2019-03-04T14:44:26","modified_gmt":"2019-03-04T13:44:26","slug":"regionen-japans","status":"publish","type":"page","link":"https:\/\/www.jrailpass.com\/blog\/de\/regionen-japans","title":{"rendered":"Regionen Japans"},"content":{"rendered":"<p>Japan ist eine Inselkette. Die <strong>vier Hauptinseln<\/strong> Japans, von Nord nach S\u00fcd, sind <strong>Hokkaido, Honshu, Shikoku und Kyushu<\/strong>. Die Ryukyu-Inseln, zu denen Okinawa geh\u00f6rt, sind eine Kette im S\u00fcden von Kyushu.<\/p>\n<p>Zusammen bilden die Inseln den japanischen Archipel. Es gibt 47 Pr\u00e4fekturen, die wiederum geografisch in <strong>acht Regionen<\/strong> unterteilt sind: Hokkaido (Insel), Tohoku, Kanto, Chubu, Kansai, Chugoku (auf der Insel Honshu), Shikoku (Insel) und Kyushu (einschlie\u00dflich Kyushu und Okinawa Inseln).<\/p>\n<p><strong>Lernen Sie jede Region kennen<\/strong>: ihre Br\u00e4uche, Kultur, Traditionen, Wetter, Natur und einzigartiges Essen.<\/p>\n<div id=\"toc_container\" class=\"toc_white no_bullets\"><p class=\"toc_title\">Table of Contents<\/p><ul class=\"toc_list\"><li><a href=\"#Hokkaido\"><span class=\"toc_number toc_depth_1\">1<\/span> Hokkaido<\/a><\/li><li><a href=\"#Tohoku\"><span class=\"toc_number toc_depth_1\">2<\/span> Tohoku<\/a><\/li><li><a href=\"#Kanto\"><span class=\"toc_number toc_depth_1\">3<\/span> Kanto<\/a><\/li><li><a href=\"#Chubu\"><span class=\"toc_number toc_depth_1\">4<\/span> Chubu<\/a><\/li><li><a href=\"#Kansai\"><span class=\"toc_number toc_depth_1\">5<\/span> Kansai<\/a><\/li><li><a href=\"#Chugoku\"><span class=\"toc_number toc_depth_1\">6<\/span> Chugoku<\/a><\/li><li><a href=\"#Shikoku\"><span class=\"toc_number toc_depth_1\">7<\/span> Shikoku<\/a><\/li><li><a href=\"#Kyushu\"><span class=\"toc_number toc_depth_1\">8<\/span> Kyushu\u00a0<\/a><\/li><\/ul><\/div>\n\n<h2><span id=\"Hokkaido\"><strong>Hokkaido<\/strong><\/span><\/h2>\n<p><img loading=\"lazy\"  decoding=\"async\" loading=\"lazy\" class=\"alignleft\" src=\"https:\/\/www.jrailpass.com\/blog\/wp-content\/uploads\/2017\/09\/hokkaido-e1504704338239.jpg\" alt=\"Flower garden in Hokkaido, a great area to visit during Golden Week\" width=\"300\" height=\"200\" \/><\/p>\n<p>Der neue Hokkaido Shinkansen bringt Sie zu einige der sch\u00f6nsten Nationalparks Japans, Top-Skigebieten und beliebten Sommerzielen.<\/p>\n<p>Hokkaido hat nur eine Pr\u00e4fektur gleichen Namens und zu den wichtigsten St\u00e4dten geh\u00f6ren Sapporo, Asahikawa und Hakodate, die Sie mit Ihrem <a href=\"https:\/\/www.jrailpass.com\/de\/\">Japan Rail Pass<\/a> leicht erreichen k\u00f6nnen<\/p>\n<h2><span id=\"Tohoku\"><strong>Tohoku<\/strong><\/span><\/h2>\n<p><img loading=\"lazy\"  decoding=\"async\" loading=\"lazy\" class=\"size-full wp-image-1988 alignleft\" src=\"https:\/\/www.jrailpass.com\/blog\/wp-content\/uploads\/2017\/09\/tohoku-hirosaki-castle.jpg\" alt=\"\" width=\"300\" height=\"200\" \/><\/p>\n<p>Tohoku, im Norden der Honshu-Inseln, ist eine der malerischsten Regionen Japans und bekannt f\u00fcr seine Berge und gro\u00dfartigen Skigebiete, Seen, Thermen, Burgen und Samurai-Residenzen. Die Hauptstadt Sendai ist bekannt als &#8222;Stadt der B\u00e4ume&#8220; und beherbergt eines der beliebtesten Sommerfeste Japans.<\/p>\n<p><strong>Pr\u00e4fekturen<\/strong>: Akita, Aomori, Fukushima, Iwate, Miyagi und Yamagata<\/p>\n<h2><span id=\"Kanto\"><strong>Kanto<\/strong><\/span><\/h2>\n<p><img loading=\"lazy\"  decoding=\"async\" class=\"alignleft\" src=\"https:\/\/www.jrailpass.com\/blog\/wp-content\/uploads\/2017\/09\/tokyo-shibuya.jpg\" alt=\"Kanto\" \/><\/p>\n<p>Kanto ist die bev\u00f6lkerungsreichste Region Japans und beherbergt den Gro\u00dfraum <a href=\"https:\/\/www.jrailpass.com\/blog\/de\/staedte\/tokio-reisefuehrer\">Tokio<\/a>. Dort k\u00f6nnen Sie auch Sch\u00e4tze wie Yokohama, Hakone (und seine f\u00fcnf Seen) und Kamakura, eine alte Stadt voller historischer Sch\u00e4tze, finden.<\/p>\n<p><strong>Pr\u00e4fekturen<\/strong>: Chiba, Gunma, Ibaraki, Kanagawa, Saitama, Tochigi und Tokio.<\/p>\n<p>&nbsp;<\/p>\n<p style=\"text-align: center;\">\n            <a class=\"fasc-button banner-button-shortcode fasc-size-large fasc-type-flat fasc-rounded-medium ico-fa fasc-ico-after fa-chevron-circle-right fasc-style-bold\" href=\"https:\/\/www.jrailpass.com\/de\/der-japan-rail-pass\">\n                Kaufen Sie jetzt Ihren JR Pass\n            <\/a>\n        <\/p>\n<h2><span id=\"Chubu\"><strong>Chubu<\/strong><\/span><\/h2>\n<p><img loading=\"lazy\"  decoding=\"async\" class=\"alignleft\" src=\"https:\/\/www.jrailpass.com\/blog\/wp-content\/uploads\/2017\/09\/chubu-chureito-pagoda.jpeg\" alt=\"Chubu\" \/><\/p>\n<p>Die Region Chubu liegt im Zentrum von Honshu, der gr\u00f6\u00dften Insel Japans. Es ist sehr vielf\u00e4ltig, einschlie\u00dflich der St\u00e4dte von Nagoya, Takayama und Kanazawa, die japanischen Alpen und der m\u00e4chtige Berg Fuji.<\/p>\n<p><strong>Pr\u00e4fekturen<\/strong>: Aichi, Fukui, Gifu, Ishikawa, Nagano, Niigata, Shizuoka, Toyama und Yamanashi.<\/p>\n<p>&nbsp;<\/p>\n<h2><span id=\"Kansai\"><strong>Kansai<\/strong><\/span><\/h2>\n<p><img loading=\"lazy\"  decoding=\"async\" class=\"alignleft\" src=\"https:\/\/www.jrailpass.com\/blog\/wp-content\/uploads\/2017\/09\/kyoto-golden-pavilion.jpg\" alt=\"Kansai\" \/><\/p>\n<p>Die Region Kansai oder Kinki ist die westliche Region der Insel Honshu und umfasst die St\u00e4dte Himeji, Kobe, <a href=\"https:\/\/www.jrailpass.com\/blog\/de\/staedte\/kyoto-reisefuehrer\">Kyoto<\/a>, <a href=\"https:\/\/www.jrailpass.com\/blog\/de\/staedte\/osaka-reisefuehrer\">Osaka<\/a> und Nara. Es ist das kulturelle und historische Herz Japans und das zweitgr\u00f6\u00dfte nach Kanto.<\/p>\n<p><strong>Pr\u00e4fekturen<\/strong>: Hy\u014dgo, Kyoto, Mie, Nara, Osaka, Shiga und Wakayama.<\/p>\n<p>&nbsp;<\/p>\n<h2><span id=\"Chugoku\"><strong>Chugoku<\/strong><\/span><\/h2>\n<p><img loading=\"lazy\"  decoding=\"async\" class=\"alignleft\" src=\"https:\/\/www.jrailpass.com\/blog\/wp-content\/uploads\/2017\/09\/korakuen-okayama-e1504704124923.jpg\" alt=\"Korakuen Garden\" \/>Chugoku, auch bekannt als die Region Sanin-Sanyo, ist die westlichste Region der Insel Honshu. Hier k\u00f6nnen Sie mit den Nachtz\u00fcgen des Sunrise Express fahren und den gro\u00dfen Izumo-Schrein, Okayama (und seinen Korakuen-Garten), Hiroshima und Miyajima besuchen.<\/p>\n<p><strong>Pr\u00e4fekturen<\/strong>: Hiroshima, Okayama, Shimane, Tottori und Yamaguchi.<\/p>\n<h2><span id=\"Shikoku\"><strong>Shikoku<\/strong><\/span><\/h2>\n<p><img loading=\"lazy\"  decoding=\"async\" class=\"alignleft\" src=\"https:\/\/www.jrailpass.com\/blog\/wp-content\/uploads\/2017\/09\/shikoku-iya-kazurabashi-e1504704094783.jpg\" alt=\"Shikoku\" \/><\/p>\n<p>Shikoku ist Japans kleinste Insel und Region und wahrscheinlich die friedlichste. Es ist bekannt f\u00fcr seine reichhaltige Natur, sch\u00f6ne Fl\u00fcsse und wundersch\u00f6nen Onsen, und es ist die Heimat der 88 Tempelpilgerfahrt sowie der St\u00e4dte Matsuyama und Takamatsu.<\/p>\n<p><strong>Pr\u00e4fekturen<\/strong>: Ehime, Kagawa, K\u014dchi und Tokushima.<\/p>\n<p>&nbsp;<\/p>\n<h2><span id=\"Kyushu\"><strong>Kyushu\u00a0<\/strong><\/span><\/h2>\n<p><img loading=\"lazy\"  decoding=\"async\" class=\"alignleft\" src=\"https:\/\/www.jrailpass.com\/blog\/wp-content\/uploads\/2017\/09\/okinawa-beach.jpg\" alt=\"Okinawa\" \/><\/p>\n<p>Die Region Kyushu umfasst sowohl die Insel Kyushu als auch die Inseln Okinawa. Kyushu bietet eine perfekte Mischung aus Geschichte, nat\u00fcrlicher Sch\u00f6nheit und modernen St\u00e4dten wie Fukuoka. Okinawa, die s\u00fcdlichste Pr\u00e4fektur, ist bekannt f\u00fcr ihre herrlichen Str\u00e4nde.<\/p>\n<p><strong>Pr\u00e4fekturen<\/strong>: Fukuoka, Kumamoto, Nagasaki, \u014cita und Saga im Norden Kyushu; Kagoshima, Miyazaki und Okinawa im S\u00fcden Kyushu.<\/p>\n<p>&nbsp;<\/p>\n<div class=\"clearfix\"><\/div>\n","protected":false},"excerpt":{"rendered":"<p>Japan ist eine Inselkette. Die vier Hauptinseln Japans, von Nord nach S\u00fcd, sind Hokkaido, Honshu, Shikoku und Kyushu. Die Ryukyu-Inseln, zu denen Okinawa geh\u00f6rt, sind eine Kette im S\u00fcden von Kyushu. Zusammen bilden die Inseln den japanischen Archipel. Es gibt 47 Pr\u00e4fekturen, die wiederum geografisch in acht Regionen unterteilt sind: Hokkaido (Insel), Tohoku, Kanto, Chubu, Kansai, Chugoku (auf der Insel Honshu), Shikoku (Insel) und Kyushu (einschlie\u00dflich Kyushu und Okinawa Inseln). Lernen Sie jede Region kennen: ihre Br\u00e4uche, Kultur, Traditionen, Wetter, Natur und einzigartiges Essen. Table of Contents1 Hokkaido2 Tohoku3 Kanto4 Chubu5 Kansai6 Chugoku7 Shikoku8 Kyushu\u00a0 Hokkaido Der neue Hokkaido Shinkansen &hellip; <a href=\"https:\/\/www.jrailpass.com\/blog\/de\/regionen-japans\" class=\"more-link\">Lesen Sie weiter<span class=\"screen-reader-text\"> &#8222;Regionen Japans&#8220;<\/span><\/a><\/p>\n","protected":false},"author":2,"featured_media":0,"parent":0,"menu_order":0,"comment_status":"closed","ping_status":"closed","template":"","meta":[],"acf":{"related_tours":{"tour_number":false}},"yoast_head":"<!-- This site is optimized with the Yoast SEO plugin v20.10 - https:\/\/yoast.com\/wordpress\/plugins\/seo\/ -->\n<title>Regionen Japans - Japan Rail Pass<\/title>\n<meta name=\"description\" content=\"Entdecken Sie die acht Regionen Japans mit dem Japan Rail Pass. Erfahren Sie von Hokkaido bis Okinawa, was jede Insel zu bieten hat und wie Sie sich fortbewegen k\u00f6nnen.\" \/>\n<meta name=\"robots\" content=\"index, follow, max-snippet:-1, max-image-preview:large, max-video-preview:-1\" \/>\n<link rel=\"canonical\" href=\"https:\/\/www.jrailpass.com\/blog\/de\/wp-json\/wp\/v2\/pages\/6685\" \/>\n<meta property=\"og:locale\" content=\"de_DE\" \/>\n<meta property=\"og:type\" content=\"article\" \/>\n<meta property=\"og:title\" content=\"Regionen Japans - Japan Rail Pass\" \/>\n<meta property=\"og:description\" content=\"Entdecken Sie die acht Regionen Japans mit dem Japan Rail Pass. Erfahren Sie von Hokkaido bis Okinawa, was jede Insel zu bieten hat und wie Sie sich fortbewegen k\u00f6nnen.\" \/>\n<meta property=\"og:url\" content=\"https:\/\/www.jrailpass.com\/blog\/de\/regionen-japans\" \/>\n<meta property=\"og:site_name\" content=\"Japan Reiseblog von Japan Rail Pass | JRailPass\" \/>\n<meta property=\"og:image\" content=\"https:\/\/www.jrailpass.com\/blog\/wp-content\/uploads\/2017\/09\/hokkaido-e1504704338239.jpg\" \/>\n<meta name=\"twitter:card\" content=\"summary_large_image\" \/>\n<script type=\"application\/ld+json\" class=\"yoast-schema-graph\">{\"@context\":\"https:\/\/schema.org\",\"@graph\":[{\"@type\":\"WebPage\",\"@id\":\"https:\/\/www.jrailpass.com\/blog\/de\/regionen-japans\",\"url\":\"https:\/\/www.jrailpass.com\/blog\/de\/regionen-japans\",\"name\":\"Regionen Japans - Japan Rail Pass\",\"isPartOf\":{\"@id\":\"https:\/\/www.jrailpass.com\/blog\/de#website\"},\"datePublished\":\"2019-03-04T13:44:26+00:00\",\"dateModified\":\"2019-03-04T13:44:26+00:00\",\"description\":\"Entdecken Sie die acht Regionen Japans mit dem Japan Rail Pass. Erfahren Sie von Hokkaido bis Okinawa, was jede Insel zu bieten hat und wie Sie sich fortbewegen k\u00f6nnen.\",\"breadcrumb\":{\"@id\":\"https:\/\/www.jrailpass.com\/blog\/de\/regionen-japans#breadcrumb\"},\"inLanguage\":\"de-DE\",\"potentialAction\":[{\"@type\":\"ReadAction\",\"target\":[\"https:\/\/www.jrailpass.com\/blog\/de\/regionen-japans\"]}]},{\"@type\":\"BreadcrumbList\",\"@id\":\"https:\/\/www.jrailpass.com\/blog\/de\/regionen-japans#breadcrumb\",\"itemListElement\":[{\"@type\":\"ListItem\",\"position\":1,\"name\":\"Japan Travel Blog\",\"item\":\"https:\/\/www.jrailpass.com\/blog\/de\"},{\"@type\":\"ListItem\",\"position\":2,\"name\":\"Regionen Japans\"}]},{\"@type\":\"WebSite\",\"@id\":\"https:\/\/www.jrailpass.com\/blog\/de#website\",\"url\":\"https:\/\/www.jrailpass.com\/blog\/de\",\"name\":\"Japan Reiseblog von Japan Rail Pass | JRailPass\",\"description\":\"Entdecken Sie Japan mit dem Zug Japan Rail Pass\",\"publisher\":{\"@id\":\"https:\/\/www.jrailpass.com\/blog\/de#organization\"},\"potentialAction\":[{\"@type\":\"SearchAction\",\"target\":{\"@type\":\"EntryPoint\",\"urlTemplate\":\"https:\/\/www.jrailpass.com\/blog\/de?s={search_term_string}\"},\"query-input\":\"required name=search_term_string\"}],\"inLanguage\":\"de-DE\"},{\"@type\":\"Organization\",\"@id\":\"https:\/\/www.jrailpass.com\/blog\/de#organization\",\"name\":\"Japan Rail Pass S.L. - JRailPass.com\",\"url\":\"https:\/\/www.jrailpass.com\/blog\/de\",\"logo\":{\"@type\":\"ImageObject\",\"inLanguage\":\"de-DE\",\"@id\":\"https:\/\/www.jrailpass.com\/blog\/de#\/schema\/logo\/image\/\",\"url\":\"https:\/\/www.jrailpass.com\/blog\/wp-content\/uploads\/2017\/10\/logo.png\",\"contentUrl\":\"https:\/\/www.jrailpass.com\/blog\/wp-content\/uploads\/2017\/10\/logo.png\",\"width\":214,\"height\":60,\"caption\":\"Japan Rail Pass S.L. - JRailPass.com\"},\"image\":{\"@id\":\"https:\/\/www.jrailpass.com\/blog\/de#\/schema\/logo\/image\/\"}}]}<\/script>\n<!-- \/ Yoast SEO plugin. -->","yoast_head_json":{"title":"Regionen Japans - Japan Rail Pass","description":"Entdecken Sie die acht Regionen Japans mit dem Japan Rail Pass. Erfahren Sie von Hokkaido bis Okinawa, was jede Insel zu bieten hat und wie Sie sich fortbewegen k\u00f6nnen.","robots":{"index":"index","follow":"follow","max-snippet":"max-snippet:-1","max-image-preview":"max-image-preview:large","max-video-preview":"max-video-preview:-1"},"canonical":"https:\/\/www.jrailpass.com\/blog\/de\/wp-json\/wp\/v2\/pages\/6685","og_locale":"de_DE","og_type":"article","og_title":"Regionen Japans - Japan Rail Pass","og_description":"Entdecken Sie die acht Regionen Japans mit dem Japan Rail Pass. Erfahren Sie von Hokkaido bis Okinawa, was jede Insel zu bieten hat und wie Sie sich fortbewegen k\u00f6nnen.","og_url":"https:\/\/www.jrailpass.com\/blog\/de\/regionen-japans","og_site_name":"Japan Reiseblog von Japan Rail Pass | JRailPass","og_image":[{"url":"https:\/\/www.jrailpass.com\/blog\/wp-content\/uploads\/2017\/09\/hokkaido-e1504704338239.jpg"}],"twitter_card":"summary_large_image","schema":{"@context":"https:\/\/schema.org","@graph":[{"@type":"WebPage","@id":"https:\/\/www.jrailpass.com\/blog\/de\/regionen-japans","url":"https:\/\/www.jrailpass.com\/blog\/de\/regionen-japans","name":"Regionen Japans - Japan Rail Pass","isPartOf":{"@id":"https:\/\/www.jrailpass.com\/blog\/de#website"},"datePublished":"2019-03-04T13:44:26+00:00","dateModified":"2019-03-04T13:44:26+00:00","description":"Entdecken Sie die acht Regionen Japans mit dem Japan Rail Pass. Erfahren Sie von Hokkaido bis Okinawa, was jede Insel zu bieten hat und wie Sie sich fortbewegen k\u00f6nnen.","breadcrumb":{"@id":"https:\/\/www.jrailpass.com\/blog\/de\/regionen-japans#breadcrumb"},"inLanguage":"de-DE","potentialAction":[{"@type":"ReadAction","target":["https:\/\/www.jrailpass.com\/blog\/de\/regionen-japans"]}]},{"@type":"BreadcrumbList","@id":"https:\/\/www.jrailpass.com\/blog\/de\/regionen-japans#breadcrumb","itemListElement":[{"@type":"ListItem","position":1,"name":"Japan Travel Blog","item":"https:\/\/www.jrailpass.com\/blog\/de"},{"@type":"ListItem","position":2,"name":"Regionen Japans"}]},{"@type":"WebSite","@id":"https:\/\/www.jrailpass.com\/blog\/de#website","url":"https:\/\/www.jrailpass.com\/blog\/de","name":"Japan Reiseblog von Japan Rail Pass | JRailPass","description":"Entdecken Sie Japan mit dem Zug Japan Rail Pass","publisher":{"@id":"https:\/\/www.jrailpass.com\/blog\/de#organization"},"potentialAction":[{"@type":"SearchAction","target":{"@type":"EntryPoint","urlTemplate":"https:\/\/www.jrailpass.com\/blog\/de?s={search_term_string}"},"query-input":"required name=search_term_string"}],"inLanguage":"de-DE"},{"@type":"Organization","@id":"https:\/\/www.jrailpass.com\/blog\/de#organization","name":"Japan Rail Pass S.L. - JRailPass.com","url":"https:\/\/www.jrailpass.com\/blog\/de","logo":{"@type":"ImageObject","inLanguage":"de-DE","@id":"https:\/\/www.jrailpass.com\/blog\/de#\/schema\/logo\/image\/","url":"https:\/\/www.jrailpass.com\/blog\/wp-content\/uploads\/2017\/10\/logo.png","contentUrl":"https:\/\/www.jrailpass.com\/blog\/wp-content\/uploads\/2017\/10\/logo.png","width":214,"height":60,"caption":"Japan Rail Pass S.L. - JRailPass.com"},"image":{"@id":"https:\/\/www.jrailpass.com\/blog\/de#\/schema\/logo\/image\/"}}]}},"_links":{"self":[{"href":"https:\/\/www.jrailpass.com\/blog\/de\/wp-json\/wp\/v2\/pages\/6685"}],"collection":[{"href":"https:\/\/www.jrailpass.com\/blog\/de\/wp-json\/wp\/v2\/pages"}],"about":[{"href":"https:\/\/www.jrailpass.com\/blog\/de\/wp-json\/wp\/v2\/types\/page"}],"author":[{"embeddable":true,"href":"https:\/\/www.jrailpass.com\/blog\/de\/wp-json\/wp\/v2\/users\/2"}],"replies":[{"embeddable":true,"href":"https:\/\/www.jrailpass.com\/blog\/de\/wp-json\/wp\/v2\/comments?post=6685"}],"version-history":[{"count":0,"href":"https:\/\/www.jrailpass.com\/blog\/de\/wp-json\/wp\/v2\/pages\/6685\/revisions"}],"wp:attachment":[{"href":"https:\/\/www.jrailpass.com\/blog\/de\/wp-json\/wp\/v2\/media?parent=6685"}],"curies":[{"name":"wp","href":"https:\/\/api.w.org\/{rel}","templated":true}]}}