{"id":6683,"date":"2019-03-04T14:44:03","date_gmt":"2019-03-04T13:44:03","guid":{"rendered":"https:\/\/www.jrailpass.com\/blog?page_id=6683"},"modified":"2019-08-29T14:37:21","modified_gmt":"2019-08-29T12:37:21","slug":"tokio-reisefuehrer","status":"publish","type":"page","link":"https:\/\/www.jrailpass.com\/blog\/de\/staedte\/tokio-reisefuehrer","title":{"rendered":"Tokio Reisef\u00fchrer"},"content":{"rendered":"<p><strong>Tokio ist die Hauptstadt Japans und die bev\u00f6lkerungsreichste Metropolregion der Welt<\/strong>. Es befindet sich auf der s\u00fcd\u00f6stlichen Seite der Hauptinsel Honshu, in der Region Kant\u014d und umfasst die Izu-Inseln und Ogasawara-Inseln. Es ist eine der faszinierendsten St\u00e4dte der Welt, von den majest\u00e4tischen Tempeln des traditionellen Japans bis hin zu den hellen Neonlichtern von Shibuya.<\/p>\n<p><strong>Tokio hat f\u00fcr jeden etwas zu bieten<\/strong>, mehr Michelin-Sterne als jede andere Stadt der Welt, Bars und Caf\u00e9s in H\u00fclle und F\u00fclle, Parks, ein kosmopolitisches Nachtleben und es ist ein Leuchtfeuer f\u00fcr Popkultur und Mode.<\/p>\n<p><strong>Navigieren Sie durch Tokio und erfahren Sie, wie Sie das Beste aus Ihrem Aufenthalt herausholen k\u00f6nnen<\/strong>. Besuchen Sie den ber\u00fchmten Tsukiji-Fischmarkt, schlendern Sie durch das Viertel Asakusa und besuchen Sie den Senso-ji-Tempel, kaufen Sie in Ginza und Harajuku ein und genie\u00dfen Sie einen Drink mit den Einheimischen in Shibuya. Reisen Sie an den Stadtrand von Tokio und besuchen Sie die Berge Fuji, Hakone, Nikko, Kamakura&#8230; oder planen Sie Ihre Reise nach Tokio einfach perfekt, indem Sie unsere Reiseleiter lesen!<\/p>\n<div id=\"toc_container\" class=\"toc_white no_bullets\"><p class=\"toc_title\">Table of Contents<\/p><ul class=\"toc_list\"><li><a href=\"#Fortbewegung_in_Tokio\"><span class=\"toc_number toc_depth_1\">1<\/span> Fortbewegung in Tokio<\/a><\/li><li><a href=\"#Hauptbahnhoefe\"><span class=\"toc_number toc_depth_1\">2<\/span> Hauptbahnh\u00f6fe<\/a><\/li><li><a href=\"#Reiserouten_und_Attraktionen\"><span class=\"toc_number toc_depth_1\">3<\/span> Reiserouten und Attraktionen<\/a><\/li><li><a href=\"#Tagesausfluege_und_nahegelegene_Ziele\"><span class=\"toc_number toc_depth_1\">4<\/span> Tagesausfl\u00fcge und nahegelegene Ziele<\/a><\/li><\/ul><\/div>\n<h2><span id=\"Fortbewegung_in_Tokio\">Fortbewegung in Tokio<\/span><\/h2>\n<p><img loading=\"lazy\"  decoding=\"async\" loading=\"lazy\" class=\"alignleft wp-image-54 size-medium\" src=\"https:\/\/www.jrailpass.com\/blog\/wp-content\/uploads\/2016\/06\/tokyo-shibuya-crossing-e1465829941954-300x182.jpg\" alt=\"Shibuya crossing (Tokyo)\" width=\"300\" height=\"182\" \/><\/p>\n<ul style=\"list-style-type: none;\">\n<li><\/li>\n<li><strong><a href=\"https:\/\/www.jrailpass.com\/blog\/getting-around-tokyo-metro\">Using the JR Pass in Tokyo<\/a><\/strong><\/li>\n<li><a href=\"https:\/\/www.jrailpass.com\/blog\/de\/von-tokio-nach-kyoto-und-osaka\">Von Tokio nach Kyoto und Osaka<\/a><\/li>\n<li><a href=\"https:\/\/www.jrailpass.com\/blog\/de\/narita-express-tokyo-flughafentransfer\">Narita Express: Tokyo Flughafentransfer<\/a><\/li>\n<li><a href=\"https:\/\/www.jrailpass.com\/blog\/tokyo-monorail\">Tokyo Monorail: Haneda Airport Transfer<\/a><\/li>\n<li><a href=\"https:\/\/www.jrailpass.com\/blog\/de\/jr-yamanote-linie-sich-in-tokio\">Die JR Yamanote Linie<\/a><\/li>\n<li><a href=\"https:\/\/www.jrailpass.com\/blog\/chuo-sobu-line\">The JR Chuo-Sobu line<\/a><\/li>\n<li><a href=\"https:\/\/www.jrailpass.com\/blog\/keihin-tohoku-line\">The JR Keihin-Tohoku line<\/a><\/li>\n<\/ul>\n<h2><span id=\"Hauptbahnhoefe\">Hauptbahnh\u00f6fe<\/span><\/h2>\n<p><img loading=\"lazy\"  decoding=\"async\" loading=\"lazy\" class=\"alignleft wp-image-2532 size-medium\" src=\"https:\/\/www.jrailpass.com\/blog\/wp-content\/uploads\/2017\/11\/tokyo-yamanote-platforms-300x200.jpg\" alt=\"Tokyo Station\" width=\"300\" height=\"200\" \/><\/p>\n<ul style=\"list-style-type: none;\">\n<li><a href=\"https:\/\/www.jrailpass.com\/blog\/de\/tokio-bahnhof\">Tokio Bahnhof<\/a><\/li>\n<li><a href=\"https:\/\/www.jrailpass.com\/blog\/akihabara-station\">Akihabara Station<\/a><\/li>\n<li><a href=\"https:\/\/www.jrailpass.com\/blog\/ikebukuro-station\">Ikebukuro Station<\/a><\/li>\n<li><a href=\"https:\/\/www.jrailpass.com\/blog\/shibuya-station\">Shibuya Station<\/a><\/li>\n<li><a href=\"https:\/\/www.jrailpass.com\/blog\/shinagawa-station\">Shinagawa Station<\/a><\/li>\n<li><a href=\"https:\/\/www.jrailpass.com\/blog\/shinjuku-station\">Shinjuku Station<\/a><\/li>\n<li><a href=\"https:\/\/www.jrailpass.com\/blog\/ueno-station\">Ueno Station<\/a><\/li>\n<li><\/li>\n<\/ul>\n<p style=\"text-align: center;\">\n            <a class=\"fasc-button banner-button-shortcode fasc-size-large fasc-type-flat fasc-rounded-medium ico-fa fasc-ico-after fa-chevron-circle-right fasc-style-bold\" href=\"https:\/\/www.jrailpass.com\/de\/der-japan-rail-pass\">\n                Kaufen Sie jetzt Ihren JR Pass\n            <\/a>\n        <\/p>\n<h2><span id=\"Reiserouten_und_Attraktionen\">Reiserouten und Attraktionen<\/span><\/h2>\n<p><img loading=\"lazy\"  decoding=\"async\" loading=\"lazy\" class=\"alignleft wp-image-85 size-medium\" src=\"https:\/\/www.jrailpass.com\/blog\/wp-content\/uploads\/2016\/05\/tokyo-tower-skyline-300x200.jpg\" alt=\"Tokyo Tower\" width=\"300\" height=\"200\" \/><\/p>\n<ul style=\"list-style-type: none;\">\n<li><a href=\"https:\/\/www.jrailpass.com\/blog\/de\/3-tage-in-tokio\">3 Tage in Tokio<\/a><\/li>\n<li><a href=\"https:\/\/www.jrailpass.com\/blog\/5-days-in-tokyo-itinerary\">5 days in Tokyo<\/a><\/li>\n<li><a href=\"https:\/\/www.jrailpass.com\/blog\/studio-ghibli-museum\">Studio Ghibli Museum<\/a><\/li>\n<li><a href=\"https:\/\/www.jrailpass.com\/blog\/de\/tokio-2020-olympische\">Tokio 2020 Olympische<\/a><\/li>\n<li><a href=\"https:\/\/www.jrailpass.com\/blog\/de\/kirschblueten-in-tokio\">Kirschbl\u00fcten in Tokio<\/a><\/li>\n<li><\/li>\n<\/ul>\n<p>&nbsp;<\/p>\n<h2><span id=\"Tagesausfluege_und_nahegelegene_Ziele\">Tagesausfl\u00fcge und nahegelegene Ziele<\/span><\/h2>\n<p><img loading=\"lazy\"  decoding=\"async\" loading=\"lazy\" class=\"alignleft wp-image-1627 size-medium\" src=\"https:\/\/www.jrailpass.com\/blog\/wp-content\/uploads\/2017\/07\/mt-fuji-japan-autumn-e1505220649953-300x200.jpg\" alt=\"Mount Fuji in autumn\" width=\"300\" height=\"200\" srcset=\"https:\/\/www.jrailpass.com\/blog\/wp-content\/uploads\/2017\/07\/mt-fuji-japan-autumn-e1505220649953-300x200.jpg 300w, https:\/\/www.jrailpass.com\/blog\/wp-content\/uploads\/2017\/07\/mt-fuji-japan-autumn-e1505220649953-768x513.jpg 768w, https:\/\/www.jrailpass.com\/blog\/wp-content\/uploads\/2017\/07\/mt-fuji-japan-autumn-e1505220649953.jpg 800w\" sizes=\"(max-width: 300px) 100vw, 300px\" \/><\/p>\n<ul style=\"list-style-type: none;\">\n<li><strong><a href=\"https:\/\/www.jrailpass.com\/blog\/day-trips-tokyo\">Best day trips from Tokyo<\/a><\/strong><\/li>\n<li><a href=\"https:\/\/www.jrailpass.com\/blog\/hakone-travel-guide\">Hakone travel guide<\/a><\/li>\n<li><a href=\"https:\/\/www.jrailpass.com\/blog\/kamakura-travel-guide\">Kamakura travel guide<\/a><\/li>\n<li><a href=\"https:\/\/www.jrailpass.com\/blog\/de\/tokio-zum-fuji-berg\">Der Mount Fuji<\/a><\/li>\n<li><a href=\"https:\/\/www.jrailpass.com\/blog\/mount-takao-guide\">Mount Takao travel guide<\/a><\/li>\n<li><a href=\"https:\/\/www.jrailpass.com\/blog\/nikko-itinerary\">Nikko travel guide<\/a><\/li>\n<li><a href=\"https:\/\/www.jrailpass.com\/blog\/yokohama-travel-guide\">Yokohama travel guide<\/a><\/li>\n<li><\/li>\n<\/ul>\n<div class=\"clearfix\"><\/div>\n","protected":false},"excerpt":{"rendered":"<p>Tokio ist die Hauptstadt Japans und die bev\u00f6lkerungsreichste Metropolregion der Welt. Es befindet sich auf der s\u00fcd\u00f6stlichen Seite der Hauptinsel Honshu, in der Region Kant\u014d und umfasst die Izu-Inseln und Ogasawara-Inseln. Es ist eine der faszinierendsten St\u00e4dte der Welt, von den majest\u00e4tischen Tempeln des traditionellen Japans bis hin zu den hellen Neonlichtern von Shibuya. Tokio hat f\u00fcr jeden etwas zu bieten, mehr Michelin-Sterne als jede andere Stadt der Welt, Bars und Caf\u00e9s in H\u00fclle und F\u00fclle, Parks, ein kosmopolitisches Nachtleben und es ist ein Leuchtfeuer f\u00fcr Popkultur und Mode. Navigieren Sie durch Tokio und erfahren Sie, wie Sie das Beste &hellip; <a href=\"https:\/\/www.jrailpass.com\/blog\/de\/staedte\/tokio-reisefuehrer\" class=\"more-link\">Lesen Sie weiter<span class=\"screen-reader-text\"> &#8222;Tokio Reisef\u00fchrer&#8220;<\/span><\/a><\/p>\n","protected":false},"author":2,"featured_media":6910,"parent":6674,"menu_order":0,"comment_status":"closed","ping_status":"closed","template":"","meta":[],"acf":{"related_tours":{"tour_number":false}},"yoast_head":"<!-- This site is optimized with the Yoast SEO plugin v20.10 - https:\/\/yoast.com\/wordpress\/plugins\/seo\/ -->\n<title>Tokio Reisef\u00fchrer - Japan Rail Pass<\/title>\n<meta name=\"description\" content=\"Entdecken Sie mit dem JR Pass das Beste von Tokio: Wie Sie sich fortbewegen k\u00f6nnen, Sehensw\u00fcrdigkeiten, und den beliebtesten Attraktionen und Aktivit\u00e4ten in der Region Tokio.\" \/>\n<meta name=\"robots\" content=\"index, follow, max-snippet:-1, max-image-preview:large, max-video-preview:-1\" \/>\n<link rel=\"canonical\" href=\"https:\/\/www.jrailpass.com\/blog\/de\/wp-json\/wp\/v2\/pages\/6683\" \/>\n<meta property=\"og:locale\" content=\"de_DE\" \/>\n<meta property=\"og:type\" content=\"article\" \/>\n<meta property=\"og:title\" content=\"Tokio Reisef\u00fchrer - Japan Rail Pass\" \/>\n<meta property=\"og:description\" content=\"Entdecken Sie mit dem JR Pass das Beste von Tokio: Wie Sie sich fortbewegen k\u00f6nnen, Sehensw\u00fcrdigkeiten, und den beliebtesten Attraktionen und Aktivit\u00e4ten in der Region Tokio.\" \/>\n<meta property=\"og:url\" content=\"https:\/\/www.jrailpass.com\/blog\/de\/staedte\/tokio-reisefuehrer\" \/>\n<meta property=\"og:site_name\" content=\"Japan Reiseblog von Japan Rail Pass | JRailPass\" \/>\n<meta property=\"article:modified_time\" content=\"2019-08-29T12:37:21+00:00\" \/>\n<meta property=\"og:image\" content=\"https:\/\/www.jrailpass.com\/blog\/wp-content\/uploads\/2019\/01\/tokyo-to-osaka.jpg\" \/>\n\t<meta property=\"og:image:width\" content=\"800\" \/>\n\t<meta property=\"og:image:height\" content=\"500\" \/>\n\t<meta property=\"og:image:type\" content=\"image\/jpeg\" \/>\n<meta name=\"twitter:card\" content=\"summary_large_image\" \/>\n<script type=\"application\/ld+json\" class=\"yoast-schema-graph\">{\"@context\":\"https:\/\/schema.org\",\"@graph\":[{\"@type\":\"WebPage\",\"@id\":\"https:\/\/www.jrailpass.com\/blog\/de\/staedte\/tokio-reisefuehrer\",\"url\":\"https:\/\/www.jrailpass.com\/blog\/de\/staedte\/tokio-reisefuehrer\",\"name\":\"Tokio Reisef\u00fchrer - Japan Rail Pass\",\"isPartOf\":{\"@id\":\"https:\/\/www.jrailpass.com\/blog\/de#website\"},\"datePublished\":\"2019-03-04T13:44:03+00:00\",\"dateModified\":\"2019-08-29T12:37:21+00:00\",\"description\":\"Entdecken Sie mit dem JR Pass das Beste von Tokio: Wie Sie sich fortbewegen k\u00f6nnen, Sehensw\u00fcrdigkeiten, und den beliebtesten Attraktionen und Aktivit\u00e4ten in der Region Tokio.\",\"breadcrumb\":{\"@id\":\"https:\/\/www.jrailpass.com\/blog\/de\/staedte\/tokio-reisefuehrer#breadcrumb\"},\"inLanguage\":\"de-DE\",\"potentialAction\":[{\"@type\":\"ReadAction\",\"target\":[\"https:\/\/www.jrailpass.com\/blog\/de\/staedte\/tokio-reisefuehrer\"]}]},{\"@type\":\"BreadcrumbList\",\"@id\":\"https:\/\/www.jrailpass.com\/blog\/de\/staedte\/tokio-reisefuehrer#breadcrumb\",\"itemListElement\":[{\"@type\":\"ListItem\",\"position\":1,\"name\":\"Japan Travel Blog\",\"item\":\"https:\/\/www.jrailpass.com\/blog\/de\"},{\"@type\":\"ListItem\",\"position\":2,\"name\":\"Die wichtigsten St\u00e4dte Japans\",\"item\":\"https:\/\/www.jrailpass.com\/blog\/de\/staedte\"},{\"@type\":\"ListItem\",\"position\":3,\"name\":\"Tokio Reisef\u00fchrer\"}]},{\"@type\":\"WebSite\",\"@id\":\"https:\/\/www.jrailpass.com\/blog\/de#website\",\"url\":\"https:\/\/www.jrailpass.com\/blog\/de\",\"name\":\"Japan Reiseblog von Japan Rail Pass | JRailPass\",\"description\":\"Entdecken Sie Japan mit dem Zug Japan Rail Pass\",\"publisher\":{\"@id\":\"https:\/\/www.jrailpass.com\/blog\/de#organization\"},\"potentialAction\":[{\"@type\":\"SearchAction\",\"target\":{\"@type\":\"EntryPoint\",\"urlTemplate\":\"https:\/\/www.jrailpass.com\/blog\/de?s={search_term_string}\"},\"query-input\":\"required name=search_term_string\"}],\"inLanguage\":\"de-DE\"},{\"@type\":\"Organization\",\"@id\":\"https:\/\/www.jrailpass.com\/blog\/de#organization\",\"name\":\"Japan Rail Pass S.L. - JRailPass.com\",\"url\":\"https:\/\/www.jrailpass.com\/blog\/de\",\"logo\":{\"@type\":\"ImageObject\",\"inLanguage\":\"de-DE\",\"@id\":\"https:\/\/www.jrailpass.com\/blog\/de#\/schema\/logo\/image\/\",\"url\":\"https:\/\/www.jrailpass.com\/blog\/wp-content\/uploads\/2017\/10\/logo.png\",\"contentUrl\":\"https:\/\/www.jrailpass.com\/blog\/wp-content\/uploads\/2017\/10\/logo.png\",\"width\":214,\"height\":60,\"caption\":\"Japan Rail Pass S.L. - JRailPass.com\"},\"image\":{\"@id\":\"https:\/\/www.jrailpass.com\/blog\/de#\/schema\/logo\/image\/\"}}]}<\/script>\n<!-- \/ Yoast SEO plugin. -->","yoast_head_json":{"title":"Tokio Reisef\u00fchrer - Japan Rail Pass","description":"Entdecken Sie mit dem JR Pass das Beste von Tokio: Wie Sie sich fortbewegen k\u00f6nnen, Sehensw\u00fcrdigkeiten, und den beliebtesten Attraktionen und Aktivit\u00e4ten in der Region Tokio.","robots":{"index":"index","follow":"follow","max-snippet":"max-snippet:-1","max-image-preview":"max-image-preview:large","max-video-preview":"max-video-preview:-1"},"canonical":"https:\/\/www.jrailpass.com\/blog\/de\/wp-json\/wp\/v2\/pages\/6683","og_locale":"de_DE","og_type":"article","og_title":"Tokio Reisef\u00fchrer - Japan Rail Pass","og_description":"Entdecken Sie mit dem JR Pass das Beste von Tokio: Wie Sie sich fortbewegen k\u00f6nnen, Sehensw\u00fcrdigkeiten, und den beliebtesten Attraktionen und Aktivit\u00e4ten in der Region Tokio.","og_url":"https:\/\/www.jrailpass.com\/blog\/de\/staedte\/tokio-reisefuehrer","og_site_name":"Japan Reiseblog von Japan Rail Pass | JRailPass","article_modified_time":"2019-08-29T12:37:21+00:00","og_image":[{"width":800,"height":500,"url":"https:\/\/www.jrailpass.com\/blog\/wp-content\/uploads\/2019\/01\/tokyo-to-osaka.jpg","type":"image\/jpeg"}],"twitter_card":"summary_large_image","schema":{"@context":"https:\/\/schema.org","@graph":[{"@type":"WebPage","@id":"https:\/\/www.jrailpass.com\/blog\/de\/staedte\/tokio-reisefuehrer","url":"https:\/\/www.jrailpass.com\/blog\/de\/staedte\/tokio-reisefuehrer","name":"Tokio Reisef\u00fchrer - Japan Rail Pass","isPartOf":{"@id":"https:\/\/www.jrailpass.com\/blog\/de#website"},"datePublished":"2019-03-04T13:44:03+00:00","dateModified":"2019-08-29T12:37:21+00:00","description":"Entdecken Sie mit dem JR Pass das Beste von Tokio: Wie Sie sich fortbewegen k\u00f6nnen, Sehensw\u00fcrdigkeiten, und den beliebtesten Attraktionen und Aktivit\u00e4ten in der Region Tokio.","breadcrumb":{"@id":"https:\/\/www.jrailpass.com\/blog\/de\/staedte\/tokio-reisefuehrer#breadcrumb"},"inLanguage":"de-DE","potentialAction":[{"@type":"ReadAction","target":["https:\/\/www.jrailpass.com\/blog\/de\/staedte\/tokio-reisefuehrer"]}]},{"@type":"BreadcrumbList","@id":"https:\/\/www.jrailpass.com\/blog\/de\/staedte\/tokio-reisefuehrer#breadcrumb","itemListElement":[{"@type":"ListItem","position":1,"name":"Japan Travel Blog","item":"https:\/\/www.jrailpass.com\/blog\/de"},{"@type":"ListItem","position":2,"name":"Die wichtigsten St\u00e4dte Japans","item":"https:\/\/www.jrailpass.com\/blog\/de\/staedte"},{"@type":"ListItem","position":3,"name":"Tokio Reisef\u00fchrer"}]},{"@type":"WebSite","@id":"https:\/\/www.jrailpass.com\/blog\/de#website","url":"https:\/\/www.jrailpass.com\/blog\/de","name":"Japan Reiseblog von Japan Rail Pass | JRailPass","description":"Entdecken Sie Japan mit dem Zug Japan Rail Pass","publisher":{"@id":"https:\/\/www.jrailpass.com\/blog\/de#organization"},"potentialAction":[{"@type":"SearchAction","target":{"@type":"EntryPoint","urlTemplate":"https:\/\/www.jrailpass.com\/blog\/de?s={search_term_string}"},"query-input":"required name=search_term_string"}],"inLanguage":"de-DE"},{"@type":"Organization","@id":"https:\/\/www.jrailpass.com\/blog\/de#organization","name":"Japan Rail Pass S.L. - JRailPass.com","url":"https:\/\/www.jrailpass.com\/blog\/de","logo":{"@type":"ImageObject","inLanguage":"de-DE","@id":"https:\/\/www.jrailpass.com\/blog\/de#\/schema\/logo\/image\/","url":"https:\/\/www.jrailpass.com\/blog\/wp-content\/uploads\/2017\/10\/logo.png","contentUrl":"https:\/\/www.jrailpass.com\/blog\/wp-content\/uploads\/2017\/10\/logo.png","width":214,"height":60,"caption":"Japan Rail Pass S.L. - JRailPass.com"},"image":{"@id":"https:\/\/www.jrailpass.com\/blog\/de#\/schema\/logo\/image\/"}}]}},"_links":{"self":[{"href":"https:\/\/www.jrailpass.com\/blog\/de\/wp-json\/wp\/v2\/pages\/6683"}],"collection":[{"href":"https:\/\/www.jrailpass.com\/blog\/de\/wp-json\/wp\/v2\/pages"}],"about":[{"href":"https:\/\/www.jrailpass.com\/blog\/de\/wp-json\/wp\/v2\/types\/page"}],"author":[{"embeddable":true,"href":"https:\/\/www.jrailpass.com\/blog\/de\/wp-json\/wp\/v2\/users\/2"}],"replies":[{"embeddable":true,"href":"https:\/\/www.jrailpass.com\/blog\/de\/wp-json\/wp\/v2\/comments?post=6683"}],"version-history":[{"count":0,"href":"https:\/\/www.jrailpass.com\/blog\/de\/wp-json\/wp\/v2\/pages\/6683\/revisions"}],"up":[{"embeddable":true,"href":"https:\/\/www.jrailpass.com\/blog\/de\/wp-json\/wp\/v2\/pages\/6674"}],"wp:featuredmedia":[{"embeddable":true,"href":"https:\/\/www.jrailpass.com\/blog\/de\/wp-json\/wp\/v2\/media\/6910"}],"wp:attachment":[{"href":"https:\/\/www.jrailpass.com\/blog\/de\/wp-json\/wp\/v2\/media?parent=6683"}],"curies":[{"name":"wp","href":"https:\/\/api.w.org\/{rel}","templated":true}]}}