{"id":6681,"date":"2019-03-04T14:43:53","date_gmt":"2019-03-04T13:43:53","guid":{"rendered":"https:\/\/www.jrailpass.com\/blog?page_id=6681"},"modified":"2019-03-04T14:43:53","modified_gmt":"2019-03-04T13:43:53","slug":"osaka-reisefuehrer","status":"publish","type":"page","link":"https:\/\/www.jrailpass.com\/blog\/de\/staedte\/osaka-reisefuehrer","title":{"rendered":"Osaka Reisef\u00fchrer"},"content":{"rendered":"<p>Osaka liegt auf der Hauptinsel Honshu, ungef\u00e4hr im Zentrum Japans. Mit \u00fcber 2,5 Millionen Einwohnern ist sie <strong>die drittgr\u00f6\u00dfte Stadt Japans<\/strong>. Osaka war die erste Hauptstadt des Landes und gilt bis heute als ein <strong>wichtiges Wirtschaftszentrum<\/strong> Japans. Hier befinden sich der gr\u00f6\u00dfte Seehafen Japans und viele f\u00fchrende japanische Hersteller.<\/p>\n<p>Osaka gilt als kulinarisches Paradies: Sein Spitzname Tenka no Daidokoro bedeutet die K\u00fcche des Landes. <strong>Verlieren Sie sich in den Gebieten Umeda und Dotonbori, Osakas wichtigsten Unterhaltungsvierteln<\/strong>, um einige der besten Restaurants, das Nachtleben und die Einkaufsm\u00f6glichkeiten der Stadt zu genie\u00dfen. Besuchen Sie das Kaiyukan Aquarium, eines der gr\u00f6\u00dften der Welt, und sehen Sie einen Walhai, Delfine, Otter, Robben und viele andere Meerestiere. Unsere Reiseleiter werden Ihnen helfen Osaka zu erkunden und Sie zu den besten Attraktionen bringen!<\/p>\n<h2>Fortbewegung in Osaka<\/h2>\n<p><img loading=\"lazy\"  decoding=\"async\" loading=\"lazy\" class=\"alignleft wp-image-78 size-medium\" src=\"https:\/\/www.jrailpass.com\/blog\/wp-content\/uploads\/2016\/05\/dotonbori-glico-man-osaka-300x200.jpg\" alt=\"Dotonbori neon lights in Osaka\" width=\"300\" height=\"200\" \/><\/p>\n<ul style=\"list-style-type: none;\">\n<li><strong><a href=\"https:\/\/www.jrailpass.com\/blog\/osaka-city-loop-line\">Osaka loop\u00a0line and JR lines<\/a><\/strong><\/li>\n<li><a style=\"text-decoration: none;\" href=\"https:\/\/www.jrailpass.com\/blog\/haruka-express-kansai-airport\">Haruka Express: Osaka Airport transfer<\/a><\/li>\n<li><a href=\"https:\/\/www.jrailpass.com\/blog\/tokyo-to-kyoto-and-osaka\">How to go from Osaka to Kyoto and Tokyo<\/a><\/li>\n<li><a href=\"https:\/\/www.jrailpass.com\/blog\/osaka-to-kyoto\">How to go from Osaka to Kyoto<\/a><\/li>\n<li><a href=\"https:\/\/www.jrailpass.com\/blog\/jr-namba-station\">Namba Station<\/a><\/li>\n<li><a href=\"https:\/\/www.jrailpass.com\/blog\/osaka-station-city\">Osaka Station City<\/a><\/li>\n<li><a href=\"https:\/\/www.jrailpass.com\/blog\/shin-osaka-station\">Shin-Osaka Station<\/a><\/li>\n<\/ul>\n<h2>Aktivit\u00e4ten und Tagesausfl\u00fcge<\/h2>\n<p><img loading=\"lazy\"  decoding=\"async\" loading=\"lazy\" class=\"alignleft wp-image-1095 size-medium\" src=\"https:\/\/www.jrailpass.com\/blog\/wp-content\/uploads\/2017\/03\/himeji-castle-sakura-e1489142774509-300x193.jpg\" alt=\"Himeji castle and river during the cherry blossom season\" width=\"300\" height=\"193\" \/><\/p>\n<ul style=\"list-style-type: none;\">\n<li><strong><a href=\"https:\/\/www.jrailpass.com\/blog\/things-to-do-in-osaka\">Best things to do in Osaka<\/a><\/strong><\/li>\n<li><a href=\"https:\/\/www.jrailpass.com\/blog\/kyoto-travel-guide\">Kyoto travel guide<\/a><\/li>\n<li><a href=\"https:\/\/www.jrailpass.com\/blog\/kobe-travel-guide\">Kobe travel guide<\/a><\/li>\n<li><a href=\"https:\/\/www.jrailpass.com\/blog\/himeji-castle-travel-guide\">Himeji city and castle<\/a><\/li>\n<li><a href=\"https:\/\/www.jrailpass.com\/blog\/mount-koya\">Mount Koya guide<\/a><\/li>\n<li><a href=\"https:\/\/www.jrailpass.com\/blog\/nara-jr-pass\">Nara travel guide<\/a><\/li>\n<li><a href=\"https:\/\/www.jrailpass.com\/blog\/thunderbird-express-train\">Thunderbird Express to Kanazawa<\/a><\/li>\n<\/ul>\n<div class=\"clear\"><\/div>\n","protected":false},"excerpt":{"rendered":"<p>Osaka liegt auf der Hauptinsel Honshu, ungef\u00e4hr im Zentrum Japans. Mit \u00fcber 2,5 Millionen Einwohnern ist sie die drittgr\u00f6\u00dfte Stadt Japans. Osaka war die erste Hauptstadt des Landes und gilt bis heute als ein wichtiges Wirtschaftszentrum Japans. Hier befinden sich der gr\u00f6\u00dfte Seehafen Japans und viele f\u00fchrende japanische Hersteller. Osaka gilt als kulinarisches Paradies: Sein Spitzname Tenka no Daidokoro bedeutet die K\u00fcche des Landes. Verlieren Sie sich in den Gebieten Umeda und Dotonbori, Osakas wichtigsten Unterhaltungsvierteln, um einige der besten Restaurants, das Nachtleben und die Einkaufsm\u00f6glichkeiten der Stadt zu genie\u00dfen. Besuchen Sie das Kaiyukan Aquarium, eines der gr\u00f6\u00dften der Welt, &hellip; <a href=\"https:\/\/www.jrailpass.com\/blog\/de\/staedte\/osaka-reisefuehrer\" class=\"more-link\">Lesen Sie weiter<span class=\"screen-reader-text\"> &#8222;Osaka Reisef\u00fchrer&#8220;<\/span><\/a><\/p>\n","protected":false},"author":2,"featured_media":15272,"parent":6674,"menu_order":0,"comment_status":"closed","ping_status":"closed","template":"","meta":[],"acf":{"related_tours":{"tour_number":false}},"yoast_head":"<!-- This site is optimized with the Yoast SEO plugin v20.10 - https:\/\/yoast.com\/wordpress\/plugins\/seo\/ -->\n<title>Osaka Reisef\u00fchrer - Japan Rail Pass<\/title>\n<meta name=\"description\" content=\"Entdecken Sie mit dem JR-Pass das Beste von Osaka: Wie Sie sich fortbewegen, was zu sehen ist und welche Aktivit\u00e4ten und Attraktionen Sie in Osaka und Kansai erwartet.\" \/>\n<meta name=\"robots\" content=\"index, follow, max-snippet:-1, max-image-preview:large, max-video-preview:-1\" \/>\n<link rel=\"canonical\" href=\"https:\/\/www.jrailpass.com\/blog\/de\/wp-json\/wp\/v2\/pages\/6681\" \/>\n<meta property=\"og:locale\" content=\"de_DE\" \/>\n<meta property=\"og:type\" content=\"article\" \/>\n<meta property=\"og:title\" content=\"Osaka Reisef\u00fchrer - Japan Rail Pass\" \/>\n<meta property=\"og:description\" content=\"Entdecken Sie mit dem JR-Pass das Beste von Osaka: Wie Sie sich fortbewegen, was zu sehen ist und welche Aktivit\u00e4ten und Attraktionen Sie in Osaka und Kansai erwartet.\" \/>\n<meta property=\"og:url\" content=\"https:\/\/www.jrailpass.com\/blog\/de\/staedte\/osaka-reisefuehrer\" \/>\n<meta property=\"og:site_name\" content=\"Japan Reiseblog von Japan Rail Pass | JRailPass\" \/>\n<meta property=\"og:image\" content=\"https:\/\/www.jrailpass.com\/blog\/wp-content\/uploads\/2018\/03\/osaka_dotonbori.jpg\" \/>\n\t<meta property=\"og:image:width\" content=\"800\" \/>\n\t<meta property=\"og:image:height\" content=\"600\" \/>\n\t<meta property=\"og:image:type\" content=\"image\/jpeg\" \/>\n<meta name=\"twitter:card\" content=\"summary_large_image\" \/>\n<script type=\"application\/ld+json\" class=\"yoast-schema-graph\">{\"@context\":\"https:\/\/schema.org\",\"@graph\":[{\"@type\":\"WebPage\",\"@id\":\"https:\/\/www.jrailpass.com\/blog\/de\/staedte\/osaka-reisefuehrer\",\"url\":\"https:\/\/www.jrailpass.com\/blog\/de\/staedte\/osaka-reisefuehrer\",\"name\":\"Osaka Reisef\u00fchrer - Japan Rail Pass\",\"isPartOf\":{\"@id\":\"https:\/\/www.jrailpass.com\/blog\/de#website\"},\"datePublished\":\"2019-03-04T13:43:53+00:00\",\"dateModified\":\"2019-03-04T13:43:53+00:00\",\"description\":\"Entdecken Sie mit dem JR-Pass das Beste von Osaka: Wie Sie sich fortbewegen, was zu sehen ist und welche Aktivit\u00e4ten und Attraktionen Sie in Osaka und Kansai erwartet.\",\"breadcrumb\":{\"@id\":\"https:\/\/www.jrailpass.com\/blog\/de\/staedte\/osaka-reisefuehrer#breadcrumb\"},\"inLanguage\":\"de-DE\",\"potentialAction\":[{\"@type\":\"ReadAction\",\"target\":[\"https:\/\/www.jrailpass.com\/blog\/de\/staedte\/osaka-reisefuehrer\"]}]},{\"@type\":\"BreadcrumbList\",\"@id\":\"https:\/\/www.jrailpass.com\/blog\/de\/staedte\/osaka-reisefuehrer#breadcrumb\",\"itemListElement\":[{\"@type\":\"ListItem\",\"position\":1,\"name\":\"Japan Travel Blog\",\"item\":\"https:\/\/www.jrailpass.com\/blog\/de\"},{\"@type\":\"ListItem\",\"position\":2,\"name\":\"Die wichtigsten St\u00e4dte Japans\",\"item\":\"https:\/\/www.jrailpass.com\/blog\/de\/staedte\"},{\"@type\":\"ListItem\",\"position\":3,\"name\":\"Osaka Reisef\u00fchrer\"}]},{\"@type\":\"WebSite\",\"@id\":\"https:\/\/www.jrailpass.com\/blog\/de#website\",\"url\":\"https:\/\/www.jrailpass.com\/blog\/de\",\"name\":\"Japan Reiseblog von Japan Rail Pass | JRailPass\",\"description\":\"Entdecken Sie Japan mit dem Zug Japan Rail Pass\",\"publisher\":{\"@id\":\"https:\/\/www.jrailpass.com\/blog\/de#organization\"},\"potentialAction\":[{\"@type\":\"SearchAction\",\"target\":{\"@type\":\"EntryPoint\",\"urlTemplate\":\"https:\/\/www.jrailpass.com\/blog\/de?s={search_term_string}\"},\"query-input\":\"required name=search_term_string\"}],\"inLanguage\":\"de-DE\"},{\"@type\":\"Organization\",\"@id\":\"https:\/\/www.jrailpass.com\/blog\/de#organization\",\"name\":\"Japan Rail Pass S.L. - JRailPass.com\",\"url\":\"https:\/\/www.jrailpass.com\/blog\/de\",\"logo\":{\"@type\":\"ImageObject\",\"inLanguage\":\"de-DE\",\"@id\":\"https:\/\/www.jrailpass.com\/blog\/de#\/schema\/logo\/image\/\",\"url\":\"https:\/\/www.jrailpass.com\/blog\/wp-content\/uploads\/2017\/10\/logo.png\",\"contentUrl\":\"https:\/\/www.jrailpass.com\/blog\/wp-content\/uploads\/2017\/10\/logo.png\",\"width\":214,\"height\":60,\"caption\":\"Japan Rail Pass S.L. - JRailPass.com\"},\"image\":{\"@id\":\"https:\/\/www.jrailpass.com\/blog\/de#\/schema\/logo\/image\/\"}}]}<\/script>\n<!-- \/ Yoast SEO plugin. -->","yoast_head_json":{"title":"Osaka Reisef\u00fchrer - Japan Rail Pass","description":"Entdecken Sie mit dem JR-Pass das Beste von Osaka: Wie Sie sich fortbewegen, was zu sehen ist und welche Aktivit\u00e4ten und Attraktionen Sie in Osaka und Kansai erwartet.","robots":{"index":"index","follow":"follow","max-snippet":"max-snippet:-1","max-image-preview":"max-image-preview:large","max-video-preview":"max-video-preview:-1"},"canonical":"https:\/\/www.jrailpass.com\/blog\/de\/wp-json\/wp\/v2\/pages\/6681","og_locale":"de_DE","og_type":"article","og_title":"Osaka Reisef\u00fchrer - Japan Rail Pass","og_description":"Entdecken Sie mit dem JR-Pass das Beste von Osaka: Wie Sie sich fortbewegen, was zu sehen ist und welche Aktivit\u00e4ten und Attraktionen Sie in Osaka und Kansai erwartet.","og_url":"https:\/\/www.jrailpass.com\/blog\/de\/staedte\/osaka-reisefuehrer","og_site_name":"Japan Reiseblog von Japan Rail Pass | JRailPass","og_image":[{"width":800,"height":600,"url":"https:\/\/www.jrailpass.com\/blog\/wp-content\/uploads\/2018\/03\/osaka_dotonbori.jpg","type":"image\/jpeg"}],"twitter_card":"summary_large_image","schema":{"@context":"https:\/\/schema.org","@graph":[{"@type":"WebPage","@id":"https:\/\/www.jrailpass.com\/blog\/de\/staedte\/osaka-reisefuehrer","url":"https:\/\/www.jrailpass.com\/blog\/de\/staedte\/osaka-reisefuehrer","name":"Osaka Reisef\u00fchrer - Japan Rail Pass","isPartOf":{"@id":"https:\/\/www.jrailpass.com\/blog\/de#website"},"datePublished":"2019-03-04T13:43:53+00:00","dateModified":"2019-03-04T13:43:53+00:00","description":"Entdecken Sie mit dem JR-Pass das Beste von Osaka: Wie Sie sich fortbewegen, was zu sehen ist und welche Aktivit\u00e4ten und Attraktionen Sie in Osaka und Kansai erwartet.","breadcrumb":{"@id":"https:\/\/www.jrailpass.com\/blog\/de\/staedte\/osaka-reisefuehrer#breadcrumb"},"inLanguage":"de-DE","potentialAction":[{"@type":"ReadAction","target":["https:\/\/www.jrailpass.com\/blog\/de\/staedte\/osaka-reisefuehrer"]}]},{"@type":"BreadcrumbList","@id":"https:\/\/www.jrailpass.com\/blog\/de\/staedte\/osaka-reisefuehrer#breadcrumb","itemListElement":[{"@type":"ListItem","position":1,"name":"Japan Travel Blog","item":"https:\/\/www.jrailpass.com\/blog\/de"},{"@type":"ListItem","position":2,"name":"Die wichtigsten St\u00e4dte Japans","item":"https:\/\/www.jrailpass.com\/blog\/de\/staedte"},{"@type":"ListItem","position":3,"name":"Osaka Reisef\u00fchrer"}]},{"@type":"WebSite","@id":"https:\/\/www.jrailpass.com\/blog\/de#website","url":"https:\/\/www.jrailpass.com\/blog\/de","name":"Japan Reiseblog von Japan Rail Pass | JRailPass","description":"Entdecken Sie Japan mit dem Zug Japan Rail Pass","publisher":{"@id":"https:\/\/www.jrailpass.com\/blog\/de#organization"},"potentialAction":[{"@type":"SearchAction","target":{"@type":"EntryPoint","urlTemplate":"https:\/\/www.jrailpass.com\/blog\/de?s={search_term_string}"},"query-input":"required name=search_term_string"}],"inLanguage":"de-DE"},{"@type":"Organization","@id":"https:\/\/www.jrailpass.com\/blog\/de#organization","name":"Japan Rail Pass S.L. - JRailPass.com","url":"https:\/\/www.jrailpass.com\/blog\/de","logo":{"@type":"ImageObject","inLanguage":"de-DE","@id":"https:\/\/www.jrailpass.com\/blog\/de#\/schema\/logo\/image\/","url":"https:\/\/www.jrailpass.com\/blog\/wp-content\/uploads\/2017\/10\/logo.png","contentUrl":"https:\/\/www.jrailpass.com\/blog\/wp-content\/uploads\/2017\/10\/logo.png","width":214,"height":60,"caption":"Japan Rail Pass S.L. - JRailPass.com"},"image":{"@id":"https:\/\/www.jrailpass.com\/blog\/de#\/schema\/logo\/image\/"}}]}},"_links":{"self":[{"href":"https:\/\/www.jrailpass.com\/blog\/de\/wp-json\/wp\/v2\/pages\/6681"}],"collection":[{"href":"https:\/\/www.jrailpass.com\/blog\/de\/wp-json\/wp\/v2\/pages"}],"about":[{"href":"https:\/\/www.jrailpass.com\/blog\/de\/wp-json\/wp\/v2\/types\/page"}],"author":[{"embeddable":true,"href":"https:\/\/www.jrailpass.com\/blog\/de\/wp-json\/wp\/v2\/users\/2"}],"replies":[{"embeddable":true,"href":"https:\/\/www.jrailpass.com\/blog\/de\/wp-json\/wp\/v2\/comments?post=6681"}],"version-history":[{"count":0,"href":"https:\/\/www.jrailpass.com\/blog\/de\/wp-json\/wp\/v2\/pages\/6681\/revisions"}],"up":[{"embeddable":true,"href":"https:\/\/www.jrailpass.com\/blog\/de\/wp-json\/wp\/v2\/pages\/6674"}],"wp:featuredmedia":[{"embeddable":true,"href":"https:\/\/www.jrailpass.com\/blog\/de\/wp-json\/wp\/v2\/media\/15272"}],"wp:attachment":[{"href":"https:\/\/www.jrailpass.com\/blog\/de\/wp-json\/wp\/v2\/media?parent=6681"}],"curies":[{"name":"wp","href":"https:\/\/api.w.org\/{rel}","templated":true}]}}