{"id":6679,"date":"2019-03-04T14:43:41","date_gmt":"2019-03-04T13:43:41","guid":{"rendered":"https:\/\/www.jrailpass.com\/blog?page_id=6679"},"modified":"2019-03-04T14:43:41","modified_gmt":"2019-03-04T13:43:41","slug":"kyoto-reisefuehrer","status":"publish","type":"page","link":"https:\/\/www.jrailpass.com\/blog\/de\/staedte\/kyoto-reisefuehrer","title":{"rendered":"Kyoto Reisef\u00fchrer"},"content":{"rendered":"<p><strong>Kyoto, im zentralen Teil der Insel Honshu gelegen, gilt bei vielen als die sch\u00f6nste Stadt Japans<\/strong> und war die japanische Hauptstadt, bis die Regierung 1868 nach Tokio versetzt wurde. Kyoto ist jedoch immer noch Japans religi\u00f6ses Zentrum mit \u00fcber 1.000 buddhistischen Tempeln. Kyoto ist die Heimat einiger der ber\u00fchmtesten Wahrzeichen Japans, mit einigen der erhabensten und exquisitesten G\u00e4rten, Tempel und Meisterwerke, die Sie je sehen werden.<\/p>\n<p><strong>Entdecken Sie mit Hilfe unserer Reiseleiter den au\u00dfergew\u00f6hnlichen historischen Wert von Kyoto<\/strong>. Von der Stadtbesichtigung bis hin zu den Aktivit\u00e4ten, dem Essen und den Sehensw\u00fcrdigkeiten, einschlie\u00dflich des ber\u00fchmten Arashiyama-Bambushains, den tausend roten Torii-Toren des Fushimi-Inari-Schreins und Abstechern nach Osaka, Nara oder Himeji Castle.<\/p>\n<h2>Fortbewegung in Kyoto<\/h2>\n<p><img loading=\"lazy\"  decoding=\"async\" loading=\"lazy\" class=\"alignleft wp-image-76 size-medium\" src=\"https:\/\/www.jrailpass.com\/blog\/wp-content\/uploads\/2016\/05\/fushimi-inari-kyoto-300x200.jpg\" alt=\"Fushimi Inari torii gates\" width=\"300\" height=\"200\" \/><\/p>\n<ul style=\"list-style-type: none;\">\n<li><a href=\"https:\/\/www.jrailpass.com\/blog\/getting-around-kyoto\">Using the JR Pass in Kyoto<\/a><\/li>\n<li><a href=\"https:\/\/www.jrailpass.com\/blog\/kyoto-train-station\">Kyoto Train Station<\/a><\/li>\n<li><a href=\"https:\/\/www.jrailpass.com\/blog\/haruka-express-kansai-airport\">Haruka Express: Kyoto Airport transfer<\/a><\/li>\n<li><a href=\"https:\/\/www.jrailpass.com\/blog\/tokyo-to-kyoto-and-osaka\">How to go from Kyoto to Tokyo and Osaka<\/a><\/li>\n<li><a href=\"https:\/\/www.jrailpass.com\/blog\/sagano-romantic-train\">The Sagano Scenic Railway Train<\/a><\/li>\n<li><a href=\"https:\/\/www.jrailpass.com\/blog\/thunderbird-express-train\">Thunderbird Express to Kanazawa<\/a><\/li>\n<\/ul>\n<p>&nbsp;<\/p>\n<h2>Reiserouten und Attraktionen in der N\u00e4he<\/h2>\n<p><img loading=\"lazy\"  decoding=\"async\" loading=\"lazy\" class=\"wp-image-1417 size-medium alignleft\" src=\"https:\/\/www.jrailpass.com\/blog\/wp-content\/uploads\/2017\/05\/nara-great-buddha-300x188.jpg\" alt=\"The Great Buddha at Todai-ji temple in Nara\" width=\"300\" height=\"188\" \/><\/p>\n<ul style=\"list-style-type: none;\">\n<li><a href=\"https:\/\/www.jrailpass.com\/blog\/things-to-do-in-kyoto\">Things to do in Kyoto<\/a><\/li>\n<li><a href=\"https:\/\/www.jrailpass.com\/blog\/fushimi-inari-taisha-shrine\">Fushimi Inari Shrine<\/a><\/li>\n<li><a href=\"https:\/\/www.jrailpass.com\/blog\/day-trips-kyoto\">Best day trips from Kyoto<\/a><\/li>\n<li><a href=\"https:\/\/www.jrailpass.com\/blog\/himeji-castle-travel-guide\">Himeji castle and travel guide<\/a><\/li>\n<li><a href=\"https:\/\/www.jrailpass.com\/blog\/nara-jr-pass\">Nara travel guide<\/a><\/li>\n<li><a href=\"https:\/\/www.jrailpass.com\/blog\/osaka-travel-guide\">Osaka travel guide<\/a><\/li>\n<li><a href=\"https:\/\/www.jrailpass.com\/blog\/uji-travel-guide\">Uji travel guide<\/a><\/li>\n<\/ul>\n<div class=\"clear\"><\/div>\n","protected":false},"excerpt":{"rendered":"<p>Kyoto, im zentralen Teil der Insel Honshu gelegen, gilt bei vielen als die sch\u00f6nste Stadt Japans und war die japanische Hauptstadt, bis die Regierung 1868 nach Tokio versetzt wurde. Kyoto ist jedoch immer noch Japans religi\u00f6ses Zentrum mit \u00fcber 1.000 buddhistischen Tempeln. Kyoto ist die Heimat einiger der ber\u00fchmtesten Wahrzeichen Japans, mit einigen der erhabensten und exquisitesten G\u00e4rten, Tempel und Meisterwerke, die Sie je sehen werden. Entdecken Sie mit Hilfe unserer Reiseleiter den au\u00dfergew\u00f6hnlichen historischen Wert von Kyoto. Von der Stadtbesichtigung bis hin zu den Aktivit\u00e4ten, dem Essen und den Sehensw\u00fcrdigkeiten, einschlie\u00dflich des ber\u00fchmten Arashiyama-Bambushains, den tausend roten Torii-Toren des &hellip; <a href=\"https:\/\/www.jrailpass.com\/blog\/de\/staedte\/kyoto-reisefuehrer\" class=\"more-link\">Lesen Sie weiter<span class=\"screen-reader-text\"> &#8222;Kyoto Reisef\u00fchrer&#8220;<\/span><\/a><\/p>\n","protected":false},"author":2,"featured_media":10658,"parent":6674,"menu_order":0,"comment_status":"closed","ping_status":"closed","template":"","meta":[],"acf":{"related_tours":{"tour_number":false}},"yoast_head":"<!-- This site is optimized with the Yoast SEO plugin v20.10 - https:\/\/yoast.com\/wordpress\/plugins\/seo\/ -->\n<title>Kyoto Reisef\u00fchrer - Japan Rail Pass<\/title>\n<meta name=\"description\" content=\"Entdecken Sie Kyoto mit dem JR-Pass: Wie Sie sich fortbewegen k\u00f6nnen, was zu tun und zu sehen ist, die besten Tempel, G\u00e4rten und Sehensw\u00fcrdigkeiten in der Region Kansai.\" \/>\n<meta name=\"robots\" content=\"index, follow, max-snippet:-1, max-image-preview:large, max-video-preview:-1\" \/>\n<link rel=\"canonical\" href=\"https:\/\/www.jrailpass.com\/blog\/de\/wp-json\/wp\/v2\/pages\/6679\" \/>\n<meta property=\"og:locale\" content=\"de_DE\" \/>\n<meta property=\"og:type\" content=\"article\" \/>\n<meta property=\"og:title\" content=\"Kyoto Reisef\u00fchrer - Japan Rail Pass\" \/>\n<meta property=\"og:description\" content=\"Entdecken Sie Kyoto mit dem JR-Pass: Wie Sie sich fortbewegen k\u00f6nnen, was zu tun und zu sehen ist, die besten Tempel, G\u00e4rten und Sehensw\u00fcrdigkeiten in der Region Kansai.\" \/>\n<meta property=\"og:url\" content=\"https:\/\/www.jrailpass.com\/blog\/de\/staedte\/kyoto-reisefuehrer\" \/>\n<meta property=\"og:site_name\" content=\"Japan Reiseblog von Japan Rail Pass | JRailPass\" \/>\n<meta property=\"og:image\" content=\"https:\/\/www.jrailpass.com\/blog\/wp-content\/uploads\/2019\/10\/cherry-blossoms-kyoto.jpg\" \/>\n\t<meta property=\"og:image:width\" content=\"800\" \/>\n\t<meta property=\"og:image:height\" content=\"500\" \/>\n\t<meta property=\"og:image:type\" content=\"image\/jpeg\" \/>\n<meta name=\"twitter:card\" content=\"summary_large_image\" \/>\n<script type=\"application\/ld+json\" class=\"yoast-schema-graph\">{\"@context\":\"https:\/\/schema.org\",\"@graph\":[{\"@type\":\"WebPage\",\"@id\":\"https:\/\/www.jrailpass.com\/blog\/de\/staedte\/kyoto-reisefuehrer\",\"url\":\"https:\/\/www.jrailpass.com\/blog\/de\/staedte\/kyoto-reisefuehrer\",\"name\":\"Kyoto Reisef\u00fchrer - Japan Rail Pass\",\"isPartOf\":{\"@id\":\"https:\/\/www.jrailpass.com\/blog\/de#website\"},\"datePublished\":\"2019-03-04T13:43:41+00:00\",\"dateModified\":\"2019-03-04T13:43:41+00:00\",\"description\":\"Entdecken Sie Kyoto mit dem JR-Pass: Wie Sie sich fortbewegen k\u00f6nnen, was zu tun und zu sehen ist, die besten Tempel, G\u00e4rten und Sehensw\u00fcrdigkeiten in der Region Kansai.\",\"breadcrumb\":{\"@id\":\"https:\/\/www.jrailpass.com\/blog\/de\/staedte\/kyoto-reisefuehrer#breadcrumb\"},\"inLanguage\":\"de-DE\",\"potentialAction\":[{\"@type\":\"ReadAction\",\"target\":[\"https:\/\/www.jrailpass.com\/blog\/de\/staedte\/kyoto-reisefuehrer\"]}]},{\"@type\":\"BreadcrumbList\",\"@id\":\"https:\/\/www.jrailpass.com\/blog\/de\/staedte\/kyoto-reisefuehrer#breadcrumb\",\"itemListElement\":[{\"@type\":\"ListItem\",\"position\":1,\"name\":\"Japan Travel Blog\",\"item\":\"https:\/\/www.jrailpass.com\/blog\/de\"},{\"@type\":\"ListItem\",\"position\":2,\"name\":\"Die wichtigsten St\u00e4dte Japans\",\"item\":\"https:\/\/www.jrailpass.com\/blog\/de\/staedte\"},{\"@type\":\"ListItem\",\"position\":3,\"name\":\"Kyoto Reisef\u00fchrer\"}]},{\"@type\":\"WebSite\",\"@id\":\"https:\/\/www.jrailpass.com\/blog\/de#website\",\"url\":\"https:\/\/www.jrailpass.com\/blog\/de\",\"name\":\"Japan Reiseblog von Japan Rail Pass | JRailPass\",\"description\":\"Entdecken Sie Japan mit dem Zug Japan Rail Pass\",\"publisher\":{\"@id\":\"https:\/\/www.jrailpass.com\/blog\/de#organization\"},\"potentialAction\":[{\"@type\":\"SearchAction\",\"target\":{\"@type\":\"EntryPoint\",\"urlTemplate\":\"https:\/\/www.jrailpass.com\/blog\/de?s={search_term_string}\"},\"query-input\":\"required name=search_term_string\"}],\"inLanguage\":\"de-DE\"},{\"@type\":\"Organization\",\"@id\":\"https:\/\/www.jrailpass.com\/blog\/de#organization\",\"name\":\"Japan Rail Pass S.L. - JRailPass.com\",\"url\":\"https:\/\/www.jrailpass.com\/blog\/de\",\"logo\":{\"@type\":\"ImageObject\",\"inLanguage\":\"de-DE\",\"@id\":\"https:\/\/www.jrailpass.com\/blog\/de#\/schema\/logo\/image\/\",\"url\":\"https:\/\/www.jrailpass.com\/blog\/wp-content\/uploads\/2017\/10\/logo.png\",\"contentUrl\":\"https:\/\/www.jrailpass.com\/blog\/wp-content\/uploads\/2017\/10\/logo.png\",\"width\":214,\"height\":60,\"caption\":\"Japan Rail Pass S.L. - JRailPass.com\"},\"image\":{\"@id\":\"https:\/\/www.jrailpass.com\/blog\/de#\/schema\/logo\/image\/\"}}]}<\/script>\n<!-- \/ Yoast SEO plugin. -->","yoast_head_json":{"title":"Kyoto Reisef\u00fchrer - Japan Rail Pass","description":"Entdecken Sie Kyoto mit dem JR-Pass: Wie Sie sich fortbewegen k\u00f6nnen, was zu tun und zu sehen ist, die besten Tempel, G\u00e4rten und Sehensw\u00fcrdigkeiten in der Region Kansai.","robots":{"index":"index","follow":"follow","max-snippet":"max-snippet:-1","max-image-preview":"max-image-preview:large","max-video-preview":"max-video-preview:-1"},"canonical":"https:\/\/www.jrailpass.com\/blog\/de\/wp-json\/wp\/v2\/pages\/6679","og_locale":"de_DE","og_type":"article","og_title":"Kyoto Reisef\u00fchrer - Japan Rail Pass","og_description":"Entdecken Sie Kyoto mit dem JR-Pass: Wie Sie sich fortbewegen k\u00f6nnen, was zu tun und zu sehen ist, die besten Tempel, G\u00e4rten und Sehensw\u00fcrdigkeiten in der Region Kansai.","og_url":"https:\/\/www.jrailpass.com\/blog\/de\/staedte\/kyoto-reisefuehrer","og_site_name":"Japan Reiseblog von Japan Rail Pass | JRailPass","og_image":[{"width":800,"height":500,"url":"https:\/\/www.jrailpass.com\/blog\/wp-content\/uploads\/2019\/10\/cherry-blossoms-kyoto.jpg","type":"image\/jpeg"}],"twitter_card":"summary_large_image","schema":{"@context":"https:\/\/schema.org","@graph":[{"@type":"WebPage","@id":"https:\/\/www.jrailpass.com\/blog\/de\/staedte\/kyoto-reisefuehrer","url":"https:\/\/www.jrailpass.com\/blog\/de\/staedte\/kyoto-reisefuehrer","name":"Kyoto Reisef\u00fchrer - Japan Rail Pass","isPartOf":{"@id":"https:\/\/www.jrailpass.com\/blog\/de#website"},"datePublished":"2019-03-04T13:43:41+00:00","dateModified":"2019-03-04T13:43:41+00:00","description":"Entdecken Sie Kyoto mit dem JR-Pass: Wie Sie sich fortbewegen k\u00f6nnen, was zu tun und zu sehen ist, die besten Tempel, G\u00e4rten und Sehensw\u00fcrdigkeiten in der Region Kansai.","breadcrumb":{"@id":"https:\/\/www.jrailpass.com\/blog\/de\/staedte\/kyoto-reisefuehrer#breadcrumb"},"inLanguage":"de-DE","potentialAction":[{"@type":"ReadAction","target":["https:\/\/www.jrailpass.com\/blog\/de\/staedte\/kyoto-reisefuehrer"]}]},{"@type":"BreadcrumbList","@id":"https:\/\/www.jrailpass.com\/blog\/de\/staedte\/kyoto-reisefuehrer#breadcrumb","itemListElement":[{"@type":"ListItem","position":1,"name":"Japan Travel Blog","item":"https:\/\/www.jrailpass.com\/blog\/de"},{"@type":"ListItem","position":2,"name":"Die wichtigsten St\u00e4dte Japans","item":"https:\/\/www.jrailpass.com\/blog\/de\/staedte"},{"@type":"ListItem","position":3,"name":"Kyoto Reisef\u00fchrer"}]},{"@type":"WebSite","@id":"https:\/\/www.jrailpass.com\/blog\/de#website","url":"https:\/\/www.jrailpass.com\/blog\/de","name":"Japan Reiseblog von Japan Rail Pass | JRailPass","description":"Entdecken Sie Japan mit dem Zug Japan Rail Pass","publisher":{"@id":"https:\/\/www.jrailpass.com\/blog\/de#organization"},"potentialAction":[{"@type":"SearchAction","target":{"@type":"EntryPoint","urlTemplate":"https:\/\/www.jrailpass.com\/blog\/de?s={search_term_string}"},"query-input":"required name=search_term_string"}],"inLanguage":"de-DE"},{"@type":"Organization","@id":"https:\/\/www.jrailpass.com\/blog\/de#organization","name":"Japan Rail Pass S.L. - JRailPass.com","url":"https:\/\/www.jrailpass.com\/blog\/de","logo":{"@type":"ImageObject","inLanguage":"de-DE","@id":"https:\/\/www.jrailpass.com\/blog\/de#\/schema\/logo\/image\/","url":"https:\/\/www.jrailpass.com\/blog\/wp-content\/uploads\/2017\/10\/logo.png","contentUrl":"https:\/\/www.jrailpass.com\/blog\/wp-content\/uploads\/2017\/10\/logo.png","width":214,"height":60,"caption":"Japan Rail Pass S.L. - JRailPass.com"},"image":{"@id":"https:\/\/www.jrailpass.com\/blog\/de#\/schema\/logo\/image\/"}}]}},"_links":{"self":[{"href":"https:\/\/www.jrailpass.com\/blog\/de\/wp-json\/wp\/v2\/pages\/6679"}],"collection":[{"href":"https:\/\/www.jrailpass.com\/blog\/de\/wp-json\/wp\/v2\/pages"}],"about":[{"href":"https:\/\/www.jrailpass.com\/blog\/de\/wp-json\/wp\/v2\/types\/page"}],"author":[{"embeddable":true,"href":"https:\/\/www.jrailpass.com\/blog\/de\/wp-json\/wp\/v2\/users\/2"}],"replies":[{"embeddable":true,"href":"https:\/\/www.jrailpass.com\/blog\/de\/wp-json\/wp\/v2\/comments?post=6679"}],"version-history":[{"count":0,"href":"https:\/\/www.jrailpass.com\/blog\/de\/wp-json\/wp\/v2\/pages\/6679\/revisions"}],"up":[{"embeddable":true,"href":"https:\/\/www.jrailpass.com\/blog\/de\/wp-json\/wp\/v2\/pages\/6674"}],"wp:featuredmedia":[{"embeddable":true,"href":"https:\/\/www.jrailpass.com\/blog\/de\/wp-json\/wp\/v2\/media\/10658"}],"wp:attachment":[{"href":"https:\/\/www.jrailpass.com\/blog\/de\/wp-json\/wp\/v2\/media?parent=6679"}],"curies":[{"name":"wp","href":"https:\/\/api.w.org\/{rel}","templated":true}]}}