{"id":6674,"date":"2019-03-04T14:43:31","date_gmt":"2019-03-04T13:43:31","guid":{"rendered":"https:\/\/www.jrailpass.com\/blog?page_id=6674"},"modified":"2019-03-11T09:49:24","modified_gmt":"2019-03-11T08:49:24","slug":"staedte","status":"publish","type":"page","link":"https:\/\/www.jrailpass.com\/blog\/de\/staedte","title":{"rendered":"Die wichtigsten St\u00e4dte Japans"},"content":{"rendered":"<p>Der japanische Archipel besteht aus mehr als 6.000 Inseln im Pazifischen Ozean und bildet eines der bev\u00f6lkerungsreichsten L\u00e4nder der Welt mit einer Bev\u00f6lkerung von rund 127 Millionen Menschen. Die vier gr\u00f6\u00dften Inseln sind Honshu, Hokkaido, Kyushu und Shikoku und sie sind in acht Regionen unterteilt<\/p>\n<p>Japan ist ein Land das reich an Tradition, Kultur und Technologie ist. <strong>Jede Stadt bietet den Besuchern ihren einzigartigen Einblick in die japanische Kultur<\/strong>. In diesem Abschnitt finden Sie alles was Sie \u00fcber die wichtigsten St\u00e4dte Japans wissen m\u00fcssen. Was Sie tun k\u00f6nnen, wo man essen und einkaufen kann, wann man gehen sollte und wie man mit dem <a href=\"https:\/\/www.jrailpass.com\/de\/\">JR Pass<\/a> von Stadt zu Stadt reisen kann.<\/p>\n<p><!--more--><\/p>\n<div id=\"toc_container\" class=\"toc_white no_bullets\"><p class=\"toc_title\">Table of Contents<\/p><ul class=\"toc_list\"><li><a href=\"#Tokio\"><span class=\"toc_number toc_depth_1\">1<\/span> Tokio<\/a><\/li><li><a href=\"#Kyoto\"><span class=\"toc_number toc_depth_1\">2<\/span> Kyoto<\/a><\/li><li><a href=\"#Osaka\"><span class=\"toc_number toc_depth_1\">3<\/span> Osaka<\/a><\/li><li><a href=\"#Yokohama\"><span class=\"toc_number toc_depth_1\">4<\/span> Yokohama<\/a><\/li><li><a href=\"#Nagoya\"><span class=\"toc_number toc_depth_1\">5<\/span> Nagoya<\/a><\/li><li><a href=\"#Kobe\"><span class=\"toc_number toc_depth_1\">6<\/span> Kobe<\/a><\/li><li><a href=\"#Fukuoka\"><span class=\"toc_number toc_depth_1\">7<\/span> Fukuoka<\/a><\/li><li><a href=\"#Hiroshima\"><span class=\"toc_number toc_depth_1\">8<\/span> Hiroshima<\/a><\/li><li><a href=\"#Sapporo\"><span class=\"toc_number toc_depth_1\">9<\/span> Sapporo<\/a><\/li><\/ul><\/div>\n\n<h2><span id=\"Tokio\">Tokio<\/span><\/h2>\n<p><img loading=\"lazy\"  decoding=\"async\" loading=\"lazy\" class=\"alignleft wp-image-54\" src=\"https:\/\/www.jrailpass.com\/blog\/wp-content\/uploads\/2016\/06\/tokyo-shibuya-crossing-e1465829941954-300x182.jpg\" alt=\"Shibuya crossing in Tokyo\" width=\"300\" height=\"182\" \/><\/p>\n<p><a href=\"https:\/\/www.jrailpass.com\/blog\/de\/staedte\/tokio-reisefuehrer\">Tokio<\/a> ist die Hauptstadt Japans und die bev\u00f6lkerungsreichste Metropolregion der Welt. Es ist eine der faszinierendsten St\u00e4dte der Welt, von den majest\u00e4tischen Tempeln des traditionellen Japans bis hin zu den hellen Neonlichtern von Shibuya.<\/p>\n<p>Tokio hat f\u00fcr jeden etwas zu bieten und es ist definitiv ein Ort den man einmal im Leben besuchen sollte. Planen Sie Ihre Reise nach Tokio perfekt indem Sie unsere Reisef\u00fchrer lesen.<\/p>\n<h2><span id=\"Kyoto\">Kyoto<\/span><\/h2>\n<p><img loading=\"lazy\"  decoding=\"async\" loading=\"lazy\" class=\"alignleft wp-image-1985 size-full\" src=\"https:\/\/www.jrailpass.com\/blog\/wp-content\/uploads\/2017\/09\/kyoto-golden-pavilion.jpg\" alt=\"Golden Pavilion in Kyoto (Kansai)\" width=\"300\" height=\"200\" \/><a href=\"https:\/\/www.jrailpass.com\/blog\/de\/staedte\/kyoto-reisefuehrer\">Kyoto<\/a>, welches von vielen als die sch\u00f6nste Stadt Japans angesehen wird, war die japanische Hauptstadt bis die Regierung 1868 nach Tokio versetzt wurde. Die Stadt ist jedoch immer noch Japans religi\u00f6ses Zentrum mit \u00fcber 1000 buddhistischen Tempeln.<\/p>\n<p>Kyoto ist auch die Heimat einiger der ber\u00fchmtesten Wahrzeichen Japans, mit einigen der erhabensten und exquisitesten G\u00e4rten, Tempel und Meisterwerke, die Sie je sehen werden.<\/p>\n<h2><span id=\"Osaka\">Osaka<\/span><\/h2>\n<p><img loading=\"lazy\"  decoding=\"async\" loading=\"lazy\" class=\"alignleft wp-image-78 size-medium\" src=\"https:\/\/www.jrailpass.com\/blog\/wp-content\/uploads\/2016\/05\/dotonbori-glico-man-osaka-300x200.jpg\" alt=\"Dotonbori neon lights in Osaka\" width=\"300\" height=\"200\" \/><a href=\"https:\/\/www.jrailpass.com\/blog\/de\/staedte\/osaka-reisefuehrer\">Osaka<\/a> ist die drittgr\u00f6\u00dfte Stadt Japans und war die erste Hauptstadt des Landes. Es gilt als ein wichtiges Wirtschaftszentrum in Japan. Hier befinden sich der gr\u00f6\u00dfte Seehafen Japans und viele f\u00fchrende japanische Hersteller.<\/p>\n<p>Die Stadt Osaka gilt auch als kulinarisches Paradies: Ihr Spitzname Tenka no Daidokoro bedeutet die K\u00fcche des Landes.<\/p>\n<div class=\"clearfix\"><\/div>\n<p style=\"text-align: center;\">\n            <a class=\"fasc-button banner-button-shortcode fasc-size-large fasc-type-flat fasc-rounded-medium ico-fa fasc-ico-after fa-chevron-circle-right fasc-style-bold\" href=\"https:\/\/www.jrailpass.com\/de\/der-japan-rail-pass\">\n                Kaufen Sie jetzt Ihren JR Pass\n            <\/a>\n        <\/p>\n<h2><span id=\"Yokohama\">Yokohama<\/span><\/h2>\n<p><img loading=\"lazy\"  decoding=\"async\" loading=\"lazy\" class=\"size-medium wp-image-1899 alignleft\" src=\"https:\/\/www.jrailpass.com\/blog\/wp-content\/uploads\/2017\/09\/yokohama-mount-fuji-e1504269383160-300x160.jpg\" alt=\"Yokohama and Mount Fuji\" width=\"300\" height=\"160\" \/>Yokohama liegt im Stadtgebiet von Tokio und ist eigentlich die zweitgr\u00f6\u00dfte Stadt Japans. 20 Minuten vom s\u00fcdlichen Bahnhof Tokios mit dem Zug. Yokohamas Bucht und Chinatown sind f\u00fcr neugierige Reisende und Genie\u00dfer ein Muss.<\/p>\n<h2><span id=\"Nagoya\">Nagoya<\/span><\/h2>\n<p><img loading=\"lazy\"  decoding=\"async\" loading=\"lazy\" class=\"size-medium wp-image-1476 alignleft\" src=\"https:\/\/www.jrailpass.com\/blog\/wp-content\/uploads\/2017\/06\/nagoya-city-300x152.jpg\" alt=\"Nagoya city and skyline\" width=\"300\" height=\"152\" srcset=\"https:\/\/www.jrailpass.com\/blog\/wp-content\/uploads\/2017\/06\/nagoya-city-300x152.jpg 300w, https:\/\/www.jrailpass.com\/blog\/wp-content\/uploads\/2017\/06\/nagoya-city-768x388.jpg 768w, https:\/\/www.jrailpass.com\/blog\/wp-content\/uploads\/2017\/06\/nagoya-city.jpg 800w\" sizes=\"(max-width: 300px) 100vw, 300px\" \/>Nagoya, die gr\u00f6\u00dfte Stadt im Zentrum der Region Chubu, ist einer der wichtigsten H\u00e4fen Japans und auch ein wesentlicher Knotenpunkt f\u00fcr Shinkansen-Geschossz\u00fcge. Vom Einkaufen zur Wissenschaft bis hin zu kinderfreundlichen Vergn\u00fcgungsparks &#8211; die Attraktionen von Nagoya sollten Sie auf keinen Fall verpassen.<\/p>\n<h2><span id=\"Kobe\">Kobe<\/span><\/h2>\n<p><img loading=\"lazy\"  decoding=\"async\" loading=\"lazy\" class=\"alignleft wp-image-400 size-medium\" src=\"https:\/\/www.jrailpass.com\/blog\/wp-content\/uploads\/2016\/09\/Kobe_maritime_museum2-by-Tomomarusan-wikimedia-e1513075887374-300x188.jpg\" alt=\"Kobe maritime museum\" width=\"300\" height=\"188\" srcset=\"https:\/\/www.jrailpass.com\/blog\/wp-content\/uploads\/2016\/09\/Kobe_maritime_museum2-by-Tomomarusan-wikimedia-e1513075887374-300x188.jpg 300w, https:\/\/www.jrailpass.com\/blog\/wp-content\/uploads\/2016\/09\/Kobe_maritime_museum2-by-Tomomarusan-wikimedia-e1513075887374-768x482.jpg 768w, https:\/\/www.jrailpass.com\/blog\/wp-content\/uploads\/2016\/09\/Kobe_maritime_museum2-by-Tomomarusan-wikimedia-e1513075887374.jpg 800w\" sizes=\"(max-width: 300px) 100vw, 300px\" \/>Umgeben vom Meer auf der einen Seite und einer majest\u00e4tischen Bergkette auf der anderen Seite, liegt Kobe in der N\u00e4he von Osaka und Kyoto und gilt auch als eine der sch\u00f6nsten Hafenst\u00e4dte Japans&#8230; das k\u00f6stliche Kobe-Rindfleisch m\u00fcssen Sie probieren!<\/p>\n<h2><span id=\"Fukuoka\">Fukuoka<\/span><\/h2>\n<p><img loading=\"lazy\"  decoding=\"async\" loading=\"lazy\" class=\"alignleft wp-image-96 size-medium\" src=\"https:\/\/www.jrailpass.com\/blog\/wp-content\/uploads\/2016\/06\/fukuoka-tower-300x200.jpg\" alt=\"\" width=\"300\" height=\"200\" \/>Die Stadt Fukuoka ist eines der wichtigsten Touristenziele im S\u00fcden Japans und z\u00e4hlt zu den zehn bev\u00f6lkerungsreichsten St\u00e4dten des Landes. Es ist die gr\u00f6\u00dfte Stadt auf der Insel Kyushu und voller erstaunlicher Reiseerlebnisse.<\/p>\n<h2><span id=\"Hiroshima\">Hiroshima<\/span><\/h2>\n<p><img loading=\"lazy\"  decoding=\"async\" loading=\"lazy\" class=\"size-medium wp-image-940 alignleft\" src=\"https:\/\/www.jrailpass.com\/blog\/wp-content\/uploads\/2017\/02\/hiroshima-river-peace-park-300x175.jpg\" alt=\"\" width=\"300\" height=\"175\" \/>Die tiefen historischen Wurzeln Hiroshimas zeigen sich in seinen alten G\u00e4rten und Burgen sowie in den \u00dcberresten der Atombombenangriffe w\u00e4hrend des Zweiten Weltkriegs. Hiroshima und seine Nachbarinsel Miyajima sind heute die Heimat von \u00fcber einer Million Menschen und ein beliebter Anlaufpunkt f\u00fcr Touristen.<\/p>\n<h2><span id=\"Sapporo\">Sapporo<\/span><\/h2>\n<p><img loading=\"lazy\"  decoding=\"async\" loading=\"lazy\" class=\"size-medium wp-image-2305 alignleft\" src=\"https:\/\/www.jrailpass.com\/blog\/wp-content\/uploads\/2017\/09\/odori-park-sapporo-e1506683349949-300x174.jpg\" alt=\"Odori Park in Sapporo\" width=\"300\" height=\"174\" \/>Sapporo ist die f\u00fcnftgr\u00f6\u00dfte Stadt Japans und die Hauptstadt der Nordinsel Hokkaido. In weniger als zwei Jahrhunderten hat Sapporo ein schnelles Wachstum erlebt und ist heute bekannt f\u00fcr seine Wintersportorte, gro\u00dfartige Au\u00dfenanlagen, Ramen und Bier.<\/p>\n","protected":false},"excerpt":{"rendered":"<p>Der japanische Archipel besteht aus mehr als 6.000 Inseln im Pazifischen Ozean und bildet eines der bev\u00f6lkerungsreichsten L\u00e4nder der Welt mit einer Bev\u00f6lkerung von rund 127 Millionen Menschen. Die vier gr\u00f6\u00dften Inseln sind Honshu, Hokkaido, Kyushu und Shikoku und sie sind in acht Regionen unterteilt Japan ist ein Land das reich an Tradition, Kultur und Technologie ist. Jede Stadt bietet den Besuchern ihren einzigartigen Einblick in die japanische Kultur. In diesem Abschnitt finden Sie alles was Sie \u00fcber die wichtigsten St\u00e4dte Japans wissen m\u00fcssen. Was Sie tun k\u00f6nnen, wo man essen und einkaufen kann, wann man gehen sollte und wie &hellip; <a href=\"https:\/\/www.jrailpass.com\/blog\/de\/staedte\" class=\"more-link\">Lesen Sie weiter<span class=\"screen-reader-text\"> &#8222;Die wichtigsten St\u00e4dte Japans&#8220;<\/span><\/a><\/p>\n","protected":false},"author":2,"featured_media":0,"parent":0,"menu_order":0,"comment_status":"closed","ping_status":"closed","template":"","meta":[],"acf":{"related_tours":{"tour_number":false}},"yoast_head":"<!-- This site is optimized with the Yoast SEO plugin v20.10 - https:\/\/yoast.com\/wordpress\/plugins\/seo\/ -->\n<title>Die wichtigsten St\u00e4dte Japans - Japan Rail Pass<\/title>\n<meta name=\"description\" content=\"Jede japanische Stadt bietet einen einzigartigen Einblick in ihre Kultur. Erfahren Sie alles, was Sie \u00fcber Tokio, Osaka, Kyoto und andere beliebte Reiseziele in Japan wissen m\u00fcssen.\" \/>\n<meta name=\"robots\" content=\"index, follow, max-snippet:-1, max-image-preview:large, max-video-preview:-1\" \/>\n<link rel=\"canonical\" href=\"https:\/\/www.jrailpass.com\/blog\/de\/wp-json\/wp\/v2\/pages\/6674\" \/>\n<meta property=\"og:locale\" content=\"de_DE\" \/>\n<meta property=\"og:type\" content=\"article\" \/>\n<meta property=\"og:title\" content=\"Die wichtigsten St\u00e4dte Japans - Japan Rail Pass\" \/>\n<meta property=\"og:description\" content=\"Jede japanische Stadt bietet einen einzigartigen Einblick in ihre Kultur. Erfahren Sie alles, was Sie \u00fcber Tokio, Osaka, Kyoto und andere beliebte Reiseziele in Japan wissen m\u00fcssen.\" \/>\n<meta property=\"og:url\" content=\"https:\/\/www.jrailpass.com\/blog\/de\/staedte\" \/>\n<meta property=\"og:site_name\" content=\"Japan Reiseblog von Japan Rail Pass | JRailPass\" \/>\n<meta property=\"article:modified_time\" content=\"2019-03-11T08:49:24+00:00\" \/>\n<meta property=\"og:image\" content=\"https:\/\/www.jrailpass.com\/blog\/wp-content\/uploads\/2016\/06\/tokyo-shibuya-crossing-e1465829941954-300x182.jpg\" \/>\n<meta name=\"twitter:card\" content=\"summary_large_image\" \/>\n<script type=\"application\/ld+json\" class=\"yoast-schema-graph\">{\"@context\":\"https:\/\/schema.org\",\"@graph\":[{\"@type\":\"WebPage\",\"@id\":\"https:\/\/www.jrailpass.com\/blog\/de\/staedte\",\"url\":\"https:\/\/www.jrailpass.com\/blog\/de\/staedte\",\"name\":\"Die wichtigsten St\u00e4dte Japans - Japan Rail Pass\",\"isPartOf\":{\"@id\":\"https:\/\/www.jrailpass.com\/blog\/de#website\"},\"datePublished\":\"2019-03-04T13:43:31+00:00\",\"dateModified\":\"2019-03-11T08:49:24+00:00\",\"description\":\"Jede japanische Stadt bietet einen einzigartigen Einblick in ihre Kultur. Erfahren Sie alles, was Sie \u00fcber Tokio, Osaka, Kyoto und andere beliebte Reiseziele in Japan wissen m\u00fcssen.\",\"breadcrumb\":{\"@id\":\"https:\/\/www.jrailpass.com\/blog\/de\/staedte#breadcrumb\"},\"inLanguage\":\"de-DE\",\"potentialAction\":[{\"@type\":\"ReadAction\",\"target\":[\"https:\/\/www.jrailpass.com\/blog\/de\/staedte\"]}]},{\"@type\":\"BreadcrumbList\",\"@id\":\"https:\/\/www.jrailpass.com\/blog\/de\/staedte#breadcrumb\",\"itemListElement\":[{\"@type\":\"ListItem\",\"position\":1,\"name\":\"Japan Travel Blog\",\"item\":\"https:\/\/www.jrailpass.com\/blog\/de\"},{\"@type\":\"ListItem\",\"position\":2,\"name\":\"Die wichtigsten St\u00e4dte Japans\"}]},{\"@type\":\"WebSite\",\"@id\":\"https:\/\/www.jrailpass.com\/blog\/de#website\",\"url\":\"https:\/\/www.jrailpass.com\/blog\/de\",\"name\":\"Japan Reiseblog von Japan Rail Pass | JRailPass\",\"description\":\"Entdecken Sie Japan mit dem Zug Japan Rail Pass\",\"publisher\":{\"@id\":\"https:\/\/www.jrailpass.com\/blog\/de#organization\"},\"potentialAction\":[{\"@type\":\"SearchAction\",\"target\":{\"@type\":\"EntryPoint\",\"urlTemplate\":\"https:\/\/www.jrailpass.com\/blog\/de?s={search_term_string}\"},\"query-input\":\"required name=search_term_string\"}],\"inLanguage\":\"de-DE\"},{\"@type\":\"Organization\",\"@id\":\"https:\/\/www.jrailpass.com\/blog\/de#organization\",\"name\":\"Japan Rail Pass S.L. - JRailPass.com\",\"url\":\"https:\/\/www.jrailpass.com\/blog\/de\",\"logo\":{\"@type\":\"ImageObject\",\"inLanguage\":\"de-DE\",\"@id\":\"https:\/\/www.jrailpass.com\/blog\/de#\/schema\/logo\/image\/\",\"url\":\"https:\/\/www.jrailpass.com\/blog\/wp-content\/uploads\/2017\/10\/logo.png\",\"contentUrl\":\"https:\/\/www.jrailpass.com\/blog\/wp-content\/uploads\/2017\/10\/logo.png\",\"width\":214,\"height\":60,\"caption\":\"Japan Rail Pass S.L. - JRailPass.com\"},\"image\":{\"@id\":\"https:\/\/www.jrailpass.com\/blog\/de#\/schema\/logo\/image\/\"}}]}<\/script>\n<!-- \/ Yoast SEO plugin. -->","yoast_head_json":{"title":"Die wichtigsten St\u00e4dte Japans - Japan Rail Pass","description":"Jede japanische Stadt bietet einen einzigartigen Einblick in ihre Kultur. Erfahren Sie alles, was Sie \u00fcber Tokio, Osaka, Kyoto und andere beliebte Reiseziele in Japan wissen m\u00fcssen.","robots":{"index":"index","follow":"follow","max-snippet":"max-snippet:-1","max-image-preview":"max-image-preview:large","max-video-preview":"max-video-preview:-1"},"canonical":"https:\/\/www.jrailpass.com\/blog\/de\/wp-json\/wp\/v2\/pages\/6674","og_locale":"de_DE","og_type":"article","og_title":"Die wichtigsten St\u00e4dte Japans - Japan Rail Pass","og_description":"Jede japanische Stadt bietet einen einzigartigen Einblick in ihre Kultur. Erfahren Sie alles, was Sie \u00fcber Tokio, Osaka, Kyoto und andere beliebte Reiseziele in Japan wissen m\u00fcssen.","og_url":"https:\/\/www.jrailpass.com\/blog\/de\/staedte","og_site_name":"Japan Reiseblog von Japan Rail Pass | JRailPass","article_modified_time":"2019-03-11T08:49:24+00:00","og_image":[{"url":"https:\/\/www.jrailpass.com\/blog\/wp-content\/uploads\/2016\/06\/tokyo-shibuya-crossing-e1465829941954-300x182.jpg"}],"twitter_card":"summary_large_image","schema":{"@context":"https:\/\/schema.org","@graph":[{"@type":"WebPage","@id":"https:\/\/www.jrailpass.com\/blog\/de\/staedte","url":"https:\/\/www.jrailpass.com\/blog\/de\/staedte","name":"Die wichtigsten St\u00e4dte Japans - Japan Rail Pass","isPartOf":{"@id":"https:\/\/www.jrailpass.com\/blog\/de#website"},"datePublished":"2019-03-04T13:43:31+00:00","dateModified":"2019-03-11T08:49:24+00:00","description":"Jede japanische Stadt bietet einen einzigartigen Einblick in ihre Kultur. Erfahren Sie alles, was Sie \u00fcber Tokio, Osaka, Kyoto und andere beliebte Reiseziele in Japan wissen m\u00fcssen.","breadcrumb":{"@id":"https:\/\/www.jrailpass.com\/blog\/de\/staedte#breadcrumb"},"inLanguage":"de-DE","potentialAction":[{"@type":"ReadAction","target":["https:\/\/www.jrailpass.com\/blog\/de\/staedte"]}]},{"@type":"BreadcrumbList","@id":"https:\/\/www.jrailpass.com\/blog\/de\/staedte#breadcrumb","itemListElement":[{"@type":"ListItem","position":1,"name":"Japan Travel Blog","item":"https:\/\/www.jrailpass.com\/blog\/de"},{"@type":"ListItem","position":2,"name":"Die wichtigsten St\u00e4dte Japans"}]},{"@type":"WebSite","@id":"https:\/\/www.jrailpass.com\/blog\/de#website","url":"https:\/\/www.jrailpass.com\/blog\/de","name":"Japan Reiseblog von Japan Rail Pass | JRailPass","description":"Entdecken Sie Japan mit dem Zug Japan Rail Pass","publisher":{"@id":"https:\/\/www.jrailpass.com\/blog\/de#organization"},"potentialAction":[{"@type":"SearchAction","target":{"@type":"EntryPoint","urlTemplate":"https:\/\/www.jrailpass.com\/blog\/de?s={search_term_string}"},"query-input":"required name=search_term_string"}],"inLanguage":"de-DE"},{"@type":"Organization","@id":"https:\/\/www.jrailpass.com\/blog\/de#organization","name":"Japan Rail Pass S.L. - JRailPass.com","url":"https:\/\/www.jrailpass.com\/blog\/de","logo":{"@type":"ImageObject","inLanguage":"de-DE","@id":"https:\/\/www.jrailpass.com\/blog\/de#\/schema\/logo\/image\/","url":"https:\/\/www.jrailpass.com\/blog\/wp-content\/uploads\/2017\/10\/logo.png","contentUrl":"https:\/\/www.jrailpass.com\/blog\/wp-content\/uploads\/2017\/10\/logo.png","width":214,"height":60,"caption":"Japan Rail Pass S.L. - JRailPass.com"},"image":{"@id":"https:\/\/www.jrailpass.com\/blog\/de#\/schema\/logo\/image\/"}}]}},"_links":{"self":[{"href":"https:\/\/www.jrailpass.com\/blog\/de\/wp-json\/wp\/v2\/pages\/6674"}],"collection":[{"href":"https:\/\/www.jrailpass.com\/blog\/de\/wp-json\/wp\/v2\/pages"}],"about":[{"href":"https:\/\/www.jrailpass.com\/blog\/de\/wp-json\/wp\/v2\/types\/page"}],"author":[{"embeddable":true,"href":"https:\/\/www.jrailpass.com\/blog\/de\/wp-json\/wp\/v2\/users\/2"}],"replies":[{"embeddable":true,"href":"https:\/\/www.jrailpass.com\/blog\/de\/wp-json\/wp\/v2\/comments?post=6674"}],"version-history":[{"count":0,"href":"https:\/\/www.jrailpass.com\/blog\/de\/wp-json\/wp\/v2\/pages\/6674\/revisions"}],"wp:attachment":[{"href":"https:\/\/www.jrailpass.com\/blog\/de\/wp-json\/wp\/v2\/media?parent=6674"}],"curies":[{"name":"wp","href":"https:\/\/api.w.org\/{rel}","templated":true}]}}