{"id":11831,"date":"2020-02-25T15:25:41","date_gmt":"2020-02-25T14:25:41","guid":{"rendered":"https:\/\/www.jrailpass.com\/blog?page_id=11831"},"modified":"2020-02-25T15:25:41","modified_gmt":"2020-02-25T14:25:41","slug":"online-touristen-visum","status":"publish","type":"page","link":"https:\/\/www.jrailpass.com\/blog\/de\/visum-fuer-japan\/online-touristen-visum","title":{"rendered":"Japan Online-Visum: Neues Touristen eVisa"},"content":{"rendered":"<p><strong>Japan-Reisende<\/strong> m\u00fcssen nicht mehr bei einer japanischen Botschaft oder einem Konsulat anstehen, um ein <strong><a href=\"https:\/\/www.jrailpass.com\/blog\/de\/visum-fuer-japan\">Visum f\u00fcr Japan<\/a><\/strong> zu beantragen. Das <strong>neue Touristen eVisa f\u00fcr Japan wird im April 2020<\/strong> eingef\u00fchrt und Touristen k\u00f6nnen den Antrag in wenigen Minuten online ausf\u00fcllen.<\/p>\n<p>Die erste zugelassene Nationalit\u00e4t sind <strong>Chinesische Touristen<\/strong>, da sie die gr\u00f6\u00dfte demografische Bedeutung haben und \u00fcber 60% der Japan-Besucher ausmachen. Das <strong>elektronische Visum<\/strong> wird im Laufe des Jahres schrittweise auf andere Nationalit\u00e4ten ausgeweitet.<\/p>\n<p><!--more--><\/p>\n<p>Das <strong>Touristenvisum<\/strong> ist Teil eines umfassenderen Regierungsplans zur F\u00f6rderung des Tourismus. Ziel ist es, bis 2020 40 Millionen Besucher und bis 2030 <strong>60 Millionen Besucher<\/strong> zu erreichen. Das neue Visum wird die Einreise nach Japan f\u00fcr Millionen von Menschen auf der ganzen Welt wesentlich einfacher machen.<\/p>\n<div id=\"toc_container\" class=\"toc_white no_bullets\"><p class=\"toc_title\">Table of Contents<\/p><ul class=\"toc_list\"><li><a href=\"#Online-Visumsystem\"><span class=\"toc_number toc_depth_1\">1<\/span> Online-Visumsystem<\/a><\/li><li><a href=\"#Vorbereitungen_fuer_die_2020_Tokio_Olympiade\"><span class=\"toc_number toc_depth_1\">2<\/span> Vorbereitungen f\u00fcr die 2020 Tokio Olympiade<\/a><\/li><li><a href=\"#Wer_kommt_fuer_ein_eVisa_in_Frage\"><span class=\"toc_number toc_depth_1\">3<\/span> Wer kommt f\u00fcr ein eVisa in Frage?<\/a><\/li><\/ul><\/div>\n\n<h2><span id=\"Online-Visumsystem\">Online-Visumsystem<\/span><\/h2>\n<p>Das <strong>neue Online-Visum<\/strong> wird 2020 verf\u00fcgbar sein und die Einreise nach Japan f\u00fcr Millionen von Touristen auf der ganzen Welt erheblich vereinfachen. Das eVisa ist Teil eines Plans der japanischen Regierung, bis 2030 ihr Ziel von <strong>60 Millionen ausl\u00e4ndischen Besuchern<\/strong> pro Jahr zu erreichen. Das <strong>einmalige Einreisevisum<\/strong> erm\u00f6glicht Besuchern die Einreise und einen kurzzeitigen Aufenthalt im Land.<\/p>\n<p>Reisende aus den teilnahmeberechtigten L\u00e4ndern k\u00f6nnen den <strong>Online-Antrag<\/strong> ausf\u00fcllen, ohne eine Botschaft oder ein Konsulat besuchen zu m\u00fcssen. Der gesamte Prozess dauert nur wenige Minuten. <strong>Chinesische Touristen<\/strong> werden die erste teilnahmeberechtigte Nationalit\u00e4t sein, aber es wird nicht lange dauern, bis viele weitere L\u00e4nder in die Liste aufgenommen werden.<\/p>\n<h2><span id=\"Vorbereitungen_fuer_die_2020_Tokio_Olympiade\">Vorbereitungen f\u00fcr die 2020 Tokio Olympiade<\/span><\/h2>\n<p>Die japanische Regierung ist bestrebt, sicherzustellen, dass das Land vor dem Anstrom von Sportfans, die zu den <a href=\"https:\/\/www.jrailpass.com\/blog\/de\/tokio-2020-olympische\"><strong>Olympischen und Paralympischen Spielen<\/strong> nach Japan<\/a> reisen werden, so bereit wie m\u00f6glich ist. Es sind weitere Visa-Arten in Planung, und es wird au\u00dferdem geplant, die <strong>Zahl der Billigfl\u00fcge nach Japan<\/strong> zu erh\u00f6hen.<\/p>\n<p>Im Jahr 2018 erhielt Japan eine <strong>rekordverd\u00e4chtige Zahl von Touristen<\/strong>, \u00fcber 30 Millionen, und diese Zahl wird in den n\u00e4chsten Jahren weiter steigen. Der Vorjahreswert w\u00e4re noch h\u00f6her ausgefallen, wenn die ungew\u00f6hnlich hohe Zahl von Naturkatastrophen den Tourismus nicht behindert h\u00e4tte.<\/p>\n<p>Das <strong>neue japanische Touristen eVisa<\/strong> wird die Arbeitsbelastung in Botschaften und Konsulaten reduzieren und die Einwanderungskontrollen versch\u00e4rfen, da alle Besucher <strong>vor ihrer Ankunft einer Vorkontrolle<\/strong> unterzogen werden. Die Reisenden m\u00fcssen beim Ausf\u00fcllen des <strong>Online-Antrags<\/strong> eine Reihe von Informationen zur Verf\u00fcgung stellen, Die Daten werden von den zust\u00e4ndigen Beh\u00f6rden \u00fcberpr\u00fcft, bevor die Visa ausgestellt werden.<\/p>\n<h2><span id=\"Wer_kommt_fuer_ein_eVisa_in_Frage\">Wer kommt f\u00fcr ein eVisa in Frage?<\/span><\/h2>\n<p>Die Regierung hat die Liste der <strong>eVisa zugelassenen Nationalit\u00e4ten noch nicht ver\u00f6ffentlicht. Chinesische Besucher werden die ersten sein<\/strong>, die sich online f\u00fcr ein Visum bewerben k\u00f6nnen. Weitere Nationalit\u00e4ten werden folgen.<\/p>\n<table>\n<tbody>\n<tr>\n<th style=\"background: #3793f4; color: #ffffff; text-align: center;\" colspan=\"4\">Liste der L\u00e4nder, die f\u00fcr die Einreise nach Japan ein Visum ben\u00f6tigen<\/th>\n<\/tr>\n<tr>\n<td>Afghanistan<\/td>\n<td>Albanien<\/td>\n<td>Algerien<\/td>\n<td>Angola<\/td>\n<\/tr>\n<tr>\n<td>Anguilla<\/td>\n<td>Antigua &amp; Barbuda<\/td>\n<td>Armenien<\/td>\n<td>Aserbaidschan<\/td>\n<\/tr>\n<tr>\n<td>Bahrain<\/td>\n<td>Bangladesch<\/td>\n<td>Wei\u00dfrussland<\/td>\n<td>Belize<\/td>\n<\/tr>\n<tr>\n<td>Benin<\/td>\n<td>Bermuda<\/td>\n<td>Bhutan<\/td>\n<td>Bolivien<\/td>\n<\/tr>\n<tr>\n<td>Bosnien und Herzegovina<\/td>\n<td>Botswana<\/td>\n<td>Brasilien<\/td>\n<td>Burkina Faso<\/td>\n<\/tr>\n<tr>\n<td>Burundi<\/td>\n<td>Kambodscha<\/td>\n<td>Kamerum<\/td>\n<td>\u00a0Kap Verde<\/td>\n<\/tr>\n<tr>\n<td>Kaimaninseln<\/td>\n<td>Zentralafrikanische Republik<\/td>\n<td>Tschad<\/td>\n<td>China<\/td>\n<\/tr>\n<tr>\n<td>Kolumbien<\/td>\n<td>Komoren<\/td>\n<td>Kongo<\/td>\n<td>Elfenbeink\u00fcste<\/td>\n<\/tr>\n<tr>\n<td>Kuba<\/td>\n<td>Demokratische Republik Kongo<\/td>\n<td>Dschibuti<\/td>\n<td>Dominica<\/td>\n<\/tr>\n<tr>\n<td>Ecuador<\/td>\n<td>\u00c4gypten<\/td>\n<td>\u00c4quatorialguinea<\/td>\n<td>Eritrea<\/td>\n<\/tr>\n<tr>\n<td>\u00c4thiopien<\/td>\n<td>Fidschi<\/td>\n<td>Gabun<\/td>\n<td>Gambia<\/td>\n<\/tr>\n<tr>\n<td>Georgien<\/td>\n<td>Ghana<\/td>\n<td>Grenada<\/td>\n<td>Guernsey<\/td>\n<\/tr>\n<tr>\n<td>Guinea<\/td>\n<td>Guinea-Bissau<\/td>\n<td>Guyana<\/td>\n<td>Haiti<\/td>\n<\/tr>\n<tr>\n<td>Indien<\/td>\n<td>Indonesien (keine e-Reisep\u00e4sse)<\/td>\n<td>Iran<\/td>\n<td>Irak<\/td>\n<\/tr>\n<tr>\n<td>Jamaika<\/td>\n<td>Jordanien<\/td>\n<td>Kasachstan<\/td>\n<td>Kenia<\/td>\n<\/tr>\n<tr>\n<td>Kiribati<\/td>\n<td>Kosovo<\/td>\n<td>Kuwait<\/td>\n<td>Kirgisistan<\/td>\n<\/tr>\n<tr>\n<td>Laos<\/td>\n<td>Lebanon<\/td>\n<td>Liberia<\/td>\n<td>Libyen<\/td>\n<\/tr>\n<tr>\n<td>Madagaskar<\/td>\n<td>Malawi<\/td>\n<td>Maldiven<\/td>\n<td>Mali<\/td>\n<\/tr>\n<tr>\n<td>Marshallinseln<\/td>\n<td>Mauretanien<\/td>\n<td>Mikronesien<\/td>\n<td>Moldawien<\/td>\n<\/tr>\n<tr>\n<td>Mongolei<\/td>\n<td>Montenegro<\/td>\n<td>Marokko<\/td>\n<td>Mosambik<\/td>\n<\/tr>\n<tr>\n<td>Myanmar<\/td>\n<td>Namibia<\/td>\n<td>Nauru<\/td>\n<td>Nepal<\/td>\n<\/tr>\n<tr>\n<td>Nicaragua<\/td>\n<td>Niger<\/td>\n<td>Nigeria<\/td>\n<td>Norfolkinsel<\/td>\n<\/tr>\n<tr>\n<td>Nordkorea<\/td>\n<td>Oman<\/td>\n<td>Pakistan<\/td>\n<td>Palau<\/td>\n<\/tr>\n<tr>\n<td>Pal\u00e4stina<\/td>\n<td>Panama<\/td>\n<td>\u00a0Papua Neuguinea<\/td>\n<td>Paraguay<\/td>\n<\/tr>\n<tr>\n<td>Peru<\/td>\n<td>Philippinen<\/td>\n<td>Katar<\/td>\n<td>Russland<\/td>\n<\/tr>\n<tr>\n<td>Rwanda<\/td>\n<td>Saint Lucia<\/td>\n<td>Samoa<\/td>\n<td>Sao Tome &amp; Principe<\/td>\n<\/tr>\n<tr>\n<td>Saudi-Arabien<\/td>\n<td>Senegal<\/td>\n<td>Seychellen<\/td>\n<td>Sierra Leone<\/td>\n<\/tr>\n<tr>\n<td>Salomonen<\/td>\n<td>Somalia<\/td>\n<td>S\u00fcdafrika<\/td>\n<td>S\u00fcdsudan<\/td>\n<\/tr>\n<tr>\n<td>Sri Lanka<\/td>\n<td>St Kitts und Nevis<\/td>\n<td>St Vincent &amp; Grenadines<\/td>\n<td>Sudan<\/td>\n<\/tr>\n<tr>\n<td>Swasiland<\/td>\n<td>Syrien<\/td>\n<td>Tadschikistan<\/td>\n<td>Tanzania<\/td>\n<\/tr>\n<tr>\n<td>Togo<\/td>\n<td>Tonga<\/td>\n<td>Trinidad &amp; Tobago<\/td>\n<td>Turkmenistan<\/td>\n<\/tr>\n<tr>\n<td>\u00a0Turks &amp; Caicosinseln<\/td>\n<td>Vereinigte Arabische Emirate<\/td>\n<td>Uzbekistan<\/td>\n<td>Vanuatuu<\/td>\n<\/tr>\n<tr>\n<td>Venezuela<\/td>\n<td>Vietnam<\/td>\n<td>Jemen<\/td>\n<td>Sambia<\/td>\n<\/tr>\n<tr>\n<td>Simbabwe<\/td>\n<td><\/td>\n<td><\/td>\n<td><\/td>\n<\/tr>\n<\/tbody>\n<\/table>\n<p>Derzeit gibt es 66 <strong>Nationalit\u00e4ten<\/strong>, die ohne Visum nach Japan einreisen k\u00f6nnen. Dazu geh\u00f6ren alle EU-L\u00e4nder, die USA, Kanada, Australien, Neuseeland, Argentinien, S\u00fcdkorea, die T\u00fcrkei und Thailand. Es kann jedoch passieren, dass einige der Nationalit\u00e4ten, die derzeit visafreie Reisen nach Japan genie\u00dfen, <strong>das eVisa beantragen m\u00fcssen<\/strong>.<\/p>\n<p>Wenn ja, wird dies kein gro\u00dfes Problem darstellen, da der <strong>Online-Antrag nur wenige Minuten<\/strong> dauert. Die Antragsteller m\u00fcssen nur grundlegende Informationen wie Name, Adresse, Passdaten und Reisepl\u00e4ne eingeben.<\/p>\n","protected":false},"excerpt":{"rendered":"<p>Japan-Reisende m\u00fcssen nicht mehr bei einer japanischen Botschaft oder einem Konsulat anstehen, um ein Visum f\u00fcr Japan zu beantragen. Das neue Touristen eVisa f\u00fcr Japan wird im April 2020 eingef\u00fchrt und Touristen k\u00f6nnen den Antrag in wenigen Minuten online ausf\u00fcllen. Die erste zugelassene Nationalit\u00e4t sind Chinesische Touristen, da sie die gr\u00f6\u00dfte demografische Bedeutung haben und \u00fcber 60% der Japan-Besucher ausmachen. Das elektronische Visum wird im Laufe des Jahres schrittweise auf andere Nationalit\u00e4ten ausgeweitet.<\/p>\n","protected":false},"author":2,"featured_media":8694,"parent":10683,"menu_order":0,"comment_status":"closed","ping_status":"closed","template":"","meta":[],"acf":{"bread_1":false,"bread_2":false,"bread_3":false,"bread_4":false,"bread_5":false,"bread_6":false,"bread_7":false,"bread_last":false,"custom_guide":""},"yoast_head":"<!-- This site is optimized with the Yoast SEO plugin v20.10 - https:\/\/yoast.com\/wordpress\/plugins\/seo\/ -->\n<title>Japan Online-Visum: Neues Touristen eVisa | JRailPass<\/title>\n<meta name=\"description\" content=\"Japan eVisa werden 2020 verf\u00fcgbar sein. Lesen Sie mehr \u00fcber die elektronischen Visa f\u00fcr Japan und wer rechtzeitig vor den Olympischen Spielen in Tokio f\u00fcr den Online-Visa-Antrag in Frage kommt.\" \/>\n<meta name=\"robots\" content=\"index, follow, max-snippet:-1, max-image-preview:large, max-video-preview:-1\" \/>\n<link rel=\"canonical\" href=\"https:\/\/www.jrailpass.com\/blog\/de\/wp-json\/wp\/v2\/pages\/11831\" \/>\n<meta property=\"og:locale\" content=\"de_DE\" \/>\n<meta property=\"og:type\" content=\"article\" \/>\n<meta property=\"og:title\" content=\"Japan Online-Visum: Neues Touristen eVisa | JRailPass\" \/>\n<meta property=\"og:description\" content=\"Japan eVisa werden 2020 verf\u00fcgbar sein. Lesen Sie mehr \u00fcber die elektronischen Visa f\u00fcr Japan und wer rechtzeitig vor den Olympischen Spielen in Tokio f\u00fcr den Online-Visa-Antrag in Frage kommt.\" \/>\n<meta property=\"og:url\" content=\"https:\/\/www.jrailpass.com\/blog\/de\/visum-fuer-japan\/online-touristen-visum\" \/>\n<meta property=\"og:site_name\" content=\"Japan Reiseblog von Japan Rail Pass | JRailPass\" \/>\n<meta property=\"og:image\" content=\"https:\/\/www.jrailpass.com\/blog\/wp-content\/uploads\/2018\/12\/japan-e-visa.jpg\" \/>\n\t<meta property=\"og:image:width\" content=\"800\" \/>\n\t<meta property=\"og:image:height\" content=\"400\" \/>\n\t<meta property=\"og:image:type\" content=\"image\/jpeg\" \/>\n<meta name=\"twitter:card\" content=\"summary_large_image\" \/>\n<script type=\"application\/ld+json\" class=\"yoast-schema-graph\">{\"@context\":\"https:\/\/schema.org\",\"@graph\":[{\"@type\":\"WebPage\",\"@id\":\"https:\/\/www.jrailpass.com\/blog\/de\/visum-fuer-japan\/online-touristen-visum\",\"url\":\"https:\/\/www.jrailpass.com\/blog\/de\/visum-fuer-japan\/online-touristen-visum\",\"name\":\"Japan Online-Visum: Neues Touristen eVisa | JRailPass\",\"isPartOf\":{\"@id\":\"https:\/\/www.jrailpass.com\/blog\/de#website\"},\"datePublished\":\"2020-02-25T14:25:41+00:00\",\"dateModified\":\"2020-02-25T14:25:41+00:00\",\"description\":\"Japan eVisa werden 2020 verf\u00fcgbar sein. Lesen Sie mehr \u00fcber die elektronischen Visa f\u00fcr Japan und wer rechtzeitig vor den Olympischen Spielen in Tokio f\u00fcr den Online-Visa-Antrag in Frage kommt.\",\"breadcrumb\":{\"@id\":\"https:\/\/www.jrailpass.com\/blog\/de\/visum-fuer-japan\/online-touristen-visum#breadcrumb\"},\"inLanguage\":\"de-DE\",\"potentialAction\":[{\"@type\":\"ReadAction\",\"target\":[\"https:\/\/www.jrailpass.com\/blog\/de\/visum-fuer-japan\/online-touristen-visum\"]}]},{\"@type\":\"BreadcrumbList\",\"@id\":\"https:\/\/www.jrailpass.com\/blog\/de\/visum-fuer-japan\/online-touristen-visum#breadcrumb\",\"itemListElement\":[{\"@type\":\"ListItem\",\"position\":1,\"name\":\"Japan Travel Blog\",\"item\":\"https:\/\/www.jrailpass.com\/blog\/de\"},{\"@type\":\"ListItem\",\"position\":2,\"name\":\"Visum f\u00fcr Japan\",\"item\":\"https:\/\/www.jrailpass.com\/blog\/de\/visum-fuer-japan\"},{\"@type\":\"ListItem\",\"position\":3,\"name\":\"Japan Online-Visum: Neues Touristen eVisa\"}]},{\"@type\":\"WebSite\",\"@id\":\"https:\/\/www.jrailpass.com\/blog\/de#website\",\"url\":\"https:\/\/www.jrailpass.com\/blog\/de\",\"name\":\"Japan Reiseblog von Japan Rail Pass | JRailPass\",\"description\":\"Entdecken Sie Japan mit dem Zug Japan Rail Pass\",\"publisher\":{\"@id\":\"https:\/\/www.jrailpass.com\/blog\/de#organization\"},\"potentialAction\":[{\"@type\":\"SearchAction\",\"target\":{\"@type\":\"EntryPoint\",\"urlTemplate\":\"https:\/\/www.jrailpass.com\/blog\/de?s={search_term_string}\"},\"query-input\":\"required name=search_term_string\"}],\"inLanguage\":\"de-DE\"},{\"@type\":\"Organization\",\"@id\":\"https:\/\/www.jrailpass.com\/blog\/de#organization\",\"name\":\"Japan Rail Pass S.L. - JRailPass.com\",\"url\":\"https:\/\/www.jrailpass.com\/blog\/de\",\"logo\":{\"@type\":\"ImageObject\",\"inLanguage\":\"de-DE\",\"@id\":\"https:\/\/www.jrailpass.com\/blog\/de#\/schema\/logo\/image\/\",\"url\":\"https:\/\/www.jrailpass.com\/blog\/wp-content\/uploads\/2017\/10\/logo.png\",\"contentUrl\":\"https:\/\/www.jrailpass.com\/blog\/wp-content\/uploads\/2017\/10\/logo.png\",\"width\":214,\"height\":60,\"caption\":\"Japan Rail Pass S.L. - JRailPass.com\"},\"image\":{\"@id\":\"https:\/\/www.jrailpass.com\/blog\/de#\/schema\/logo\/image\/\"}}]}<\/script>\n<!-- \/ Yoast SEO plugin. -->","yoast_head_json":{"title":"Japan Online-Visum: Neues Touristen eVisa | JRailPass","description":"Japan eVisa werden 2020 verf\u00fcgbar sein. Lesen Sie mehr \u00fcber die elektronischen Visa f\u00fcr Japan und wer rechtzeitig vor den Olympischen Spielen in Tokio f\u00fcr den Online-Visa-Antrag in Frage kommt.","robots":{"index":"index","follow":"follow","max-snippet":"max-snippet:-1","max-image-preview":"max-image-preview:large","max-video-preview":"max-video-preview:-1"},"canonical":"https:\/\/www.jrailpass.com\/blog\/de\/wp-json\/wp\/v2\/pages\/11831","og_locale":"de_DE","og_type":"article","og_title":"Japan Online-Visum: Neues Touristen eVisa | JRailPass","og_description":"Japan eVisa werden 2020 verf\u00fcgbar sein. Lesen Sie mehr \u00fcber die elektronischen Visa f\u00fcr Japan und wer rechtzeitig vor den Olympischen Spielen in Tokio f\u00fcr den Online-Visa-Antrag in Frage kommt.","og_url":"https:\/\/www.jrailpass.com\/blog\/de\/visum-fuer-japan\/online-touristen-visum","og_site_name":"Japan Reiseblog von Japan Rail Pass | JRailPass","og_image":[{"width":800,"height":400,"url":"https:\/\/www.jrailpass.com\/blog\/wp-content\/uploads\/2018\/12\/japan-e-visa.jpg","type":"image\/jpeg"}],"twitter_card":"summary_large_image","schema":{"@context":"https:\/\/schema.org","@graph":[{"@type":"WebPage","@id":"https:\/\/www.jrailpass.com\/blog\/de\/visum-fuer-japan\/online-touristen-visum","url":"https:\/\/www.jrailpass.com\/blog\/de\/visum-fuer-japan\/online-touristen-visum","name":"Japan Online-Visum: Neues Touristen eVisa | JRailPass","isPartOf":{"@id":"https:\/\/www.jrailpass.com\/blog\/de#website"},"datePublished":"2020-02-25T14:25:41+00:00","dateModified":"2020-02-25T14:25:41+00:00","description":"Japan eVisa werden 2020 verf\u00fcgbar sein. Lesen Sie mehr \u00fcber die elektronischen Visa f\u00fcr Japan und wer rechtzeitig vor den Olympischen Spielen in Tokio f\u00fcr den Online-Visa-Antrag in Frage kommt.","breadcrumb":{"@id":"https:\/\/www.jrailpass.com\/blog\/de\/visum-fuer-japan\/online-touristen-visum#breadcrumb"},"inLanguage":"de-DE","potentialAction":[{"@type":"ReadAction","target":["https:\/\/www.jrailpass.com\/blog\/de\/visum-fuer-japan\/online-touristen-visum"]}]},{"@type":"BreadcrumbList","@id":"https:\/\/www.jrailpass.com\/blog\/de\/visum-fuer-japan\/online-touristen-visum#breadcrumb","itemListElement":[{"@type":"ListItem","position":1,"name":"Japan Travel Blog","item":"https:\/\/www.jrailpass.com\/blog\/de"},{"@type":"ListItem","position":2,"name":"Visum f\u00fcr Japan","item":"https:\/\/www.jrailpass.com\/blog\/de\/visum-fuer-japan"},{"@type":"ListItem","position":3,"name":"Japan Online-Visum: Neues Touristen eVisa"}]},{"@type":"WebSite","@id":"https:\/\/www.jrailpass.com\/blog\/de#website","url":"https:\/\/www.jrailpass.com\/blog\/de","name":"Japan Reiseblog von Japan Rail Pass | JRailPass","description":"Entdecken Sie Japan mit dem Zug Japan Rail Pass","publisher":{"@id":"https:\/\/www.jrailpass.com\/blog\/de#organization"},"potentialAction":[{"@type":"SearchAction","target":{"@type":"EntryPoint","urlTemplate":"https:\/\/www.jrailpass.com\/blog\/de?s={search_term_string}"},"query-input":"required name=search_term_string"}],"inLanguage":"de-DE"},{"@type":"Organization","@id":"https:\/\/www.jrailpass.com\/blog\/de#organization","name":"Japan Rail Pass S.L. - JRailPass.com","url":"https:\/\/www.jrailpass.com\/blog\/de","logo":{"@type":"ImageObject","inLanguage":"de-DE","@id":"https:\/\/www.jrailpass.com\/blog\/de#\/schema\/logo\/image\/","url":"https:\/\/www.jrailpass.com\/blog\/wp-content\/uploads\/2017\/10\/logo.png","contentUrl":"https:\/\/www.jrailpass.com\/blog\/wp-content\/uploads\/2017\/10\/logo.png","width":214,"height":60,"caption":"Japan Rail Pass S.L. - JRailPass.com"},"image":{"@id":"https:\/\/www.jrailpass.com\/blog\/de#\/schema\/logo\/image\/"}}]}},"_links":{"self":[{"href":"https:\/\/www.jrailpass.com\/blog\/de\/wp-json\/wp\/v2\/pages\/11831"}],"collection":[{"href":"https:\/\/www.jrailpass.com\/blog\/de\/wp-json\/wp\/v2\/pages"}],"about":[{"href":"https:\/\/www.jrailpass.com\/blog\/de\/wp-json\/wp\/v2\/types\/page"}],"author":[{"embeddable":true,"href":"https:\/\/www.jrailpass.com\/blog\/de\/wp-json\/wp\/v2\/users\/2"}],"replies":[{"embeddable":true,"href":"https:\/\/www.jrailpass.com\/blog\/de\/wp-json\/wp\/v2\/comments?post=11831"}],"version-history":[{"count":0,"href":"https:\/\/www.jrailpass.com\/blog\/de\/wp-json\/wp\/v2\/pages\/11831\/revisions"}],"up":[{"embeddable":true,"href":"https:\/\/www.jrailpass.com\/blog\/de\/wp-json\/wp\/v2\/pages\/10683"}],"wp:featuredmedia":[{"embeddable":true,"href":"https:\/\/www.jrailpass.com\/blog\/de\/wp-json\/wp\/v2\/media\/8694"}],"wp:attachment":[{"href":"https:\/\/www.jrailpass.com\/blog\/de\/wp-json\/wp\/v2\/media?parent=11831"}],"curies":[{"name":"wp","href":"https:\/\/api.w.org\/{rel}","templated":true}]}}